{"id":7152,"date":"2026-01-08T14:58:33","date_gmt":"2026-01-08T13:58:33","guid":{"rendered":"https:\/\/www.reduxi.eu\/?page_id=7152"},"modified":"2026-01-08T14:58:33","modified_gmt":"2026-01-08T13:58:33","slug":"gea-maltatalweg","status":"publish","type":"page","link":"https:\/\/www.reduxi.eu\/sv\/gea-maltatalweg\/","title":{"rendered":"GEA Maltatalweg"},"content":{"rendered":"<div class=\"fusion-fullwidth fullwidth-box fusion-builder-row-1 fusion-flex-container nonhundred-percent-fullwidth non-hundred-percent-height-scrolling\" style=\"--awb-border-radius-top-left:0px;--awb-border-radius-top-right:0px;--awb-border-radius-bottom-right:0px;--awb-border-radius-bottom-left:0px;--awb-flex-wrap:wrap;\" ><div class=\"fusion-builder-row fusion-row fusion-flex-align-items-flex-start fusion-flex-content-wrap\" style=\"max-width:calc( 1200px + 0px );margin-left: calc(-0px \/ 2 );margin-right: calc(-0px \/ 2 );\"><div class=\"fusion-layout-column fusion_builder_column fusion-builder-column-0 fusion_builder_column_1_1 1_1 fusion-flex-column\" style=\"--awb-bg-size:cover;--awb-width-large:100%;--awb-margin-top-large:0px;--awb-spacing-right-large:0px;--awb-margin-bottom-large:0px;--awb-spacing-left-large:0px;--awb-width-medium:100%;--awb-order-medium:0;--awb-spacing-right-medium:0px;--awb-spacing-left-medium:0px;--awb-width-small:100%;--awb-order-small:0;--awb-spacing-right-small:0px;--awb-spacing-left-small:0px;\"><div class=\"fusion-column-wrapper fusion-column-has-shadow fusion-flex-justify-content-flex-start fusion-content-layout-column\"><div class=\"fusion-text fusion-text-1\"><h4>Pilotprojektet har genomf\u00f6rts framg\u00e5ngsrikt:<\/h4>\n<h3>REDUXI styr batterilagring och solcellssystem f\u00f6r en delad produktionsanl\u00e4ggning (GEA) i ett flerfamiljshus<\/h3>\n<\/div><\/div><\/div><div class=\"fusion-layout-column fusion_builder_column fusion-builder-column-1 fusion_builder_column_1_1 1_1 fusion-flex-column\" style=\"--awb-bg-blend:overlay;--awb-bg-size:cover;--awb-width-large:100%;--awb-margin-top-large:0px;--awb-spacing-right-large:0px;--awb-margin-bottom-large:0px;--awb-spacing-left-large:0px;--awb-width-medium:100%;--awb-spacing-right-medium:0px;--awb-spacing-left-medium:0px;--awb-width-small:100%;--awb-spacing-right-small:0px;--awb-spacing-left-small:0px;\"><div class=\"fusion-column-wrapper fusion-flex-justify-content-flex-start fusion-content-layout-column\"><div class=\"fusion-text fusion-text-2\"><p>REDUXI-teamet har framg\u00e5ngsrikt slutf\u00f6rt ett fram\u00e5tblickande pilotprojekt p\u00e5 Maltatalweg i K\u00e4rnten. M\u00e5let var att maximera sj\u00e4lvf\u00f6rbrukningen i ett flerfamiljshus genom intelligent styrning och samtidigt minimera inmatningen till eln\u00e4tet - med utm\u00e4rkta resultat.<\/p>\n<\/div><div class=\"fusion-image-element\" style=\"--awb-margin-top:10px;--awb-margin-bottom:10px;--awb-caption-title-font-family:var(--h2_typography-font-family);--awb-caption-title-font-weight:var(--h2_typography-font-weight);--awb-caption-title-font-style:var(--h2_typography-font-style);--awb-caption-title-size:var(--h2_typography-font-size);--awb-caption-title-transform:var(--h2_typography-text-transform);--awb-caption-title-line-height:var(--h2_typography-line-height);--awb-caption-title-letter-spacing:var(--h2_typography-letter-spacing);\"><span class=\"fusion-imageframe imageframe-none imageframe-1 hover-type-none fusion-animated\" data-animationtype=\"fadeInUp\" data-animationduration=\"1.6\" data-animationoffset=\"top-into-view\"><img decoding=\"async\" width=\"1280\" height=\"719\" title=\"1764084781830 (1)\" src=\"https:\/\/www.reduxi.eu\/wp-content\/uploads\/2026\/01\/1764084781830-1.png\" data-orig-src=\"https:\/\/www.reduxi.eu\/wp-content\/uploads\/2026\/01\/1764084781830-1.png\" alt class=\"lazyload img-responsive wp-image-7155\" srcset=\"data:image\/svg+xml,%3Csvg%20xmlns%3D%27http%3A%2F%2Fwww.w3.org%2F2000%2Fsvg%27%20width%3D%271280%27%20height%3D%27719%27%20viewBox%3D%270%200%201280%20719%27%3E%3Crect%20width%3D%271280%27%20height%3D%27719%27%20fill-opacity%3D%220%22%2F%3E%3C%2Fsvg%3E\" data-srcset=\"https:\/\/www.reduxi.eu\/wp-content\/uploads\/2026\/01\/1764084781830-1-200x112.png 200w, https:\/\/www.reduxi.eu\/wp-content\/uploads\/2026\/01\/1764084781830-1-400x225.png 400w, https:\/\/www.reduxi.eu\/wp-content\/uploads\/2026\/01\/1764084781830-1-600x337.png 600w, https:\/\/www.reduxi.eu\/wp-content\/uploads\/2026\/01\/1764084781830-1-800x449.png 800w, https:\/\/www.reduxi.eu\/wp-content\/uploads\/2026\/01\/1764084781830-1-1200x674.png 1200w, https:\/\/www.reduxi.eu\/wp-content\/uploads\/2026\/01\/1764084781830-1.png 1280w\" data-sizes=\"auto\" data-orig-sizes=\"(max-width: 640px) 100vw, 1280px\" \/><\/span><\/div><div class=\"fusion-text fusion-text-3\"><p><span style=\"background-color: rgba(0, 0, 0, 0);\"><b>M\u00e5l och genomf\u00f6rande<\/b><\/span><\/p>\n<p>K\u00e4rnan i projektet var exakt realtidsstyrning av tv\u00e5 M-TEC hybridbatterilagringssystem, vart och ett med en lagringskapacitet p\u00e5 30,7 kWh. S\u00e4rskilt fokus lades p\u00e5 integration och optimering av en gemensam produktionsanl\u00e4ggning (GEA).<\/p>\n<p><b>Vad \u00e4r en GEA?<\/b><\/p>\n<p>En gemensam produktionsanl\u00e4ggning (Gemeinschaftliche Erzeugungsanlage - GEA) g\u00f6r det m\u00f6jligt f\u00f6r flera anv\u00e4ndningsenheter - till exempel l\u00e4genheter i ett flerfamiljshus - att gemensamt anv\u00e4nda el som genereras av ett centralt solcellssystem. I st\u00e4llet f\u00f6r att bara mata in el i n\u00e4tet distribueras energin lokalt till den plats d\u00e4r den beh\u00f6vs just d\u00e5. Detta \u00f6kar sj\u00e4lvf\u00f6rbrukningen avsev\u00e4rt och minskar inmatningen till det allm\u00e4nna eln\u00e4tet.<\/p>\n<p>Tekniskt sett uppn\u00e5s detta genom ett centralt energihanteringssystem som samlar in realtidsdata fr\u00e5n n\u00e4toperat\u00f6rens smarta m\u00e4tare f\u00f6r varje enskild enhet. Samtidigt tas h\u00e4nsyn till den aktuella solcellsproduktionen och batteriernas laddningsstatus. REDUXI Controller analyserar denna information i realtid och styr energidistributionen med precision p\u00e5 andra niv\u00e5n: f\u00f6rst f\u00f6rs\u00f6rjs den direkta f\u00f6rbrukningen och sedan laddas batterierna.<\/p>\n<p>GEA baseras p\u00e5 definierade n\u00e4ttekniska och juridiska ramverk, till exempel \u00a7 16a i den \u00f6sterrikiska lagen om elindustrin och dess organisation (ElWOG). Ett metrologiskt kompatibelt faktureringssystem s\u00e4kerst\u00e4ller att varje enhet endast betalar f\u00f6r sin faktiska f\u00f6rbrukning. \u00d6verskottsenergi lagras eller matas in i n\u00e4tet p\u00e5 proportionell basis.<\/p>\n<\/div><div class=\"fusion-image-element\" style=\"--awb-margin-top:10px;--awb-margin-bottom:10px;--awb-caption-title-font-family:var(--h2_typography-font-family);--awb-caption-title-font-weight:var(--h2_typography-font-weight);--awb-caption-title-font-style:var(--h2_typography-font-style);--awb-caption-title-size:var(--h2_typography-font-size);--awb-caption-title-transform:var(--h2_typography-text-transform);--awb-caption-title-line-height:var(--h2_typography-line-height);--awb-caption-title-letter-spacing:var(--h2_typography-letter-spacing);\"><span class=\"fusion-imageframe imageframe-none imageframe-2 hover-type-none fusion-animated\" data-animationtype=\"fadeIn\" data-animationduration=\"1.6\" data-animationoffset=\"top-into-view\"><img decoding=\"async\" width=\"1129\" height=\"1500\" title=\"1764250715470\" src=\"https:\/\/www.reduxi.eu\/wp-content\/uploads\/2026\/01\/1764250715470.png\" data-orig-src=\"https:\/\/www.reduxi.eu\/wp-content\/uploads\/2026\/01\/1764250715470.png\" alt class=\"lazyload img-responsive wp-image-7156\" srcset=\"data:image\/svg+xml,%3Csvg%20xmlns%3D%27http%3A%2F%2Fwww.w3.org%2F2000%2Fsvg%27%20width%3D%271129%27%20height%3D%271500%27%20viewBox%3D%270%200%201129%201500%27%3E%3Crect%20width%3D%271129%27%20height%3D%271500%27%20fill-opacity%3D%220%22%2F%3E%3C%2Fsvg%3E\" data-srcset=\"https:\/\/www.reduxi.eu\/wp-content\/uploads\/2026\/01\/1764250715470-200x266.png 200w, https:\/\/www.reduxi.eu\/wp-content\/uploads\/2026\/01\/1764250715470-400x531.png 400w, https:\/\/www.reduxi.eu\/wp-content\/uploads\/2026\/01\/1764250715470-600x797.png 600w, https:\/\/www.reduxi.eu\/wp-content\/uploads\/2026\/01\/1764250715470-800x1063.png 800w, https:\/\/www.reduxi.eu\/wp-content\/uploads\/2026\/01\/1764250715470.png 1129w\" data-sizes=\"auto\" data-orig-sizes=\"(max-width: 640px) 100vw, 1129px\" \/><\/span><\/div><div class=\"fusion-text fusion-text-4\"><p><b>Tekniska detaljer om styrsystemet<\/b><\/p>\n<p>En viktig del av projektet \u00e4r realtidsbearbetningen av data fr\u00e5n n\u00e4toperat\u00f6rens smarta m\u00e4tare via den nya Reduxi P1 Ultra. REDUXI Controller anv\u00e4nder dessa data f\u00f6r att styra hela systemet p\u00e5 ett flexibelt s\u00e4tt och enligt efterfr\u00e5gan - beroende p\u00e5 f\u00f6rbrukning, tid p\u00e5 dygnet och solcellsproduktion.<\/p>\n<p>S\u00e4rskilt anm\u00e4rkningsv\u00e4rt \u00e4r att batterierna laddas ur nattetid:<\/p>\n<p>\u201c\u00c4ven n\u00e4r ingen solcellsproduktion \u00e4r tillg\u00e4nglig s\u00e4kerst\u00e4ller systemet en r\u00e4ttvis och effektiv leverans. I det h\u00e4r fallet \u00f6kade sj\u00e4lvf\u00f6rs\u00f6rjningsgraden fr\u00e5n cirka 35 % (endast solceller) till cirka 70 % - enbart tack vare kombinationen av batterilagring och intelligent distribution inom GEA\u201d, s\u00e4ger Johann Lom\u0161ek, VD f\u00f6r Reduxi DACH GmbH, stolt.<\/p>\n<p>Installationen utf\u00f6rdes av ELKOtec Smart Energy GmbH. Verkst\u00e4llande direkt\u00f6r Ing. Werner Konrad betonar:<\/p>\n<p>\u201cIntegrationen var tekniskt kr\u00e4vande, men resultatet visar vad som \u00e4r m\u00f6jligt redan idag. L\u00f6sningen \u00e4r framtidss\u00e4krad och skalbar. F\u00f6r oss som l\u00f6sningsleverant\u00f6r \u00e4r det h\u00e4r ytterligare en milstolpe i arbetet med att g\u00f6ra batterilagringssystem \u00e4nnu smartare.\u201d<\/p>\n<\/div><div class=\"fusion-image-element\" style=\"--awb-margin-top:10px;--awb-margin-bottom:10px;--awb-caption-title-font-family:var(--h2_typography-font-family);--awb-caption-title-font-weight:var(--h2_typography-font-weight);--awb-caption-title-font-style:var(--h2_typography-font-style);--awb-caption-title-size:var(--h2_typography-font-size);--awb-caption-title-transform:var(--h2_typography-text-transform);--awb-caption-title-line-height:var(--h2_typography-line-height);--awb-caption-title-letter-spacing:var(--h2_typography-letter-spacing);\"><span class=\"fusion-imageframe imageframe-none imageframe-3 hover-type-none fusion-animated\" data-animationtype=\"fadeInLeft\" data-animationduration=\"1.6\" data-animationoffset=\"top-into-view\"><img decoding=\"async\" width=\"1417\" height=\"872\" title=\"1764253737472\" src=\"https:\/\/www.reduxi.eu\/wp-content\/uploads\/2026\/01\/1764253737472.png\" data-orig-src=\"https:\/\/www.reduxi.eu\/wp-content\/uploads\/2026\/01\/1764253737472.png\" alt class=\"lazyload img-responsive wp-image-7157\" srcset=\"data:image\/svg+xml,%3Csvg%20xmlns%3D%27http%3A%2F%2Fwww.w3.org%2F2000%2Fsvg%27%20width%3D%271417%27%20height%3D%27872%27%20viewBox%3D%270%200%201417%20872%27%3E%3Crect%20width%3D%271417%27%20height%3D%27872%27%20fill-opacity%3D%220%22%2F%3E%3C%2Fsvg%3E\" data-srcset=\"https:\/\/www.reduxi.eu\/wp-content\/uploads\/2026\/01\/1764253737472-200x123.png 200w, https:\/\/www.reduxi.eu\/wp-content\/uploads\/2026\/01\/1764253737472-400x246.png 400w, https:\/\/www.reduxi.eu\/wp-content\/uploads\/2026\/01\/1764253737472-600x369.png 600w, https:\/\/www.reduxi.eu\/wp-content\/uploads\/2026\/01\/1764253737472-800x492.png 800w, https:\/\/www.reduxi.eu\/wp-content\/uploads\/2026\/01\/1764253737472-1200x738.png 1200w, https:\/\/www.reduxi.eu\/wp-content\/uploads\/2026\/01\/1764253737472.png 1417w\" data-sizes=\"auto\" data-orig-sizes=\"(max-width: 640px) 100vw, 1417px\" \/><\/span><\/div><div class=\"fusion-text fusion-text-5\"><p><b>Installation &amp; Projektdeltagare<\/b><\/p>\n<p>REDUXI-styrenheten, tillsammans med gateways och omvandlare, installerades i kontrollsk\u00e5pet. M-TEC:s batterisystem och elm\u00e4tare integrerades och ansl\u00f6ts till \u00f6vervakningen. Dessutom konfigurerades n\u00e4toperat\u00f6rens smarta m\u00e4tare f\u00f6r datakommunikation via P1-gr\u00e4nssnittet. F\u00f6r detta \u00e4ndam\u00e5l anv\u00e4ndes Reduxi P1 Ultra-omvandlaren, som s\u00f6ml\u00f6st \u00f6verf\u00f6rde data fr\u00e5n smarta m\u00e4tare till styrenheten. Teknisk support gavs av Alex fr\u00e5n REDUXI DACH-teamet.<\/p>\n<p><b>Framtidss\u00e4krad genom fj\u00e4rr\u00e5tkomst<\/b><\/p>\n<p>Via REDUXI Cloud \u00e4r full fj\u00e4rr\u00e5tkomst till energihanteringssystemet tillg\u00e4nglig - oberoende av plats och i realtid. \u00d6vervakning, feldiagnos, programuppdateringar och konfigurationsjusteringar kan utf\u00f6ras p\u00e5 distans n\u00e4r som helst, utan att tekniker beh\u00f6ver vara p\u00e5 plats.<\/p>\n<p>Detta sparar inte bara tid och driftskostnader utan f\u00f6rb\u00e4ttrar ocks\u00e5 avsev\u00e4rt reaktionshastigheten n\u00e4r optimeringar eller problem uppst\u00e5r. S\u00e4rskilt f\u00f6r mer komplexa installationer med flera generatorer, lagringssystem och f\u00f6rbrukare utg\u00f6r denna digitala \u00e5tkomst en avg\u00f6rande f\u00f6rdel - f\u00f6r b\u00e5de operat\u00f6rer, installat\u00f6rer och boende.<\/p>\n<p>\u201cStyrkan i v\u00e5rt system ligger i konsekvent optimering i realtid. Reduxi kombinerar energihantering med omedelbar lyh\u00f6rdhet och st\u00f6der s\u00f6ml\u00f6st b\u00e5de GEAs strukturer och energigemenskaper - vilket ger oss ett tekniskt f\u00f6rspr\u00e5ng\u201d, s\u00e4ger Johann Lom\u0161ek, VD f\u00f6r Reduxi DACH GmbH.<\/p>\n<\/div><div class=\"fusion-image-element\" style=\"--awb-margin-top:10px;--awb-margin-bottom:10px;--awb-caption-title-font-family:var(--h2_typography-font-family);--awb-caption-title-font-weight:var(--h2_typography-font-weight);--awb-caption-title-font-style:var(--h2_typography-font-style);--awb-caption-title-size:var(--h2_typography-font-size);--awb-caption-title-transform:var(--h2_typography-text-transform);--awb-caption-title-line-height:var(--h2_typography-line-height);--awb-caption-title-letter-spacing:var(--h2_typography-letter-spacing);\"><span class=\"fusion-imageframe imageframe-none imageframe-4 hover-type-none fusion-animated\" data-animationtype=\"fadeInRight\" data-animationduration=\"1.6\" data-animationoffset=\"top-into-view\"><img decoding=\"async\" width=\"1328\" height=\"1000\" title=\"1764250663956\" src=\"https:\/\/www.reduxi.eu\/wp-content\/uploads\/2026\/01\/1764250663956.jpg\" data-orig-src=\"https:\/\/www.reduxi.eu\/wp-content\/uploads\/2026\/01\/1764250663956.jpg\" alt class=\"lazyload img-responsive wp-image-7158\" srcset=\"data:image\/svg+xml,%3Csvg%20xmlns%3D%27http%3A%2F%2Fwww.w3.org%2F2000%2Fsvg%27%20width%3D%271328%27%20height%3D%271000%27%20viewBox%3D%270%200%201328%201000%27%3E%3Crect%20width%3D%271328%27%20height%3D%271000%27%20fill-opacity%3D%220%22%2F%3E%3C%2Fsvg%3E\" data-srcset=\"https:\/\/www.reduxi.eu\/wp-content\/uploads\/2026\/01\/1764250663956-200x151.jpg 200w, https:\/\/www.reduxi.eu\/wp-content\/uploads\/2026\/01\/1764250663956-400x301.jpg 400w, https:\/\/www.reduxi.eu\/wp-content\/uploads\/2026\/01\/1764250663956-600x452.jpg 600w, https:\/\/www.reduxi.eu\/wp-content\/uploads\/2026\/01\/1764250663956-800x602.jpg 800w, https:\/\/www.reduxi.eu\/wp-content\/uploads\/2026\/01\/1764250663956-1200x904.jpg 1200w, https:\/\/www.reduxi.eu\/wp-content\/uploads\/2026\/01\/1764250663956.jpg 1328w\" data-sizes=\"auto\" data-orig-sizes=\"(max-width: 640px) 100vw, 1328px\" \/><\/span><\/div><div class=\"fusion-text fusion-text-6\"><p><span style=\"background-color: rgba(0, 0, 0, 0);\">Projektet visar hur gemensamt producerad el kan distribueras p\u00e5 ett effektivt och r\u00e4ttvist s\u00e4tt - med p\u00e5taglig inverkan p\u00e5 egenkonsumtion, n\u00e4tstabilitet och oberoende av elmarknaden. Kombinationen av GEA, intelligent styrning och batterilagring g\u00f6r moderna energikoncept i flerfamiljshus praktiskt genomf\u00f6rbara i dag.<\/span><\/p>\n<\/div><\/div><\/div><\/div><\/div>","protected":false},"excerpt":{"rendered":"","protected":false},"author":15,"featured_media":0,"parent":0,"menu_order":0,"comment_status":"closed","ping_status":"closed","template":"100-width.php","meta":{"footnotes":""},"class_list":["post-7152","page","type-page","status-publish","hentry"],"_links":{"self":[{"href":"https:\/\/www.reduxi.eu\/sv\/wp-json\/wp\/v2\/pages\/7152","targetHints":{"allow":["GET"]}}],"collection":[{"href":"https:\/\/www.reduxi.eu\/sv\/wp-json\/wp\/v2\/pages"}],"about":[{"href":"https:\/\/www.reduxi.eu\/sv\/wp-json\/wp\/v2\/types\/page"}],"author":[{"embeddable":true,"href":"https:\/\/www.reduxi.eu\/sv\/wp-json\/wp\/v2\/users\/15"}],"replies":[{"embeddable":true,"href":"https:\/\/www.reduxi.eu\/sv\/wp-json\/wp\/v2\/comments?post=7152"}],"version-history":[{"count":4,"href":"https:\/\/www.reduxi.eu\/sv\/wp-json\/wp\/v2\/pages\/7152\/revisions"}],"predecessor-version":[{"id":7190,"href":"https:\/\/www.reduxi.eu\/sv\/wp-json\/wp\/v2\/pages\/7152\/revisions\/7190"}],"wp:attachment":[{"href":"https:\/\/www.reduxi.eu\/sv\/wp-json\/wp\/v2\/media?parent=7152"}],"curies":[{"name":"wp","href":"https:\/\/api.w.org\/{rel}","templated":true}]}}