{"id":6774,"date":"2025-11-19T10:00:17","date_gmt":"2025-11-19T09:00:17","guid":{"rendered":"https:\/\/www.reduxi.eu\/?page_id=6774"},"modified":"2025-11-19T16:19:08","modified_gmt":"2025-11-19T15:19:08","slug":"bess_och_reduxi_controller","status":"publish","type":"page","link":"https:\/\/www.reduxi.eu\/sv\/bess_and_reduxi_controller\/","title":{"rendered":"BESS och Reduxi Controller - en ny int\u00e4ktsk\u00e4lla"},"content":{"rendered":"<div class=\"fusion-fullwidth fullwidth-box fusion-builder-row-1 fusion-flex-container has-pattern-background has-mask-background nonhundred-percent-fullwidth non-hundred-percent-height-scrolling\" style=\"--awb-border-radius-top-left:0px;--awb-border-radius-top-right:0px;--awb-border-radius-bottom-right:0px;--awb-border-radius-bottom-left:0px;--awb-flex-wrap:wrap;\" ><div class=\"fusion-builder-row fusion-row fusion-flex-align-items-flex-start fusion-flex-content-wrap\" style=\"max-width:calc( 1200px + 0px );margin-left: calc(-0px \/ 2 );margin-right: calc(-0px \/ 2 );\"><div class=\"fusion-layout-column fusion_builder_column fusion-builder-column-0 fusion_builder_column_1_1 1_1 fusion-flex-column\" style=\"--awb-bg-size:cover;--awb-width-large:100%;--awb-margin-top-large:1.5rem;--awb-spacing-right-large:1.5rem;--awb-margin-bottom-large:1.5rem;--awb-spacing-left-large:1.5rem;--awb-width-medium:100%;--awb-order-medium:0;--awb-spacing-right-medium:1.5rem;--awb-spacing-left-medium:1.5rem;--awb-width-small:100%;--awb-order-small:0;--awb-spacing-right-small:0px;--awb-spacing-left-small:0px;\"><div class=\"fusion-column-wrapper fusion-column-has-shadow fusion-flex-justify-content-flex-start fusion-content-layout-column\"><div class=\"fusion-text fusion-text-1\"><div id=\"content\">\n<h2>BESS och Reduxi-styrenhet - en ny int\u00e4ktsk\u00e4lla<\/h2>\n<p><em>Datum: 20 mars 20 mars 2025<\/em><\/p>\n<p>I dagens v\u00e4rld, d\u00e4r anv\u00e4ndarna m\u00f6ter stigande elpriser och n\u00e4tavgifter, blir anv\u00e4ndningen av avancerad teknik allt viktigare f\u00f6r en kostnadseffektiv och h\u00e5llbar elanv\u00e4ndning. En s\u00e5dan teknik \u00e4r Reduxi-styrenheten, som med hj\u00e4lp av avancerade AI-algoritmer m\u00f6jligg\u00f6r optimal anv\u00e4ndning av batterilagringssystem (BESS) f\u00f6r olika \u00e4ndam\u00e5l, inklusive elhandel till Day-Ahead- eller Intraday-priser (d\u00e4r leverant\u00f6rerna till\u00e5ter det).<\/p>\n<p>Priserna p\u00e5 energilagringssystem har sjunkit under de senaste \u00e5ren, men de \u00e4r fortfarande s\u00e5 h\u00f6ga att det kr\u00e4vs noggranna \u00f6verv\u00e4ganden och en detaljerad finansiell plan f\u00f6r att avg\u00f6ra om installationen verkligen \u00e4r kostnadseffektiv. De flesta potentiella k\u00f6pare av lagringssystem st\u00f6ter dock p\u00e5 ett problem (eller m\u00e4rker inte av det, trots att det finns): hur kan de anv\u00e4ndas och hur kan de utnyttjas fullt ut?<\/p>\n<\/div>\n<\/div><div class=\"fusion-separator fusion-full-width-sep\" style=\"align-self: center;margin-left: auto;margin-right: auto;margin-top:1.5rem;margin-bottom:1.5rem;width:100%;\"><div class=\"fusion-separator-border sep-single sep-solid\" style=\"--awb-height:20px;--awb-amount:20px;--awb-sep-color:rgba(30,40,50,0.10);border-color:rgba(30,40,50,0.10);border-top-width:1px;\"><\/div><\/div><div class=\"fusion-text fusion-text-2\"><div id=\"content\">\n<h3>Varf\u00f6r anv\u00e4nda ett energilagringssystem och Reduxi-styrenheten<\/h3>\n<p>Kort sagt, f\u00f6rutom att vi kan lagra \u00f6verskottsel som genereras av solpaneler och s\u00e4kerst\u00e4lla oavbruten leverans vid avbrott i eln\u00e4tet, kan ett energilagringssystem anv\u00e4ndas p\u00e5 ytterligare tre s\u00e4tt, som alla ger extra int\u00e4kter eller direkt minskar elf\u00f6rs\u00f6rjningskostnaderna:<\/p>\n<ol>\n<li><strong>Minskad toppeffekt f\u00f6r l\u00e4gre n\u00e4tavgifter<\/strong>: Reduxi-styrenheten optimerar anv\u00e4ndningen av lagringssystemet f\u00f6r att minska toppbelastningar och d\u00e4rmed s\u00e4nka n\u00e4tavgifterna.<\/li>\n<li><strong>Handel med el<\/strong>: Lagringssystemet, i kombination med l\u00e4mpliga styrsystem som Reduxi, m\u00f6jligg\u00f6r handel med el p\u00e5 Day-Ahead- och Intraday-marknaderna, vilket g\u00f6r det m\u00f6jligt att utnyttja prisfluktuationer f\u00f6r att maximera int\u00e4kterna.<\/li>\n<li><strong>Tillhandah\u00e5lla systemtj\u00e4nster<\/strong>: Lagringssystemet kan anv\u00e4ndas f\u00f6r att tillhandah\u00e5lla systemtj\u00e4nster som aFRR (automatisk frekvens\u00e5terst\u00e4llningsreserv) och liknande tj\u00e4nster som bidrar till n\u00e4tets stabilitet - men bara om lagringssystemet styrs av ett system som Reduxi-styrenheten.<\/li>\n<\/ol>\n<p>Reduxi-styrenheten \u00e4r utformad f\u00f6r energihantering och kan, f\u00f6rutom att styra lagringssystemet, integreras med olika enheter vid m\u00e4tpunkten, t.ex. energilagringssystem, solpaneler, laddare f\u00f6r elfordon, v\u00e4rmepumpar och andra enheter. Med hj\u00e4lp av avancerade AI-algoritmer ber\u00e4knar styrenheten hur energilagringssystemet b\u00e4st ska anv\u00e4ndas f\u00f6r att uppn\u00e5 de n\u00e4mnda m\u00e5len.<\/p>\n<\/div>\n<\/div><div class=\"fusion-separator fusion-full-width-sep\" style=\"align-self: center;margin-left: auto;margin-right: auto;margin-top:1.5rem;margin-bottom:1.5rem;width:100%;\"><div class=\"fusion-separator-border sep-single sep-solid\" style=\"--awb-height:20px;--awb-amount:20px;--awb-sep-color:rgba(30,40,50,0.10);border-color:rgba(30,40,50,0.10);border-top-width:1px;\"><\/div><\/div><div class=\"fusion-text fusion-text-3\"><div id=\"content\">\n<h3 id=\"trading-electricity-on-spot-day-ahead-and-intraday-markets\">Handel med el p\u00e5 spot- (Day-Ahead) och intradagsmarknader<\/h3>\n<p>Handel med el p\u00e5 elb\u00f6rsens Day-Ahead- och Intraday-marknader g\u00f6r det m\u00f6jligt att utnyttja prisskillnader f\u00f6r att uppn\u00e5 ekonomiska f\u00f6rdelar. Day-Ahead-marknaden m\u00f6jligg\u00f6r elhandel f\u00f6r n\u00e4sta dag, medan Intraday-marknaden m\u00f6jligg\u00f6r handel inom samma dag, vilket m\u00f6jligg\u00f6r snabbare svar p\u00e5 f\u00f6r\u00e4ndringar i utbud och efterfr\u00e5gan.<\/p>\n<h4 id=\"day-ahead-market\">Day-Ahead-marknaden<\/h4>\n<p>Day-Ahead-marknaden \u00e4r en organiserad marknad p\u00e5 elb\u00f6rsen d\u00e4r handel bedrivs f\u00f6r n\u00e4stkommande dag. Priserna f\u00f6r varje timme p\u00e5 dagen best\u00e4ms utifr\u00e5n utbud och efterfr\u00e5gan. Med hj\u00e4lp av dessa data kan Reduxi-styrenheten planera laddningen och urladdningen av lagringssystemet f\u00f6r att optimera f\u00f6rbrukningen (mer under l\u00e5ga eller negativa priser och mindre under h\u00f6gre priser) och produktionen (mer under h\u00f6ga priser och lite eller inget alls under l\u00e5ga eller negativa priser). Skillnaderna kan vara betydande, och en megawattimme lagringskapacitet kan ge cirka 100 euro i dagliga int\u00e4kter.<\/p>\n<h4 id=\"intraday-market\">Intradagsmarknad<\/h4>\n<p>Intradagsmarknaden g\u00f6r det m\u00f6jligt att handla med el inom samma dag. Denna marknad \u00e4r mer dynamisk och m\u00f6jligg\u00f6r snabbare anpassningar till f\u00f6r\u00e4ndringar i utbud och efterfr\u00e5gan. Deltagarna kan handla i realtid, i 15-minutersintervaller, vilket g\u00f6r det m\u00f6jligt att utnyttja kortsiktiga prisfluktuationer. \u00c4ven h\u00e4r s\u00e4kerst\u00e4ller Reduxi-styrenheten att prisfluktuationerna maximeras inom ramen f\u00f6r de andra begr\u00e4nsningar som anv\u00e4ndaren anger (t.ex. l\u00e4gsta och h\u00f6gsta lagringsniv\u00e5er och reserverad kapacitet f\u00f6r peak shaving eller systemtj\u00e4nster) f\u00f6r att minska den slutliga elkostnaden f\u00f6r anv\u00e4ndaren.<\/p>\n<\/div>\n<\/div><div class=\"fusion-separator fusion-full-width-sep\" style=\"align-self: center;margin-left: auto;margin-right: auto;margin-top:1.5rem;margin-bottom:1.5rem;width:100%;\"><div class=\"fusion-separator-border sep-single sep-solid\" style=\"--awb-height:20px;--awb-amount:20px;--awb-sep-color:rgba(30,40,50,0.10);border-color:rgba(30,40,50,0.10);border-top-width:1px;\"><\/div><\/div><div class=\"fusion-text fusion-text-4\"><div id=\"content\">\n<h3 id=\"using-ai-algorithms-to-optimize-storage-systems\">Anv\u00e4nda AI-algoritmer f\u00f6r att optimera lagringssystem<\/h3>\n<p>Reduxi-styrenheten anv\u00e4nder avancerade AI-algoritmer f\u00f6r att optimera anv\u00e4ndningen av energilagringssystem. Dessa algoritmer analyserar realtidsdata, inklusive elb\u00f6rspriser, historiska data, v\u00e4derprognoser och andra relevanta faktorer. Baserat p\u00e5 dessa data ber\u00e4knar AI-algoritmerna den mest optimala anv\u00e4ndningen av lagringssystemet f\u00f6r att uppn\u00e5 huvudm\u00e5let att maximera elkostnadsbesparingarna eller mer specifika m\u00e5l som t.ex. peak shaving.<\/p>\n<h4 id=\"advantages-of-using-ai-algorithms\">F\u00f6rdelar med att anv\u00e4nda AI-algoritmer<\/h4>\n<ol>\n<li><strong>Exakta prognoser f\u00f6r efterfr\u00e5gan p\u00e5 energi<\/strong>: AI-algoritmer kan exakt f\u00f6ruts\u00e4ga m\u00f6nster f\u00f6r efterfr\u00e5gan p\u00e5 energi baserat p\u00e5 historiska data, v\u00e4derf\u00f6rh\u00e5llanden, tid p\u00e5 dygnet och andra variabler. Detta m\u00f6jligg\u00f6r b\u00e4ttre planering och justering av lagringssystemets anv\u00e4ndning.<\/li>\n<li><strong>Utnyttja energiprisf\u00f6r\u00e4ndringar p\u00e5 b\u00f6rsen<\/strong>: AI-algoritmer g\u00f6r det m\u00f6jligt att utnyttja dagliga och timvisa fluktuationer i energipriserna i realtid baserat p\u00e5 tillg\u00e5ng och efterfr\u00e5gan. Detta g\u00f6r det m\u00f6jligt att optimera energianv\u00e4ndningen genom att dra nytta av l\u00e4gre priser under perioder med l\u00e5g efterfr\u00e5gan f\u00f6r laddning och h\u00f6gre priser under perioder med h\u00f6g efterfr\u00e5gan f\u00f6r urladdning av lagringssystemet.<\/li>\n<li><strong>Analysera och anpassa till anv\u00e4ndarnas vanor<\/strong>: AI-algoritmer kan analysera anv\u00e4ndarnas vanor, t.ex. n\u00e4r de vanligtvis f\u00f6rbrukar el och n\u00e4r de har l\u00e5g f\u00f6rbrukning (med h\u00e4nsyn till faktorer som s\u00e4song, v\u00e4der, helgdagar eller arbetsdagar) och inf\u00f6rliva detta i systemets driftplanering.<\/li>\n<\/ol>\n<\/div>\n<\/div><div class=\"fusion-separator fusion-full-width-sep\" style=\"align-self: center;margin-left: auto;margin-right: auto;margin-top:1.5rem;margin-bottom:1.5rem;width:100%;\"><div class=\"fusion-separator-border sep-single sep-solid\" style=\"--awb-height:20px;--awb-amount:20px;--awb-sep-color:rgba(30,40,50,0.10);border-color:rgba(30,40,50,0.10);border-top-width:1px;\"><\/div><\/div><div class=\"fusion-text fusion-text-5\"><div id=\"content\">\n<h3>Reduxi-styrenhet f\u00f6r l\u00e4gre kostnader och st\u00f6rre flexibilitet<\/h3>\n<p>Att anv\u00e4nda energilagringssystem f\u00f6r att handla el till Day-Ahead- eller Intraday-priser med Reduxi-styrenheten och avancerade AI-algoritmer m\u00f6jligg\u00f6r \u00f6kad effektivitet och ekonomiska f\u00f6rdelar f\u00f6r anv\u00e4ndare som har avtal med leverant\u00f6rer om leverans och k\u00f6p av el baserat p\u00e5 marknadspriser. Reduxi-styrenheten m\u00f6jligg\u00f6r optimal anv\u00e4ndning av lagringssystem f\u00f6r olika \u00e4ndam\u00e5l, bland annat f\u00f6r att minska effekttoppar, tillhandah\u00e5lla systemtj\u00e4nster och handla med el. Med hj\u00e4lp av avancerade AI-algoritmer kan f\u00f6retag exakt f\u00f6rutse efterfr\u00e5gan p\u00e5 energi, anpassa sig till dynamiska energipriser och optimera driften av lagringssystem, vilket g\u00f6r att elkostnaderna inte bara blir m\u00e4rkbart l\u00e4gre utan ocks\u00e5 mer f\u00f6ruts\u00e4gbara.<\/p>\n<\/div>\n<\/div><\/div><\/div><\/div><\/div>","protected":false},"excerpt":{"rendered":"","protected":false},"author":15,"featured_media":0,"parent":0,"menu_order":0,"comment_status":"closed","ping_status":"closed","template":"100-width.php","meta":{"footnotes":""},"class_list":["post-6774","page","type-page","status-publish","hentry"],"_links":{"self":[{"href":"https:\/\/www.reduxi.eu\/sv\/wp-json\/wp\/v2\/pages\/6774","targetHints":{"allow":["GET"]}}],"collection":[{"href":"https:\/\/www.reduxi.eu\/sv\/wp-json\/wp\/v2\/pages"}],"about":[{"href":"https:\/\/www.reduxi.eu\/sv\/wp-json\/wp\/v2\/types\/page"}],"author":[{"embeddable":true,"href":"https:\/\/www.reduxi.eu\/sv\/wp-json\/wp\/v2\/users\/15"}],"replies":[{"embeddable":true,"href":"https:\/\/www.reduxi.eu\/sv\/wp-json\/wp\/v2\/comments?post=6774"}],"version-history":[{"count":27,"href":"https:\/\/www.reduxi.eu\/sv\/wp-json\/wp\/v2\/pages\/6774\/revisions"}],"predecessor-version":[{"id":6871,"href":"https:\/\/www.reduxi.eu\/sv\/wp-json\/wp\/v2\/pages\/6774\/revisions\/6871"}],"wp:attachment":[{"href":"https:\/\/www.reduxi.eu\/sv\/wp-json\/wp\/v2\/media?parent=6774"}],"curies":[{"name":"wp","href":"https:\/\/api.w.org\/{rel}","templated":true}]}}