{"id":7152,"date":"2026-01-08T14:58:33","date_gmt":"2026-01-08T13:58:33","guid":{"rendered":"https:\/\/www.reduxi.eu\/?page_id=7152"},"modified":"2026-01-08T14:58:33","modified_gmt":"2026-01-08T13:58:33","slug":"gea-maltatalweg","status":"publish","type":"page","link":"https:\/\/www.reduxi.eu\/sl\/gea-maltatalweg\/","title":{"rendered":"GEA Maltatalweg"},"content":{"rendered":"<div class=\"fusion-fullwidth fullwidth-box fusion-builder-row-1 fusion-flex-container nonhundred-percent-fullwidth non-hundred-percent-height-scrolling\" style=\"--awb-border-radius-top-left:0px;--awb-border-radius-top-right:0px;--awb-border-radius-bottom-right:0px;--awb-border-radius-bottom-left:0px;--awb-flex-wrap:wrap;\" ><div class=\"fusion-builder-row fusion-row fusion-flex-align-items-flex-start fusion-flex-content-wrap\" style=\"max-width:calc( 1200px + 0px );margin-left: calc(-0px \/ 2 );margin-right: calc(-0px \/ 2 );\"><div class=\"fusion-layout-column fusion_builder_column fusion-builder-column-0 fusion_builder_column_1_1 1_1 fusion-flex-column\" style=\"--awb-bg-size:cover;--awb-width-large:100%;--awb-margin-top-large:0px;--awb-spacing-right-large:0px;--awb-margin-bottom-large:0px;--awb-spacing-left-large:0px;--awb-width-medium:100%;--awb-order-medium:0;--awb-spacing-right-medium:0px;--awb-spacing-left-medium:0px;--awb-width-small:100%;--awb-order-small:0;--awb-spacing-right-small:0px;--awb-spacing-left-small:0px;\"><div class=\"fusion-column-wrapper fusion-column-has-shadow fusion-flex-justify-content-flex-start fusion-content-layout-column\"><div class=\"fusion-text fusion-text-1\"><h4>Uspe\u0161no izveden pilotni projekt:<\/h4>\n<h3>REDUXI nadzoruje baterijsko skladi\u0161\u010de in fotovoltai\u010dni sistem skupne proizvodne naprave (GEA) v ve\u010dstanovanjski stavbi<\/h3>\n<\/div><\/div><\/div><div class=\"fusion-layout-column fusion_builder_column fusion-builder-column-1 fusion_builder_column_1_1 1_1 fusion-flex-column\" style=\"--awb-bg-blend:overlay;--awb-bg-size:cover;--awb-width-large:100%;--awb-margin-top-large:0px;--awb-spacing-right-large:0px;--awb-margin-bottom-large:0px;--awb-spacing-left-large:0px;--awb-width-medium:100%;--awb-spacing-right-medium:0px;--awb-spacing-left-medium:0px;--awb-width-small:100%;--awb-spacing-right-small:0px;--awb-spacing-left-small:0px;\"><div class=\"fusion-column-wrapper fusion-flex-justify-content-flex-start fusion-content-layout-column\"><div class=\"fusion-text fusion-text-2\"><p>Ekipa REDUXI je uspe\u0161no zaklju\u010dila v prihodnost usmerjen pilotni projekt v kraju Maltatalweg na Koro\u0161kem. Cilj je bil pove\u010dati samooskrbo v ve\u010ddru\u017einski stanovanjski stavbi s pomo\u010djo inteligentnega nadzora ob hkratnem zmanj\u0161anju dovajanja elektri\u010dne energije v omre\u017eje - z odli\u010dnimi rezultati.<\/p>\n<\/div><div class=\"fusion-image-element\" style=\"--awb-margin-top:10px;--awb-margin-bottom:10px;--awb-caption-title-font-family:var(--h2_typography-font-family);--awb-caption-title-font-weight:var(--h2_typography-font-weight);--awb-caption-title-font-style:var(--h2_typography-font-style);--awb-caption-title-size:var(--h2_typography-font-size);--awb-caption-title-transform:var(--h2_typography-text-transform);--awb-caption-title-line-height:var(--h2_typography-line-height);--awb-caption-title-letter-spacing:var(--h2_typography-letter-spacing);\"><span class=\"fusion-imageframe imageframe-none imageframe-1 hover-type-none fusion-animated\" data-animationtype=\"fadeInUp\" data-animationduration=\"1.6\" data-animationoffset=\"top-into-view\"><img decoding=\"async\" width=\"1280\" height=\"719\" title=\"1764084781830 (1)\" src=\"https:\/\/www.reduxi.eu\/wp-content\/uploads\/2026\/01\/1764084781830-1.png\" data-orig-src=\"https:\/\/www.reduxi.eu\/wp-content\/uploads\/2026\/01\/1764084781830-1.png\" alt class=\"lazyload img-responsive wp-image-7155\" srcset=\"data:image\/svg+xml,%3Csvg%20xmlns%3D%27http%3A%2F%2Fwww.w3.org%2F2000%2Fsvg%27%20width%3D%271280%27%20height%3D%27719%27%20viewBox%3D%270%200%201280%20719%27%3E%3Crect%20width%3D%271280%27%20height%3D%27719%27%20fill-opacity%3D%220%22%2F%3E%3C%2Fsvg%3E\" data-srcset=\"https:\/\/www.reduxi.eu\/wp-content\/uploads\/2026\/01\/1764084781830-1-200x112.png 200w, https:\/\/www.reduxi.eu\/wp-content\/uploads\/2026\/01\/1764084781830-1-400x225.png 400w, https:\/\/www.reduxi.eu\/wp-content\/uploads\/2026\/01\/1764084781830-1-600x337.png 600w, https:\/\/www.reduxi.eu\/wp-content\/uploads\/2026\/01\/1764084781830-1-800x449.png 800w, https:\/\/www.reduxi.eu\/wp-content\/uploads\/2026\/01\/1764084781830-1-1200x674.png 1200w, https:\/\/www.reduxi.eu\/wp-content\/uploads\/2026\/01\/1764084781830-1.png 1280w\" data-sizes=\"auto\" data-orig-sizes=\"(max-width: 640px) 100vw, 1280px\" \/><\/span><\/div><div class=\"fusion-text fusion-text-3\"><p><span style=\"background-color: rgba(0, 0, 0, 0);\"><b>Cilji in izvajanje<\/b><\/span><\/p>\n<p>Bistvo projekta je bil natan\u010den nadzor v realnem \u010dasu dveh hibridnih baterijskih sistemov za shranjevanje M-TEC, od katerih ima vsak zmogljivost 30,7 kWh. Poseben poudarek je bil namenjen integraciji in optimizaciji skupne proizvodne naprave (GEA).<\/p>\n<p><b>Kaj je GEA?<\/b><\/p>\n<p>Skupna proizvodna naprava (Gemeinschaftliche Erzeugungsanlage - GEA) omogo\u010da ve\u010d uporabni\u0161kim enotam - kot so stanovanja v ve\u010dstanovanjski stavbi - da skupaj uporabljajo elektri\u010dno energijo, proizvedeno v centralnem fotovoltai\u010dnem sistemu. Namesto da bi elektri\u010dno energijo preprosto dovajali v omre\u017eje, jo lokalno porazdelijo tja, kjer je v danem trenutku potrebna. S tem se znatno pove\u010da lastna poraba in zmanj\u0161a dovod v javno omre\u017eje.<\/p>\n<p>Tehni\u010dno je to mogo\u010de dose\u010di s centralnim sistemom za upravljanje energije, ki v realnem \u010dasu zbira podatke iz pametnih \u0161tevcev upravljavca omre\u017eja za vsako posamezno enoto. Hkrati se upo\u0161tevata trenutna proizvodnja fotovoltaike in stanje napolnjenosti baterij. Krmilnik REDUXI te podatke analizira v realnem \u010dasu in nadzoruje distribucijo energije z natan\u010dnostjo druge stopnje: najprej oskrbuje neposredno porabo, nato pa polni baterije.<\/p>\n<p>GEA temeljijo na opredeljenih omre\u017eno-tehni\u010dnih in pravnih okvirih, kot je \u010dlen 16a avstrijskega Zakona o elektri\u010dni industriji in organizaciji (ElWOG). Meroslovno skladen sistem obra\u010dunavanja zagotavlja, da vsaka enota pla\u010da le svojo dejansko porabo. Prese\u017eek energije se shranjuje ali sorazmerno oddaja v omre\u017eje.<\/p>\n<\/div><div class=\"fusion-image-element\" style=\"--awb-margin-top:10px;--awb-margin-bottom:10px;--awb-caption-title-font-family:var(--h2_typography-font-family);--awb-caption-title-font-weight:var(--h2_typography-font-weight);--awb-caption-title-font-style:var(--h2_typography-font-style);--awb-caption-title-size:var(--h2_typography-font-size);--awb-caption-title-transform:var(--h2_typography-text-transform);--awb-caption-title-line-height:var(--h2_typography-line-height);--awb-caption-title-letter-spacing:var(--h2_typography-letter-spacing);\"><span class=\"fusion-imageframe imageframe-none imageframe-2 hover-type-none fusion-animated\" data-animationtype=\"fadeIn\" data-animationduration=\"1.6\" data-animationoffset=\"top-into-view\"><img decoding=\"async\" width=\"1129\" height=\"1500\" title=\"1764250715470\" src=\"https:\/\/www.reduxi.eu\/wp-content\/uploads\/2026\/01\/1764250715470.png\" data-orig-src=\"https:\/\/www.reduxi.eu\/wp-content\/uploads\/2026\/01\/1764250715470.png\" alt class=\"lazyload img-responsive wp-image-7156\" srcset=\"data:image\/svg+xml,%3Csvg%20xmlns%3D%27http%3A%2F%2Fwww.w3.org%2F2000%2Fsvg%27%20width%3D%271129%27%20height%3D%271500%27%20viewBox%3D%270%200%201129%201500%27%3E%3Crect%20width%3D%271129%27%20height%3D%271500%27%20fill-opacity%3D%220%22%2F%3E%3C%2Fsvg%3E\" data-srcset=\"https:\/\/www.reduxi.eu\/wp-content\/uploads\/2026\/01\/1764250715470-200x266.png 200w, https:\/\/www.reduxi.eu\/wp-content\/uploads\/2026\/01\/1764250715470-400x531.png 400w, https:\/\/www.reduxi.eu\/wp-content\/uploads\/2026\/01\/1764250715470-600x797.png 600w, https:\/\/www.reduxi.eu\/wp-content\/uploads\/2026\/01\/1764250715470-800x1063.png 800w, https:\/\/www.reduxi.eu\/wp-content\/uploads\/2026\/01\/1764250715470.png 1129w\" data-sizes=\"auto\" data-orig-sizes=\"(max-width: 640px) 100vw, 1129px\" \/><\/span><\/div><div class=\"fusion-text fusion-text-4\"><p><b>Tehni\u010dni podatki o nadzornem sistemu<\/b><\/p>\n<p>Klju\u010dni element projekta je obdelava podatkov iz pametnih \u0161tevcev upravljavca omre\u017eja v realnem \u010dasu prek novega sistema Reduxi P1 Ultra. Krmilnik REDUXI te podatke uporablja za pro\u017eno krmiljenje celotnega sistema glede na povpra\u0161evanje - odvisno od porabe, \u010dasa dneva in proizvodnje fotovoltaike.<\/p>\n<p>Posebej je treba omeniti no\u010dno praznjenje baterij:<\/p>\n<p>\u201cSistem zagotavlja pravi\u010dno in u\u010dinkovito oskrbo tudi takrat, ko ni na voljo nobene fotovoltai\u010dne proizvodnje. V tem primeru se je stopnja samozadostnosti pove\u010dala s pribli\u017eno 35 % (samo PV) na pribli\u017eno 70 % - izklju\u010dno s kombinacijo baterijskega shranjevanja in inteligentne distribucije v okviru GEA,\u201d s ponosom poro\u010da Johann Lom\u0161ek, generalni direktor podjetja Reduxi DACH GmbH.<\/p>\n<p>Vgradnjo je izvedlo podjetje ELKOtec Smart Energy GmbH. Generalni direktor Ing. Werner Konrad poudarja:<\/p>\n<p>\u201cIntegracija je bila tehni\u010dno zahtevna, vendar rezultat dokazuje, kaj je danes \u017ee mogo\u010de. Re\u0161itev je odporna na prihodnost in jo je mogo\u010de raz\u0161iriti. Za nas kot ponudnika re\u0161itev je to \u0161e en mejnik pri ustvarjanju \u0161e pametnej\u0161ih sistemov za shranjevanje baterij.\u201d<\/p>\n<\/div><div class=\"fusion-image-element\" style=\"--awb-margin-top:10px;--awb-margin-bottom:10px;--awb-caption-title-font-family:var(--h2_typography-font-family);--awb-caption-title-font-weight:var(--h2_typography-font-weight);--awb-caption-title-font-style:var(--h2_typography-font-style);--awb-caption-title-size:var(--h2_typography-font-size);--awb-caption-title-transform:var(--h2_typography-text-transform);--awb-caption-title-line-height:var(--h2_typography-line-height);--awb-caption-title-letter-spacing:var(--h2_typography-letter-spacing);\"><span class=\"fusion-imageframe imageframe-none imageframe-3 hover-type-none fusion-animated\" data-animationtype=\"fadeInLeft\" data-animationduration=\"1.6\" data-animationoffset=\"top-into-view\"><img decoding=\"async\" width=\"1417\" height=\"872\" title=\"1764253737472\" src=\"https:\/\/www.reduxi.eu\/wp-content\/uploads\/2026\/01\/1764253737472.png\" data-orig-src=\"https:\/\/www.reduxi.eu\/wp-content\/uploads\/2026\/01\/1764253737472.png\" alt class=\"lazyload img-responsive wp-image-7157\" srcset=\"data:image\/svg+xml,%3Csvg%20xmlns%3D%27http%3A%2F%2Fwww.w3.org%2F2000%2Fsvg%27%20width%3D%271417%27%20height%3D%27872%27%20viewBox%3D%270%200%201417%20872%27%3E%3Crect%20width%3D%271417%27%20height%3D%27872%27%20fill-opacity%3D%220%22%2F%3E%3C%2Fsvg%3E\" data-srcset=\"https:\/\/www.reduxi.eu\/wp-content\/uploads\/2026\/01\/1764253737472-200x123.png 200w, https:\/\/www.reduxi.eu\/wp-content\/uploads\/2026\/01\/1764253737472-400x246.png 400w, https:\/\/www.reduxi.eu\/wp-content\/uploads\/2026\/01\/1764253737472-600x369.png 600w, https:\/\/www.reduxi.eu\/wp-content\/uploads\/2026\/01\/1764253737472-800x492.png 800w, https:\/\/www.reduxi.eu\/wp-content\/uploads\/2026\/01\/1764253737472-1200x738.png 1200w, https:\/\/www.reduxi.eu\/wp-content\/uploads\/2026\/01\/1764253737472.png 1417w\" data-sizes=\"auto\" data-orig-sizes=\"(max-width: 640px) 100vw, 1417px\" \/><\/span><\/div><div class=\"fusion-text fusion-text-5\"><p><b>Namestitev in udele\u017eenci projekta<\/b><\/p>\n<p>Kontroler REDUXI je bil skupaj s prehodi in pretvorniki name\u0161\u010den v krmilno omarico. Baterijski sistemi M-TEC in \u0161tevci elektri\u010dne energije so bili integrirani in priklju\u010deni na nadzor. Poleg tega so bili pametni \u0161tevci upravljavca omre\u017eja konfigurirani za prenos podatkov prek vmesnika P1. V ta namen je bil uporabljen pretvornik Reduxi P1 Ultra, ki je podatke o pametnih \u0161tevcih brez te\u017eav prenesel v krmilnik. Tehni\u010dno podporo je zagotovil Alex iz ekipe REDUXI DACH.<\/p>\n<p><b>Z oddaljenim dostopom zagotovite prihodnost<\/b><\/p>\n<p>Prek oblaka REDUXI Cloud je na voljo popoln oddaljen dostop do sistema za upravljanje energije - neodvisno od lokacije in v realnem \u010dasu. Spremljanje, diagnosticiranje napak, posodobitve programske opreme in prilagoditve konfiguracije je mogo\u010de kadar koli izvajati na daljavo, ne da bi za to potrebovali tehnike na kraju samem.<\/p>\n<p>S tem ne prihranite le \u010dasa in stro\u0161kov delovanja, temve\u010d tudi znatno pove\u010date hitrost odziva ob optimizaciji ali pojavu te\u017eav. Zlasti pri bolj zapletenih napravah z ve\u010d generatorji, skladi\u0161\u010dnimi sistemi in porabniki ta digitalni dostop predstavlja odlo\u010dilno prednost - tako za upravljavce, monterje kot tudi za prebivalce.<\/p>\n<p>\u201cMo\u010d na\u0161ega sistema je v dosledni optimizaciji v realnem \u010dasu. Reduxi zdru\u017euje upravljanje energije s takoj\u0161njo odzivnostjo in brezhibno podpira tako strukture GEA kot energetske skupnosti - s tem smo tehnolo\u0161ko korak pred drugimi,\u201d pravi Johann Lom\u0161ek, izvr\u0161ni direktor podjetja Reduxi DACH GmbH.<\/p>\n<\/div><div class=\"fusion-image-element\" style=\"--awb-margin-top:10px;--awb-margin-bottom:10px;--awb-caption-title-font-family:var(--h2_typography-font-family);--awb-caption-title-font-weight:var(--h2_typography-font-weight);--awb-caption-title-font-style:var(--h2_typography-font-style);--awb-caption-title-size:var(--h2_typography-font-size);--awb-caption-title-transform:var(--h2_typography-text-transform);--awb-caption-title-line-height:var(--h2_typography-line-height);--awb-caption-title-letter-spacing:var(--h2_typography-letter-spacing);\"><span class=\"fusion-imageframe imageframe-none imageframe-4 hover-type-none fusion-animated\" data-animationtype=\"fadeInRight\" data-animationduration=\"1.6\" data-animationoffset=\"top-into-view\"><img decoding=\"async\" width=\"1328\" height=\"1000\" title=\"1764250663956\" src=\"https:\/\/www.reduxi.eu\/wp-content\/uploads\/2026\/01\/1764250663956.jpg\" data-orig-src=\"https:\/\/www.reduxi.eu\/wp-content\/uploads\/2026\/01\/1764250663956.jpg\" alt class=\"lazyload img-responsive wp-image-7158\" srcset=\"data:image\/svg+xml,%3Csvg%20xmlns%3D%27http%3A%2F%2Fwww.w3.org%2F2000%2Fsvg%27%20width%3D%271328%27%20height%3D%271000%27%20viewBox%3D%270%200%201328%201000%27%3E%3Crect%20width%3D%271328%27%20height%3D%271000%27%20fill-opacity%3D%220%22%2F%3E%3C%2Fsvg%3E\" data-srcset=\"https:\/\/www.reduxi.eu\/wp-content\/uploads\/2026\/01\/1764250663956-200x151.jpg 200w, https:\/\/www.reduxi.eu\/wp-content\/uploads\/2026\/01\/1764250663956-400x301.jpg 400w, https:\/\/www.reduxi.eu\/wp-content\/uploads\/2026\/01\/1764250663956-600x452.jpg 600w, https:\/\/www.reduxi.eu\/wp-content\/uploads\/2026\/01\/1764250663956-800x602.jpg 800w, https:\/\/www.reduxi.eu\/wp-content\/uploads\/2026\/01\/1764250663956-1200x904.jpg 1200w, https:\/\/www.reduxi.eu\/wp-content\/uploads\/2026\/01\/1764250663956.jpg 1328w\" data-sizes=\"auto\" data-orig-sizes=\"(max-width: 640px) 100vw, 1328px\" \/><\/span><\/div><div class=\"fusion-text fusion-text-6\"><p><span style=\"background-color: rgba(0, 0, 0, 0);\">Ta projekt prikazuje, kako je mogo\u010de u\u010dinkovito in pravi\u010dno distribuirati skupno proizvedeno elektri\u010dno energijo, kar konkretno vpliva na samooskrbo, stabilnost omre\u017eja in neodvisnost od trga z elektri\u010dno energijo. Zaradi kombinacije GEA, inteligentnega nadzora in baterijskega shranjevanja so sodobni energetski koncepti v ve\u010dstanovanjskih stavbah danes prakti\u010dno izvedljivi.<\/span><\/p>\n<\/div><\/div><\/div><\/div><\/div>","protected":false},"excerpt":{"rendered":"","protected":false},"author":15,"featured_media":0,"parent":0,"menu_order":0,"comment_status":"closed","ping_status":"closed","template":"100-width.php","meta":{"footnotes":""},"class_list":["post-7152","page","type-page","status-publish","hentry"],"_links":{"self":[{"href":"https:\/\/www.reduxi.eu\/sl\/wp-json\/wp\/v2\/pages\/7152","targetHints":{"allow":["GET"]}}],"collection":[{"href":"https:\/\/www.reduxi.eu\/sl\/wp-json\/wp\/v2\/pages"}],"about":[{"href":"https:\/\/www.reduxi.eu\/sl\/wp-json\/wp\/v2\/types\/page"}],"author":[{"embeddable":true,"href":"https:\/\/www.reduxi.eu\/sl\/wp-json\/wp\/v2\/users\/15"}],"replies":[{"embeddable":true,"href":"https:\/\/www.reduxi.eu\/sl\/wp-json\/wp\/v2\/comments?post=7152"}],"version-history":[{"count":4,"href":"https:\/\/www.reduxi.eu\/sl\/wp-json\/wp\/v2\/pages\/7152\/revisions"}],"predecessor-version":[{"id":7190,"href":"https:\/\/www.reduxi.eu\/sl\/wp-json\/wp\/v2\/pages\/7152\/revisions\/7190"}],"wp:attachment":[{"href":"https:\/\/www.reduxi.eu\/sl\/wp-json\/wp\/v2\/media?parent=7152"}],"curies":[{"name":"wp","href":"https:\/\/api.w.org\/{rel}","templated":true}]}}