{"id":6774,"date":"2025-11-19T10:00:17","date_gmt":"2025-11-19T09:00:17","guid":{"rendered":"https:\/\/www.reduxi.eu\/?page_id=6774"},"modified":"2025-11-19T16:19:08","modified_gmt":"2025-11-19T15:19:08","slug":"bess_and_reduxi_controller","status":"publish","type":"page","link":"https:\/\/www.reduxi.eu\/sl\/bess_and_reduxi_controller\/","title":{"rendered":"BESS in krmilnik Reduxi - nov vir prihodkov"},"content":{"rendered":"<div class=\"fusion-fullwidth fullwidth-box fusion-builder-row-1 fusion-flex-container has-pattern-background has-mask-background nonhundred-percent-fullwidth non-hundred-percent-height-scrolling\" style=\"--awb-border-radius-top-left:0px;--awb-border-radius-top-right:0px;--awb-border-radius-bottom-right:0px;--awb-border-radius-bottom-left:0px;--awb-flex-wrap:wrap;\" ><div class=\"fusion-builder-row fusion-row fusion-flex-align-items-flex-start fusion-flex-content-wrap\" style=\"max-width:calc( 1200px + 0px );margin-left: calc(-0px \/ 2 );margin-right: calc(-0px \/ 2 );\"><div class=\"fusion-layout-column fusion_builder_column fusion-builder-column-0 fusion_builder_column_1_1 1_1 fusion-flex-column\" style=\"--awb-bg-size:cover;--awb-width-large:100%;--awb-margin-top-large:1.5rem;--awb-spacing-right-large:1.5rem;--awb-margin-bottom-large:1.5rem;--awb-spacing-left-large:1.5rem;--awb-width-medium:100%;--awb-order-medium:0;--awb-spacing-right-medium:1.5rem;--awb-spacing-left-medium:1.5rem;--awb-width-small:100%;--awb-order-small:0;--awb-spacing-right-small:0px;--awb-spacing-left-small:0px;\"><div class=\"fusion-column-wrapper fusion-column-has-shadow fusion-flex-justify-content-flex-start fusion-content-layout-column\"><div class=\"fusion-text fusion-text-1\"><div id=\"content\">\n<h2>BESS in krmilnik Reduxi - nov vir prihodkov<\/h2>\n<p><em>Datum: marec 20, 2025<\/em><\/p>\n<p>V dana\u0161njem svetu, kjer se uporabniki soo\u010dajo z nara\u0161\u010dajo\u010dimi cenami elektri\u010dne energije in omre\u017enimi pristojbinami, postaja uporaba naprednih tehnologij klju\u010dnega pomena za stro\u0161kovno u\u010dinkovito in trajnostno rabo elektri\u010dne energije. Ena tak\u0161nih tehnologij je krmilnik Reduxi, ki s pomo\u010djo naprednih algoritmov umetne inteligence omogo\u010da optimalno uporabo baterijskih sistemov za shranjevanje energije (BESS) za razli\u010dne namene, vklju\u010dno s trgovanjem z elektri\u010dno energijo po cenah za dan vnaprej ali znotraj dneva (\u010de dobavitelji to omogo\u010dajo).<\/p>\n<p>Cene sistemov za shranjevanje energije se v zadnjih letih zni\u017eujejo, vendar so \u0161e vedno dovolj visoke, da je treba skrbno razmisliti in pripraviti podroben finan\u010dni na\u010drt, da se ugotovi, ali je njihova namestitev resni\u010dno stro\u0161kovno u\u010dinkovita. Vendar ve\u010dina potencialnih kupcev sistemov za shranjevanje energije naleti na te\u017eavo (ali pa je kljub obstoju ne opazi): kako jih je mogo\u010de uporabiti in kako jih je mogo\u010de v celoti izkoristiti?<\/p>\n<\/div>\n<\/div><div class=\"fusion-separator fusion-full-width-sep\" style=\"align-self: center;margin-left: auto;margin-right: auto;margin-top:1.5rem;margin-bottom:1.5rem;width:100%;\"><div class=\"fusion-separator-border sep-single sep-solid\" style=\"--awb-height:20px;--awb-amount:20px;--awb-sep-color:rgba(30,40,50,0.10);border-color:rgba(30,40,50,0.10);border-top-width:1px;\"><\/div><\/div><div class=\"fusion-text fusion-text-2\"><div id=\"content\">\n<h3>Zakaj uporabljati sistem za shranjevanje energije in krmilnik Reduxi<\/h3>\n<p>Skratka, poleg tega, da nam sistem za shranjevanje energije omogo\u010da shranjevanje odve\u010dne elektri\u010dne energije, proizvedene s son\u010dnimi kolektorji, in zagotavlja neprekinjeno oskrbo v primeru izpada omre\u017eja, ga je mogo\u010de uporabiti \u0161e na tri dodatne na\u010dine, ki prina\u0161ajo dodatne prihodke ali neposredno zmanj\u0161ujejo stro\u0161ke oskrbe z elektri\u010dno energijo:<\/p>\n<ol>\n<li><strong>Zmanj\u0161anje koni\u010dne mo\u010di za ni\u017eje omre\u017enine<\/strong>: Krmilnik Reduxi optimizira uporabo sistema za shranjevanje, da zmanj\u0161a koni\u010dne obremenitve in s tem zni\u017ea omre\u017enino.<\/li>\n<li><strong>Trgovanje z elektri\u010dno energijo<\/strong>: Sistem shranjevanja v kombinaciji z ustreznimi nadzornimi sistemi, kot je Reduxi, omogo\u010da trgovanje z elektri\u010dno energijo na dnevnih in dnevnih trgih, kar omogo\u010da izkori\u0161\u010danje nihanja cen za pove\u010danje prihodkov.<\/li>\n<li><strong>Zagotavljanje sistemskih storitev<\/strong>: Sistem shranjevanja se lahko uporablja za zagotavljanje sistemskih storitev, kot je aFRR (rezerva za samodejno obnovitev frekvence), in podobnih storitev, ki prispevajo k stabilnosti omre\u017eja, vendar le, \u010de sistem shranjevanja upravlja sistem, kot je krmilnik Reduxi.<\/li>\n<\/ol>\n<p>Krmilnik Reduxi je zasnovan za upravljanje energije in poleg upravljanja sistema za shranjevanje omogo\u010da tudi integracijo z razli\u010dnimi napravami na merilnem mestu, kot so sistemi za shranjevanje energije, son\u010dne plo\u0161\u010de, polnilnice za elektri\u010dna vozila, toplotne \u010drpalke in druge naprave. Z uporabo naprednih algoritmov umetne inteligence krmilnik izra\u010duna, kako najbolje uporabiti sistem za shranjevanje energije za doseganje omenjenih ciljev.<\/p>\n<\/div>\n<\/div><div class=\"fusion-separator fusion-full-width-sep\" style=\"align-self: center;margin-left: auto;margin-right: auto;margin-top:1.5rem;margin-bottom:1.5rem;width:100%;\"><div class=\"fusion-separator-border sep-single sep-solid\" style=\"--awb-height:20px;--awb-amount:20px;--awb-sep-color:rgba(30,40,50,0.10);border-color:rgba(30,40,50,0.10);border-top-width:1px;\"><\/div><\/div><div class=\"fusion-text fusion-text-3\"><div id=\"content\">\n<h3 id=\"trading-electricity-on-spot-day-ahead-and-intraday-markets\">Trgovanje z elektri\u010dno energijo na promptnih (dan vnaprej) in dnevnih trgih<\/h3>\n<p>Trgovanje z elektri\u010dno energijo na trgih za dan vnaprej in znotraj dneva na borzi z elektri\u010dno energijo omogo\u010da izkori\u0161\u010danje razlik v ceni za doseganje finan\u010dnih koristi. Trg za dan vnaprej omogo\u010da trgovanje z elektri\u010dno energijo za naslednji dan, medtem ko trg znotraj dneva omogo\u010da trgovanje v istem dnevu, kar omogo\u010da hitrej\u0161e odzivanje na spremembe v ponudbi in povpra\u0161evanju.<\/p>\n<h4 id=\"day-ahead-market\">Trg za dan vnaprej<\/h4>\n<p>Trg za dan vnaprej je organiziran trg na borzi z elektri\u010dno energijo, na katerem se trguje za naslednji dan. Cene za vsako uro dneva se dolo\u010dijo na podlagi ponudbe in povpra\u0161evanja. Na podlagi teh podatkov lahko krmilnik Reduxi na\u010drtuje polnjenje in praznjenje sistema shranjevanja, da optimizira porabo (ve\u010d ob nizkih ali negativnih cenah in manj ob vi\u0161jih cenah) in proizvodnjo (ve\u010d ob visokih cenah in malo ali ni\u010d ob nizkih ali negativnih cenah). Razlike so lahko precej\u0161nje, megavatna ura zmogljivosti shranjevanja pa lahko prinese pribli\u017eno 100 EUR dnevnega zaslu\u017eka.<\/p>\n<h4 id=\"intraday-market\">Trg znotraj dneva<\/h4>\n<p>Trg znotraj dneva omogo\u010da trgovanje z elektri\u010dno energijo v istem dnevu. Ta trg je bolj dinami\u010den in omogo\u010da hitrej\u0161e prilagajanje spremembam ponudbe in povpra\u0161evanja. Udele\u017eenci lahko trgujejo v realnem \u010dasu, v 15-minutnih intervalih, kar omogo\u010da izkori\u0161\u010danje kratkoro\u010dnih nihanj cen. Tudi v tem primeru krmilnik Reduxi zagotavlja, da se v okviru drugih omejitev, ki jih dolo\u010di uporabnik (kot so minimalna in maksimalna raven shranjevanja ter rezervirana zmogljivost za zmanj\u0161evanje konic ali sistemske storitve), nihanja cen \u010dim bolj pove\u010dajo, da se zmanj\u0161ajo kon\u010dni stro\u0161ki elektri\u010dne energije za uporabnika.<\/p>\n<\/div>\n<\/div><div class=\"fusion-separator fusion-full-width-sep\" style=\"align-self: center;margin-left: auto;margin-right: auto;margin-top:1.5rem;margin-bottom:1.5rem;width:100%;\"><div class=\"fusion-separator-border sep-single sep-solid\" style=\"--awb-height:20px;--awb-amount:20px;--awb-sep-color:rgba(30,40,50,0.10);border-color:rgba(30,40,50,0.10);border-top-width:1px;\"><\/div><\/div><div class=\"fusion-text fusion-text-4\"><div id=\"content\">\n<h3 id=\"using-ai-algorithms-to-optimize-storage-systems\">Uporaba algoritmov umetne inteligence za optimizacijo sistemov za shranjevanje<\/h3>\n<p>Krmilnik Reduxi uporablja napredne algoritme umetne inteligence za optimizacijo uporabe sistemov za shranjevanje energije. Ti algoritmi analizirajo podatke v realnem \u010dasu, vklju\u010dno s cenami elektri\u010dne energije na borzi, zgodovinskimi podatki, vremenskimi napovedmi in drugimi pomembnimi dejavniki. Na podlagi teh podatkov algoritmi umetne inteligence izra\u010dunajo najbolj optimalno uporabo sistema za shranjevanje energije za dosego glavnega cilja, tj. \u010dim ve\u010djega prihranka stro\u0161kov elektri\u010dne energije, ali bolj specifi\u010dnih ciljev, kot je prihranek konic.<\/p>\n<h4 id=\"advantages-of-using-ai-algorithms\">Prednosti uporabe algoritmov umetne inteligence<\/h4>\n<ol>\n<li><strong>Natan\u010dno napovedovanje povpra\u0161evanja po energiji<\/strong>: Algoritmi umetne inteligence lahko na podlagi preteklih podatkov, vremenskih razmer, \u010dasa dneva in drugih spremenljivk natan\u010dno predvidijo vzorce povpra\u0161evanja po energiji. To omogo\u010da bolj\u0161e na\u010drtovanje in prilagajanje uporabe sistema shranjevanja.<\/li>\n<li><strong>Izkori\u0161\u010danje sprememb cen energije na borzi<\/strong>: Algoritmi umetne inteligence omogo\u010dajo izkori\u0161\u010danje dnevnih in urnih nihanj cen energije v realnem \u010dasu na podlagi ponudbe in povpra\u0161evanja. To omogo\u010da optimizacijo porabe energije z izkori\u0161\u010danjem ni\u017ejih cen v obdobjih nizkega povpra\u0161evanja za polnjenje in vi\u0161jih cen v obdobjih visokega povpra\u0161evanja za praznjenje sistema za shranjevanje.<\/li>\n<li><strong>Analiziranje in prilagajanje uporabni\u0161kim navadam<\/strong>: Algoritmi umetne inteligence lahko analizirajo navade uporabnikov, na primer, kdaj obi\u010dajno porabljajo elektri\u010dno energijo in kdaj imajo nizko porabo (ob upo\u0161tevanju dejavnikov, kot so sezona, vreme, prazniki ali delovni dnevi), in to vklju\u010dijo v na\u010drtovanje delovanja sistema.<\/li>\n<\/ol>\n<\/div>\n<\/div><div class=\"fusion-separator fusion-full-width-sep\" style=\"align-self: center;margin-left: auto;margin-right: auto;margin-top:1.5rem;margin-bottom:1.5rem;width:100%;\"><div class=\"fusion-separator-border sep-single sep-solid\" style=\"--awb-height:20px;--awb-amount:20px;--awb-sep-color:rgba(30,40,50,0.10);border-color:rgba(30,40,50,0.10);border-top-width:1px;\"><\/div><\/div><div class=\"fusion-text fusion-text-5\"><div id=\"content\">\n<h3>Reduxi krmilnik za ni\u017eje stro\u0161ke in ve\u010djo prilagodljivost<\/h3>\n<p>Uporaba sistemov za shranjevanje energije za trgovanje z elektri\u010dno energijo po cenah za dan vnaprej ali znotraj dneva s krmilnikom Reduxi in naprednimi algoritmi umetne inteligence omogo\u010da ve\u010djo u\u010dinkovitost in finan\u010dne koristi za uporabnike, ki imajo z dobavitelji sklenjene pogodbe za dobavo in nakup elektri\u010dne energije na podlagi tr\u017enih cen. Krmilnik Reduxi omogo\u010da optimalno uporabo sistemov za shranjevanje energije za razli\u010dne namene, vklju\u010dno z zmanj\u0161evanjem koni\u010dne mo\u010di, zagotavljanjem sistemskih storitev in trgovanjem z elektri\u010dno energijo. S pomo\u010djo naprednih algoritmov umetne inteligence lahko podjetja natan\u010dno predvidijo povpra\u0161evanje po energiji, se prilagodijo dinami\u010dnim cenam energije in optimizirajo delovanje sistemov za shranjevanje, zaradi \u010desar stro\u0161ki elektri\u010dne energije niso le opazno ni\u017eji, temve\u010d tudi bolj predvidljivi.<\/p>\n<\/div>\n<\/div><\/div><\/div><\/div><\/div>","protected":false},"excerpt":{"rendered":"","protected":false},"author":15,"featured_media":0,"parent":0,"menu_order":0,"comment_status":"closed","ping_status":"closed","template":"100-width.php","meta":{"footnotes":""},"class_list":["post-6774","page","type-page","status-publish","hentry"],"_links":{"self":[{"href":"https:\/\/www.reduxi.eu\/sl\/wp-json\/wp\/v2\/pages\/6774","targetHints":{"allow":["GET"]}}],"collection":[{"href":"https:\/\/www.reduxi.eu\/sl\/wp-json\/wp\/v2\/pages"}],"about":[{"href":"https:\/\/www.reduxi.eu\/sl\/wp-json\/wp\/v2\/types\/page"}],"author":[{"embeddable":true,"href":"https:\/\/www.reduxi.eu\/sl\/wp-json\/wp\/v2\/users\/15"}],"replies":[{"embeddable":true,"href":"https:\/\/www.reduxi.eu\/sl\/wp-json\/wp\/v2\/comments?post=6774"}],"version-history":[{"count":27,"href":"https:\/\/www.reduxi.eu\/sl\/wp-json\/wp\/v2\/pages\/6774\/revisions"}],"predecessor-version":[{"id":6871,"href":"https:\/\/www.reduxi.eu\/sl\/wp-json\/wp\/v2\/pages\/6774\/revisions\/6871"}],"wp:attachment":[{"href":"https:\/\/www.reduxi.eu\/sl\/wp-json\/wp\/v2\/media?parent=6774"}],"curies":[{"name":"wp","href":"https:\/\/api.w.org\/{rel}","templated":true}]}}