{"id":5082,"date":"2025-05-23T08:06:13","date_gmt":"2025-05-23T06:06:13","guid":{"rendered":"https:\/\/www.reduxi.eu\/?page_id=5082"},"modified":"2026-03-23T16:42:03","modified_gmt":"2026-03-23T15:42:03","slug":"ess-pv-kalkulator","status":"publish","type":"page","link":"https:\/\/www.reduxi.eu\/sl\/reduxi-products\/ess-pv-calculator\/","title":{"rendered":"Reduxi ESS in PV kalkulator"},"content":{"rendered":"<p><div class=\"fusion-fullwidth fullwidth-box fusion-builder-row-1 fusion-flex-container has-pattern-background has-mask-background nonhundred-percent-fullwidth non-hundred-percent-height-scrolling\" style=\"--awb-border-radius-top-left:0px;--awb-border-radius-top-right:0px;--awb-border-radius-bottom-right:0px;--awb-border-radius-bottom-left:0px;--awb-flex-wrap:wrap;\" ><div class=\"fusion-builder-row fusion-row fusion-flex-align-items-flex-start fusion-flex-justify-content-center fusion-flex-content-wrap\" style=\"max-width:calc( 1200px + 0px );margin-left: calc(-0px \/ 2 );margin-right: calc(-0px \/ 2 );\"><div class=\"fusion-layout-column fusion_builder_column fusion-builder-column-0 fusion_builder_column_1_2 1_2 fusion-flex-column fusion-animated\" style=\"--awb-bg-size:cover;--awb-width-large:50%;--awb-margin-top-large:1.5rem;--awb-spacing-right-large:1.5rem;--awb-margin-bottom-large:1.5rem;--awb-spacing-left-large:1.5rem;--awb-width-medium:50%;--awb-order-medium:0;--awb-spacing-right-medium:1.5rem;--awb-spacing-left-medium:1.5rem;--awb-width-small:100%;--awb-order-small:2;--awb-spacing-right-small:0px;--awb-spacing-left-small:0px;\" data-animationtype=\"fadeInLeft\" data-animationduration=\"1.6\" data-animationoffset=\"top-into-view\"><div class=\"fusion-column-wrapper fusion-column-has-shadow fusion-flex-justify-content-flex-start fusion-content-layout-column\"><div class=\"fusion-title title fusion-title-1 fusion-sep-none fusion-title-text fusion-title-size-two balanced-text\" style=\"--awb-margin-top:0px;--awb-margin-bottom:0px;--awb-margin-right-small:0px;--awb-margin-left-small:0px;--awb-font-size:var(--awb-typography1-font-size);\"><h2 class=\"fusion-title-heading title-heading-left fusion-responsive-typography-calculated\" style=\"font-family:var(--awb-typography1-font-family);font-weight:var(--awb-typography1-font-weight);font-style:var(--awb-typography1-font-style);margin:0;letter-spacing:var(--awb-typography1-letter-spacing);text-transform:var(--awb-typography1-text-transform);font-size:1em;--fontSize:57.225;line-height:var(--awb-typography1-line-height);\"><span data-teams=\"true\">Reduxi ESS in PV Calculator<\/span><\/h2><\/div><div class=\"fusion-text fusion-text-1 fusion-text-no-margin balanced-text\" style=\"--awb-font-size:var(--awb-typography3-font-size);--awb-line-height:var(--awb-typography3-line-height);--awb-letter-spacing:var(--awb-typography3-letter-spacing);--awb-text-transform:var(--awb-typography3-text-transform);--awb-margin-top:0px;--awb-margin-right:0px;--awb-margin-bottom:0px;--awb-margin-left:0px;--awb-text-font-family:var(--awb-typography3-font-family);--awb-text-font-weight:var(--awb-typography3-font-weight);--awb-text-font-style:var(--awb-typography3-font-style);\"><h3 id=\"text12\"><span style=\"font-weight: normal;\">Izra\u010dunajte optimalno velikost baterije za najve\u010dji donos. <\/span><\/h3>\n<h4><span style=\"font-weight: normal;\">Pravilna izbira parametrov baterijskega hranilnika (ESS) ni odvisna od najve\u010dje kapacitete ali mo\u010di \u2013 gre za maksimiranje donosnosti investicije.\u202f\u202fNe glede na to, ali je cilj, zmanj\u0161ati koni\u010dno mo\u010d (peak shaving), optimizirati izkori\u0161\u010danje Spot cen ali sodelovati v sistemskih storitvah \u2013 donosnost investicije v ESS je odvisna od pravilne konfiguracije. <\/span><\/h4>\n<\/div><div ><a class=\"fusion-button button-flat fusion-button-default-size button-default fusion-button-default button-1 fusion-button-default-span fusion-button-default-type\" style=\"--button-border-radius-top-left:0;--button-border-radius-top-right:0;--button-border-radius-bottom-right:0;--button-border-radius-bottom-left:0;\" target=\"_self\" href=\"mailto:sales@reduxi.eu?subject=Reduxi%20ESS%20Calculator%20Inquiry&amp;body=Hello%2C%0D%0Aplease%20send%20me%20more%20information%20%2F%20quote%20for%20Reduxi%20ESS%20Calculator%20subscription.%0D%0ABest%20regards\"><span class=\"fusion-button-text awb-button__text awb-button__text--default\">Izra\u010dunajte optimalni ESS zdaj<\/span><\/a><\/div><div class=\"fusion-text fusion-text-2\" style=\"--awb-margin-top:1.5rem;\"><p>Ali kontaktirajte sales@reduxi.eu<\/p>\n<\/div><\/div><\/div><div class=\"fusion-layout-column fusion_builder_column fusion-builder-column-1 fusion_builder_column_1_2 1_2 fusion-flex-column fusion-animated\" style=\"--awb-bg-size:cover;--awb-width-large:50%;--awb-margin-top-large:0px;--awb-spacing-right-large:0px;--awb-margin-bottom-large:0px;--awb-spacing-left-large:0px;--awb-width-medium:50%;--awb-order-medium:0;--awb-spacing-right-medium:0px;--awb-spacing-left-medium:0px;--awb-width-small:100%;--awb-order-small:0;--awb-spacing-right-small:0px;--awb-spacing-left-small:0px;\" data-animationtype=\"fadeInRight\" data-animationduration=\"1.6\" data-animationoffset=\"top-into-view\"><div class=\"fusion-column-wrapper fusion-column-has-shadow fusion-flex-justify-content-flex-start fusion-content-layout-column\"><div class=\"fusion-image-element\" style=\"text-align:left;--awb-aspect-ratio: 100 \/ 96;--awb-margin-top:1.5rem;--awb-margin-right:1.5rem;--awb-margin-bottom:1.5rem;--awb-margin-left:1.5rem;--awb-caption-title-font-family:var(--h2_typography-font-family);--awb-caption-title-font-weight:var(--h2_typography-font-weight);--awb-caption-title-font-style:var(--h2_typography-font-style);--awb-caption-title-size:var(--h2_typography-font-size);--awb-caption-title-transform:var(--h2_typography-text-transform);--awb-caption-title-line-height:var(--h2_typography-line-height);--awb-caption-title-letter-spacing:var(--h2_typography-letter-spacing);\"><span class=\"fusion-imageframe imageframe-none imageframe-1 hover-type-none has-aspect-ratio\"><img decoding=\"async\" width=\"1024\" height=\"869\" title=\"ESS_Calculator_Desktop_3\" src=\"https:\/\/www.reduxi.eu\/wp-content\/uploads\/2025\/05\/ESS_Calculator_Desktop_3.png\" data-orig-src=\"https:\/\/www.reduxi.eu\/wp-content\/uploads\/2025\/05\/ESS_Calculator_Desktop_3-1024x869.png\" class=\"lazyload img-responsive wp-image-5095 img-with-aspect-ratio\" data-parent-fit=\"cover\" data-parent-container=\".fusion-image-element\" alt srcset=\"data:image\/svg+xml,%3Csvg%20xmlns%3D%27http%3A%2F%2Fwww.w3.org%2F2000%2Fsvg%27%20width%3D%272205%27%20height%3D%271871%27%20viewBox%3D%270%200%202205%201871%27%3E%3Crect%20width%3D%272205%27%20height%3D%271871%27%20fill-opacity%3D%220%22%2F%3E%3C%2Fsvg%3E\" data-srcset=\"https:\/\/www.reduxi.eu\/wp-content\/uploads\/2025\/05\/ESS_Calculator_Desktop_3-200x170.png 200w, https:\/\/www.reduxi.eu\/wp-content\/uploads\/2025\/05\/ESS_Calculator_Desktop_3-400x339.png 400w, https:\/\/www.reduxi.eu\/wp-content\/uploads\/2025\/05\/ESS_Calculator_Desktop_3-600x509.png 600w, https:\/\/www.reduxi.eu\/wp-content\/uploads\/2025\/05\/ESS_Calculator_Desktop_3-800x679.png 800w, https:\/\/www.reduxi.eu\/wp-content\/uploads\/2025\/05\/ESS_Calculator_Desktop_3-1200x1018.png 1200w\" data-sizes=\"auto\" data-orig-sizes=\"(max-width: 640px) 100vw, 800px\" \/><\/span><\/div><\/div><\/div><\/div><\/div><div class=\"fusion-fullwidth fullwidth-box fusion-builder-row-2 fusion-flex-container has-pattern-background has-mask-background nonhundred-percent-fullwidth non-hundred-percent-height-scrolling\" style=\"--awb-border-radius-top-left:0px;--awb-border-radius-top-right:0px;--awb-border-radius-bottom-right:0px;--awb-border-radius-bottom-left:0px;--awb-flex-wrap:wrap;\" ><div class=\"fusion-builder-row fusion-row fusion-flex-align-items-flex-start fusion-flex-content-wrap\" style=\"max-width:calc( 1200px + 0px );margin-left: calc(-0px \/ 2 );margin-right: calc(-0px \/ 2 );\"><div class=\"fusion-layout-column fusion_builder_column fusion-builder-column-2 fusion_builder_column_1_1 1_1 fusion-flex-column\" style=\"--awb-bg-size:cover;--awb-width-large:100%;--awb-margin-top-large:0px;--awb-spacing-right-large:0px;--awb-margin-bottom-large:0px;--awb-spacing-left-large:0px;--awb-width-medium:100%;--awb-order-medium:0;--awb-spacing-right-medium:0px;--awb-spacing-left-medium:0px;--awb-width-small:100%;--awb-order-small:0;--awb-spacing-right-small:0px;--awb-spacing-left-small:0px;\"><div class=\"fusion-column-wrapper fusion-column-has-shadow fusion-flex-justify-content-flex-start fusion-content-layout-column\"><div class=\"fusion-separator fusion-full-width-sep\" style=\"align-self: center;margin-left: auto;margin-right: auto;width:100%;\"><div class=\"fusion-separator-border sep-single sep-solid\" style=\"--awb-height:20px;--awb-amount:20px;--awb-sep-color:#000000;border-color:#000000;border-top-width:1px;\"><\/div><\/div><\/div><\/div><\/div><\/div><div class=\"fusion-fullwidth fullwidth-box fusion-builder-row-3 fusion-flex-container has-pattern-background has-mask-background nonhundred-percent-fullwidth non-hundred-percent-height-scrolling fusion-animated\" style=\"--awb-border-radius-top-left:0px;--awb-border-radius-top-right:0px;--awb-border-radius-bottom-right:0px;--awb-border-radius-bottom-left:0px;--awb-flex-wrap:wrap;\" data-animationtype=\"fadeIn\" data-animationduration=\"1.6\" data-animationoffset=\"top-into-view\" ><div class=\"fusion-builder-row fusion-row fusion-flex-align-items-flex-start fusion-flex-content-wrap\" style=\"max-width:calc( 1200px + 0px );margin-left: calc(-0px \/ 2 );margin-right: calc(-0px \/ 2 );\"><div class=\"fusion-layout-column fusion_builder_column fusion-builder-column-3 fusion_builder_column_1_3 1_3 fusion-flex-column\" style=\"--awb-padding-top:1.5rem;--awb-padding-right:1.5rem;--awb-padding-bottom:1.5rem;--awb-padding-left:1.5rem;--awb-bg-size:cover;--awb-width-large:33.333333333333%;--awb-margin-top-large:0px;--awb-spacing-right-large:0px;--awb-margin-bottom-large:0px;--awb-spacing-left-large:0px;--awb-width-medium:33.333333333333%;--awb-order-medium:0;--awb-spacing-right-medium:0px;--awb-spacing-left-medium:0px;--awb-width-small:100%;--awb-order-small:0;--awb-spacing-right-small:0px;--awb-spacing-left-small:0px;\"><div class=\"fusion-column-wrapper fusion-column-has-shadow fusion-flex-justify-content-flex-start fusion-content-layout-column\"><div class=\"fusion-image-element\" style=\"text-align:center;--awb-max-width:300px;--awb-caption-title-font-family:var(--h2_typography-font-family);--awb-caption-title-font-weight:var(--h2_typography-font-weight);--awb-caption-title-font-style:var(--h2_typography-font-style);--awb-caption-title-size:var(--h2_typography-font-size);--awb-caption-title-transform:var(--h2_typography-text-transform);--awb-caption-title-line-height:var(--h2_typography-line-height);--awb-caption-title-letter-spacing:var(--h2_typography-letter-spacing);\"><span class=\"fusion-imageframe imageframe-none imageframe-2 hover-type-none\"><img decoding=\"async\" width=\"559\" height=\"560\" title=\"Opredelitev zmogljivosti\" src=\"https:\/\/www.reduxi.eu\/wp-content\/uploads\/2025\/05\/Identify-capacity.png\" data-orig-src=\"https:\/\/www.reduxi.eu\/wp-content\/uploads\/2025\/05\/Identify-capacity.png\" alt class=\"lazyload img-responsive wp-image-5086\" srcset=\"data:image\/svg+xml,%3Csvg%20xmlns%3D%27http%3A%2F%2Fwww.w3.org%2F2000%2Fsvg%27%20width%3D%27559%27%20height%3D%27560%27%20viewBox%3D%270%200%20559%20560%27%3E%3Crect%20width%3D%27559%27%20height%3D%27560%27%20fill-opacity%3D%220%22%2F%3E%3C%2Fsvg%3E\" data-srcset=\"https:\/\/www.reduxi.eu\/wp-content\/uploads\/2025\/05\/Identify-capacity-200x200.png 200w, https:\/\/www.reduxi.eu\/wp-content\/uploads\/2025\/05\/Identify-capacity-400x401.png 400w, https:\/\/www.reduxi.eu\/wp-content\/uploads\/2025\/05\/Identify-capacity.png 559w\" data-sizes=\"auto\" data-orig-sizes=\"(max-width: 640px) 100vw, 559px\" \/><\/span><\/div><div class=\"fusion-text fusion-text-3 balanced-text\" style=\"--awb-font-size:var(--awb-typography2-font-size);--awb-line-height:var(--awb-typography2-line-height);--awb-letter-spacing:var(--awb-typography2-letter-spacing);--awb-text-transform:var(--awb-typography2-text-transform);--awb-text-font-family:var(--awb-typography2-font-family);--awb-text-font-weight:var(--awb-typography2-font-weight);--awb-text-font-style:var(--awb-typography2-font-style);\"><h5 style=\"text-align: center;\">Dolo\u010dite idealno kapaciteto in mo\u010d ESS<\/h5>\n<\/div><\/div><\/div><div class=\"fusion-layout-column fusion_builder_column fusion-builder-column-4 fusion_builder_column_1_3 1_3 fusion-flex-column\" style=\"--awb-bg-size:cover;--awb-width-large:33.333333333333%;--awb-margin-top-large:1.5rem;--awb-spacing-right-large:1.5rem;--awb-margin-bottom-large:1.5rem;--awb-spacing-left-large:1.5rem;--awb-width-medium:33.333333333333%;--awb-order-medium:0;--awb-spacing-right-medium:1.5rem;--awb-spacing-left-medium:1.5rem;--awb-width-small:100%;--awb-order-small:0;--awb-spacing-right-small:0px;--awb-spacing-left-small:0px;\"><div class=\"fusion-column-wrapper fusion-column-has-shadow fusion-flex-justify-content-flex-start fusion-content-layout-column\"><div class=\"fusion-image-element\" style=\"text-align:center;--awb-max-width:300px;--awb-caption-title-font-family:var(--h2_typography-font-family);--awb-caption-title-font-weight:var(--h2_typography-font-weight);--awb-caption-title-font-style:var(--h2_typography-font-style);--awb-caption-title-size:var(--h2_typography-font-size);--awb-caption-title-transform:var(--h2_typography-text-transform);--awb-caption-title-line-height:var(--h2_typography-line-height);--awb-caption-title-letter-spacing:var(--h2_typography-letter-spacing);\"><span class=\"fusion-imageframe imageframe-none imageframe-3 hover-type-none\"><img decoding=\"async\" width=\"555\" height=\"557\" title=\"Pove\u010danje prihodkov\" src=\"https:\/\/www.reduxi.eu\/wp-content\/uploads\/2025\/05\/Maximize-revenue.png\" data-orig-src=\"https:\/\/www.reduxi.eu\/wp-content\/uploads\/2025\/05\/Maximize-revenue.png\" alt class=\"lazyload img-responsive wp-image-5087\" srcset=\"data:image\/svg+xml,%3Csvg%20xmlns%3D%27http%3A%2F%2Fwww.w3.org%2F2000%2Fsvg%27%20width%3D%27555%27%20height%3D%27557%27%20viewBox%3D%270%200%20555%20557%27%3E%3Crect%20width%3D%27555%27%20height%3D%27557%27%20fill-opacity%3D%220%22%2F%3E%3C%2Fsvg%3E\" data-srcset=\"https:\/\/www.reduxi.eu\/wp-content\/uploads\/2025\/05\/Maximize-revenue-200x201.png 200w, https:\/\/www.reduxi.eu\/wp-content\/uploads\/2025\/05\/Maximize-revenue-400x401.png 400w, https:\/\/www.reduxi.eu\/wp-content\/uploads\/2025\/05\/Maximize-revenue.png 555w\" data-sizes=\"auto\" data-orig-sizes=\"(max-width: 640px) 100vw, 555px\" \/><\/span><\/div><div class=\"fusion-text fusion-text-4 balanced-text\" style=\"--awb-font-size:var(--awb-typography2-font-size);--awb-line-height:var(--awb-typography2-line-height);--awb-letter-spacing:var(--awb-typography2-letter-spacing);--awb-text-transform:var(--awb-typography2-text-transform);--awb-text-font-family:var(--awb-typography2-font-family);--awb-text-font-weight:var(--awb-typography2-font-weight);--awb-text-font-style:var(--awb-typography2-font-style);\"><h5 style=\"text-align: center; --fontSize: 25.008; line-height: 1.2;\" data-fontsize=\"25.008\" data-lineheight=\"30.0096px\" class=\"fusion-responsive-typography-calculated\">Increase revenues and shorten the payback period.<\/h5>\n<\/div><\/div><\/div><div class=\"fusion-layout-column fusion_builder_column fusion-builder-column-5 fusion_builder_column_1_3 1_3 fusion-flex-column\" style=\"--awb-bg-size:cover;--awb-width-large:33.333333333333%;--awb-margin-top-large:1.5rem;--awb-spacing-right-large:1.5rem;--awb-margin-bottom-large:1.5rem;--awb-spacing-left-large:1.5rem;--awb-width-medium:33.333333333333%;--awb-order-medium:0;--awb-spacing-right-medium:1.5rem;--awb-spacing-left-medium:1.5rem;--awb-width-small:100%;--awb-order-small:0;--awb-spacing-right-small:0px;--awb-spacing-left-small:0px;\"><div class=\"fusion-column-wrapper fusion-column-has-shadow fusion-flex-justify-content-flex-start fusion-content-layout-column\"><div class=\"fusion-image-element\" style=\"text-align:center;--awb-aspect-ratio:1 \/ 1;--awb-object-position:49% 48%;--awb-max-width:300px;--awb-caption-title-font-family:var(--h2_typography-font-family);--awb-caption-title-font-weight:var(--h2_typography-font-weight);--awb-caption-title-font-style:var(--h2_typography-font-style);--awb-caption-title-size:var(--h2_typography-font-size);--awb-caption-title-transform:var(--h2_typography-text-transform);--awb-caption-title-line-height:var(--h2_typography-line-height);--awb-caption-title-letter-spacing:var(--h2_typography-letter-spacing);\"><div style=\"display:inline-block;width:300px;\"><span class=\"fusion-imageframe imageframe-none imageframe-4 hover-type-none has-aspect-ratio\"><img decoding=\"async\" width=\"557\" height=\"557\" title=\"Donosnost nalo\u017ebe\" src=\"https:\/\/www.reduxi.eu\/wp-content\/uploads\/2025\/05\/Return-of-investment.png\" data-orig-src=\"https:\/\/www.reduxi.eu\/wp-content\/uploads\/2025\/05\/Return-of-investment.png\" class=\"lazyload img-responsive wp-image-5088 img-with-aspect-ratio\" data-parent-fit=\"cover\" data-parent-container=\".fusion-image-element\" alt srcset=\"data:image\/svg+xml,%3Csvg%20xmlns%3D%27http%3A%2F%2Fwww.w3.org%2F2000%2Fsvg%27%20width%3D%27557%27%20height%3D%27557%27%20viewBox%3D%270%200%20557%20557%27%3E%3Crect%20width%3D%27557%27%20height%3D%27557%27%20fill-opacity%3D%220%22%2F%3E%3C%2Fsvg%3E\" data-srcset=\"https:\/\/www.reduxi.eu\/wp-content\/uploads\/2025\/05\/Return-of-investment-200x200.png 200w, https:\/\/www.reduxi.eu\/wp-content\/uploads\/2025\/05\/Return-of-investment-400x400.png 400w, https:\/\/www.reduxi.eu\/wp-content\/uploads\/2025\/05\/Return-of-investment.png 557w\" data-sizes=\"auto\" data-orig-sizes=\"(max-width: 640px) 100vw, 557px\" \/><\/span><\/div><\/div><div class=\"fusion-text fusion-text-5 balanced-text\" style=\"--awb-font-size:var(--awb-typography2-font-size);--awb-line-height:var(--awb-typography2-line-height);--awb-letter-spacing:var(--awb-typography2-letter-spacing);--awb-text-transform:var(--awb-typography2-text-transform);--awb-text-font-family:var(--awb-typography2-font-family);--awb-text-font-weight:var(--awb-typography2-font-weight);--awb-text-font-style:var(--awb-typography2-font-style);\"><h5 style=\"text-align: center; --fontSize: 25.008; line-height: 1.2;\" data-fontsize=\"25.008\" data-lineheight=\"30.0096px\" class=\"fusion-responsive-typography-calculated\">Optimize return on investment with data-driven analysis of ESS parameters.<\/p>\n<\/h5>\n<\/div><\/div><\/div><\/div><\/div><div class=\"fusion-fullwidth fullwidth-box fusion-builder-row-4 fusion-flex-container has-pattern-background has-mask-background nonhundred-percent-fullwidth non-hundred-percent-height-scrolling\" style=\"--awb-border-radius-top-left:0px;--awb-border-radius-top-right:0px;--awb-border-radius-bottom-right:0px;--awb-border-radius-bottom-left:0px;--awb-padding-top:32px;--awb-padding-bottom:38px;--awb-background-color:rgba(239,239,239,0.96);--awb-flex-wrap:wrap;\" ><div class=\"fusion-builder-row fusion-row fusion-flex-align-items-center fusion-flex-justify-content-center fusion-flex-content-wrap\" style=\"max-width:calc( 1200px + 0px );margin-left: calc(-0px \/ 2 );margin-right: calc(-0px \/ 2 );\"><div class=\"fusion-layout-column fusion_builder_column fusion-builder-column-6 fusion_builder_column_1_2 1_2 fusion-flex-column fusion-animated\" style=\"--awb-bg-size:cover;--awb-width-large:50%;--awb-margin-top-large:1.5rem;--awb-spacing-right-large:1.5rem;--awb-margin-bottom-large:1.5rem;--awb-spacing-left-large:1.5rem;--awb-width-medium:50%;--awb-order-medium:0;--awb-spacing-right-medium:1.5rem;--awb-spacing-left-medium:1.5rem;--awb-width-small:100%;--awb-order-small:0;--awb-spacing-right-small:0px;--awb-spacing-left-small:0px;\" data-animationtype=\"fadeInLeft\" data-animationduration=\"1.6\" data-animationoffset=\"top-into-view\"><div class=\"fusion-column-wrapper fusion-column-has-shadow fusion-flex-justify-content-flex-start fusion-content-layout-column\"><div class=\"fusion-image-element\" style=\"--awb-caption-title-font-family:var(--h2_typography-font-family);--awb-caption-title-font-weight:var(--h2_typography-font-weight);--awb-caption-title-font-style:var(--h2_typography-font-style);--awb-caption-title-size:var(--h2_typography-font-size);--awb-caption-title-transform:var(--h2_typography-text-transform);--awb-caption-title-line-height:var(--h2_typography-line-height);--awb-caption-title-letter-spacing:var(--h2_typography-letter-spacing);\"><span class=\"fusion-imageframe imageframe-none imageframe-5 hover-type-none\"><img decoding=\"async\" width=\"1024\" height=\"894\" title=\"Uporabni\u0161ki vmesnik ESS_Calc\" src=\"https:\/\/www.reduxi.eu\/wp-content\/uploads\/2025\/05\/UI-ESS_Calc.png\" data-orig-src=\"https:\/\/www.reduxi.eu\/wp-content\/uploads\/2025\/05\/UI-ESS_Calc-1024x894.png\" alt class=\"lazyload img-responsive wp-image-5085\" srcset=\"data:image\/svg+xml,%3Csvg%20xmlns%3D%27http%3A%2F%2Fwww.w3.org%2F2000%2Fsvg%27%20width%3D%271288%27%20height%3D%271124%27%20viewBox%3D%270%200%201288%201124%27%3E%3Crect%20width%3D%271288%27%20height%3D%271124%27%20fill-opacity%3D%220%22%2F%3E%3C%2Fsvg%3E\" data-srcset=\"https:\/\/www.reduxi.eu\/wp-content\/uploads\/2025\/05\/UI-ESS_Calc-200x175.png 200w, https:\/\/www.reduxi.eu\/wp-content\/uploads\/2025\/05\/UI-ESS_Calc-400x349.png 400w, https:\/\/www.reduxi.eu\/wp-content\/uploads\/2025\/05\/UI-ESS_Calc-600x524.png 600w, https:\/\/www.reduxi.eu\/wp-content\/uploads\/2025\/05\/UI-ESS_Calc-800x698.png 800w, https:\/\/www.reduxi.eu\/wp-content\/uploads\/2025\/05\/UI-ESS_Calc-1200x1047.png 1200w, https:\/\/www.reduxi.eu\/wp-content\/uploads\/2025\/05\/UI-ESS_Calc.png 1288w\" data-sizes=\"auto\" data-orig-sizes=\"(max-width: 640px) 100vw, 800px\" \/><\/span><\/div><\/div><\/div><div class=\"fusion-layout-column fusion_builder_column fusion-builder-column-7 fusion_builder_column_1_2 1_2 fusion-flex-column fusion-animated balanced-text\" style=\"--awb-bg-size:cover;--awb-width-large:50%;--awb-margin-top-large:1.5rem;--awb-spacing-right-large:1.5rem;--awb-margin-bottom-large:1.5rem;--awb-spacing-left-large:1.5rem;--awb-width-medium:50%;--awb-order-medium:0;--awb-spacing-right-medium:1.5rem;--awb-spacing-left-medium:1.5rem;--awb-width-small:100%;--awb-order-small:0;--awb-spacing-right-small:0px;--awb-spacing-left-small:0px;\" data-animationtype=\"fadeInRight\" data-animationduration=\"1.6\" data-animationoffset=\"top-into-view\"><div class=\"fusion-column-wrapper fusion-column-has-shadow fusion-flex-justify-content-flex-start fusion-content-layout-column\"><div class=\"fusion-text fusion-text-6 balanced-text\" style=\"--awb-font-size:var(--awb-custom_typography_2-font-size);--awb-line-height:var(--awb-custom_typography_2-line-height);--awb-letter-spacing:var(--awb-custom_typography_2-letter-spacing);--awb-text-transform:var(--awb-custom_typography_2-text-transform);--awb-text-font-family:var(--awb-custom_typography_2-font-family);--awb-text-font-weight:var(--awb-custom_typography_2-font-weight);--awb-text-font-style:var(--awb-custom_typography_2-font-style);\"><h3 data-fontsize=\"39.056\" data-lineheight=\"46.8672px\" class=\"fusion-responsive-typography-calculated\" style=\"--fontSize: 39.056; line-height: 1.2;\">Zakaj bi ugibali, \u010de lahko izra\u010dunate?<\/h3>\n<p><span style=\"text-wrap-mode: initial; background-color: rgba(0, 0, 0, 0);\">Get instant calculations for the correct ESS selection, tailored to:<\/span><\/p>\n<ul>\n<li>Energy consumption patterns and volumes<\/li>\n<li>Cenam elektri\u010dne energije<\/li>\n<li>Zgradbi energetskega sistema (son\u010dna elektrarna ...)<\/li>\n<li>Priklju\u010dni mo\u010di (najve\u010dji odjem\/oddaja iz omre\u017eja \u2026)<\/li>\n<\/ul>\n<p>Z Reduxi ESS Calculatorjem boste lahko izra\u010dunali rezultate delovanja sistema ESS (glede na kapaciteto in mo\u010d),upo\u0161tevaje dolo\u010dene tehni\u010dne pogoje in namen uporabe, kar bo izbolj\u0161alo ekonomsko upravi\u010denost va\u0161ega projekta ali ponudbo za projekte potencialnih strank.<\/p>\n<p>Ne glede na to, ali na\u010drtujete sistem za C&amp;I odjemalca ali se prijavljate na razpis za ve\u010dji projekt, vam na\u0161 kalkulator ponuja klju\u010dne podatke za na\u010drtovanje re\u0161itev shranjevanja energije.<\/p>\n<h4 data-fontsize=\"31.248\" data-lineheight=\"37.4976px\" class=\"fusion-responsive-typography-calculated\" style=\"--fontSize: 31.248; line-height: 1.2;\">Na\u010drtujte z zaupanjem.<\/p>\n<\/h4>\n<\/div><div ><a class=\"fusion-button button-flat fusion-button-default-size button-default fusion-button-default button-2 fusion-button-default-span fusion-button-default-type\" style=\"--button-border-radius-top-left:0;--button-border-radius-top-right:0;--button-border-radius-bottom-right:0;--button-border-radius-bottom-left:0;\" target=\"_self\" href=\"mailto:sales@reduxi.eu?subject=Reduxi%20ESS%20Calculator%20Inquiry&amp;body=Hello%2C%0D%0Aplease%20send%20me%20more%20information%20%2F%20quote%20for%20Reduxi%20ESS%20Calculator%20subscription.%0D%0ABest%20regards\"><span class=\"fusion-button-text awb-button__text awb-button__text--default\">Za\u010dnite uporabljati ESS kalkulator \u0161e danes.<\/span><\/a><\/div><div class=\"fusion-text fusion-text-7\" style=\"--awb-margin-top:1.5rem;\"><p>Ali kontaktirajte sales@reduxi.eu<\/p>\n<\/div><\/div><\/div><\/div><\/div><\/p>","protected":false},"excerpt":{"rendered":"","protected":false},"author":15,"featured_media":0,"parent":1626,"menu_order":0,"comment_status":"closed","ping_status":"closed","template":"100-width.php","meta":{"footnotes":""},"class_list":["post-5082","page","type-page","status-publish","hentry"],"_links":{"self":[{"href":"https:\/\/www.reduxi.eu\/sl\/wp-json\/wp\/v2\/pages\/5082","targetHints":{"allow":["GET"]}}],"collection":[{"href":"https:\/\/www.reduxi.eu\/sl\/wp-json\/wp\/v2\/pages"}],"about":[{"href":"https:\/\/www.reduxi.eu\/sl\/wp-json\/wp\/v2\/types\/page"}],"author":[{"embeddable":true,"href":"https:\/\/www.reduxi.eu\/sl\/wp-json\/wp\/v2\/users\/15"}],"replies":[{"embeddable":true,"href":"https:\/\/www.reduxi.eu\/sl\/wp-json\/wp\/v2\/comments?post=5082"}],"version-history":[{"count":53,"href":"https:\/\/www.reduxi.eu\/sl\/wp-json\/wp\/v2\/pages\/5082\/revisions"}],"predecessor-version":[{"id":7347,"href":"https:\/\/www.reduxi.eu\/sl\/wp-json\/wp\/v2\/pages\/5082\/revisions\/7347"}],"up":[{"embeddable":true,"href":"https:\/\/www.reduxi.eu\/sl\/wp-json\/wp\/v2\/pages\/1626"}],"wp:attachment":[{"href":"https:\/\/www.reduxi.eu\/sl\/wp-json\/wp\/v2\/media?parent=5082"}],"curies":[{"name":"wp","href":"https:\/\/api.w.org\/{rel}","templated":true}]}}