{"id":4864,"date":"2025-01-15T07:56:04","date_gmt":"2025-01-15T06:56:04","guid":{"rendered":"https:\/\/www.reduxi.eu\/?page_id=4864"},"modified":"2025-01-23T08:31:28","modified_gmt":"2025-01-23T07:31:28","slug":"prehod-na-sistemskega-integratorja","status":"publish","type":"page","link":"https:\/\/www.reduxi.eu\/sl\/the-system-integrator-transition\/","title":{"rendered":"Prehod na sistemskega integratorja"},"content":{"rendered":"<p><div class=\"fusion-fullwidth fullwidth-box fusion-builder-row-1 fusion-flex-container has-pattern-background has-mask-background nonhundred-percent-fullwidth non-hundred-percent-height-scrolling\" style=\"--awb-border-radius-top-left:0px;--awb-border-radius-top-right:0px;--awb-border-radius-bottom-right:0px;--awb-border-radius-bottom-left:0px;--awb-flex-wrap:wrap;\" ><div class=\"fusion-builder-row fusion-row fusion-flex-align-items-flex-start fusion-flex-content-wrap\" style=\"max-width:calc( 1200px + 0px );margin-left: calc(-0px \/ 2 );margin-right: calc(-0px \/ 2 );\"><div class=\"fusion-layout-column fusion_builder_column fusion-builder-column-0 fusion_builder_column_1_2 1_2 fusion-flex-column\" style=\"--awb-bg-size:cover;--awb-width-large:50%;--awb-margin-top-large:0px;--awb-spacing-right-large:0px;--awb-margin-bottom-large:0px;--awb-spacing-left-large:0px;--awb-width-medium:50%;--awb-order-medium:0;--awb-spacing-right-medium:0px;--awb-spacing-left-medium:0px;--awb-width-small:100%;--awb-order-small:0;--awb-spacing-right-small:0px;--awb-spacing-left-small:0px;\"><div class=\"fusion-column-wrapper fusion-column-has-shadow fusion-flex-justify-content-flex-start fusion-content-layout-column\"><div class=\"fusion-image-element\" style=\"--awb-caption-title-font-family:var(--h2_typography-font-family);--awb-caption-title-font-weight:var(--h2_typography-font-weight);--awb-caption-title-font-style:var(--h2_typography-font-style);--awb-caption-title-size:var(--h2_typography-font-size);--awb-caption-title-transform:var(--h2_typography-text-transform);--awb-caption-title-line-height:var(--h2_typography-line-height);--awb-caption-title-letter-spacing:var(--h2_typography-letter-spacing);\"><span class=\"fusion-imageframe imageframe-none imageframe-1 hover-type-none\"><img decoding=\"async\" width=\"300\" height=\"155\" title=\"reduxi_logo_RGB_POS_tagline\" src=\"https:\/\/www.reduxi.eu\/wp-content\/uploads\/2025\/01\/reduxi_logo_RGB_POS_tagline-2.png\" data-orig-src=\"https:\/\/www.reduxi.eu\/wp-content\/uploads\/2025\/01\/reduxi_logo_RGB_POS_tagline-2-300x155.png\" alt class=\"lazyload img-responsive wp-image-4903\" srcset=\"data:image\/svg+xml,%3Csvg%20xmlns%3D%27http%3A%2F%2Fwww.w3.org%2F2000%2Fsvg%27%20width%3D%271395%27%20height%3D%27721%27%20viewBox%3D%270%200%201395%20721%27%3E%3Crect%20width%3D%271395%27%20height%3D%27721%27%20fill-opacity%3D%220%22%2F%3E%3C%2Fsvg%3E\" data-srcset=\"https:\/\/www.reduxi.eu\/wp-content\/uploads\/2025\/01\/reduxi_logo_RGB_POS_tagline-2-200x103.png 200w, https:\/\/www.reduxi.eu\/wp-content\/uploads\/2025\/01\/reduxi_logo_RGB_POS_tagline-2-400x207.png 400w, https:\/\/www.reduxi.eu\/wp-content\/uploads\/2025\/01\/reduxi_logo_RGB_POS_tagline-2-600x310.png 600w, https:\/\/www.reduxi.eu\/wp-content\/uploads\/2025\/01\/reduxi_logo_RGB_POS_tagline-2-800x413.png 800w, https:\/\/www.reduxi.eu\/wp-content\/uploads\/2025\/01\/reduxi_logo_RGB_POS_tagline-2-1200x620.png 1200w, https:\/\/www.reduxi.eu\/wp-content\/uploads\/2025\/01\/reduxi_logo_RGB_POS_tagline-2.png 1395w\" data-sizes=\"auto\" data-orig-sizes=\"(max-width: 640px) 100vw, 800px\" \/><\/span><\/div><div class=\"fusion-title title fusion-title-1 fusion-sep-none fusion-title-text fusion-title-size-two\" style=\"--awb-margin-right-small:0px;--awb-margin-left-small:0px;\"><h2 class=\"fusion-title-heading title-heading-left fusion-responsive-typography-calculated\" style=\"--fontSize:57.225;line-height:var(--awb-typography1-line-height);\"><p style=\"text-align: left;\">Prehod na sistemskega integratorja<\/p><\/h2><\/div><div class=\"fusion-text fusion-text-1\"><h4 id=\"text12\">Postavite se kot strokovnjak za sisteme za upravljanje energije v domovih in stavbah ter za\u010dnite spodbujati energetski prehod.<\/h4>\n<\/div><div class=\"fusion-image-element\" style=\"text-align:left;--awb-caption-title-font-family:var(--h2_typography-font-family);--awb-caption-title-font-weight:var(--h2_typography-font-weight);--awb-caption-title-font-style:var(--h2_typography-font-style);--awb-caption-title-size:var(--h2_typography-font-size);--awb-caption-title-transform:var(--h2_typography-text-transform);--awb-caption-title-line-height:var(--h2_typography-line-height);--awb-caption-title-letter-spacing:var(--h2_typography-letter-spacing);\"><span class=\"fusion-imageframe imageframe-none imageframe-2 hover-type-none\"><img decoding=\"async\" width=\"300\" height=\"225\" title=\"software-box-standing-over-a-transparent-backdrop-mockup-a8141\" src=\"https:\/\/www.reduxi.eu\/wp-content\/uploads\/2025\/01\/software-box-standing-over-a-transparent-backdrop-mockup-a8141.png\" data-orig-src=\"https:\/\/www.reduxi.eu\/wp-content\/uploads\/2025\/01\/software-box-standing-over-a-transparent-backdrop-mockup-a8141-300x225.png\" alt class=\"lazyload img-responsive wp-image-4853\" srcset=\"data:image\/svg+xml,%3Csvg%20xmlns%3D%27http%3A%2F%2Fwww.w3.org%2F2000%2Fsvg%27%20width%3D%273300%27%20height%3D%272474%27%20viewBox%3D%270%200%203300%202474%27%3E%3Crect%20width%3D%273300%27%20height%3D%272474%27%20fill-opacity%3D%220%22%2F%3E%3C%2Fsvg%3E\" data-srcset=\"https:\/\/www.reduxi.eu\/wp-content\/uploads\/2025\/01\/software-box-standing-over-a-transparent-backdrop-mockup-a8141-200x150.png 200w, https:\/\/www.reduxi.eu\/wp-content\/uploads\/2025\/01\/software-box-standing-over-a-transparent-backdrop-mockup-a8141-400x300.png 400w, https:\/\/www.reduxi.eu\/wp-content\/uploads\/2025\/01\/software-box-standing-over-a-transparent-backdrop-mockup-a8141-600x450.png 600w, https:\/\/www.reduxi.eu\/wp-content\/uploads\/2025\/01\/software-box-standing-over-a-transparent-backdrop-mockup-a8141-800x600.png 800w, https:\/\/www.reduxi.eu\/wp-content\/uploads\/2025\/01\/software-box-standing-over-a-transparent-backdrop-mockup-a8141-1200x900.png 1200w\" data-sizes=\"auto\" data-orig-sizes=\"(max-width: 640px) 100vw, 800px\" \/><\/span><\/div><div class=\"fusion-form fusion-form-builder fusion-form-form-wrapper fusion-form-4846 has-icon-alignment\" style=\"--awb-tooltip-text-color:#ffffff;--awb-tooltip-background-color:#333333;--awb-form-border-width-top:2px;--awb-form-border-width-bottom:2px;--awb-form-border-width-right:2px;--awb-form-border-width-left:2px;--awb-form-border-color:#0db4ac;--awb-icon-alignment-top:2px;--awb-icon-alignment-bottom:2px;--awb-icon-alignment-font-size:1em;\" data-form-id=\"4846\" data-config=\"{&quot;form_id&quot;:&quot;4846&quot;,&quot;form_post_id&quot;:&quot;4846&quot;,&quot;post_id&quot;:4864,&quot;form_type&quot;:&quot;post&quot;,&quot;confirmation_type&quot;:&quot;message&quot;,&quot;redirect_url&quot;:&quot;&quot;,&quot;redirect_timeout&quot;:&quot;0&quot;,&quot;field_labels&quot;:{&quot;email_address&quot;:&quot;&quot;},&quot;field_logics&quot;:{&quot;email_address&quot;:&quot;&quot;,&quot;submit_1&quot;:&quot;&quot;},&quot;field_types&quot;:{&quot;email_address&quot;:&quot;email&quot;,&quot;submit_1&quot;:&quot;submit&quot;},&quot;nonce_method&quot;:&quot;ajax&quot;,&quot;form_views&quot;:&quot;ajax&quot;,&quot;form_views_counting&quot;:&quot;all&quot;}\"><form action=\"https:\/\/app.kit.com\/forms\/7552777\/subscriptions\" method=\"post\" class=\"fusion-form fusion-form-4846\"><div class=\"fusion-fullwidth fullwidth-box fusion-builder-row-1-1 fusion-flex-container has-pattern-background has-mask-background nonhundred-percent-fullwidth non-hundred-percent-height-scrolling\" style=\"--awb-border-radius-top-left:0px;--awb-border-radius-top-right:0px;--awb-border-radius-bottom-right:0px;--awb-border-radius-bottom-left:0px;--awb-flex-wrap:wrap;\" ><div class=\"fusion-builder-row fusion-row fusion-flex-align-items-flex-start fusion-flex-content-wrap\" style=\"width:calc( 100% + 0px ) !important;max-width:calc( 100% + 0px ) !important;margin-left: calc(-0px \/ 2 );margin-right: calc(-0px \/ 2 );\"><div class=\"fusion-layout-column fusion_builder_column fusion-builder-column-1 fusion_builder_column_1_1 1_1 fusion-flex-column\" style=\"--awb-bg-size:cover;--awb-width-large:100%;--awb-flex-grow:0;--awb-flex-shrink:0;--awb-margin-top-large:0px;--awb-spacing-right-large:0px;--awb-margin-bottom-large:0px;--awb-spacing-left-large:0px;--awb-width-medium:100%;--awb-order-medium:0;--awb-flex-grow-medium:0;--awb-flex-shrink-medium:0;--awb-spacing-right-medium:0px;--awb-spacing-left-medium:0px;--awb-width-small:100%;--awb-order-small:0;--awb-flex-grow-small:0;--awb-flex-shrink-small:0;--awb-spacing-right-small:0px;--awb-spacing-left-small:0px;\"><div class=\"fusion-column-wrapper fusion-column-has-shadow fusion-flex-justify-content-flex-start fusion-content-layout-column\"><div class=\"fusion-form-field fusion-form-email-field fusion-form-label-above\" style=\"\" data-form-id=\"4846\"><input type=\"email\" autocomplete=\"off\" name=\"email_address\" id=\"email_address\" value=\"\"  class=\"fusion-form-input\" required=\"true\" aria-required=\"true\" placeholder=\"Vpi\u0161ite svoje e-mail naslov *\" data-holds-private-data=\"false\"\/><\/div><div class=\"fusion-form-field fusion-form-submit-field fusion-form-label-above\" style=\"\" data-form-id=\"4846\"><div ><button type=\"submit\" class=\"fusion-button button-flat fusion-button-default-size button-default fusion-button-default button-1 fusion-button-default-span  button-default form-form-submit\" style=\"--button-border-radius-top-left:0;--button-border-radius-top-right:0;--button-border-radius-bottom-right:0;--button-border-radius-bottom-left:0;\" data-form-number=\"4846\" tabindex=\"\"><span class=\"fusion-button-text awb-button__text awb-button__text--default\">Pomagajte mi pri prehodu<\/span><\/button><\/div><\/div><\/div><\/div><\/div><\/div><\/form><\/div><\/div><\/div><div class=\"fusion-layout-column fusion_builder_column fusion-builder-column-2 fusion_builder_column_1_2 1_2 fusion-flex-column\" style=\"--awb-bg-size:cover;--awb-width-large:50%;--awb-flex-grow:0;--awb-flex-shrink:0;--awb-margin-top-large:0px;--awb-spacing-right-large:0px;--awb-margin-bottom-large:0px;--awb-spacing-left-large:0px;--awb-width-medium:50%;--awb-order-medium:0;--awb-flex-grow-medium:0;--awb-flex-shrink-medium:0;--awb-spacing-right-medium:0px;--awb-spacing-left-medium:0px;--awb-width-small:100%;--awb-order-small:0;--awb-flex-grow-small:0;--awb-flex-shrink-small:0;--awb-spacing-right-small:0px;--awb-spacing-left-small:0px;\"><div class=\"fusion-column-wrapper fusion-column-has-shadow fusion-flex-justify-content-flex-start fusion-content-layout-column\"><div class=\"fusion-title title fusion-title-2 fusion-sep-none fusion-title-text fusion-title-size-three\" style=\"--awb-margin-bottom:25px;--awb-margin-right-small:0px;--awb-margin-left-small:0px;\"><h3 class=\"fusion-title-heading title-heading-left fusion-responsive-typography-calculated\" style=\"margin:0;--fontSize:45.76875;line-height:var(--awb-custom_typography_3-line-height);\">Kaj je v tem za vas?<\/h3><\/div><div class=\"fusion-text fusion-text-2\" style=\"--awb-text-color:var(--awb-color5);\"><p style=\"text-align: left;\">\u27a1\ufe0f Bodite v ospredju energetske tehnologije.<\/p>\n<p style=\"text-align: left;\">\u27a1\ufe0f Razveselite stranke z ni\u017ejimi ra\u010duni za elektriko.<\/p>\n<p style=\"text-align: left;\">\u27a1\ufe0f V naslednjem desetletju zaslu\u017eite veliko denarja.<\/p>\n<\/div><div class=\"fusion-builder-row fusion-builder-row-inner fusion-row fusion-flex-align-items-flex-start fusion-flex-content-wrap\" style=\"--awb-flex-grow:0;--awb-flex-grow-medium:0;--awb-flex-grow-small:0;--awb-flex-shrink:0;--awb-flex-shrink-medium:0;--awb-flex-shrink-small:0;width:calc( 100% + 0px ) !important;max-width:calc( 100% + 0px ) !important;margin-left: calc(-0px \/ 2 );margin-right: calc(-0px \/ 2 );\"><div class=\"fusion-layout-column fusion_builder_column_inner fusion-builder-nested-column-0 fusion_builder_column_inner_1_2 1_2 fusion-flex-column\" style=\"--awb-bg-size:cover;--awb-width-large:50%;--awb-margin-top-large:0px;--awb-spacing-right-large:0px;--awb-margin-bottom-large:0px;--awb-spacing-left-large:0px;--awb-width-medium:50%;--awb-order-medium:0;--awb-spacing-right-medium:0px;--awb-spacing-left-medium:0px;--awb-width-small:100%;--awb-order-small:0;--awb-spacing-right-small:0px;--awb-spacing-left-small:0px;\"><div class=\"fusion-column-wrapper fusion-column-has-shadow fusion-flex-justify-content-flex-start fusion-content-layout-column\"><div class=\"fusion-text fusion-text-3\"><h5 id=\"text08\" style=\"text-align: left;\"><span class=\"p\">\u201cMoje ime je Ale\u0161 Nastran, sem direktor in eden od ustanoviteljev podjetja Reduxi, ki razvija sistem za upravljanje energije naslednje generacije. Tukaj \u017eelim z vami deliti vse, kar vem.\u201d<\/span><\/h5>\n<\/div><div class=\"fusion-text fusion-text-4\"><p><strong>Ale\u0161 Nastran<\/strong><br \/>\nDirektor in soustanovitelj<\/p>\n<\/div><\/div><\/div><div class=\"fusion-layout-column fusion_builder_column_inner fusion-builder-nested-column-1 fusion_builder_column_inner_1_2 1_2 fusion-flex-column\" style=\"--awb-bg-size:cover;--awb-width-large:50%;--awb-margin-top-large:0px;--awb-spacing-right-large:0px;--awb-margin-bottom-large:0px;--awb-spacing-left-large:0px;--awb-width-medium:50%;--awb-order-medium:0;--awb-spacing-right-medium:0px;--awb-spacing-left-medium:0px;--awb-width-small:100%;--awb-order-small:0;--awb-spacing-right-small:0px;--awb-spacing-left-small:0px;\"><div class=\"fusion-column-wrapper fusion-column-has-shadow fusion-flex-justify-content-flex-start fusion-content-layout-column\"><div class=\"fusion-image-element\" style=\"text-align:left;--awb-caption-title-font-family:var(--h2_typography-font-family);--awb-caption-title-font-weight:var(--h2_typography-font-weight);--awb-caption-title-font-style:var(--h2_typography-font-style);--awb-caption-title-size:var(--h2_typography-font-size);--awb-caption-title-transform:var(--h2_typography-text-transform);--awb-caption-title-line-height:var(--h2_typography-line-height);--awb-caption-title-letter-spacing:var(--h2_typography-letter-spacing);\"><span class=\"fusion-imageframe imageframe-none imageframe-3 hover-type-none\"><img decoding=\"async\" width=\"300\" height=\"300\" title=\"reduxi-electricity-management-ales-nastran-portret\" src=\"data:image\/svg+xml,%3Csvg%20xmlns%3D%27http%3A%2F%2Fwww.w3.org%2F2000%2Fsvg%27%20width%3D%272000%27%20height%3D%271680%27%20viewBox%3D%270%200%202000%201680%27%3E%3Crect%20width%3D%272000%27%20height%3D%271680%27%20fill-opacity%3D%220%22%2F%3E%3C%2Fsvg%3E\" data-orig-src=\"https:\/\/www.reduxi.eu\/wp-content\/uploads\/2024\/07\/reduxi-electricity-management-ales-nastran-portrait-300x300.webp\" alt class=\"lazyload img-responsive wp-image-3556\"\/><\/span><\/div><\/div><\/div><\/div><div class=\"fusion-text fusion-text-5\"><p><span class=\"p\"><em>\u201cReduxi navdu\u0161uje z izjemno medsebojno povezljivostjo, prijaznostjo do uporabnika in zdru\u017eljivostjo s sodobnimi tehnologijami ra\u010dunalni\u0161tva v oblaku in na robu.\u201d<br \/>\n<\/em><\/span><span class=\"p\"><br \/>\nFranz Z\u00f6chbauer, VERBUND X, generalni direktor<\/span><\/p>\n<\/div><\/div><\/div><\/div><\/div><div class=\"fusion-fullwidth fullwidth-box fusion-builder-row-2 fusion-flex-container has-pattern-background has-mask-background nonhundred-percent-fullwidth non-hundred-percent-height-scrolling\" style=\"--awb-border-radius-top-left:0px;--awb-border-radius-top-right:0px;--awb-border-radius-bottom-right:0px;--awb-border-radius-bottom-left:0px;--awb-flex-wrap:wrap;\" ><div class=\"fusion-builder-row fusion-row fusion-flex-align-items-flex-start fusion-flex-content-wrap\" style=\"max-width:calc( 1200px + 0px );margin-left: calc(-0px \/ 2 );margin-right: calc(-0px \/ 2 );\"><div class=\"fusion-layout-column fusion_builder_column fusion-builder-column-3 fusion_builder_column_1_1 1_1 fusion-flex-column\" style=\"--awb-bg-size:cover;--awb-width-large:100%;--awb-flex-grow:0;--awb-flex-shrink:0;--awb-margin-top-large:0px;--awb-spacing-right-large:0px;--awb-margin-bottom-large:0px;--awb-spacing-left-large:0px;--awb-width-medium:100%;--awb-order-medium:0;--awb-flex-grow-medium:0;--awb-flex-shrink-medium:0;--awb-spacing-right-medium:0px;--awb-spacing-left-medium:0px;--awb-width-small:100%;--awb-order-small:0;--awb-flex-grow-small:0;--awb-flex-shrink-small:0;--awb-spacing-right-small:0px;--awb-spacing-left-small:0px;\"><div class=\"fusion-column-wrapper fusion-column-has-shadow fusion-flex-justify-content-flex-start fusion-content-layout-column\"><div class=\"fusion-title title fusion-title-3 fusion-sep-none fusion-title-text fusion-title-size-two\" style=\"--awb-margin-right-small:0px;--awb-margin-left-small:0px;\"><h2 class=\"fusion-title-heading title-heading-left fusion-responsive-typography-calculated\" style=\"--fontSize:57.225;line-height:var(--awb-typography1-line-height);\">\u017delite se prepri\u010dati, da je ta brezpla\u010dni e-po\u0161tni te\u010daj \u201cvreden\u201d, preden se prijavite?<\/h2><\/div><div class=\"fusion-text fusion-text-6\"><h4 id=\"text04\">Tukaj je vse, kar je v notranjosti:<\/h4>\n<\/div><div class=\"fusion-text fusion-text-7\"><p><span class=\"p\"><strong>Dan \/ napaka 1:<\/strong>\u00a0Ob predpostavki, da lastniki stanovanj poznajo tokove energije, cene elektri\u010dne energije in tehnologijo optimizacije.<\/span><\/p>\n<p><span class=\"p\"><strong>Dan \/ napaka 2:<\/strong>\u00a0zdru\u017eevanje naprav, ki niso izdelane za skupno delovanje.<\/span><\/p>\n<p><span class=\"p\"><strong>Dan \/ napaka 3:<\/strong>\u00a0Integracija komponent, ki jih je zapleteno namestiti<\/span><\/p>\n<p><span class=\"p\"><strong>Dan \/ napaka 4:<\/strong>\u00a0Oblikovanje re\u0161itev s poudarkom na samostojni funkcionalnosti<\/span><\/p>\n<p><span class=\"p\"><strong>Dan \/ napaka 5:<\/strong>\u00a0uporaba za\u0161\u010ditenih sestavnih delov, ki so na voljo na polici, namesto izdelkov z belimi nalepkami pri oblikovanju lastne re\u0161itve.<\/span><\/p>\n<\/div><div class=\"fusion-form fusion-form-builder fusion-form-form-wrapper fusion-form-4846 has-icon-alignment\" style=\"--awb-tooltip-text-color:#ffffff;--awb-tooltip-background-color:#333333;--awb-form-border-width-top:2px;--awb-form-border-width-bottom:2px;--awb-form-border-width-right:2px;--awb-form-border-width-left:2px;--awb-form-border-color:#0db4ac;--awb-icon-alignment-top:2px;--awb-icon-alignment-bottom:2px;--awb-icon-alignment-font-size:1em;\" data-form-id=\"4846\" data-config=\"{&quot;form_id&quot;:&quot;4846&quot;,&quot;form_post_id&quot;:&quot;4846&quot;,&quot;post_id&quot;:4864,&quot;form_type&quot;:&quot;post&quot;,&quot;confirmation_type&quot;:&quot;message&quot;,&quot;redirect_url&quot;:&quot;&quot;,&quot;redirect_timeout&quot;:&quot;0&quot;,&quot;field_labels&quot;:{&quot;email_address&quot;:&quot;&quot;},&quot;field_logics&quot;:{&quot;email_address&quot;:&quot;&quot;,&quot;submit_2&quot;:&quot;&quot;},&quot;field_types&quot;:{&quot;email_address&quot;:&quot;email&quot;,&quot;submit_2&quot;:&quot;submit&quot;},&quot;nonce_method&quot;:&quot;ajax&quot;,&quot;form_views&quot;:&quot;ajax&quot;,&quot;form_views_counting&quot;:&quot;all&quot;}\"><form action=\"https:\/\/app.kit.com\/forms\/7552777\/subscriptions\" method=\"post\" class=\"fusion-form fusion-form-4846\"><div class=\"fusion-fullwidth fullwidth-box fusion-builder-row-2-1 fusion-flex-container has-pattern-background has-mask-background nonhundred-percent-fullwidth non-hundred-percent-height-scrolling\" style=\"--awb-border-radius-top-left:0px;--awb-border-radius-top-right:0px;--awb-border-radius-bottom-right:0px;--awb-border-radius-bottom-left:0px;--awb-flex-wrap:wrap;\" ><div class=\"fusion-builder-row fusion-row fusion-flex-align-items-flex-start fusion-flex-content-wrap\" style=\"width:calc( 100% + 0px ) !important;max-width:calc( 100% + 0px ) !important;margin-left: calc(-0px \/ 2 );margin-right: calc(-0px \/ 2 );\"><div class=\"fusion-layout-column fusion_builder_column fusion-builder-column-4 fusion_builder_column_1_1 1_1 fusion-flex-column\" style=\"--awb-bg-size:cover;--awb-width-large:100%;--awb-flex-grow:0;--awb-flex-shrink:0;--awb-margin-top-large:0px;--awb-spacing-right-large:0px;--awb-margin-bottom-large:0px;--awb-spacing-left-large:0px;--awb-width-medium:100%;--awb-order-medium:0;--awb-flex-grow-medium:0;--awb-flex-shrink-medium:0;--awb-spacing-right-medium:0px;--awb-spacing-left-medium:0px;--awb-width-small:100%;--awb-order-small:0;--awb-flex-grow-small:0;--awb-flex-shrink-small:0;--awb-spacing-right-small:0px;--awb-spacing-left-small:0px;\"><div class=\"fusion-column-wrapper fusion-column-has-shadow fusion-flex-justify-content-flex-start fusion-content-layout-column\"><div class=\"fusion-form-field fusion-form-email-field fusion-form-label-above\" style=\"\" data-form-id=\"4846\"><input type=\"email\" autocomplete=\"off\" name=\"email_address\" id=\"email_address\" value=\"\"  class=\"fusion-form-input\" required=\"true\" aria-required=\"true\" placeholder=\"Vpi\u0161ite svoje e-mail naslov *\" data-holds-private-data=\"false\"\/><\/div><div class=\"fusion-form-field fusion-form-submit-field fusion-form-label-above\" style=\"\" data-form-id=\"4846\"><div ><button type=\"submit\" class=\"fusion-button button-flat fusion-button-default-size button-default fusion-button-default button-2 fusion-button-default-span  button-default form-form-submit\" style=\"--button-border-radius-top-left:0;--button-border-radius-top-right:0;--button-border-radius-bottom-right:0;--button-border-radius-bottom-left:0;\" data-form-number=\"4846\" tabindex=\"\"><span class=\"fusion-button-text awb-button__text awb-button__text--default\">Pomagajte mi pri prehodu<\/span><\/button><\/div><\/div><\/div><\/div><\/div><\/div><\/form><\/div><\/div><\/div><\/div><\/div><\/p>","protected":false},"excerpt":{"rendered":"","protected":false},"author":1,"featured_media":0,"parent":0,"menu_order":0,"comment_status":"closed","ping_status":"closed","template":"100-width.php","meta":{"footnotes":""},"class_list":["post-4864","page","type-page","status-publish","hentry"],"_links":{"self":[{"href":"https:\/\/www.reduxi.eu\/sl\/wp-json\/wp\/v2\/pages\/4864","targetHints":{"allow":["GET"]}}],"collection":[{"href":"https:\/\/www.reduxi.eu\/sl\/wp-json\/wp\/v2\/pages"}],"about":[{"href":"https:\/\/www.reduxi.eu\/sl\/wp-json\/wp\/v2\/types\/page"}],"author":[{"embeddable":true,"href":"https:\/\/www.reduxi.eu\/sl\/wp-json\/wp\/v2\/users\/1"}],"replies":[{"embeddable":true,"href":"https:\/\/www.reduxi.eu\/sl\/wp-json\/wp\/v2\/comments?post=4864"}],"version-history":[{"count":9,"href":"https:\/\/www.reduxi.eu\/sl\/wp-json\/wp\/v2\/pages\/4864\/revisions"}],"predecessor-version":[{"id":4904,"href":"https:\/\/www.reduxi.eu\/sl\/wp-json\/wp\/v2\/pages\/4864\/revisions\/4904"}],"wp:attachment":[{"href":"https:\/\/www.reduxi.eu\/sl\/wp-json\/wp\/v2\/media?parent=4864"}],"curies":[{"name":"wp","href":"https:\/\/api.w.org\/{rel}","templated":true}]}}