{"id":7152,"date":"2026-01-08T14:58:33","date_gmt":"2026-01-08T13:58:33","guid":{"rendered":"https:\/\/www.reduxi.eu\/?page_id=7152"},"modified":"2026-01-08T14:58:33","modified_gmt":"2026-01-08T13:58:33","slug":"gea-maltatalweg","status":"publish","type":"page","link":"https:\/\/www.reduxi.eu\/it\/gea-maltatalweg\/","title":{"rendered":"GEA Maltatalweg"},"content":{"rendered":"<div class=\"fusion-fullwidth fullwidth-box fusion-builder-row-1 fusion-flex-container nonhundred-percent-fullwidth non-hundred-percent-height-scrolling\" style=\"--awb-border-radius-top-left:0px;--awb-border-radius-top-right:0px;--awb-border-radius-bottom-right:0px;--awb-border-radius-bottom-left:0px;--awb-flex-wrap:wrap;\" ><div class=\"fusion-builder-row fusion-row fusion-flex-align-items-flex-start fusion-flex-content-wrap\" style=\"max-width:calc( 1200px + 0px );margin-left: calc(-0px \/ 2 );margin-right: calc(-0px \/ 2 );\"><div class=\"fusion-layout-column fusion_builder_column fusion-builder-column-0 fusion_builder_column_1_1 1_1 fusion-flex-column\" style=\"--awb-bg-size:cover;--awb-width-large:100%;--awb-margin-top-large:0px;--awb-spacing-right-large:0px;--awb-margin-bottom-large:0px;--awb-spacing-left-large:0px;--awb-width-medium:100%;--awb-order-medium:0;--awb-spacing-right-medium:0px;--awb-spacing-left-medium:0px;--awb-width-small:100%;--awb-order-small:0;--awb-spacing-right-small:0px;--awb-spacing-left-small:0px;\"><div class=\"fusion-column-wrapper fusion-column-has-shadow fusion-flex-justify-content-flex-start fusion-content-layout-column\"><div class=\"fusion-text fusion-text-1\"><h4>Progetto pilota implementato con successo:<\/h4>\n<h3>REDUXI controlla l'accumulo di batterie e il sistema fotovoltaico di un impianto di generazione condivisa (GEA) in un edificio multifamiliare<\/h3>\n<\/div><\/div><\/div><div class=\"fusion-layout-column fusion_builder_column fusion-builder-column-1 fusion_builder_column_1_1 1_1 fusion-flex-column\" style=\"--awb-bg-blend:overlay;--awb-bg-size:cover;--awb-width-large:100%;--awb-margin-top-large:0px;--awb-spacing-right-large:0px;--awb-margin-bottom-large:0px;--awb-spacing-left-large:0px;--awb-width-medium:100%;--awb-spacing-right-medium:0px;--awb-spacing-left-medium:0px;--awb-width-small:100%;--awb-spacing-right-small:0px;--awb-spacing-left-small:0px;\"><div class=\"fusion-column-wrapper fusion-flex-justify-content-flex-start fusion-content-layout-column\"><div class=\"fusion-text fusion-text-2\"><p>Il team REDUXI ha completato con successo un progetto pilota lungimirante a Maltatalweg in Carinzia. L'obiettivo era quello di massimizzare l'autoconsumo all'interno di un edificio residenziale multifamiliare attraverso un controllo intelligente, riducendo al contempo al minimo l'immissione in rete - con risultati eccellenti.<\/p>\n<\/div><div class=\"fusion-image-element\" style=\"--awb-margin-top:10px;--awb-margin-bottom:10px;--awb-caption-title-font-family:var(--h2_typography-font-family);--awb-caption-title-font-weight:var(--h2_typography-font-weight);--awb-caption-title-font-style:var(--h2_typography-font-style);--awb-caption-title-size:var(--h2_typography-font-size);--awb-caption-title-transform:var(--h2_typography-text-transform);--awb-caption-title-line-height:var(--h2_typography-line-height);--awb-caption-title-letter-spacing:var(--h2_typography-letter-spacing);\"><span class=\"fusion-imageframe imageframe-none imageframe-1 hover-type-none fusion-animated\" data-animationtype=\"fadeInUp\" data-animationduration=\"1.6\" data-animationoffset=\"top-into-view\"><img decoding=\"async\" width=\"1280\" height=\"719\" title=\"1764084781830 (1)\" src=\"https:\/\/www.reduxi.eu\/wp-content\/uploads\/2026\/01\/1764084781830-1.png\" data-orig-src=\"https:\/\/www.reduxi.eu\/wp-content\/uploads\/2026\/01\/1764084781830-1.png\" alt class=\"lazyload img-responsive wp-image-7155\" srcset=\"data:image\/svg+xml,%3Csvg%20xmlns%3D%27http%3A%2F%2Fwww.w3.org%2F2000%2Fsvg%27%20width%3D%271280%27%20height%3D%27719%27%20viewBox%3D%270%200%201280%20719%27%3E%3Crect%20width%3D%271280%27%20height%3D%27719%27%20fill-opacity%3D%220%22%2F%3E%3C%2Fsvg%3E\" data-srcset=\"https:\/\/www.reduxi.eu\/wp-content\/uploads\/2026\/01\/1764084781830-1-200x112.png 200w, https:\/\/www.reduxi.eu\/wp-content\/uploads\/2026\/01\/1764084781830-1-400x225.png 400w, https:\/\/www.reduxi.eu\/wp-content\/uploads\/2026\/01\/1764084781830-1-600x337.png 600w, https:\/\/www.reduxi.eu\/wp-content\/uploads\/2026\/01\/1764084781830-1-800x449.png 800w, https:\/\/www.reduxi.eu\/wp-content\/uploads\/2026\/01\/1764084781830-1-1200x674.png 1200w, https:\/\/www.reduxi.eu\/wp-content\/uploads\/2026\/01\/1764084781830-1.png 1280w\" data-sizes=\"auto\" data-orig-sizes=\"(max-width: 640px) 100vw, 1280px\" \/><\/span><\/div><div class=\"fusion-text fusion-text-3\"><p><span style=\"background-color: rgba(0, 0, 0, 0);\"><b>Obiettivi e attuazione<\/b><\/span><\/p>\n<p>Al centro del progetto c'era il controllo preciso in tempo reale di due sistemi di accumulo a batteria ibrida M-TEC, ciascuno con una capacit\u00e0 di accumulo di 30,7 kWh. Particolare attenzione \u00e8 stata rivolta all'integrazione e all'ottimizzazione di un impianto di generazione condiviso (GEA).<\/p>\n<p><b>Che cos'\u00e8 una GEA?<\/b><\/p>\n<p>Un impianto di generazione condivisa (Gemeinschaftliche Erzeugungsanlage - GEA) consente a pi\u00f9 unit\u00e0 d'uso - come gli appartamenti di un edificio multifamiliare - di utilizzare congiuntamente l'elettricit\u00e0 generata da un impianto fotovoltaico centrale. Invece di immettere semplicemente l'elettricit\u00e0 nella rete, l'energia viene distribuita localmente dove \u00e8 necessaria in quel momento. Questo aumenta in modo significativo l'autoconsumo e riduce l'immissione nella rete pubblica.<\/p>\n<p>Tecnicamente, ci\u00f2 si ottiene attraverso un sistema centrale di gestione dell'energia che raccoglie i dati in tempo reale dai contatori intelligenti dell'operatore di rete per ogni singola unit\u00e0. Allo stesso tempo, vengono presi in considerazione la produzione fotovoltaica attuale e lo stato di carica delle batterie. Il Controller REDUXI analizza queste informazioni in tempo reale e controlla la distribuzione dell'energia con una precisione di secondo livello: prima fornisce il consumo diretto, poi carica le batterie.<\/p>\n<p>I GEA si basano su quadri tecnici e legali definiti, come il \u00a7 16a della legge austriaca sull'industria e l'organizzazione dell'elettricit\u00e0 (ElWOG). Un sistema di fatturazione metrologico garantisce che ogni unit\u00e0 paghi solo per il suo consumo effettivo. L'energia in eccesso viene immagazzinata o immessa nella rete su base proporzionale.<\/p>\n<\/div><div class=\"fusion-image-element\" style=\"--awb-margin-top:10px;--awb-margin-bottom:10px;--awb-caption-title-font-family:var(--h2_typography-font-family);--awb-caption-title-font-weight:var(--h2_typography-font-weight);--awb-caption-title-font-style:var(--h2_typography-font-style);--awb-caption-title-size:var(--h2_typography-font-size);--awb-caption-title-transform:var(--h2_typography-text-transform);--awb-caption-title-line-height:var(--h2_typography-line-height);--awb-caption-title-letter-spacing:var(--h2_typography-letter-spacing);\"><span class=\"fusion-imageframe imageframe-none imageframe-2 hover-type-none fusion-animated\" data-animationtype=\"fadeIn\" data-animationduration=\"1.6\" data-animationoffset=\"top-into-view\"><img decoding=\"async\" width=\"1129\" height=\"1500\" title=\"1764250715470\" src=\"https:\/\/www.reduxi.eu\/wp-content\/uploads\/2026\/01\/1764250715470.png\" data-orig-src=\"https:\/\/www.reduxi.eu\/wp-content\/uploads\/2026\/01\/1764250715470.png\" alt class=\"lazyload img-responsive wp-image-7156\" srcset=\"data:image\/svg+xml,%3Csvg%20xmlns%3D%27http%3A%2F%2Fwww.w3.org%2F2000%2Fsvg%27%20width%3D%271129%27%20height%3D%271500%27%20viewBox%3D%270%200%201129%201500%27%3E%3Crect%20width%3D%271129%27%20height%3D%271500%27%20fill-opacity%3D%220%22%2F%3E%3C%2Fsvg%3E\" data-srcset=\"https:\/\/www.reduxi.eu\/wp-content\/uploads\/2026\/01\/1764250715470-200x266.png 200w, https:\/\/www.reduxi.eu\/wp-content\/uploads\/2026\/01\/1764250715470-400x531.png 400w, https:\/\/www.reduxi.eu\/wp-content\/uploads\/2026\/01\/1764250715470-600x797.png 600w, https:\/\/www.reduxi.eu\/wp-content\/uploads\/2026\/01\/1764250715470-800x1063.png 800w, https:\/\/www.reduxi.eu\/wp-content\/uploads\/2026\/01\/1764250715470.png 1129w\" data-sizes=\"auto\" data-orig-sizes=\"(max-width: 640px) 100vw, 1129px\" \/><\/span><\/div><div class=\"fusion-text fusion-text-4\"><p><b>Dettagli tecnici del sistema di controllo<\/b><\/p>\n<p>Un elemento chiave del progetto \u00e8 l'elaborazione in tempo reale dei dati provenienti dai contatori intelligenti del gestore di rete tramite il nuovo Reduxi P1 Ultra. Il controller REDUXI utilizza questi dati per controllare l'intero sistema in modo flessibile e in base alla domanda, in funzione del consumo, dell'ora del giorno e della produzione fotovoltaica.<\/p>\n<p>Di particolare rilievo \u00e8 la scarica notturna delle batterie:<\/p>\n<p>\u201cAnche quando non \u00e8 disponibile la produzione fotovoltaica, il sistema garantisce una fornitura equa ed efficiente. In questo caso, il tasso di autosufficienza \u00e8 stato aumentato da circa 35 % (solo fotovoltaico) a circa 70 % - solo grazie alla combinazione di accumulo a batteria e distribuzione intelligente all'interno della GEA\u201d, riferisce con orgoglio Johann Lom\u0161ek, CEO di Reduxi DACH GmbH.<\/p>\n<p>L'installazione \u00e8 stata realizzata da ELKOtec Smart Energy GmbH. L'amministratore delegato ing. Werner Konrad sottolinea che:<\/p>\n<p>\u201cL'integrazione \u00e8 stata tecnicamente impegnativa, ma il risultato dimostra ci\u00f2 che \u00e8 possibile fare gi\u00e0 oggi. La soluzione \u00e8 a prova di futuro e scalabile. Per noi, in quanto fornitori di soluzioni, questo rappresenta un'altra pietra miliare per rendere i sistemi di accumulo a batteria ancora pi\u00f9 intelligenti.\u201d<\/p>\n<\/div><div class=\"fusion-image-element\" style=\"--awb-margin-top:10px;--awb-margin-bottom:10px;--awb-caption-title-font-family:var(--h2_typography-font-family);--awb-caption-title-font-weight:var(--h2_typography-font-weight);--awb-caption-title-font-style:var(--h2_typography-font-style);--awb-caption-title-size:var(--h2_typography-font-size);--awb-caption-title-transform:var(--h2_typography-text-transform);--awb-caption-title-line-height:var(--h2_typography-line-height);--awb-caption-title-letter-spacing:var(--h2_typography-letter-spacing);\"><span class=\"fusion-imageframe imageframe-none imageframe-3 hover-type-none fusion-animated\" data-animationtype=\"fadeInLeft\" data-animationduration=\"1.6\" data-animationoffset=\"top-into-view\"><img decoding=\"async\" width=\"1417\" height=\"872\" title=\"1764253737472\" src=\"https:\/\/www.reduxi.eu\/wp-content\/uploads\/2026\/01\/1764253737472.png\" data-orig-src=\"https:\/\/www.reduxi.eu\/wp-content\/uploads\/2026\/01\/1764253737472.png\" alt class=\"lazyload img-responsive wp-image-7157\" srcset=\"data:image\/svg+xml,%3Csvg%20xmlns%3D%27http%3A%2F%2Fwww.w3.org%2F2000%2Fsvg%27%20width%3D%271417%27%20height%3D%27872%27%20viewBox%3D%270%200%201417%20872%27%3E%3Crect%20width%3D%271417%27%20height%3D%27872%27%20fill-opacity%3D%220%22%2F%3E%3C%2Fsvg%3E\" data-srcset=\"https:\/\/www.reduxi.eu\/wp-content\/uploads\/2026\/01\/1764253737472-200x123.png 200w, https:\/\/www.reduxi.eu\/wp-content\/uploads\/2026\/01\/1764253737472-400x246.png 400w, https:\/\/www.reduxi.eu\/wp-content\/uploads\/2026\/01\/1764253737472-600x369.png 600w, https:\/\/www.reduxi.eu\/wp-content\/uploads\/2026\/01\/1764253737472-800x492.png 800w, https:\/\/www.reduxi.eu\/wp-content\/uploads\/2026\/01\/1764253737472-1200x738.png 1200w, https:\/\/www.reduxi.eu\/wp-content\/uploads\/2026\/01\/1764253737472.png 1417w\" data-sizes=\"auto\" data-orig-sizes=\"(max-width: 640px) 100vw, 1417px\" \/><\/span><\/div><div class=\"fusion-text fusion-text-5\"><p><b>Installazione e partecipanti al progetto<\/b><\/p>\n<p>Il controller REDUXI, insieme ai gateway e ai convertitori, \u00e8 stato installato nell'armadio di controllo. I sistemi di batterie M-TEC e i contatori elettrici sono stati integrati e collegati al monitoraggio. Inoltre, i contatori intelligenti del gestore della rete sono stati configurati per la comunicazione dei dati tramite l'interfaccia P1. A tale scopo, \u00e8 stato utilizzato il convertitore Reduxi P1 Ultra, che trasferisce senza problemi i dati degli smart meter al controllore. Il supporto tecnico \u00e8 stato fornito da Alex del team REDUXI DACH.<\/p>\n<p><b>Futuro a prova di accesso remoto<\/b><\/p>\n<p>Tramite il Cloud REDUXI, \u00e8 disponibile un accesso remoto completo al sistema di gestione dell'energia, indipendentemente dalla posizione e in tempo reale. Il monitoraggio, la diagnosi dei guasti, gli aggiornamenti del software e le regolazioni della configurazione possono essere eseguiti da remoto in qualsiasi momento, senza bisogno di tecnici in loco.<\/p>\n<p>Questo non solo fa risparmiare tempo e costi operativi, ma migliora anche in modo significativo la velocit\u00e0 di risposta in caso di ottimizzazioni o problemi. Soprattutto per gli impianti pi\u00f9 complessi con pi\u00f9 generatori, sistemi di accumulo e utenze, questo accesso digitale rappresenta un vantaggio decisivo, sia per gli operatori che per gli installatori e i residenti.<\/p>\n<p>\u201cLa forza del nostro sistema risiede nell'ottimizzazione in tempo reale. Reduxi combina la gestione dell'energia con la reattivit\u00e0 immediata, supportando senza problemi sia le strutture GEA che le comunit\u00e0 energetiche - ponendoci in una posizione di vantaggio tecnologico\u201d, afferma Johann Lom\u0161ek, CEO di Reduxi DACH GmbH.<\/p>\n<\/div><div class=\"fusion-image-element\" style=\"--awb-margin-top:10px;--awb-margin-bottom:10px;--awb-caption-title-font-family:var(--h2_typography-font-family);--awb-caption-title-font-weight:var(--h2_typography-font-weight);--awb-caption-title-font-style:var(--h2_typography-font-style);--awb-caption-title-size:var(--h2_typography-font-size);--awb-caption-title-transform:var(--h2_typography-text-transform);--awb-caption-title-line-height:var(--h2_typography-line-height);--awb-caption-title-letter-spacing:var(--h2_typography-letter-spacing);\"><span class=\"fusion-imageframe imageframe-none imageframe-4 hover-type-none fusion-animated\" data-animationtype=\"fadeInRight\" data-animationduration=\"1.6\" data-animationoffset=\"top-into-view\"><img decoding=\"async\" width=\"1328\" height=\"1000\" title=\"1764250663956\" src=\"https:\/\/www.reduxi.eu\/wp-content\/uploads\/2026\/01\/1764250663956.jpg\" data-orig-src=\"https:\/\/www.reduxi.eu\/wp-content\/uploads\/2026\/01\/1764250663956.jpg\" alt class=\"lazyload img-responsive wp-image-7158\" srcset=\"data:image\/svg+xml,%3Csvg%20xmlns%3D%27http%3A%2F%2Fwww.w3.org%2F2000%2Fsvg%27%20width%3D%271328%27%20height%3D%271000%27%20viewBox%3D%270%200%201328%201000%27%3E%3Crect%20width%3D%271328%27%20height%3D%271000%27%20fill-opacity%3D%220%22%2F%3E%3C%2Fsvg%3E\" data-srcset=\"https:\/\/www.reduxi.eu\/wp-content\/uploads\/2026\/01\/1764250663956-200x151.jpg 200w, https:\/\/www.reduxi.eu\/wp-content\/uploads\/2026\/01\/1764250663956-400x301.jpg 400w, https:\/\/www.reduxi.eu\/wp-content\/uploads\/2026\/01\/1764250663956-600x452.jpg 600w, https:\/\/www.reduxi.eu\/wp-content\/uploads\/2026\/01\/1764250663956-800x602.jpg 800w, https:\/\/www.reduxi.eu\/wp-content\/uploads\/2026\/01\/1764250663956-1200x904.jpg 1200w, https:\/\/www.reduxi.eu\/wp-content\/uploads\/2026\/01\/1764250663956.jpg 1328w\" data-sizes=\"auto\" data-orig-sizes=\"(max-width: 640px) 100vw, 1328px\" \/><\/span><\/div><div class=\"fusion-text fusion-text-6\"><p><span style=\"background-color: rgba(0, 0, 0, 0);\">Questo progetto dimostra come l'elettricit\u00e0 generata in comune possa essere distribuita in modo efficiente ed equo, con un impatto tangibile sull'autoconsumo, sulla stabilit\u00e0 della rete e sull'indipendenza dal mercato dell'elettricit\u00e0. La combinazione di GEA, controllo intelligente e accumulo di batterie rende i moderni concetti energetici negli edifici multifamiliari praticamente realizzabili oggi.<\/span><\/p>\n<\/div><\/div><\/div><\/div><\/div>","protected":false},"excerpt":{"rendered":"","protected":false},"author":15,"featured_media":0,"parent":0,"menu_order":0,"comment_status":"closed","ping_status":"closed","template":"100-width.php","meta":{"footnotes":""},"class_list":["post-7152","page","type-page","status-publish","hentry"],"_links":{"self":[{"href":"https:\/\/www.reduxi.eu\/it\/wp-json\/wp\/v2\/pages\/7152","targetHints":{"allow":["GET"]}}],"collection":[{"href":"https:\/\/www.reduxi.eu\/it\/wp-json\/wp\/v2\/pages"}],"about":[{"href":"https:\/\/www.reduxi.eu\/it\/wp-json\/wp\/v2\/types\/page"}],"author":[{"embeddable":true,"href":"https:\/\/www.reduxi.eu\/it\/wp-json\/wp\/v2\/users\/15"}],"replies":[{"embeddable":true,"href":"https:\/\/www.reduxi.eu\/it\/wp-json\/wp\/v2\/comments?post=7152"}],"version-history":[{"count":4,"href":"https:\/\/www.reduxi.eu\/it\/wp-json\/wp\/v2\/pages\/7152\/revisions"}],"predecessor-version":[{"id":7190,"href":"https:\/\/www.reduxi.eu\/it\/wp-json\/wp\/v2\/pages\/7152\/revisions\/7190"}],"wp:attachment":[{"href":"https:\/\/www.reduxi.eu\/it\/wp-json\/wp\/v2\/media?parent=7152"}],"curies":[{"name":"wp","href":"https:\/\/api.w.org\/{rel}","templated":true}]}}