{"id":6774,"date":"2025-11-19T10:00:17","date_gmt":"2025-11-19T09:00:17","guid":{"rendered":"https:\/\/www.reduxi.eu\/?page_id=6774"},"modified":"2025-11-19T16:19:08","modified_gmt":"2025-11-19T15:19:08","slug":"bess_e_reduxi_controller","status":"publish","type":"page","link":"https:\/\/www.reduxi.eu\/it\/bess_and_reduxi_controller\/","title":{"rendered":"BESS e Reduxi Controller - Un nuovo flusso di entrate"},"content":{"rendered":"<div class=\"fusion-fullwidth fullwidth-box fusion-builder-row-1 fusion-flex-container has-pattern-background has-mask-background nonhundred-percent-fullwidth non-hundred-percent-height-scrolling\" style=\"--awb-border-radius-top-left:0px;--awb-border-radius-top-right:0px;--awb-border-radius-bottom-right:0px;--awb-border-radius-bottom-left:0px;--awb-flex-wrap:wrap;\" ><div class=\"fusion-builder-row fusion-row fusion-flex-align-items-flex-start fusion-flex-content-wrap\" style=\"max-width:calc( 1200px + 0px );margin-left: calc(-0px \/ 2 );margin-right: calc(-0px \/ 2 );\"><div class=\"fusion-layout-column fusion_builder_column fusion-builder-column-0 fusion_builder_column_1_1 1_1 fusion-flex-column\" style=\"--awb-bg-size:cover;--awb-width-large:100%;--awb-margin-top-large:1.5rem;--awb-spacing-right-large:1.5rem;--awb-margin-bottom-large:1.5rem;--awb-spacing-left-large:1.5rem;--awb-width-medium:100%;--awb-order-medium:0;--awb-spacing-right-medium:1.5rem;--awb-spacing-left-medium:1.5rem;--awb-width-small:100%;--awb-order-small:0;--awb-spacing-right-small:0px;--awb-spacing-left-small:0px;\"><div class=\"fusion-column-wrapper fusion-column-has-shadow fusion-flex-justify-content-flex-start fusion-content-layout-column\"><div class=\"fusion-text fusion-text-1\"><div id=\"content\">\n<h2>BESS e controller Reduxi: un nuovo flusso di entrate<\/h2>\n<p><em>Data: 20 marzo 2025<\/em><\/p>\n<p>Nel mondo di oggi, in cui gli utenti devono far fronte all'aumento dei prezzi dell'elettricit\u00e0 e delle tariffe di rete, l'uso di tecnologie avanzate sta diventando cruciale per un utilizzo dell'elettricit\u00e0 efficace e sostenibile. Una di queste tecnologie \u00e8 il controller Reduxi che, con l'aiuto di algoritmi avanzati di intelligenza artificiale, consente di utilizzare in modo ottimale i sistemi di accumulo di energia a batteria (BESS) per vari scopi, tra cui lo scambio di energia elettrica a prezzi Day-Ahead o Intraday (dove i fornitori lo consentono).<\/p>\n<p>I prezzi dei sistemi di accumulo di energia sono diminuiti negli ultimi anni, ma sono ancora abbastanza alti da rendere necessaria un'attenta valutazione e un piano finanziario dettagliato per determinare se la loro installazione \u00e8 davvero conveniente. Tuttavia, la maggior parte dei potenziali acquirenti di sistemi di accumulo incontra un problema (o non lo nota, nonostante la sua esistenza): come possono essere utilizzati e come possono essere sfruttati appieno?<\/p>\n<\/div>\n<\/div><div class=\"fusion-separator fusion-full-width-sep\" style=\"align-self: center;margin-left: auto;margin-right: auto;margin-top:1.5rem;margin-bottom:1.5rem;width:100%;\"><div class=\"fusion-separator-border sep-single sep-solid\" style=\"--awb-height:20px;--awb-amount:20px;--awb-sep-color:rgba(30,40,50,0.10);border-color:rgba(30,40,50,0.10);border-top-width:1px;\"><\/div><\/div><div class=\"fusion-text fusion-text-2\"><div id=\"content\">\n<h3>Perch\u00e9 utilizzare un sistema di accumulo di energia e il controller Reduxi?<\/h3>\n<p>In breve, oltre a consentirci di immagazzinare l'elettricit\u00e0 in eccesso generata dai pannelli solari e di garantire la continuit\u00e0 della fornitura in caso di interruzione della rete, un sistema di accumulo dell'energia pu\u00f2 essere utilizzato in altri tre modi, tutti in grado di generare entrate supplementari o di ridurre direttamente i costi di fornitura dell'elettricit\u00e0:<\/p>\n<ol>\n<li><strong>Riduzione della potenza di picco per ridurre le tariffe di rete<\/strong>: Il controller Reduxi ottimizza l'uso del sistema di accumulo per ridurre i picchi di carico, abbassando cos\u00ec le tariffe di rete.<\/li>\n<li><strong>Commercio di energia elettrica<\/strong>: Il sistema di accumulo, combinato con sistemi di controllo adeguati come Reduxi, consente di negoziare l'elettricit\u00e0 sui mercati Day-Ahead e Intraday, permettendo di sfruttare le fluttuazioni dei prezzi per massimizzare i ricavi.<\/li>\n<li><strong>Fornitura di servizi di sistema<\/strong>: Il sistema di accumulo pu\u00f2 essere utilizzato per fornire servizi di sistema come l'aFRR (riserva automatica di ripristino della frequenza) e servizi simili che contribuiscono alla stabilit\u00e0 della rete, ma solo se il sistema di accumulo \u00e8 controllato da un sistema come il controller Reduxi.<\/li>\n<\/ol>\n<p>Il controller Reduxi \u00e8 progettato per la gestione dell'energia e, oltre a controllare il sistema di accumulo, consente l'integrazione con vari dispositivi nel punto di misurazione, come sistemi di accumulo di energia, pannelli solari, caricabatterie per veicoli elettrici (EV), pompe di calore e altri dispositivi. Utilizzando algoritmi avanzati di intelligenza artificiale, il controllore calcola come utilizzare al meglio il sistema di accumulo di energia per raggiungere gli obiettivi indicati.<\/p>\n<\/div>\n<\/div><div class=\"fusion-separator fusion-full-width-sep\" style=\"align-self: center;margin-left: auto;margin-right: auto;margin-top:1.5rem;margin-bottom:1.5rem;width:100%;\"><div class=\"fusion-separator-border sep-single sep-solid\" style=\"--awb-height:20px;--awb-amount:20px;--awb-sep-color:rgba(30,40,50,0.10);border-color:rgba(30,40,50,0.10);border-top-width:1px;\"><\/div><\/div><div class=\"fusion-text fusion-text-3\"><div id=\"content\">\n<h3 id=\"trading-electricity-on-spot-day-ahead-and-intraday-markets\">Trading di energia elettrica sui mercati spot (day ahead) e intraday<\/h3>\n<p>La negoziazione di energia elettrica sui mercati Day-Ahead e Intraday della borsa elettrica consente di sfruttare le differenze di prezzo per ottenere vantaggi finanziari. Il mercato Day-Ahead consente di negoziare l'elettricit\u00e0 per il giorno successivo, mentre il mercato Intraday consente di negoziare nell'arco della stessa giornata, permettendo di rispondere pi\u00f9 rapidamente alle variazioni della domanda e dell'offerta.<\/p>\n<h4 id=\"day-ahead-market\">Mercato del giorno prima<\/h4>\n<p>Il mercato del giorno prima \u00e8 un mercato organizzato della borsa dell'energia elettrica in cui vengono effettuate le contrattazioni per il giorno successivo. I prezzi per ogni ora del giorno sono determinati in base alla domanda e all'offerta. Utilizzando questi dati, il controller Reduxi pu\u00f2 pianificare la carica e la scarica del sistema di accumulo per ottimizzare il consumo (pi\u00f9 durante i prezzi bassi o negativi e meno durante i prezzi pi\u00f9 alti) e la produzione (pi\u00f9 durante i prezzi alti e poca o nessuna durante i prezzi bassi o negativi). Le differenze possono essere significative e un megawattora di capacit\u00e0 di accumulo pu\u00f2 fruttare circa 100 euro di guadagno giornaliero.<\/p>\n<h4 id=\"intraday-market\">Mercato intraday<\/h4>\n<p>Il mercato intraday consente di scambiare energia elettrica nell'arco della stessa giornata. Questo mercato \u00e8 pi\u00f9 dinamico e consente di adeguarsi pi\u00f9 rapidamente alle variazioni della domanda e dell'offerta. I partecipanti possono negoziare in tempo reale, in intervalli di 15 minuti, il che consente di sfruttare le fluttuazioni di prezzo a breve termine. Anche in questo caso, il controllore Reduxi assicura che, nell'ambito degli altri vincoli stabiliti dall'utente (come i livelli minimi e massimi di accumulo e la capacit\u00e0 riservata per il peak shaving o i servizi di sistema), le fluttuazioni dei prezzi siano massimizzate per ridurre il costo finale dell'elettricit\u00e0 per l'utente.<\/p>\n<\/div>\n<\/div><div class=\"fusion-separator fusion-full-width-sep\" style=\"align-self: center;margin-left: auto;margin-right: auto;margin-top:1.5rem;margin-bottom:1.5rem;width:100%;\"><div class=\"fusion-separator-border sep-single sep-solid\" style=\"--awb-height:20px;--awb-amount:20px;--awb-sep-color:rgba(30,40,50,0.10);border-color:rgba(30,40,50,0.10);border-top-width:1px;\"><\/div><\/div><div class=\"fusion-text fusion-text-4\"><div id=\"content\">\n<h3 id=\"using-ai-algorithms-to-optimize-storage-systems\">Utilizzo di algoritmi di intelligenza artificiale per ottimizzare i sistemi di archiviazione<\/h3>\n<p>Il controller Reduxi utilizza algoritmi avanzati di intelligenza artificiale per ottimizzare l'uso dei sistemi di accumulo di energia. Questi algoritmi analizzano i dati in tempo reale, compresi i prezzi di scambio dell'elettricit\u00e0, i dati storici, le previsioni meteorologiche e altri fattori rilevanti. Sulla base di questi dati, gli algoritmi di intelligenza artificiale calcolano l'uso ottimale del sistema di accumulo per raggiungere l'obiettivo principale di massimizzare i risparmi sui costi dell'elettricit\u00e0 o obiettivi pi\u00f9 specifici come il peak shaving.<\/p>\n<h4 id=\"advantages-of-using-ai-algorithms\">Vantaggi dell'utilizzo degli algoritmi di intelligenza artificiale<\/h4>\n<ol>\n<li><strong>Previsione accurata della domanda di energia<\/strong>: Gli algoritmi di intelligenza artificiale sono in grado di prevedere con precisione i modelli di domanda di energia in base ai dati storici, alle condizioni meteorologiche, all'ora del giorno e ad altre variabili. Ci\u00f2 consente una migliore pianificazione e regolazione dell'utilizzo del sistema di accumulo.<\/li>\n<li><strong>Sfruttare le variazioni di prezzo dell'energia in borsa<\/strong>: Gli algoritmi di intelligenza artificiale consentono di sfruttare le fluttuazioni giornaliere e orarie dei prezzi dell'energia in tempo reale in base alla domanda e all'offerta. Ci\u00f2 consente di ottimizzare l'uso dell'energia sfruttando i prezzi pi\u00f9 bassi nei periodi di bassa domanda per la ricarica e i prezzi pi\u00f9 alti nei periodi di alta domanda per la scarica del sistema di accumulo.<\/li>\n<li><strong>Analisi e adattamento alle abitudini degli utenti<\/strong>: Gli algoritmi di intelligenza artificiale possono analizzare le abitudini degli utenti, ad esempio quando consumano abitualmente elettricit\u00e0 e quando hanno un consumo ridotto (considerando fattori come la stagione, il tempo, le vacanze o i giorni lavorativi) e incorporarli nella pianificazione del funzionamento del sistema.<\/li>\n<\/ol>\n<\/div>\n<\/div><div class=\"fusion-separator fusion-full-width-sep\" style=\"align-self: center;margin-left: auto;margin-right: auto;margin-top:1.5rem;margin-bottom:1.5rem;width:100%;\"><div class=\"fusion-separator-border sep-single sep-solid\" style=\"--awb-height:20px;--awb-amount:20px;--awb-sep-color:rgba(30,40,50,0.10);border-color:rgba(30,40,50,0.10);border-top-width:1px;\"><\/div><\/div><div class=\"fusion-text fusion-text-5\"><div id=\"content\">\n<h3>Controllore Reduxi per costi ridotti e maggiore flessibilit\u00e0<\/h3>\n<p>L'utilizzo dei sistemi di accumulo di energia per lo scambio di energia elettrica a prezzi Day-Ahead o Intraday con il controller Reduxi e gli algoritmi avanzati di intelligenza artificiale consente una maggiore efficienza e vantaggi finanziari per gli utenti che hanno contratti con i fornitori per la consegna e l'acquisto di energia elettrica in base ai prezzi di mercato. Il controller Reduxi consente di utilizzare in modo ottimale i sistemi di accumulo per vari scopi, tra cui la riduzione dei picchi di potenza, la fornitura di servizi di sistema e lo scambio di energia elettrica. Con l'aiuto di algoritmi avanzati di intelligenza artificiale, le aziende possono prevedere con precisione la domanda di energia, adattarsi ai prezzi dinamici dell'energia e ottimizzare il funzionamento dei sistemi di accumulo, rendendo i costi dell'elettricit\u00e0 non solo sensibilmente pi\u00f9 bassi ma anche pi\u00f9 prevedibili.<\/p>\n<\/div>\n<\/div><\/div><\/div><\/div><\/div>","protected":false},"excerpt":{"rendered":"","protected":false},"author":15,"featured_media":0,"parent":0,"menu_order":0,"comment_status":"closed","ping_status":"closed","template":"100-width.php","meta":{"footnotes":""},"class_list":["post-6774","page","type-page","status-publish","hentry"],"_links":{"self":[{"href":"https:\/\/www.reduxi.eu\/it\/wp-json\/wp\/v2\/pages\/6774","targetHints":{"allow":["GET"]}}],"collection":[{"href":"https:\/\/www.reduxi.eu\/it\/wp-json\/wp\/v2\/pages"}],"about":[{"href":"https:\/\/www.reduxi.eu\/it\/wp-json\/wp\/v2\/types\/page"}],"author":[{"embeddable":true,"href":"https:\/\/www.reduxi.eu\/it\/wp-json\/wp\/v2\/users\/15"}],"replies":[{"embeddable":true,"href":"https:\/\/www.reduxi.eu\/it\/wp-json\/wp\/v2\/comments?post=6774"}],"version-history":[{"count":27,"href":"https:\/\/www.reduxi.eu\/it\/wp-json\/wp\/v2\/pages\/6774\/revisions"}],"predecessor-version":[{"id":6871,"href":"https:\/\/www.reduxi.eu\/it\/wp-json\/wp\/v2\/pages\/6774\/revisions\/6871"}],"wp:attachment":[{"href":"https:\/\/www.reduxi.eu\/it\/wp-json\/wp\/v2\/media?parent=6774"}],"curies":[{"name":"wp","href":"https:\/\/api.w.org\/{rel}","templated":true}]}}