{"id":7191,"date":"2026-01-08T14:58:33","date_gmt":"2026-01-08T13:58:33","guid":{"rendered":"https:\/\/www.reduxi.eu\/?page_id=7191"},"modified":"2026-01-08T14:58:33","modified_gmt":"2026-01-08T13:58:33","slug":"comment-lintelligence-artificielle-transforme-la-volatilite-des-prix-en-profit","status":"publish","type":"page","link":"https:\/\/www.reduxi.eu\/fr_fr\/how-ai-turns-price-volatility-into-profit\/","title":{"rendered":"Comment l\u2019IA transforme la volatilit\u00e9 des prix en profit"},"content":{"rendered":"<p><div class=\"fusion-fullwidth fullwidth-box fusion-builder-row-1 fusion-flex-container nonhundred-percent-fullwidth non-hundred-percent-height-scrolling fusion-animated\" style=\"--awb-border-radius-top-left:0px;--awb-border-radius-top-right:0px;--awb-border-radius-bottom-right:0px;--awb-border-radius-bottom-left:0px;--awb-flex-wrap:wrap;\" data-animationtype=\"fadeIn\" data-animationduration=\"0.3\" data-animationoffset=\"top-into-view\" ><div class=\"fusion-builder-row fusion-row fusion-flex-align-items-flex-start fusion-flex-content-wrap\" style=\"max-width:calc( 1200px + 0px );margin-left: calc(-0px \/ 2 );margin-right: calc(-0px \/ 2 );\"><div class=\"fusion-layout-column fusion_builder_column fusion-builder-column-0 fusion_builder_column_1_1 1_1 fusion-flex-column\" style=\"--awb-bg-blend:overlay;--awb-bg-size:cover;--awb-width-large:100%;--awb-margin-top-large:0px;--awb-spacing-right-large:0px;--awb-margin-bottom-large:0px;--awb-spacing-left-large:0px;--awb-width-medium:100%;--awb-spacing-right-medium:0px;--awb-spacing-left-medium:0px;--awb-width-small:100%;--awb-spacing-right-small:0px;--awb-spacing-left-small:0px;\"><div class=\"fusion-column-wrapper fusion-flex-justify-content-flex-start fusion-content-layout-column\"><div class=\"fusion-text fusion-text-1\"><h2 data-fontsize=\"48.832\" style=\"--fontSize: 48.832; line-height: 1;\" data-lineheight=\"48.832px\" class=\"fusion-responsive-typography-calculated\">Comment l\u2019IA transforme la volatilit\u00e9 des prix en profit<\/h2>\n<h5 data-fontsize=\"25.008\" style=\"--fontSize: 25.008; line-height: 1.2;\" data-lineheight=\"30.0096px\" class=\"fusion-responsive-typography-calculated\"><span style=\"font-size: 25.008px; background-color: rgba(0, 0, 0, 0);\">Les prix de l'\u00e9lectricit\u00e9 en Europe varient d\u00e9sormais toutes les 15 minutes.<br \/><\/span><span style=\"font-size: 25.008px; background-color: rgba(0, 0, 0, 0);\">Ce syst\u00e8me, connu sous le nom de prix SPOT ou de prix du march\u00e9 Day-Ahead, refl\u00e8te l\u2019offre et la demande en temps r\u00e9el. Les prix augmentent lorsque la consommation augmente ou que la production d\u2019\u00e9nergies renouvelables diminue \u2014 et baissent lorsque l\u2019\u00e9nergie solaire ou \u00e9olienne est exc\u00e9dentaire<\/span>.<\/h5>\n<p>Pour la plupart des utilisateurs, cette volatilit\u00e9 ressemble \u00e0 un chaos.<\/p>\n<\/div><\/div><\/div><\/div><\/div><div class=\"fusion-fullwidth fullwidth-box fusion-builder-row-2 fusion-flex-container nonhundred-percent-fullwidth non-hundred-percent-height-scrolling fusion-animated\" style=\"--awb-border-radius-top-left:0px;--awb-border-radius-top-right:0px;--awb-border-radius-bottom-right:0px;--awb-border-radius-bottom-left:0px;--awb-padding-bottom:22px;--awb-flex-wrap:wrap;\" data-animationtype=\"fadeInUp\" data-animationduration=\"1.6\" data-animationoffset=\"top-into-view\" ><div class=\"fusion-builder-row fusion-row fusion-flex-align-items-flex-start fusion-flex-content-wrap\" style=\"max-width:calc( 1200px + 0px );margin-left: calc(-0px \/ 2 );margin-right: calc(-0px \/ 2 );\"><div class=\"fusion-layout-column fusion_builder_column fusion-builder-column-1 fusion_builder_column_1_1 1_1 fusion-flex-column\" style=\"--awb-bg-blend:overlay;--awb-bg-size:cover;--awb-width-large:100%;--awb-margin-top-large:0px;--awb-spacing-right-large:0px;--awb-margin-bottom-large:0px;--awb-spacing-left-large:0px;--awb-width-medium:100%;--awb-spacing-right-medium:0px;--awb-spacing-left-medium:0px;--awb-width-small:100%;--awb-spacing-right-small:0px;--awb-spacing-left-small:0px;\"><div class=\"fusion-column-wrapper fusion-flex-justify-content-flex-start fusion-content-layout-column\"><div class=\"fusion-image-element\" style=\"--awb-caption-title-font-family:var(--h2_typography-font-family);--awb-caption-title-font-weight:var(--h2_typography-font-weight);--awb-caption-title-font-style:var(--h2_typography-font-style);--awb-caption-title-size:var(--h2_typography-font-size);--awb-caption-title-transform:var(--h2_typography-text-transform);--awb-caption-title-line-height:var(--h2_typography-line-height);--awb-caption-title-letter-spacing:var(--h2_typography-letter-spacing);\"><span class=\"fusion-imageframe imageframe-none imageframe-1 hover-type-none\"><img decoding=\"async\" width=\"800\" height=\"440\" title=\"1762845255317\" src=\"https:\/\/www.reduxi.eu\/wp-content\/uploads\/2026\/01\/1762845255317.jpg\" data-orig-src=\"https:\/\/www.reduxi.eu\/wp-content\/uploads\/2026\/01\/1762845255317.jpg\" alt class=\"lazyload img-responsive wp-image-7193\" srcset=\"data:image\/svg+xml,%3Csvg%20xmlns%3D%27http%3A%2F%2Fwww.w3.org%2F2000%2Fsvg%27%20width%3D%27800%27%20height%3D%27440%27%20viewBox%3D%270%200%20800%20440%27%3E%3Crect%20width%3D%27800%27%20height%3D%27440%27%20fill-opacity%3D%220%22%2F%3E%3C%2Fsvg%3E\" data-srcset=\"https:\/\/www.reduxi.eu\/wp-content\/uploads\/2026\/01\/1762845255317-200x110.jpg 200w, https:\/\/www.reduxi.eu\/wp-content\/uploads\/2026\/01\/1762845255317-400x220.jpg 400w, https:\/\/www.reduxi.eu\/wp-content\/uploads\/2026\/01\/1762845255317-600x330.jpg 600w, https:\/\/www.reduxi.eu\/wp-content\/uploads\/2026\/01\/1762845255317.jpg 800w\" data-sizes=\"auto\" data-orig-sizes=\"(max-width: 640px) 100vw, 800px\" \/><\/span><\/div><\/div><\/div><\/div><\/div><div class=\"fusion-fullwidth fullwidth-box fusion-builder-row-3 fusion-flex-container nonhundred-percent-fullwidth non-hundred-percent-height-scrolling fusion-animated\" style=\"--awb-background-blend-mode:overlay;--awb-border-radius-top-left:0px;--awb-border-radius-top-right:0px;--awb-border-radius-bottom-right:0px;--awb-border-radius-bottom-left:0px;--awb-background-color:var(--awb-custom_color_1);--awb-flex-wrap:wrap;\" data-animationtype=\"fadeInUp\" data-animationduration=\"5.0\" data-animationoffset=\"top-into-view\" ><div class=\"fusion-builder-row fusion-row fusion-flex-align-items-flex-start fusion-flex-content-wrap\" style=\"max-width:calc( 1200px + 0px );margin-left: calc(-0px \/ 2 );margin-right: calc(-0px \/ 2 );\"><div class=\"fusion-layout-column fusion_builder_column fusion-builder-column-2 fusion_builder_column_1_1 1_1 fusion-flex-column\" style=\"--awb-bg-blend:overlay;--awb-bg-size:cover;--awb-width-large:100%;--awb-margin-top-large:0px;--awb-spacing-right-large:0px;--awb-margin-bottom-large:0px;--awb-spacing-left-large:0px;--awb-width-medium:100%;--awb-spacing-right-medium:0px;--awb-spacing-left-medium:0px;--awb-width-small:100%;--awb-spacing-right-small:0px;--awb-spacing-left-small:0px;\"><div class=\"fusion-column-wrapper fusion-flex-justify-content-flex-start fusion-content-layout-column\"><div class=\"fusion-text fusion-text-2\"><h2 class=\"\" style=\"--fontsize: 48.832; line-height: 1;\" data-start=\"323\" data-end=\"396\" data-fontsize=\"48.832\" data-lineheight=\"48.832px\"><span style=\"font-family: 'Sofia Sans'; font-size: 39.056px; background-color: rgba(0, 0, 0, 0);\">Transformer le risque en opportunit\u00e9<\/span><\/h2>\n<p>Pour les syst\u00e8mes de gestion intelligente de l'\u00e9nergie comme Reduxi, il s'agit d'une mine d'or d'opportunit\u00e9s.<\/p>\n<p>Voici comment Reduxi peut transformer les fluctuations de prix en \u00e9conomies et en profits. Chaque jour, Reduxi Controller peut collecter et analyser :<\/p>\n<ul>\n<li>Votre profil d'utilisation de l'\u00e9nergie dans le pass\u00e9 - la fa\u00e7on dont vous consommez l'\u00e9lectricit\u00e9 et le moment o\u00f9 vous le faites.<\/li>\n<li>Pr\u00e9visions m\u00e9t\u00e9orologiques pour votre emplacement exact, y compris la pr\u00e9vision de l'irradiation solaire<\/li>\n<li>Prix SPOT du jour pr\u00e9c\u00e9dent et frais de r\u00e9seau pr\u00e9vus<\/li>\n<li>Tous les frais li\u00e9s aux distributeurs et aux fournisseurs<\/li>\n<\/ul>\n<p>\u00c0 partir de ces donn\u00e9es, Reduxi \u00e9tablit des pr\u00e9visions \u00e9nerg\u00e9tiques sur 24 heures et une strat\u00e9gie de pilotage IA qui planifie quand acheter, stocker ou vendre de l'\u00e9lectricit\u00e9, et ce de mani\u00e8re enti\u00e8rement automatique. Le r\u00e9sultat :<\/p>\n<ul>\n<li>Chargez votre batterie lorsque les prix sont les plus bas - ou uniquement \u00e0 partir de l'\u00e9nergie solaire. <\/li>\n<li>Utilisez ou vendre l'\u00e9nergie stock\u00e9e lorsque les prix atteignent des sommets. <\/li>\n<li>Combinez-la avec des services d'autoconsommation, d'\u00e9cr\u00eatement des pointes et de flexibilit\u00e9 du r\u00e9seau - simultan\u00e9ment.<\/li>\n<\/ul>\n<\/div><\/div><\/div><\/div><\/div><div class=\"fusion-fullwidth fullwidth-box fusion-builder-row-4 fusion-flex-container nonhundred-percent-fullwidth non-hundred-percent-height-scrolling fusion-animated\" style=\"--awb-border-radius-top-left:0px;--awb-border-radius-top-right:0px;--awb-border-radius-bottom-right:0px;--awb-border-radius-bottom-left:0px;--awb-flex-wrap:wrap;\" data-animationtype=\"fadeInRight\" data-animationduration=\"1.6\" data-animationoffset=\"top-into-view\" ><div class=\"fusion-builder-row fusion-row fusion-flex-align-items-flex-start fusion-flex-content-wrap\" style=\"max-width:calc( 1200px + 0px );margin-left: calc(-0px \/ 2 );margin-right: calc(-0px \/ 2 );\"><div class=\"fusion-layout-column fusion_builder_column fusion-builder-column-3 fusion_builder_column_1_1 1_1 fusion-flex-column\" style=\"--awb-bg-blend:overlay;--awb-bg-size:cover;--awb-width-large:100%;--awb-margin-top-large:0px;--awb-spacing-right-large:0px;--awb-margin-bottom-large:0px;--awb-spacing-left-large:0px;--awb-width-medium:100%;--awb-spacing-right-medium:0px;--awb-spacing-left-medium:0px;--awb-width-small:100%;--awb-spacing-right-small:0px;--awb-spacing-left-small:0px;\"><div class=\"fusion-column-wrapper fusion-flex-justify-content-flex-start fusion-content-layout-column\"><div class=\"fusion-text fusion-text-3\"><h2 class=\"\" style=\"--fontsize: 48.832; line-height: 1;\" data-start=\"323\" data-end=\"396\" data-fontsize=\"48.832\" data-lineheight=\"48.832px\"><\/h2>\n<h3 class=\"\" style=\"--fontsize: 39.056; line-height: 1.2;\" data-start=\"1778\" data-end=\"1835\" data-fontsize=\"39.056\" data-lineheight=\"46.8672px\">Un exemple<\/h3>\n<p>\u00c0 13h00, les prix SPOT chutent presque \u00e0 z\u00e9ro \u2014 Reduxi charge votre BESS en utilisant de l\u2019\u00e9nergie r\u00e9seau \u00e0 bas co\u00fbt. Le matin, la demande augmente et les prix montent en fl\u00e8che \u2014 Reduxi d\u00e9charge votre batterie pour alimenter votre b\u00e2timent ou revendre l\u2019\u00e9nergie au r\u00e9seau. Lors d\u2019une journ\u00e9e ensoleill\u00e9e, l\u2019exc\u00e9dent solaire permet \u00e0 Reduxi de recharger la batterie, puis de la revendre le soir lors du prochain pic de prix.<\/p>\n<\/p>\n<p>Aucune action manuelle.<\/p>\n<p>Il s'agit simplement d'une optimisation intelligente, bas\u00e9e sur des donn\u00e9es, qui se produit minute par minute.<\/p>\n<\/div><\/div><\/div><\/div><\/div><div class=\"fusion-fullwidth fullwidth-box fusion-builder-row-5 fusion-flex-container has-pattern-background has-mask-background nonhundred-percent-fullwidth non-hundred-percent-height-scrolling\" style=\"--awb-border-radius-top-left:0px;--awb-border-radius-top-right:0px;--awb-border-radius-bottom-right:0px;--awb-border-radius-bottom-left:0px;--awb-flex-wrap:wrap;\" ><div class=\"fusion-builder-row fusion-row fusion-flex-align-items-flex-start fusion-flex-content-wrap\" style=\"max-width:calc( 1200px + 0px );margin-left: calc(-0px \/ 2 );margin-right: calc(-0px \/ 2 );\"><div class=\"fusion-layout-column fusion_builder_column fusion-builder-column-4 fusion_builder_column_1_1 1_1 fusion-flex-column\" style=\"--awb-bg-size:cover;--awb-width-large:100%;--awb-margin-top-large:0px;--awb-spacing-right-large:0px;--awb-margin-bottom-large:0px;--awb-spacing-left-large:0px;--awb-width-medium:100%;--awb-order-medium:0;--awb-spacing-right-medium:0px;--awb-spacing-left-medium:0px;--awb-width-small:100%;--awb-order-small:0;--awb-spacing-right-small:0px;--awb-spacing-left-small:0px;\"><div class=\"fusion-column-wrapper fusion-column-has-shadow fusion-flex-justify-content-flex-start fusion-content-layout-column\"><div class=\"fusion-separator fusion-full-width-sep\" style=\"align-self: center;margin-left: auto;margin-right: auto;width:100%;\"><div class=\"fusion-separator-border sep-single sep-solid\" style=\"--awb-height:20px;--awb-amount:20px;--awb-sep-color:var(--awb-custom_color_1);border-color:var(--awb-custom_color_1);border-top-width:1px;\"><\/div><\/div><\/div><\/div><\/div><\/div><div class=\"fusion-fullwidth fullwidth-box fusion-builder-row-6 fusion-flex-container nonhundred-percent-fullwidth non-hundred-percent-height-scrolling fusion-animated\" style=\"--awb-border-radius-top-left:0px;--awb-border-radius-top-right:0px;--awb-border-radius-bottom-right:0px;--awb-border-radius-bottom-left:0px;--awb-padding-top:13px;--awb-padding-bottom:0px;--awb-margin-top:0px;--awb-margin-bottom:33px;--awb-background-image:radial-gradient(circle at center center, var(--awb-color5) 0%,var(--awb-color6) 96%);--awb-flex-wrap:wrap;\" data-animationtype=\"zoomIn\" data-animationduration=\"1.6\" data-animationoffset=\"top-into-view\" ><div class=\"fusion-builder-row fusion-row fusion-flex-align-items-flex-start fusion-flex-content-wrap\" style=\"max-width:calc( 1200px + 0px );margin-left: calc(-0px \/ 2 );margin-right: calc(-0px \/ 2 );\"><div class=\"fusion-layout-column fusion_builder_column fusion-builder-column-5 fusion_builder_column_1_1 1_1 fusion-flex-column\" style=\"--awb-bg-blend:overlay;--awb-bg-size:cover;--awb-width-large:100%;--awb-margin-top-large:0px;--awb-spacing-right-large:0px;--awb-margin-bottom-large:0px;--awb-spacing-left-large:0px;--awb-width-medium:100%;--awb-spacing-right-medium:0px;--awb-spacing-left-medium:0px;--awb-width-small:100%;--awb-spacing-right-small:0px;--awb-spacing-left-small:0px;\"><div class=\"fusion-column-wrapper fusion-flex-justify-content-flex-start fusion-content-layout-column\"><div class=\"fusion-text fusion-text-4\"><h3 class=\"\" style=\"text-align: center; --fontsize: 39.056; line-height: 1.2; color: var(--awb-color1);\" data-start=\"2432\" data-end=\"2480\" data-fontsize=\"39.056\" data-lineheight=\"46.8672px\">Pourquoi c'est important :<\/h3>\n<h5 style=\"color: var(--awb-color1);\">\n<div style=\"text-align: center;\"><span style=\"color: var(--awb-color1); font-size: 25.008px; background-color: rgba(0, 0, 0, 0);\">La transition \u00e9nerg\u00e9tique de l'Europe fait passer la valeur de la production brute \u00e0 la flexibilit\u00e9 intelligente.<\/span><\/div>\n<p><span style=\"background-color: rgba(0, 0, 0, 0); color: var(--awb-color1);\"><\/p>\n<div style=\"text-align: center;\"><span style=\"background-color: rgba(0, 0, 0, 0); color: var(--awb-color1); font-size: 25.008px;\">Le contr\u00f4le pr\u00e9dictif, la pr\u00e9vision des prix et la r\u00e9ponse dynamique sont d\u00e9sormais essentiels \u00e0 la rentabilit\u00e9 et \u00e0 la stabilit\u00e9.<\/span><\/div>\n<p><\/span><\/h5>\n<\/div><\/div><\/div><\/div><\/div><div class=\"fusion-fullwidth fullwidth-box fusion-builder-row-7 fusion-flex-container nonhundred-percent-fullwidth non-hundred-percent-height-scrolling fusion-animated\" style=\"--awb-border-radius-top-left:0px;--awb-border-radius-top-right:0px;--awb-border-radius-bottom-right:0px;--awb-border-radius-bottom-left:0px;--awb-flex-wrap:wrap;\" data-animationtype=\"fadeIn\" data-animationduration=\"1.6\" data-animationoffset=\"top-into-view\" ><div class=\"fusion-builder-row fusion-row fusion-flex-align-items-flex-start fusion-flex-content-wrap\" style=\"max-width:calc( 1200px + 0px );margin-left: calc(-0px \/ 2 );margin-right: calc(-0px \/ 2 );\"><div class=\"fusion-layout-column fusion_builder_column fusion-builder-column-6 fusion_builder_column_1_1 1_1 fusion-flex-column\" style=\"--awb-bg-blend:overlay;--awb-bg-size:cover;--awb-width-large:100%;--awb-margin-top-large:0px;--awb-spacing-right-large:0px;--awb-margin-bottom-large:0px;--awb-spacing-left-large:0px;--awb-width-medium:100%;--awb-spacing-right-medium:0px;--awb-spacing-left-medium:0px;--awb-width-small:100%;--awb-spacing-right-small:0px;--awb-spacing-left-small:0px;\"><div class=\"fusion-column-wrapper fusion-flex-justify-content-flex-start fusion-content-layout-column\"><div class=\"fusion-text fusion-text-5\"><h3 class=\"\" style=\"--fontsize: 39.056; line-height: 1.2;\" data-start=\"3058\" data-end=\"3107\" data-fontsize=\"39.056\" data-lineheight=\"46.8672px\">Pourquoi Reduxi ?<\/h3>\n<p data-start=\"3109\" data-end=\"3255\">Reduxi permet cette transformation - en transformant des actifs \u00e9nerg\u00e9tiques ordinaires en syst\u00e8mes intelligents et g\u00e9n\u00e9rateurs de revenus.<span style=\"background-color: rgba(0, 0, 0, 0);\">Reduxi permet cette transformation - en transformant des actifs \u00e9nerg\u00e9tiques ordinaires en syst\u00e8mes intelligents et g\u00e9n\u00e9rateurs de revenus.<\/span><\/p>\n<\/p>\n<ul>\n<li>Pour les entreprises - r\u00e9duction des co\u00fbts et am\u00e9lioration du retour sur investissement.<\/li>\n<li>Pour les prosommateurs - utilisation maximale de l'\u00e9nergie autoproduite.<\/li>\n<li>Pour les gestionnaires de r\u00e9seau : un syst\u00e8me plus stable et plus \u00e9quilibr\u00e9.<\/li>\n<li>L'avenir de l'\u00e9nergie n'est pas seulement renouvelable, il est intelligent.<\/li>\n<\/ul>\n<\/div><\/div><\/div><\/div><\/div><div class=\"fusion-fullwidth fullwidth-box fusion-builder-row-8 fusion-flex-container nonhundred-percent-fullwidth non-hundred-percent-height-scrolling fusion-animated\" style=\"--awb-border-radius-top-left:0px;--awb-border-radius-top-right:0px;--awb-border-radius-bottom-right:0px;--awb-border-radius-bottom-left:0px;--awb-margin-bottom:14px;--awb-background-color:var(--awb-color5);--awb-flex-wrap:wrap;\" data-animationtype=\"fadeIn\" data-animationduration=\"1.6\" data-animationoffset=\"top-into-view\" ><div class=\"fusion-builder-row fusion-row fusion-flex-align-items-flex-start fusion-flex-content-wrap\" style=\"max-width:calc( 1200px + 0px );margin-left: calc(-0px \/ 2 );margin-right: calc(-0px \/ 2 );\"><div class=\"fusion-layout-column fusion_builder_column fusion-builder-column-7 fusion_builder_column_1_1 1_1 fusion-flex-column\" style=\"--awb-bg-blend:overlay;--awb-bg-size:cover;--awb-width-large:100%;--awb-margin-top-large:0px;--awb-spacing-right-large:0px;--awb-margin-bottom-large:0px;--awb-spacing-left-large:0px;--awb-width-medium:100%;--awb-spacing-right-medium:0px;--awb-spacing-left-medium:0px;--awb-width-small:100%;--awb-spacing-right-small:0px;--awb-spacing-left-small:0px;\"><div class=\"fusion-column-wrapper fusion-flex-justify-content-flex-start fusion-content-layout-column\"><div class=\"fusion-text fusion-text-6\"><h2 class=\"\" style=\"--fontsize: 48.832; line-height: 1;\" data-start=\"323\" data-end=\"396\" data-fontsize=\"48.832\" data-lineheight=\"48.832px\"><\/h2>\n<h2 style=\"text-align: center; --fontsize: 39.056; line-height: 1.2; color: var(--awb-color1);\">Toujours analyser. Toujours optimiser.<\/h2>\n<h4 style=\"text-align: center; color: var(--awb-color1);\">D\u00e9couvrez comment Reduxi AI Energy Management transforme la volatilit\u00e9 en opportunit\u00e9 !<\/h4>\n<\/div><\/div><\/div><div class=\"fusion-layout-column fusion_builder_column fusion-builder-column-8 fusion_builder_column_1_1 1_1 fusion-flex-column\" style=\"--awb-bg-size:cover;--awb-width-large:100%;--awb-margin-top-large:0px;--awb-spacing-right-large:0px;--awb-margin-bottom-large:0px;--awb-spacing-left-large:0px;--awb-width-medium:100%;--awb-spacing-right-medium:0px;--awb-spacing-left-medium:0px;--awb-width-small:100%;--awb-order-small:0;--awb-spacing-right-small:0px;--awb-spacing-left-small:0px;\"><div class=\"fusion-column-wrapper fusion-column-has-shadow fusion-flex-justify-content-flex-start fusion-content-layout-column\"><div style=\"text-align:center;\"><a class=\"fusion-button button-flat fusion-button-default-size button-custom fusion-button-default button-1 fusion-button-default-span fusion-button-default-type fusion-animated\" style=\"--awb-margin-bottom:30px;--button_accent_color:var(--awb-color8);--button_border_color:var(--awb-color8);--button_accent_hover_color:var(--awb-color1);--button_border_hover_color:var(--awb-color1);--button_border_width-top:2px;--button_border_width-right:2px;--button_border_width-bottom:2px;--button_border_width-left:2px;--button-border-radius-top-left:0;--button-border-radius-top-right:0;--button-border-radius-bottom-right:0;--button-border-radius-bottom-left:0;--button_gradient_top_color:var(--awb-color1);--button_gradient_bottom_color:var(--awb-color1);--button_gradient_top_color_hover:hsla(var(--awb-color1-h),var(--awb-color1-s),var(--awb-color1-l),calc(var(--awb-color1-a) - 100%));--button_gradient_bottom_color_hover:hsla(var(--awb-color1-h),var(--awb-color1-s),var(--awb-color1-l),calc(var(--awb-color1-a) - 100%));\" data-animationtype=\"fadeInLeft\" data-animationduration=\"1.0\" data-animationoffset=\"top-into-view\" target=\"_self\" href=\"\/fr_fr\/contact\/\"><span class=\"fusion-button-text awb-button__text awb-button__text--default\">Contactez-nous<\/span><\/a><\/div><\/div><\/div><\/div><\/div><\/p>","protected":false},"excerpt":{"rendered":"","protected":false},"author":15,"featured_media":0,"parent":0,"menu_order":0,"comment_status":"closed","ping_status":"closed","template":"100-width.php","meta":{"footnotes":""},"class_list":["post-7191","page","type-page","status-publish","hentry"],"_links":{"self":[{"href":"https:\/\/www.reduxi.eu\/fr_fr\/wp-json\/wp\/v2\/pages\/7191","targetHints":{"allow":["GET"]}}],"collection":[{"href":"https:\/\/www.reduxi.eu\/fr_fr\/wp-json\/wp\/v2\/pages"}],"about":[{"href":"https:\/\/www.reduxi.eu\/fr_fr\/wp-json\/wp\/v2\/types\/page"}],"author":[{"embeddable":true,"href":"https:\/\/www.reduxi.eu\/fr_fr\/wp-json\/wp\/v2\/users\/15"}],"replies":[{"embeddable":true,"href":"https:\/\/www.reduxi.eu\/fr_fr\/wp-json\/wp\/v2\/comments?post=7191"}],"version-history":[{"count":3,"href":"https:\/\/www.reduxi.eu\/fr_fr\/wp-json\/wp\/v2\/pages\/7191\/revisions"}],"predecessor-version":[{"id":7195,"href":"https:\/\/www.reduxi.eu\/fr_fr\/wp-json\/wp\/v2\/pages\/7191\/revisions\/7195"}],"wp:attachment":[{"href":"https:\/\/www.reduxi.eu\/fr_fr\/wp-json\/wp\/v2\/media?parent=7191"}],"curies":[{"name":"wp","href":"https:\/\/api.w.org\/{rel}","templated":true}]}}