{"id":7167,"date":"2026-01-08T14:58:33","date_gmt":"2026-01-08T13:58:33","guid":{"rendered":"https:\/\/www.reduxi.eu\/?page_id=7167"},"modified":"2026-01-08T14:58:33","modified_gmt":"2026-01-08T13:58:33","slug":"la-cybersecurite-sans-compromis","status":"publish","type":"page","link":"https:\/\/www.reduxi.eu\/fr_fr\/cybersecurity-without-compromise\/","title":{"rendered":"La cybers\u00e9curit\u00e9 sans compromis"},"content":{"rendered":"<p><div class=\"fusion-fullwidth fullwidth-box fusion-builder-row-1 fusion-flex-container nonhundred-percent-fullwidth non-hundred-percent-height-scrolling\" style=\"--awb-border-radius-top-left:0px;--awb-border-radius-top-right:0px;--awb-border-radius-bottom-right:0px;--awb-border-radius-bottom-left:0px;--awb-flex-wrap:wrap;\" ><div class=\"fusion-builder-row fusion-row fusion-flex-align-items-flex-start fusion-flex-content-wrap\" style=\"max-width:calc( 1200px + 0px );margin-left: calc(-0px \/ 2 );margin-right: calc(-0px \/ 2 );\"><div class=\"fusion-layout-column fusion_builder_column fusion-builder-column-0 fusion_builder_column_1_1 1_1 fusion-flex-column\" style=\"--awb-bg-size:cover;--awb-width-large:100%;--awb-margin-top-large:0px;--awb-spacing-right-large:0px;--awb-margin-bottom-large:0px;--awb-spacing-left-large:0px;--awb-width-medium:100%;--awb-spacing-right-medium:0px;--awb-spacing-left-medium:0px;--awb-width-small:100%;--awb-spacing-right-small:0px;--awb-spacing-left-small:0px;\"><div class=\"fusion-column-wrapper fusion-flex-justify-content-flex-start fusion-content-layout-column\"><div class=\"fusion-text fusion-text-1\"><h2 data-start=\"296\" data-end=\"333\" data-fontsize=\"48.832\" style=\"--fontSize: 48.832; line-height: 1;\" data-lineheight=\"48.832px\" class=\"fusion-responsive-typography-calculated\">La cybers\u00e9curit\u00e9 sans compromis<\/h2>\n<h3 data-start=\"334\" data-end=\"401\" data-fontsize=\"39.056\" style=\"--fontSize: 39.056; line-height: 1.2;\" data-lineheight=\"46.8672px\" class=\"fusion-responsive-typography-calculated\">Comment Reduxi construit une intelligence \u00e9nerg\u00e9tique s\u00e9curis\u00e9e d\u00e8s la conception<\/h3>\n<h5><\/h5>\n<\/div><div class=\"fusion-image-element\" style=\"text-align:center;--awb-caption-title-font-family:var(--h2_typography-font-family);--awb-caption-title-font-weight:var(--h2_typography-font-weight);--awb-caption-title-font-style:var(--h2_typography-font-style);--awb-caption-title-size:var(--h2_typography-font-size);--awb-caption-title-transform:var(--h2_typography-text-transform);--awb-caption-title-line-height:var(--h2_typography-line-height);--awb-caption-title-letter-spacing:var(--h2_typography-letter-spacing);\"><span class=\"fusion-imageframe imageframe-none imageframe-1 hover-type-none\"><img decoding=\"async\" width=\"800\" height=\"480\" title=\"1765877057447\" src=\"https:\/\/www.reduxi.eu\/wp-content\/uploads\/2026\/01\/1765877057447-e1767873445873.jpg\" data-orig-src=\"https:\/\/www.reduxi.eu\/wp-content\/uploads\/2026\/01\/1765877057447-e1767873445873.jpg\" alt class=\"lazyload img-responsive wp-image-7166\" srcset=\"data:image\/svg+xml,%3Csvg%20xmlns%3D%27http%3A%2F%2Fwww.w3.org%2F2000%2Fsvg%27%20width%3D%27800%27%20height%3D%27480%27%20viewBox%3D%270%200%20800%20480%27%3E%3Crect%20width%3D%27800%27%20height%3D%27480%27%20fill-opacity%3D%220%22%2F%3E%3C%2Fsvg%3E\" data-srcset=\"https:\/\/www.reduxi.eu\/wp-content\/uploads\/2026\/01\/1765877057447-e1767873445873-200x120.jpg 200w, https:\/\/www.reduxi.eu\/wp-content\/uploads\/2026\/01\/1765877057447-e1767873445873-400x240.jpg 400w, https:\/\/www.reduxi.eu\/wp-content\/uploads\/2026\/01\/1765877057447-e1767873445873-600x360.jpg 600w, https:\/\/www.reduxi.eu\/wp-content\/uploads\/2026\/01\/1765877057447-e1767873445873.jpg 800w\" data-sizes=\"auto\" data-orig-sizes=\"(max-width: 640px) 100vw, 800px\" \/><\/span><\/div><div class=\"fusion-text fusion-text-2\"><p><b><br \/><\/b><\/p>\n<p><b>Alors que les syst\u00e8mes \u00e9nerg\u00e9tiques deviennent de plus en plus num\u00e9riques, connect\u00e9s et automatis\u00e9s, la cybers\u00e9curit\u00e9 n\u2019est plus une fonction d\u2019appoint \u2014 c\u2019est une exigence fondamentale. Aujourd\u2019hui, les actifs \u00e9nerg\u00e9tiques ne sont pas seulement des infrastructures physiques \u2014 ils font partie d\u2019\u00e9cosyst\u00e8mes complexes, pilot\u00e9s par les donn\u00e9es, qui doivent rester fiables, r\u00e9silients et s\u00e9curis\u00e9s \u00e0 tout moment.<\/b><\/p>\n<p><b>Chez Reduxi, la cybers\u00e9curit\u00e9 n\u2019est pas une r\u00e9flexion apr\u00e8s coup ni un module optionnel. Elle est int\u00e9gr\u00e9e \u00e0 chaque couche de nos solutions \u2014 du mat\u00e9riel industriel d\u00e9ploy\u00e9 sur le terrain aux plateformes cloud op\u00e9rant des services \u00e9nerg\u00e9tiques critiques.<\/b><\/p>\n<\/div><\/div><\/div><\/div><\/div><div class=\"fusion-fullwidth fullwidth-box fusion-builder-row-2 fusion-flex-container has-pattern-background has-mask-background nonhundred-percent-fullwidth non-hundred-percent-height-scrolling fusion-animated\" style=\"--awb-border-radius-top-left:0px;--awb-border-radius-top-right:0px;--awb-border-radius-bottom-right:0px;--awb-border-radius-bottom-left:0px;--awb-padding-top:19px;--awb-padding-bottom:25px;--awb-margin-bottom:13px;--awb-background-image:radial-gradient(circle at center center, var(--awb-color5) 0%,var(--awb-color6) 100%);--awb-flex-wrap:wrap;\" data-animationtype=\"fadeInUp\" data-animationduration=\"1.6\" data-animationdelay=\"0.5\" data-animationoffset=\"top-into-view\" ><div class=\"fusion-builder-row fusion-row fusion-flex-align-items-flex-start fusion-flex-content-wrap\" style=\"max-width:calc( 1200px + 0px );margin-left: calc(-0px \/ 2 );margin-right: calc(-0px \/ 2 );\"><div class=\"fusion-layout-column fusion_builder_column fusion-builder-column-1 fusion_builder_column_1_1 1_1 fusion-flex-column\" style=\"--awb-bg-size:cover;--awb-width-large:100%;--awb-margin-top-large:0px;--awb-spacing-right-large:0px;--awb-margin-bottom-large:0px;--awb-spacing-left-large:0px;--awb-width-medium:100%;--awb-order-medium:0;--awb-spacing-right-medium:0px;--awb-spacing-left-medium:0px;--awb-width-small:100%;--awb-order-small:0;--awb-spacing-right-small:0px;--awb-spacing-left-small:0px;\"><div class=\"fusion-column-wrapper fusion-column-has-shadow fusion-flex-justify-content-flex-start fusion-content-layout-column\"><div class=\"fusion-text fusion-text-3 fusion-animated\" data-animationtype=\"fadeInLeft\" data-animationduration=\"1.6\" data-animationoffset=\"top-into-view\"><h5 style=\"color: var(--awb-color1);\">La s\u00e9curit\u00e9 comme fondation, pas comme un ajout<\/h5>\n<p style=\"color: var(--awb-color1);\">Les plateformes modernes de gestion de l\u2019\u00e9nergie et de flexibilit\u00e9 reposent sur un \u00e9change continu de donn\u00e9es entre les \u00e9quipements, les syst\u00e8mes cloud, les plateformes de march\u00e9 et les gestionnaires de r\u00e9seau. Cette connectivit\u00e9 cr\u00e9e de la valeur \u2014 mais elle introduit \u00e9galement des risques si elle n\u2019est pas con\u00e7ue correctement.<\/p>\n<p style=\"color: var(--awb-color1);\">L\u2019approche de Reduxi est claire : la s\u00e9curit\u00e9 doit \u00eatre con\u00e7ue d\u00e8s le d\u00e9part, et non ajout\u00e9e ult\u00e9rieurement. Ce principe guide la mani\u00e8re dont nous concevons, d\u00e9veloppons, d\u00e9ployons et exploitons l\u2019ensemble de notre stack technologique.<\/p>\n<h5 style=\"color: var(--awb-color1);\">S\u00e9curit\u00e9 de l'information certifi\u00e9e et conforme \u00e0 la r\u00e9glementation<\/h5>\n<p style=\"color: var(--awb-color1);\">Reduxi fonctionne selon un syst\u00e8me de gestion de la s\u00e9curit\u00e9 de l'information (SGSI) certifi\u00e9 ISO\/IEC 27001. Cela signifie que la s\u00e9curit\u00e9 de l'information chez Reduxi est r\u00e9gie par des politiques structur\u00e9es, des responsabilit\u00e9s d\u00e9finies, une \u00e9valuation continue des risques et des audits r\u00e9guliers.<\/p>\n<p style=\"color: var(--awb-color1);\">Parall\u00e8lement, Reduxi s'aligne sur la directive NIS2, en r\u00e9pondant aux exigences li\u00e9es aux \u00e9l\u00e9ments suivants :<\/p>\n<ul>\n<li><span style=\"color: var(--awb-color1); background-color: rgba(0, 0, 0, 0);\">la gouvernance et la responsabilit\u00e9,<\/span><\/li>\n<li><span style=\"color: var(--awb-color1); background-color: rgba(0, 0, 0, 0);\">la r\u00e9silience op\u00e9rationnelle,<\/span><\/li>\n<li><span style=\"color: var(--awb-color1); background-color: rgba(0, 0, 0, 0);\">le traitement et la notification des incidents,<\/span><\/li>\n<li><span style=\"color: var(--awb-color1); background-color: rgba(0, 0, 0, 0);\">et la s\u00e9curit\u00e9 de la cha\u00eene d'approvisionnement.<\/span><\/li>\n<\/ul>\n<ul>\n<\/ul>\n<p style=\"color: var(--awb-color1);\">Cet alignement garantit que nos plateformes sont pr\u00eates \u00e0 r\u00e9pondre \u00e0 l'\u00e9volution des attentes r\u00e9glementaires en mati\u00e8re d'infrastructure \u00e9nerg\u00e9tique num\u00e9rique dans toute l'Europe.<\/p>\n<\/div><\/div><\/div><\/div><\/div><div class=\"fusion-fullwidth fullwidth-box fusion-builder-row-3 fusion-flex-container has-pattern-background has-mask-background nonhundred-percent-fullwidth non-hundred-percent-height-scrolling\" style=\"--awb-border-radius-top-left:0px;--awb-border-radius-top-right:0px;--awb-border-radius-bottom-right:0px;--awb-border-radius-bottom-left:0px;--awb-flex-wrap:wrap;\" ><div class=\"fusion-builder-row fusion-row fusion-flex-align-items-flex-start fusion-flex-content-wrap\" style=\"max-width:calc( 1200px + 0px );margin-left: calc(-0px \/ 2 );margin-right: calc(-0px \/ 2 );\"><div class=\"fusion-layout-column fusion_builder_column fusion-builder-column-2 fusion_builder_column_1_1 1_1 fusion-flex-column\" style=\"--awb-bg-size:cover;--awb-width-large:100%;--awb-margin-top-large:0px;--awb-spacing-right-large:0px;--awb-margin-bottom-large:0px;--awb-spacing-left-large:0px;--awb-width-medium:100%;--awb-order-medium:0;--awb-spacing-right-medium:0px;--awb-spacing-left-medium:0px;--awb-width-small:100%;--awb-order-small:0;--awb-spacing-right-small:0px;--awb-spacing-left-small:0px;\"><div class=\"fusion-column-wrapper fusion-column-has-shadow fusion-flex-justify-content-flex-start fusion-content-layout-column\"><div class=\"fusion-text fusion-text-4 fusion-animated\" data-animationtype=\"fadeInUp\" data-animationduration=\"1.6\" data-animationoffset=\"bottom-in-view\"><h5>Souverainet\u00e9 des donn\u00e9es et infrastructure cloud de l\u2019UE<\/h5>\n<p>Tous les services cloud et le stockage de donn\u00e9es de Reduxi sont situ\u00e9s dans l'Union europ\u00e9enne. Cela garantit :<\/p>\n<ul>\n<li>la conformit\u00e9 totale au RGPD,<\/li>\n<li>la souverainet\u00e9 des donn\u00e9es pour les clients,<\/li>\n<li>et une juridiction claire pour le traitement des donn\u00e9es.<\/li>\n<\/ul>\n<p>En conservant les donn\u00e9es au sein de l'UE, Reduxi offre une transparence et une pr\u00e9visibilit\u00e9 aux clients op\u00e9rant sur des march\u00e9s \u00e9nerg\u00e9tiques r\u00e9glement\u00e9s.<\/p>\n<\/div><div class=\"fusion-separator fusion-full-width-sep\" style=\"align-self: center;margin-left: auto;margin-right: auto;width:100%;\"><div class=\"fusion-separator-border sep-single sep-solid\" style=\"--awb-height:20px;--awb-amount:20px;--awb-sep-color:var(--awb-custom_color_1);border-color:var(--awb-custom_color_1);border-top-width:1px;\"><\/div><\/div><div class=\"fusion-text fusion-text-5 fusion-animated\" data-animationtype=\"fadeInUp\" data-animationduration=\"1.6\" data-animationoffset=\"bottom-in-view\"><h5>Architecture mat\u00e9rielle s\u00e9curis\u00e9e par conception<\/h5>\n<p>La s\u00e9curit\u00e9 ne commence pas dans le cloud \u2014 elle commence \u00e0 la p\u00e9riph\u00e9rie.<\/p>\n<p>Les contr\u00f4leurs Reduxi sont con\u00e7us avec une segmentation LAN\/WAN stricte et une v\u00e9ritable isolation du r\u00e9seau, permettant aux clients de piloter avec pr\u00e9cision :<\/p>\n<ul>\n<li>la mani\u00e8re dont les syst\u00e8mes communiquent entre eux,<\/li>\n<li>les connexions expos\u00e9es \u00e0 l\u2019ext\u00e9rieur,<\/li>\n<li>et la mani\u00e8re dont les donn\u00e9es circulent entre les technologies op\u00e9rationnelles et les environnements informatiques.<\/li>\n<\/ul>\n<p>Cette architecture r\u00e9duit la surface d\u2019attaque et permet un fonctionnement s\u00e9curis\u00e9, m\u00eame dans des installations complexes ou fortement r\u00e9glement\u00e9es.<\/p>\n<p>En outre, tous les principaux composants mat\u00e9riels des contr\u00f4leurs industriels Reduxi sont produits dans l\u2019UE, garantissant des cha\u00eenes d\u2019approvisionnement contr\u00f4l\u00e9es et des normes de qualit\u00e9 coh\u00e9rentes.<\/p>\n<\/div><div class=\"fusion-separator fusion-full-width-sep\" style=\"align-self: center;margin-left: auto;margin-right: auto;width:100%;\"><div class=\"fusion-separator-border sep-single sep-solid\" style=\"--awb-height:20px;--awb-amount:20px;--awb-sep-color:var(--awb-custom_color_1);border-color:var(--awb-custom_color_1);border-top-width:1px;\"><\/div><\/div><div class=\"fusion-text fusion-text-6 fusion-animated\" data-animationtype=\"fadeInUp\" data-animationduration=\"1.6\" data-animationoffset=\"bottom-in-view\"><h5>D\u00e9veloppement interne de logiciels et de micrologiciel<\/h5>\n<p>Tous les logiciels et micrologiciels Reduxi sont enti\u00e8rement d\u00e9velopp\u00e9s en interne. Nous n\u2019externalisons pas le d\u00e9veloppement c\u0153ur et ne d\u00e9pendons pas de code tiers opaque pour les fonctions critiques du syst\u00e8me.<\/p>\n<p>Cette approche garantit :<\/p>\n<ul>\n<li>une transparence totale sur ce qui fonctionne sur nos \u00e9quipements,<\/li>\n<li>une r\u00e9ponse plus rapide aux vuln\u00e9rabilit\u00e9s,<\/li>\n<li>des processus de mise \u00e0 jour et de diffusion ma\u00eetris\u00e9s,<\/li>\n<li>et la maintenabilit\u00e9 \u00e0 long terme des syst\u00e8mes d\u00e9ploy\u00e9s.<\/li>\n<\/ul>\n<p style=\"color: var(--awb-color5);\"><b>Il n\u2019y a pas de composants cach\u00e9s, pas de d\u00e9pendances inconnues ni de surprises \u2014 uniquement une ing\u00e9nierie d\u00e9lib\u00e9r\u00e9e et s\u00e9curis\u00e9e.<\/b><\/p>\n<\/div><div class=\"fusion-separator fusion-full-width-sep\" style=\"align-self: center;margin-left: auto;margin-right: auto;width:100%;\"><div class=\"fusion-separator-border sep-single sep-solid\" style=\"--awb-height:20px;--awb-amount:20px;--awb-sep-color:var(--awb-custom_color_1);border-color:var(--awb-custom_color_1);border-top-width:1px;\"><\/div><\/div><\/div><\/div><div class=\"fusion-layout-column fusion_builder_column fusion-builder-column-3 fusion_builder_column_1_1 1_1 fusion-flex-column fusion-animated\" style=\"--awb-bg-size:cover;--awb-width-large:100%;--awb-margin-top-large:0px;--awb-spacing-right-large:0px;--awb-margin-bottom-large:0px;--awb-spacing-left-large:0px;--awb-width-medium:100%;--awb-order-medium:0;--awb-spacing-right-medium:0px;--awb-spacing-left-medium:0px;--awb-width-small:100%;--awb-order-small:0;--awb-spacing-right-small:0px;--awb-spacing-left-small:0px;\" data-animationtype=\"fadeInUp\" data-animationduration=\"1.6\" data-animationoffset=\"bottom-in-view\"><div class=\"fusion-column-wrapper fusion-column-has-shadow fusion-flex-justify-content-flex-start fusion-content-layout-column\"><div class=\"fusion-text fusion-text-7\"><h5>Soutenir un r\u00e9seau \u00e9nerg\u00e9tique r\u00e9silient<\/h5>\n<p>Les syst\u00e8mes \u00e9nerg\u00e9tiques s\u00e9curis\u00e9s sont essentiels non seulement pour prot\u00e9ger les donn\u00e9es, mais aussi pour garantir la stabilit\u00e9 et la r\u00e9silience du r\u00e9seau \u00e9lectrique lui-m\u00eame. De la gestion locale de l\u2019\u00e9nergie \u00e0 l\u2019agr\u00e9gation de flexibilit\u00e9 \u00e0 grande \u00e9chelle, la cybers\u00e9curit\u00e9 est une condition pr\u00e9alable \u00e0 la confiance \u2014 entre les propri\u00e9taires d\u2019actifs, les agr\u00e9gateurs, les gestionnaires de r\u00e9seau et les r\u00e9gulateurs.<\/p>\n<\/div><\/div><\/div><\/div><\/div><div class=\"fusion-fullwidth fullwidth-box fusion-builder-row-4 fusion-flex-container has-pattern-background has-mask-background nonhundred-percent-fullwidth non-hundred-percent-height-scrolling fusion-animated\" style=\"--awb-border-radius-top-left:0px;--awb-border-radius-top-right:0px;--awb-border-radius-bottom-right:0px;--awb-border-radius-bottom-left:0px;--awb-background-image:radial-gradient(circle at center top, var(--awb-color1) 0%,var(--awb-color5) 100%);--awb-flex-wrap:wrap;\" data-animationtype=\"zoomIn\" data-animationduration=\"1.6\" data-animationoffset=\"bottom-in-view\" ><div class=\"fusion-builder-row fusion-row fusion-flex-align-items-flex-start fusion-flex-content-wrap\" style=\"max-width:calc( 1200px + 0px );margin-left: calc(-0px \/ 2 );margin-right: calc(-0px \/ 2 );\"><div class=\"fusion-layout-column fusion_builder_column fusion-builder-column-4 fusion_builder_column_1_1 1_1 fusion-flex-column\" style=\"--awb-bg-size:cover;--awb-width-large:100%;--awb-margin-top-large:0px;--awb-spacing-right-large:0px;--awb-margin-bottom-large:0px;--awb-spacing-left-large:0px;--awb-width-medium:100%;--awb-order-medium:0;--awb-spacing-right-medium:0px;--awb-spacing-left-medium:0px;--awb-width-small:100%;--awb-order-small:0;--awb-spacing-right-small:0px;--awb-spacing-left-small:0px;\"><div class=\"fusion-column-wrapper fusion-column-has-shadow fusion-flex-justify-content-flex-start fusion-content-layout-column\"><div class=\"fusion-text fusion-text-8\"><h3 style=\"text-align: center; \">Chez Reduxi, nous pensons que l'intelligence \u00e9nerg\u00e9tique ne peut apporter sa pleine valeur que si elle est s\u00e9curis\u00e9e d\u00e8s sa conception.<\/h3>\n<\/div><\/div><\/div><\/div><\/div><\/p>","protected":false},"excerpt":{"rendered":"","protected":false},"author":15,"featured_media":0,"parent":0,"menu_order":0,"comment_status":"closed","ping_status":"closed","template":"100-width.php","meta":{"footnotes":""},"class_list":["post-7167","page","type-page","status-publish","hentry"],"_links":{"self":[{"href":"https:\/\/www.reduxi.eu\/fr_fr\/wp-json\/wp\/v2\/pages\/7167","targetHints":{"allow":["GET"]}}],"collection":[{"href":"https:\/\/www.reduxi.eu\/fr_fr\/wp-json\/wp\/v2\/pages"}],"about":[{"href":"https:\/\/www.reduxi.eu\/fr_fr\/wp-json\/wp\/v2\/types\/page"}],"author":[{"embeddable":true,"href":"https:\/\/www.reduxi.eu\/fr_fr\/wp-json\/wp\/v2\/users\/15"}],"replies":[{"embeddable":true,"href":"https:\/\/www.reduxi.eu\/fr_fr\/wp-json\/wp\/v2\/comments?post=7167"}],"version-history":[{"count":16,"href":"https:\/\/www.reduxi.eu\/fr_fr\/wp-json\/wp\/v2\/pages\/7167\/revisions"}],"predecessor-version":[{"id":7183,"href":"https:\/\/www.reduxi.eu\/fr_fr\/wp-json\/wp\/v2\/pages\/7167\/revisions\/7183"}],"wp:attachment":[{"href":"https:\/\/www.reduxi.eu\/fr_fr\/wp-json\/wp\/v2\/media?parent=7167"}],"curies":[{"name":"wp","href":"https:\/\/api.w.org\/{rel}","templated":true}]}}