{"id":7152,"date":"2026-01-08T14:58:33","date_gmt":"2026-01-08T13:58:33","guid":{"rendered":"https:\/\/www.reduxi.eu\/?page_id=7152"},"modified":"2026-01-08T14:58:33","modified_gmt":"2026-01-08T13:58:33","slug":"gea-maltatalweg","status":"publish","type":"page","link":"https:\/\/www.reduxi.eu\/fr_fr\/gea-maltatalweg\/","title":{"rendered":"GEA Maltatalweg"},"content":{"rendered":"<div class=\"fusion-fullwidth fullwidth-box fusion-builder-row-1 fusion-flex-container nonhundred-percent-fullwidth non-hundred-percent-height-scrolling\" style=\"--awb-border-radius-top-left:0px;--awb-border-radius-top-right:0px;--awb-border-radius-bottom-right:0px;--awb-border-radius-bottom-left:0px;--awb-flex-wrap:wrap;\" ><div class=\"fusion-builder-row fusion-row fusion-flex-align-items-flex-start fusion-flex-content-wrap\" style=\"max-width:calc( 1200px + 0px );margin-left: calc(-0px \/ 2 );margin-right: calc(-0px \/ 2 );\"><div class=\"fusion-layout-column fusion_builder_column fusion-builder-column-0 fusion_builder_column_1_1 1_1 fusion-flex-column\" style=\"--awb-bg-size:cover;--awb-width-large:100%;--awb-margin-top-large:0px;--awb-spacing-right-large:0px;--awb-margin-bottom-large:0px;--awb-spacing-left-large:0px;--awb-width-medium:100%;--awb-order-medium:0;--awb-spacing-right-medium:0px;--awb-spacing-left-medium:0px;--awb-width-small:100%;--awb-order-small:0;--awb-spacing-right-small:0px;--awb-spacing-left-small:0px;\"><div class=\"fusion-column-wrapper fusion-column-has-shadow fusion-flex-justify-content-flex-start fusion-content-layout-column\"><div class=\"fusion-text fusion-text-1\"><h4>Projet pilote mis en \u0153uvre avec succ\u00e8s :<\/h4>\n<h3>REDUXI pilote le stockage par batterie et le syst\u00e8me photovolta\u00efque d\u2019une installation de production partag\u00e9e (GEA) dans un immeuble collectif.<\/h3>\n<\/div><\/div><\/div><div class=\"fusion-layout-column fusion_builder_column fusion-builder-column-1 fusion_builder_column_1_1 1_1 fusion-flex-column\" style=\"--awb-bg-blend:overlay;--awb-bg-size:cover;--awb-width-large:100%;--awb-margin-top-large:0px;--awb-spacing-right-large:0px;--awb-margin-bottom-large:0px;--awb-spacing-left-large:0px;--awb-width-medium:100%;--awb-spacing-right-medium:0px;--awb-spacing-left-medium:0px;--awb-width-small:100%;--awb-spacing-right-small:0px;--awb-spacing-left-small:0px;\"><div class=\"fusion-column-wrapper fusion-flex-justify-content-flex-start fusion-content-layout-column\"><div class=\"fusion-text fusion-text-2\"><p>L\u2019\u00e9quipe REDUXI a men\u00e9 avec succ\u00e8s un projet pilote innovant \u00e0 Maltatalweg, en Carinthie. L\u2019objectif \u00e9tait de maximiser l\u2019autoconsommation au sein d\u2019un immeuble r\u00e9sidentiel collectif gr\u00e2ce \u00e0 un pilotage intelligent, tout en minimisant l\u2019injection sur le r\u00e9seau \u2014 avec d\u2019excellents r\u00e9sultats.<\/p>\n<\/div><div class=\"fusion-image-element\" style=\"--awb-margin-top:10px;--awb-margin-bottom:10px;--awb-caption-title-font-family:var(--h2_typography-font-family);--awb-caption-title-font-weight:var(--h2_typography-font-weight);--awb-caption-title-font-style:var(--h2_typography-font-style);--awb-caption-title-size:var(--h2_typography-font-size);--awb-caption-title-transform:var(--h2_typography-text-transform);--awb-caption-title-line-height:var(--h2_typography-line-height);--awb-caption-title-letter-spacing:var(--h2_typography-letter-spacing);\"><span class=\"fusion-imageframe imageframe-none imageframe-1 hover-type-none fusion-animated\" data-animationtype=\"fadeInUp\" data-animationduration=\"1.6\" data-animationoffset=\"top-into-view\"><img decoding=\"async\" width=\"1280\" height=\"719\" title=\"1764084781830 (1)\" src=\"https:\/\/www.reduxi.eu\/wp-content\/uploads\/2026\/01\/1764084781830-1.png\" data-orig-src=\"https:\/\/www.reduxi.eu\/wp-content\/uploads\/2026\/01\/1764084781830-1.png\" alt class=\"lazyload img-responsive wp-image-7155\" srcset=\"data:image\/svg+xml,%3Csvg%20xmlns%3D%27http%3A%2F%2Fwww.w3.org%2F2000%2Fsvg%27%20width%3D%271280%27%20height%3D%27719%27%20viewBox%3D%270%200%201280%20719%27%3E%3Crect%20width%3D%271280%27%20height%3D%27719%27%20fill-opacity%3D%220%22%2F%3E%3C%2Fsvg%3E\" data-srcset=\"https:\/\/www.reduxi.eu\/wp-content\/uploads\/2026\/01\/1764084781830-1-200x112.png 200w, https:\/\/www.reduxi.eu\/wp-content\/uploads\/2026\/01\/1764084781830-1-400x225.png 400w, https:\/\/www.reduxi.eu\/wp-content\/uploads\/2026\/01\/1764084781830-1-600x337.png 600w, https:\/\/www.reduxi.eu\/wp-content\/uploads\/2026\/01\/1764084781830-1-800x449.png 800w, https:\/\/www.reduxi.eu\/wp-content\/uploads\/2026\/01\/1764084781830-1-1200x674.png 1200w, https:\/\/www.reduxi.eu\/wp-content\/uploads\/2026\/01\/1764084781830-1.png 1280w\" data-sizes=\"auto\" data-orig-sizes=\"(max-width: 640px) 100vw, 1280px\" \/><\/span><\/div><div class=\"fusion-text fusion-text-3\"><p><span style=\"background-color: rgba(0, 0, 0, 0);\"><b>Objectifs et mise en \u0153uvre<\/b><\/span><\/p>\n<p>Au c\u0153ur du projet se trouvait le pilotage pr\u00e9cis en temps r\u00e9el de deux syst\u00e8mes hybrides de stockage par batterie M-TEC, chacun avec une capacit\u00e9 de stockage de 30,7 kWh. Une attention particuli\u00e8re a \u00e9t\u00e9 port\u00e9e \u00e0 l\u2019int\u00e9gration et \u00e0 l\u2019optimisation d\u2019une installation de production partag\u00e9e (GEA).<\/p>\n<p><b>Qu'est-ce qu'un GEA ?<\/b><\/p>\n<p>Une installation de production partag\u00e9e (Gemeinschaftliche Erzeugungsanlage \u2014 GEA) permet \u00e0 plusieurs unit\u00e9s d\u2019usage \u2014 telles que des appartements dans un immeuble collectif \u2014 d\u2019utiliser conjointement l\u2019\u00e9lectricit\u00e9 produite par une installation photovolta\u00efque centrale. Au lieu de simplement injecter l\u2019\u00e9lectricit\u00e9 dans le r\u00e9seau, l\u2019\u00e9nergie est distribu\u00e9e localement l\u00e0 o\u00f9 elle est n\u00e9cessaire \u00e0 ce moment. Cela permet d\u2019augmenter consid\u00e9rablement l\u2019autoconsommation et de r\u00e9duire l\u2019injection sur le r\u00e9seau public.<\/p>\n<p>Techniquement, cela est rendu possible gr\u00e2ce \u00e0 un syst\u00e8me central de gestion de l\u2019\u00e9nergie qui collecte des donn\u00e9es en temps r\u00e9el \u00e0 partir des compteurs intelligents du gestionnaire de r\u00e9seau pour chaque unit\u00e9. Parall\u00e8lement, la production photovolta\u00efque actuelle et l\u2019\u00e9tat de charge des batteries sont pris en compte. Le contr\u00f4leur REDUXI analyse ces informations en temps r\u00e9el et pilote la distribution de l\u2019\u00e9nergie avec une pr\u00e9cision \u00e0 la seconde : il alimente d\u2019abord la consommation directe, puis charge les batteries.<\/p>\n<p>Les GEA reposent sur des cadres techniques et juridiques d\u00e9finis, tels que le \u00a7 16a de la loi autrichienne sur l\u2019industrie et l\u2019organisation de l\u2019\u00e9lectricit\u00e9 (ElWOG). Un syst\u00e8me de facturation conforme aux exigences m\u00e9trologiques garantit que chaque unit\u00e9 ne paie que pour sa consommation r\u00e9elle. L\u2019\u00e9nergie exc\u00e9dentaire est stock\u00e9e ou inject\u00e9e dans le r\u00e9seau de mani\u00e8re proportionnelle.<\/p>\n<\/div><div class=\"fusion-image-element\" style=\"--awb-margin-top:10px;--awb-margin-bottom:10px;--awb-caption-title-font-family:var(--h2_typography-font-family);--awb-caption-title-font-weight:var(--h2_typography-font-weight);--awb-caption-title-font-style:var(--h2_typography-font-style);--awb-caption-title-size:var(--h2_typography-font-size);--awb-caption-title-transform:var(--h2_typography-text-transform);--awb-caption-title-line-height:var(--h2_typography-line-height);--awb-caption-title-letter-spacing:var(--h2_typography-letter-spacing);\"><span class=\"fusion-imageframe imageframe-none imageframe-2 hover-type-none fusion-animated\" data-animationtype=\"fadeIn\" data-animationduration=\"1.6\" data-animationoffset=\"top-into-view\"><img decoding=\"async\" width=\"1129\" height=\"1500\" title=\"1764250715470\" src=\"https:\/\/www.reduxi.eu\/wp-content\/uploads\/2026\/01\/1764250715470.png\" data-orig-src=\"https:\/\/www.reduxi.eu\/wp-content\/uploads\/2026\/01\/1764250715470.png\" alt class=\"lazyload img-responsive wp-image-7156\" srcset=\"data:image\/svg+xml,%3Csvg%20xmlns%3D%27http%3A%2F%2Fwww.w3.org%2F2000%2Fsvg%27%20width%3D%271129%27%20height%3D%271500%27%20viewBox%3D%270%200%201129%201500%27%3E%3Crect%20width%3D%271129%27%20height%3D%271500%27%20fill-opacity%3D%220%22%2F%3E%3C%2Fsvg%3E\" data-srcset=\"https:\/\/www.reduxi.eu\/wp-content\/uploads\/2026\/01\/1764250715470-200x266.png 200w, https:\/\/www.reduxi.eu\/wp-content\/uploads\/2026\/01\/1764250715470-400x531.png 400w, https:\/\/www.reduxi.eu\/wp-content\/uploads\/2026\/01\/1764250715470-600x797.png 600w, https:\/\/www.reduxi.eu\/wp-content\/uploads\/2026\/01\/1764250715470-800x1063.png 800w, https:\/\/www.reduxi.eu\/wp-content\/uploads\/2026\/01\/1764250715470.png 1129w\" data-sizes=\"auto\" data-orig-sizes=\"(max-width: 640px) 100vw, 1129px\" \/><\/span><\/div><div class=\"fusion-text fusion-text-4\"><p><b>D\u00e9tails techniques du syst\u00e8me de pilotage<\/b><\/p>\n<p>Un \u00e9l\u00e9ment cl\u00e9 du projet est le traitement en temps r\u00e9el des donn\u00e9es provenant des compteurs intelligents du gestionnaire de r\u00e9seau via le nouveau Reduxi P1 Ultra. Le contr\u00f4leur REDUXI utilise ces donn\u00e9es pour piloter l\u2019ensemble du syst\u00e8me de mani\u00e8re flexible et en fonction de la demande \u2014 selon la consommation, l\u2019heure de la journ\u00e9e et la production photovolta\u00efque.<\/p>\n<p>Il convient de noter en particulier la d\u00e9charge nocturne des batteries :<\/p>\n<p>\u00ab M\u00eame en l\u2019absence de production photovolta\u00efque, le syst\u00e8me garantit un approvisionnement \u00e9quitable et efficace. Dans ce cas, le taux d\u2019autosuffisance est pass\u00e9 d\u2019environ 35 % (PV uniquement) \u00e0 environ 70 % \u2014 uniquement gr\u00e2ce \u00e0 la combinaison du stockage par batterie et de la distribution intelligente au sein de la GEA \u00bb, d\u00e9clare avec fiert\u00e9 Johann Lom\u0161ek, CEO de Reduxi DACH GmbH.<\/p>\n<p>L'installation a \u00e9t\u00e9 r\u00e9alis\u00e9e par ELKOtec Smart Energy GmbH. Le directeur g\u00e9n\u00e9ral Ing. Werner Konrad souligne :<\/p>\n<p>\u00ab L\u2019int\u00e9gration \u00e9tait techniquement exigeante, mais le r\u00e9sultat d\u00e9montre ce qui est d\u00e9j\u00e0 possible aujourd\u2019hui. La solution est p\u00e9renne et \u00e9volutive. Pour nous, en tant que fournisseur de solutions, il s\u2019agit d\u2019une nouvelle \u00e9tape pour rendre les syst\u00e8mes de stockage par batterie encore plus intelligents. \u00bb<\/p>\n<\/div><div class=\"fusion-image-element\" style=\"--awb-margin-top:10px;--awb-margin-bottom:10px;--awb-caption-title-font-family:var(--h2_typography-font-family);--awb-caption-title-font-weight:var(--h2_typography-font-weight);--awb-caption-title-font-style:var(--h2_typography-font-style);--awb-caption-title-size:var(--h2_typography-font-size);--awb-caption-title-transform:var(--h2_typography-text-transform);--awb-caption-title-line-height:var(--h2_typography-line-height);--awb-caption-title-letter-spacing:var(--h2_typography-letter-spacing);\"><span class=\"fusion-imageframe imageframe-none imageframe-3 hover-type-none fusion-animated\" data-animationtype=\"fadeInLeft\" data-animationduration=\"1.6\" data-animationoffset=\"top-into-view\"><img decoding=\"async\" width=\"1417\" height=\"872\" title=\"1764253737472\" src=\"https:\/\/www.reduxi.eu\/wp-content\/uploads\/2026\/01\/1764253737472.png\" data-orig-src=\"https:\/\/www.reduxi.eu\/wp-content\/uploads\/2026\/01\/1764253737472.png\" alt class=\"lazyload img-responsive wp-image-7157\" srcset=\"data:image\/svg+xml,%3Csvg%20xmlns%3D%27http%3A%2F%2Fwww.w3.org%2F2000%2Fsvg%27%20width%3D%271417%27%20height%3D%27872%27%20viewBox%3D%270%200%201417%20872%27%3E%3Crect%20width%3D%271417%27%20height%3D%27872%27%20fill-opacity%3D%220%22%2F%3E%3C%2Fsvg%3E\" data-srcset=\"https:\/\/www.reduxi.eu\/wp-content\/uploads\/2026\/01\/1764253737472-200x123.png 200w, https:\/\/www.reduxi.eu\/wp-content\/uploads\/2026\/01\/1764253737472-400x246.png 400w, https:\/\/www.reduxi.eu\/wp-content\/uploads\/2026\/01\/1764253737472-600x369.png 600w, https:\/\/www.reduxi.eu\/wp-content\/uploads\/2026\/01\/1764253737472-800x492.png 800w, https:\/\/www.reduxi.eu\/wp-content\/uploads\/2026\/01\/1764253737472-1200x738.png 1200w, https:\/\/www.reduxi.eu\/wp-content\/uploads\/2026\/01\/1764253737472.png 1417w\" data-sizes=\"auto\" data-orig-sizes=\"(max-width: 640px) 100vw, 1417px\" \/><\/span><\/div><div class=\"fusion-text fusion-text-5\"><p><b>Participants \u00e0 l'installation et au projet<\/b><\/p>\n<p>Le contr\u00f4leur REDUXI, ainsi que les passerelles et les convertisseurs, ont \u00e9t\u00e9 install\u00e9s dans l\u2019armoire de commande. Les syst\u00e8mes de batteries M-TEC et les compteurs d\u2019\u00e9lectricit\u00e9 ont \u00e9t\u00e9 int\u00e9gr\u00e9s et connect\u00e9s \u00e0 la supervision. En outre, les compteurs intelligents du gestionnaire de r\u00e9seau ont \u00e9t\u00e9 configur\u00e9s pour la communication de donn\u00e9es via l\u2019interface P1. \u00c0 cet effet, le convertisseur Reduxi P1 Ultra a \u00e9t\u00e9 utilis\u00e9, assurant un transfert transparent des donn\u00e9es des compteurs intelligents vers le contr\u00f4leur. Le support technique a \u00e9t\u00e9 assur\u00e9 par Alex de l\u2019\u00e9quipe REDUXI DACH.<\/p>\n<p><b>P\u00e9renne gr\u00e2ce \u00e0 l\u2019acc\u00e8s \u00e0 distance<\/b><\/p>\n<p>Via REDUXI Cloud, un acc\u00e8s \u00e0 distance complet au syst\u00e8me de gestion de l'\u00e9nergie est disponible - ind\u00e9pendamment du lieu et en temps r\u00e9el. La surveillance, le diagnostic des pannes, les mises \u00e0 jour logicielles et les ajustements de configuration peuvent \u00eatre effectu\u00e9s \u00e0 distance \u00e0 tout moment, sans n\u00e9cessiter la pr\u00e9sence de techniciens sur place.<\/p>\n<p>Cela permet non seulement de gagner du temps et de r\u00e9duire les co\u00fbts d\u2019exploitation, mais aussi d\u2019am\u00e9liorer consid\u00e9rablement la r\u00e9activit\u00e9 en cas d\u2019optimisation ou de probl\u00e8me. Cet acc\u00e8s num\u00e9rique repr\u00e9sente un avantage d\u00e9cisif, en particulier pour les installations plus complexes comportant plusieurs g\u00e9n\u00e9rateurs, syst\u00e8mes de stockage et consommateurs, pour les op\u00e9rateurs, les installateurs et les r\u00e9sidents.<\/p>\n<p>\u00ab La force de notre syst\u00e8me r\u00e9side dans une optimisation continue en temps r\u00e9el. Reduxi combine la gestion de l\u2019\u00e9nergie avec une r\u00e9activit\u00e9 imm\u00e9diate, en prenant en charge de mani\u00e8re transparente les structures GEA et les communaut\u00e9s \u00e9nerg\u00e9tiques \u2014 nous pla\u00e7ant ainsi une \u00e9tape technologique en avance \u00bb, d\u00e9clare Johann Lom\u0161ek, CEO de Reduxi DACH GmbH.<\/p>\n<\/div><div class=\"fusion-image-element\" style=\"--awb-margin-top:10px;--awb-margin-bottom:10px;--awb-caption-title-font-family:var(--h2_typography-font-family);--awb-caption-title-font-weight:var(--h2_typography-font-weight);--awb-caption-title-font-style:var(--h2_typography-font-style);--awb-caption-title-size:var(--h2_typography-font-size);--awb-caption-title-transform:var(--h2_typography-text-transform);--awb-caption-title-line-height:var(--h2_typography-line-height);--awb-caption-title-letter-spacing:var(--h2_typography-letter-spacing);\"><span class=\"fusion-imageframe imageframe-none imageframe-4 hover-type-none fusion-animated\" data-animationtype=\"fadeInRight\" data-animationduration=\"1.6\" data-animationoffset=\"top-into-view\"><img decoding=\"async\" width=\"1328\" height=\"1000\" title=\"1764250663956\" src=\"https:\/\/www.reduxi.eu\/wp-content\/uploads\/2026\/01\/1764250663956.jpg\" data-orig-src=\"https:\/\/www.reduxi.eu\/wp-content\/uploads\/2026\/01\/1764250663956.jpg\" alt class=\"lazyload img-responsive wp-image-7158\" srcset=\"data:image\/svg+xml,%3Csvg%20xmlns%3D%27http%3A%2F%2Fwww.w3.org%2F2000%2Fsvg%27%20width%3D%271328%27%20height%3D%271000%27%20viewBox%3D%270%200%201328%201000%27%3E%3Crect%20width%3D%271328%27%20height%3D%271000%27%20fill-opacity%3D%220%22%2F%3E%3C%2Fsvg%3E\" data-srcset=\"https:\/\/www.reduxi.eu\/wp-content\/uploads\/2026\/01\/1764250663956-200x151.jpg 200w, https:\/\/www.reduxi.eu\/wp-content\/uploads\/2026\/01\/1764250663956-400x301.jpg 400w, https:\/\/www.reduxi.eu\/wp-content\/uploads\/2026\/01\/1764250663956-600x452.jpg 600w, https:\/\/www.reduxi.eu\/wp-content\/uploads\/2026\/01\/1764250663956-800x602.jpg 800w, https:\/\/www.reduxi.eu\/wp-content\/uploads\/2026\/01\/1764250663956-1200x904.jpg 1200w, https:\/\/www.reduxi.eu\/wp-content\/uploads\/2026\/01\/1764250663956.jpg 1328w\" data-sizes=\"auto\" data-orig-sizes=\"(max-width: 640px) 100vw, 1328px\" \/><\/span><\/div><div class=\"fusion-text fusion-text-6\"><p><span style=\"background-color: rgba(0, 0, 0, 0);\">Ce projet d\u00e9montre que l\u2019\u00e9lectricit\u00e9 produite conjointement peut \u00eatre distribu\u00e9e efficacement et \u00e9quitablement \u2014 avec un impact tangible sur l\u2019autoconsommation, la stabilit\u00e9 du r\u00e9seau et l\u2019ind\u00e9pendance vis-\u00e0-vis du march\u00e9 de l\u2019\u00e9lectricit\u00e9. La combinaison de la GEA, du pilotage intelligent et du stockage par batterie rend les concepts \u00e9nerg\u00e9tiques modernes dans les immeubles collectifs concr\u00e8tement viables d\u00e8s aujourd\u2019hui.<\/span><\/p>\n<\/div><\/div><\/div><\/div><\/div>","protected":false},"excerpt":{"rendered":"","protected":false},"author":15,"featured_media":0,"parent":0,"menu_order":0,"comment_status":"closed","ping_status":"closed","template":"100-width.php","meta":{"footnotes":""},"class_list":["post-7152","page","type-page","status-publish","hentry"],"_links":{"self":[{"href":"https:\/\/www.reduxi.eu\/fr_fr\/wp-json\/wp\/v2\/pages\/7152","targetHints":{"allow":["GET"]}}],"collection":[{"href":"https:\/\/www.reduxi.eu\/fr_fr\/wp-json\/wp\/v2\/pages"}],"about":[{"href":"https:\/\/www.reduxi.eu\/fr_fr\/wp-json\/wp\/v2\/types\/page"}],"author":[{"embeddable":true,"href":"https:\/\/www.reduxi.eu\/fr_fr\/wp-json\/wp\/v2\/users\/15"}],"replies":[{"embeddable":true,"href":"https:\/\/www.reduxi.eu\/fr_fr\/wp-json\/wp\/v2\/comments?post=7152"}],"version-history":[{"count":4,"href":"https:\/\/www.reduxi.eu\/fr_fr\/wp-json\/wp\/v2\/pages\/7152\/revisions"}],"predecessor-version":[{"id":7190,"href":"https:\/\/www.reduxi.eu\/fr_fr\/wp-json\/wp\/v2\/pages\/7152\/revisions\/7190"}],"wp:attachment":[{"href":"https:\/\/www.reduxi.eu\/fr_fr\/wp-json\/wp\/v2\/media?parent=7152"}],"curies":[{"name":"wp","href":"https:\/\/api.w.org\/{rel}","templated":true}]}}