{"id":5071,"date":"2025-05-16T09:43:25","date_gmt":"2025-05-16T07:43:25","guid":{"rendered":"https:\/\/www.reduxi.eu\/?page_id=5071"},"modified":"2025-06-06T08:37:05","modified_gmt":"2025-06-06T06:37:05","slug":"impression","status":"publish","type":"page","link":"https:\/\/www.reduxi.eu\/fr_fr\/imprint\/","title":{"rendered":"Impression"},"content":{"rendered":"<div class=\"fusion-fullwidth fullwidth-box fusion-builder-row-1 fusion-flex-container has-pattern-background has-mask-background nonhundred-percent-fullwidth non-hundred-percent-height-scrolling\" style=\"--awb-border-radius-top-left:0px;--awb-border-radius-top-right:0px;--awb-border-radius-bottom-right:0px;--awb-border-radius-bottom-left:0px;--awb-flex-wrap:wrap;\" ><div class=\"fusion-builder-row fusion-row fusion-flex-align-items-flex-start fusion-flex-content-wrap\" style=\"max-width:calc( 1200px + 0px );margin-left: calc(-0px \/ 2 );margin-right: calc(-0px \/ 2 );\"><div class=\"fusion-layout-column fusion_builder_column fusion-builder-column-0 fusion_builder_column_1_1 1_1 fusion-flex-column\" style=\"--awb-bg-size:cover;--awb-width-large:100%;--awb-margin-top-large:0px;--awb-spacing-right-large:0px;--awb-margin-bottom-large:0px;--awb-spacing-left-large:0px;--awb-width-medium:100%;--awb-order-medium:0;--awb-spacing-right-medium:0px;--awb-spacing-left-medium:0px;--awb-width-small:100%;--awb-order-small:0;--awb-spacing-right-small:0px;--awb-spacing-left-small:0px;\"><div class=\"fusion-column-wrapper fusion-column-has-shadow fusion-flex-justify-content-flex-start fusion-content-layout-column\"><div class=\"fusion-text fusion-text-1\"><h2><strong>Impression<\/strong><\/h2>\n<p>Reduxi FlexCo<br \/>\nEuropaplatz 2,<br \/>\n1150 Vienne,<br \/>\nAutriche<\/p>\n<p>T\u00e9l\u00e9phone : +43 676 3246681 +43 676 3246681<br \/>\nCourriel : info@reduxi.eu<\/p>\n<p><strong>Num\u00e9ro d'enregistrement de la soci\u00e9t\u00e9<\/strong>: FN 628777 y<br \/>\n<strong>Tribunal de commerce<\/strong>: Tribunal de commerce de Vienne<\/p>\n<p class=\"translation-block\"><strong>Activit\u00e9 commerciale<\/strong> : D\u00e9veloppement de logiciels<br>.\r\n<strong>Num\u00e9ro de TVA<\/strong> : ATU80772727<\/p>\n<p><strong>Directeur g\u00e9n\u00e9ral :<\/strong> M. Ale\u0161 Nastran<\/p>\n<p><strong>Structure de la propri\u00e9t\u00e9 :<\/strong><\/p>\n<p>Soci\u00e9t\u00e9 : VERBUND Ventures GmbH<br \/>\nType : Soci\u00e9t\u00e9 priv\u00e9e \u00e0 responsabilit\u00e9 limit\u00e9e (Ges.m.b.H.)<br \/>\nPartager : 11.79%<\/p>\n<p>M. Ale\u0161 Nastran<br \/>\nType : Particulier<br \/>\nPartager : 31.49%<\/p>\n<p>M. Primo\u017e Becan<br \/>\nType : Particulier<br \/>\nPartager : 31.49%<\/p>\n<p>M. Tadej Beravs<br \/>\nType : Particulier<br \/>\nPartager : 13.54%<\/p>\n<p>Entreprise : ACEX, solutions num\u00e9riques, Ltd.<br \/>\nType : Soci\u00e9t\u00e9 anonyme<br \/>\nPartager : 11.79%<\/p>\n<p><strong>R\u00e9solution des litiges dans l'UE<\/strong><\/p>\n<p>Conform\u00e9ment au r\u00e8glement relatif au r\u00e8glement en ligne des litiges de consommation (r\u00e8glement ODR), nous souhaitons vous informer sur la plateforme de r\u00e8glement en ligne des litiges (plateforme ODR).<br \/>\nLes consommateurs ont la possibilit\u00e9 de d\u00e9poser des plaintes aupr\u00e8s de la plateforme de r\u00e8glement en ligne des litiges de la Commission europ\u00e9enne \u00e0 l'adresse suivante :<br \/>\nhttps:\/\/ec.europa.eu\/consumers\/odr\/main\/index.cfm?event=main.home2.show&amp;lng=DE<\/p>\n<\/div><\/div><\/div><\/div><\/div>","protected":false},"excerpt":{"rendered":"","protected":false},"author":15,"featured_media":0,"parent":0,"menu_order":0,"comment_status":"closed","ping_status":"closed","template":"100-width.php","meta":{"footnotes":""},"class_list":["post-5071","page","type-page","status-publish","hentry"],"_links":{"self":[{"href":"https:\/\/www.reduxi.eu\/fr_fr\/wp-json\/wp\/v2\/pages\/5071","targetHints":{"allow":["GET"]}}],"collection":[{"href":"https:\/\/www.reduxi.eu\/fr_fr\/wp-json\/wp\/v2\/pages"}],"about":[{"href":"https:\/\/www.reduxi.eu\/fr_fr\/wp-json\/wp\/v2\/types\/page"}],"author":[{"embeddable":true,"href":"https:\/\/www.reduxi.eu\/fr_fr\/wp-json\/wp\/v2\/users\/15"}],"replies":[{"embeddable":true,"href":"https:\/\/www.reduxi.eu\/fr_fr\/wp-json\/wp\/v2\/comments?post=5071"}],"version-history":[{"count":6,"href":"https:\/\/www.reduxi.eu\/fr_fr\/wp-json\/wp\/v2\/pages\/5071\/revisions"}],"predecessor-version":[{"id":5128,"href":"https:\/\/www.reduxi.eu\/fr_fr\/wp-json\/wp\/v2\/pages\/5071\/revisions\/5128"}],"wp:attachment":[{"href":"https:\/\/www.reduxi.eu\/fr_fr\/wp-json\/wp\/v2\/media?parent=5071"}],"curies":[{"name":"wp","href":"https:\/\/api.w.org\/{rel}","templated":true}]}}