{"id":7152,"date":"2026-01-08T14:58:33","date_gmt":"2026-01-08T13:58:33","guid":{"rendered":"https:\/\/www.reduxi.eu\/?page_id=7152"},"modified":"2026-01-08T14:58:33","modified_gmt":"2026-01-08T13:58:33","slug":"gea-maltatalweg","status":"publish","type":"page","link":"https:\/\/www.reduxi.eu\/fi\/gea-maltatalweg\/","title":{"rendered":"GEA Maltatalweg"},"content":{"rendered":"<div class=\"fusion-fullwidth fullwidth-box fusion-builder-row-1 fusion-flex-container nonhundred-percent-fullwidth non-hundred-percent-height-scrolling\" style=\"--awb-border-radius-top-left:0px;--awb-border-radius-top-right:0px;--awb-border-radius-bottom-right:0px;--awb-border-radius-bottom-left:0px;--awb-flex-wrap:wrap;\" ><div class=\"fusion-builder-row fusion-row fusion-flex-align-items-flex-start fusion-flex-content-wrap\" style=\"max-width:calc( 1200px + 0px );margin-left: calc(-0px \/ 2 );margin-right: calc(-0px \/ 2 );\"><div class=\"fusion-layout-column fusion_builder_column fusion-builder-column-0 fusion_builder_column_1_1 1_1 fusion-flex-column\" style=\"--awb-bg-size:cover;--awb-width-large:100%;--awb-margin-top-large:0px;--awb-spacing-right-large:0px;--awb-margin-bottom-large:0px;--awb-spacing-left-large:0px;--awb-width-medium:100%;--awb-order-medium:0;--awb-spacing-right-medium:0px;--awb-spacing-left-medium:0px;--awb-width-small:100%;--awb-order-small:0;--awb-spacing-right-small:0px;--awb-spacing-left-small:0px;\"><div class=\"fusion-column-wrapper fusion-column-has-shadow fusion-flex-justify-content-flex-start fusion-content-layout-column\"><div class=\"fusion-text fusion-text-1\"><h4>Pilottihanke onnistuneesti toteutettu:<\/h4>\n<h3>REDUXI ohjaa akkuvarastoa ja aurinkos\u00e4hk\u00f6j\u00e4rjestelm\u00e4\u00e4 jaetussa tuotantolaitoksessa (GEA) monikerrostalossa.<\/h3>\n<\/div><\/div><\/div><div class=\"fusion-layout-column fusion_builder_column fusion-builder-column-1 fusion_builder_column_1_1 1_1 fusion-flex-column\" style=\"--awb-bg-blend:overlay;--awb-bg-size:cover;--awb-width-large:100%;--awb-margin-top-large:0px;--awb-spacing-right-large:0px;--awb-margin-bottom-large:0px;--awb-spacing-left-large:0px;--awb-width-medium:100%;--awb-spacing-right-medium:0px;--awb-spacing-left-medium:0px;--awb-width-small:100%;--awb-spacing-right-small:0px;--awb-spacing-left-small:0px;\"><div class=\"fusion-column-wrapper fusion-flex-justify-content-flex-start fusion-content-layout-column\"><div class=\"fusion-text fusion-text-2\"><p>REDUXI-tiimi on saattanut onnistuneesti p\u00e4\u00e4t\u00f6kseen tulevaisuuteen suuntautuneen pilottihankkeen Maltatalwegiss\u00e4 K\u00e4rnteniss\u00e4. Tavoitteena oli maksimoida monikerroksisen asuinrakennuksen omavaraisuus \u00e4lykk\u00e4\u00e4n ohjauksen avulla ja samalla minimoida verkon sy\u00f6tt\u00f6 - ja t\u00e4m\u00e4 onnistui erinomaisesti.<\/p>\n<\/div><div class=\"fusion-image-element\" style=\"--awb-margin-top:10px;--awb-margin-bottom:10px;--awb-caption-title-font-family:var(--h2_typography-font-family);--awb-caption-title-font-weight:var(--h2_typography-font-weight);--awb-caption-title-font-style:var(--h2_typography-font-style);--awb-caption-title-size:var(--h2_typography-font-size);--awb-caption-title-transform:var(--h2_typography-text-transform);--awb-caption-title-line-height:var(--h2_typography-line-height);--awb-caption-title-letter-spacing:var(--h2_typography-letter-spacing);\"><span class=\"fusion-imageframe imageframe-none imageframe-1 hover-type-none fusion-animated\" data-animationtype=\"fadeInUp\" data-animationduration=\"1.6\" data-animationoffset=\"top-into-view\"><img decoding=\"async\" width=\"1280\" height=\"719\" title=\"1764084781830 (1)\" src=\"https:\/\/www.reduxi.eu\/wp-content\/uploads\/2026\/01\/1764084781830-1.png\" data-orig-src=\"https:\/\/www.reduxi.eu\/wp-content\/uploads\/2026\/01\/1764084781830-1.png\" alt class=\"lazyload img-responsive wp-image-7155\" srcset=\"data:image\/svg+xml,%3Csvg%20xmlns%3D%27http%3A%2F%2Fwww.w3.org%2F2000%2Fsvg%27%20width%3D%271280%27%20height%3D%27719%27%20viewBox%3D%270%200%201280%20719%27%3E%3Crect%20width%3D%271280%27%20height%3D%27719%27%20fill-opacity%3D%220%22%2F%3E%3C%2Fsvg%3E\" data-srcset=\"https:\/\/www.reduxi.eu\/wp-content\/uploads\/2026\/01\/1764084781830-1-200x112.png 200w, https:\/\/www.reduxi.eu\/wp-content\/uploads\/2026\/01\/1764084781830-1-400x225.png 400w, https:\/\/www.reduxi.eu\/wp-content\/uploads\/2026\/01\/1764084781830-1-600x337.png 600w, https:\/\/www.reduxi.eu\/wp-content\/uploads\/2026\/01\/1764084781830-1-800x449.png 800w, https:\/\/www.reduxi.eu\/wp-content\/uploads\/2026\/01\/1764084781830-1-1200x674.png 1200w, https:\/\/www.reduxi.eu\/wp-content\/uploads\/2026\/01\/1764084781830-1.png 1280w\" data-sizes=\"auto\" data-orig-sizes=\"(max-width: 640px) 100vw, 1280px\" \/><\/span><\/div><div class=\"fusion-text fusion-text-3\"><p><span style=\"background-color: rgba(0, 0, 0, 0);\"><b>Tavoitteet ja t\u00e4yt\u00e4nt\u00f6\u00f6npano<\/b><\/span><\/p>\n<p>Hankkeen ytimess\u00e4 oli kahden M-TEC-hybridiaakkuvarastoj\u00e4rjestelm\u00e4n tarkka reaaliaikainen ohjaus, joiden kummankin varastointikapasiteetti oli 30,7 kWh. Erityist\u00e4 huomiota kiinnitettiin yhteisen tuotantolaitoksen (GEA) integrointiin ja optimointiin.<\/p>\n<p><b>Mik\u00e4 on GEA?<\/b><\/p>\n<p>Yhteinen tuotantolaitos (Gemeinschaftliche Erzeugungsanlage - GEA) mahdollistaa sen, ett\u00e4 useat k\u00e4ytt\u00f6yksik\u00f6t - kuten kerrostalon asunnot - voivat k\u00e4ytt\u00e4\u00e4 yhdess\u00e4 keskitetyn aurinkos\u00e4hk\u00f6j\u00e4rjestelm\u00e4n tuottamaa s\u00e4hk\u00f6\u00e4. Sen sijaan, ett\u00e4 s\u00e4hk\u00f6\u00e4 vain sy\u00f6tett\u00e4isiin verkkoon, energia jaetaan paikallisesti sinne, miss\u00e4 sit\u00e4 kulloinkin tarvitaan. T\u00e4m\u00e4 lis\u00e4\u00e4 merkitt\u00e4v\u00e4sti omavaraisuutta ja v\u00e4hent\u00e4\u00e4 sy\u00f6tt\u00f6\u00e4 julkiseen verkkoon.<\/p>\n<p>Teknisesti t\u00e4m\u00e4 saavutetaan keskitetyll\u00e4 energianhallintaj\u00e4rjestelm\u00e4ll\u00e4, joka ker\u00e4\u00e4 reaaliaikaisia tietoja verkonhaltijan \u00e4lykk\u00e4ilt\u00e4 mittareilta kunkin yksitt\u00e4isen yksik\u00f6n osalta. Samalla otetaan huomioon aurinkos\u00e4hk\u00f6n t\u00e4m\u00e4nhetkinen tuotanto ja akkujen varaustila. REDUXI-ohjain analysoi n\u00e4m\u00e4 tiedot reaaliaikaisesti ja ohjaa energianjakelua toisen tason tarkkuudella: ensin toimitetaan suoraan kulutukseen ja sitten ladataan akkuja.<\/p>\n<p>GEA:t perustuvat m\u00e4\u00e4riteltyihin verkkoteknisiin ja oikeudellisiin puitteisiin, kuten It\u00e4vallan s\u00e4hk\u00f6alaa ja -organisaatiota koskevan lain (ElWOG) 16 a \u00a7:\u00e4\u00e4n. Metrologisesti yhteensopiva laskutusj\u00e4rjestelm\u00e4 varmistaa, ett\u00e4 kukin yksikk\u00f6 maksaa vain todellisesta kulutuksestaan. Ylij\u00e4\u00e4m\u00e4energia varastoidaan tai sy\u00f6tet\u00e4\u00e4n verkkoon suhteellisesti.<\/p>\n<\/div><div class=\"fusion-image-element\" style=\"--awb-margin-top:10px;--awb-margin-bottom:10px;--awb-caption-title-font-family:var(--h2_typography-font-family);--awb-caption-title-font-weight:var(--h2_typography-font-weight);--awb-caption-title-font-style:var(--h2_typography-font-style);--awb-caption-title-size:var(--h2_typography-font-size);--awb-caption-title-transform:var(--h2_typography-text-transform);--awb-caption-title-line-height:var(--h2_typography-line-height);--awb-caption-title-letter-spacing:var(--h2_typography-letter-spacing);\"><span class=\"fusion-imageframe imageframe-none imageframe-2 hover-type-none fusion-animated\" data-animationtype=\"fadeIn\" data-animationduration=\"1.6\" data-animationoffset=\"top-into-view\"><img decoding=\"async\" width=\"1129\" height=\"1500\" title=\"1764250715470\" src=\"https:\/\/www.reduxi.eu\/wp-content\/uploads\/2026\/01\/1764250715470.png\" data-orig-src=\"https:\/\/www.reduxi.eu\/wp-content\/uploads\/2026\/01\/1764250715470.png\" alt class=\"lazyload img-responsive wp-image-7156\" srcset=\"data:image\/svg+xml,%3Csvg%20xmlns%3D%27http%3A%2F%2Fwww.w3.org%2F2000%2Fsvg%27%20width%3D%271129%27%20height%3D%271500%27%20viewBox%3D%270%200%201129%201500%27%3E%3Crect%20width%3D%271129%27%20height%3D%271500%27%20fill-opacity%3D%220%22%2F%3E%3C%2Fsvg%3E\" data-srcset=\"https:\/\/www.reduxi.eu\/wp-content\/uploads\/2026\/01\/1764250715470-200x266.png 200w, https:\/\/www.reduxi.eu\/wp-content\/uploads\/2026\/01\/1764250715470-400x531.png 400w, https:\/\/www.reduxi.eu\/wp-content\/uploads\/2026\/01\/1764250715470-600x797.png 600w, https:\/\/www.reduxi.eu\/wp-content\/uploads\/2026\/01\/1764250715470-800x1063.png 800w, https:\/\/www.reduxi.eu\/wp-content\/uploads\/2026\/01\/1764250715470.png 1129w\" data-sizes=\"auto\" data-orig-sizes=\"(max-width: 640px) 100vw, 1129px\" \/><\/span><\/div><div class=\"fusion-text fusion-text-4\"><p><b>Ohjausj\u00e4rjestelm\u00e4n tekniset tiedot<\/b><\/p>\n<p>Keskeinen osa hanketta on verkonhaltijan \u00e4lykk\u00e4iden mittareiden tietojen reaaliaikainen k\u00e4sittely uuden Reduxi P1 Ultra -laitteen avulla. REDUXI Controller k\u00e4ytt\u00e4\u00e4 n\u00e4it\u00e4 tietoja koko j\u00e4rjestelm\u00e4n joustavaan ja kysynn\u00e4n mukaiseen ohjaukseen kulutuksen, vuorokaudenajan ja aurinkos\u00e4hk\u00f6tuotannon mukaan.<\/p>\n<p>Erityisen huomionarvoista on akkujen y\u00f6llinen purkautuminen:<\/p>\n<p>\u201cJ\u00e4rjestelm\u00e4 takaa oikeudenmukaisen ja tehokkaan toimituksen silloinkin, kun aurinkos\u00e4hk\u00f6\u00e4 ei ole saatavilla. T\u00e4ss\u00e4 tapauksessa omavaraisuusaste nousi noin 35 %:st\u00e4 (pelkk\u00e4 aurinkos\u00e4hk\u00f6) noin 70 %:iin - pelk\u00e4st\u00e4\u00e4n akkuvarastojen ja GEA:n \u00e4lykk\u00e4\u00e4n jakelun yhdistelm\u00e4ll\u00e4\u201d, Reduxi DACH GmbH:n toimitusjohtaja Johann Lom\u0161ek kertoo ylpe\u00e4n\u00e4.<\/p>\n<p>Asennuksen suoritti ELKOtec Smart Energy GmbH. Toimitusjohtaja Ing. Werner Konrad korostaa:<\/p>\n<p>\u201cIntegrointi oli teknisesti vaativaa, mutta tulos osoittaa, mik\u00e4 on jo nyt mahdollista. Ratkaisu on tulevaisuuden kest\u00e4v\u00e4 ja skaalautuva. Meille ratkaisun tarjoajana t\u00e4m\u00e4 on j\u00e4lleen yksi virstanpylv\u00e4s, kun akkuvarastoj\u00e4rjestelmist\u00e4 tehd\u00e4\u00e4n entist\u00e4kin \u00e4lykk\u00e4\u00e4mpi\u00e4.\u201d<\/p>\n<\/div><div class=\"fusion-image-element\" style=\"--awb-margin-top:10px;--awb-margin-bottom:10px;--awb-caption-title-font-family:var(--h2_typography-font-family);--awb-caption-title-font-weight:var(--h2_typography-font-weight);--awb-caption-title-font-style:var(--h2_typography-font-style);--awb-caption-title-size:var(--h2_typography-font-size);--awb-caption-title-transform:var(--h2_typography-text-transform);--awb-caption-title-line-height:var(--h2_typography-line-height);--awb-caption-title-letter-spacing:var(--h2_typography-letter-spacing);\"><span class=\"fusion-imageframe imageframe-none imageframe-3 hover-type-none fusion-animated\" data-animationtype=\"fadeInLeft\" data-animationduration=\"1.6\" data-animationoffset=\"top-into-view\"><img decoding=\"async\" width=\"1417\" height=\"872\" title=\"1764253737472\" src=\"https:\/\/www.reduxi.eu\/wp-content\/uploads\/2026\/01\/1764253737472.png\" data-orig-src=\"https:\/\/www.reduxi.eu\/wp-content\/uploads\/2026\/01\/1764253737472.png\" alt class=\"lazyload img-responsive wp-image-7157\" srcset=\"data:image\/svg+xml,%3Csvg%20xmlns%3D%27http%3A%2F%2Fwww.w3.org%2F2000%2Fsvg%27%20width%3D%271417%27%20height%3D%27872%27%20viewBox%3D%270%200%201417%20872%27%3E%3Crect%20width%3D%271417%27%20height%3D%27872%27%20fill-opacity%3D%220%22%2F%3E%3C%2Fsvg%3E\" data-srcset=\"https:\/\/www.reduxi.eu\/wp-content\/uploads\/2026\/01\/1764253737472-200x123.png 200w, https:\/\/www.reduxi.eu\/wp-content\/uploads\/2026\/01\/1764253737472-400x246.png 400w, https:\/\/www.reduxi.eu\/wp-content\/uploads\/2026\/01\/1764253737472-600x369.png 600w, https:\/\/www.reduxi.eu\/wp-content\/uploads\/2026\/01\/1764253737472-800x492.png 800w, https:\/\/www.reduxi.eu\/wp-content\/uploads\/2026\/01\/1764253737472-1200x738.png 1200w, https:\/\/www.reduxi.eu\/wp-content\/uploads\/2026\/01\/1764253737472.png 1417w\" data-sizes=\"auto\" data-orig-sizes=\"(max-width: 640px) 100vw, 1417px\" \/><\/span><\/div><div class=\"fusion-text fusion-text-5\"><p><b>Asennus ja hankkeen osallistujat<\/b><\/p>\n<p>REDUXI-ohjain sek\u00e4 yhdysk\u00e4yt\u00e4v\u00e4t ja muuntimet asennettiin ohjauskaappiin. M-TEC-akkuj\u00e4rjestelm\u00e4t ja s\u00e4hk\u00f6mittarit integroitiin ja liitettiin valvontaan. Lis\u00e4ksi verkonhaltijan \u00e4lykk\u00e4\u00e4t mittarit konfiguroitiin P1-rajapinnan kautta tapahtuvaa tiedonsiirtoa varten. T\u00e4h\u00e4n tarkoitukseen k\u00e4ytettiin Reduxi P1 Ultra -muunninta, joka siirsi \u00e4lymittaritiedot saumattomasti ohjaukseen. Teknist\u00e4 tukea tarjosi Alex REDUXI DACH -tiimist\u00e4.<\/p>\n<p><b>Varmista tulevaisuus et\u00e4k\u00e4yt\u00f6n avulla<\/b><\/p>\n<p>REDUXI Cloud -pilvipalvelun kautta energianhallintaj\u00e4rjestelm\u00e4\u00e4n on t\u00e4ysi et\u00e4k\u00e4ytt\u00f6oikeus - sijainnista riippumatta ja reaaliajassa. Seuranta, vikadiagnoosi, ohjelmistop\u00e4ivitykset ja konfigurointis\u00e4\u00e4d\u00f6t voidaan suorittaa et\u00e4yhteydell\u00e4 milloin tahansa ilman, ett\u00e4 paikalle tarvitaan teknikkoja.<\/p>\n<p>T\u00e4m\u00e4 ei ainoastaan s\u00e4\u00e4st\u00e4 aikaa ja k\u00e4ytt\u00f6kustannuksia, vaan my\u00f6s parantaa huomattavasti reagointinopeutta optimointien tai ongelmien ilmetess\u00e4. Etenkin monimutkaisemmissa laitoksissa, joissa on useita generaattoreita, varastointij\u00e4rjestelmi\u00e4 ja kuluttajia, t\u00e4m\u00e4 digitaalinen p\u00e4\u00e4sy on ratkaiseva etu - niin operaattoreille, asentajille kuin asukkaillekin.<\/p>\n<p>\u201cJ\u00e4rjestelm\u00e4mme vahvuus on johdonmukainen reaaliaikainen optimointi. Reduxi yhdist\u00e4\u00e4 energianhallinnan ja v\u00e4litt\u00f6m\u00e4n reagointikyvyn ja tukee saumattomasti sek\u00e4 GEA:n rakenteita ett\u00e4 energiayhteis\u00f6j\u00e4 - olemme n\u00e4in teknologisesti askeleen edell\u00e4\u201d, sanoo Johann Lom\u0161ek, Reduxi DACH GmbH:n toimitusjohtaja.<\/p>\n<\/div><div class=\"fusion-image-element\" style=\"--awb-margin-top:10px;--awb-margin-bottom:10px;--awb-caption-title-font-family:var(--h2_typography-font-family);--awb-caption-title-font-weight:var(--h2_typography-font-weight);--awb-caption-title-font-style:var(--h2_typography-font-style);--awb-caption-title-size:var(--h2_typography-font-size);--awb-caption-title-transform:var(--h2_typography-text-transform);--awb-caption-title-line-height:var(--h2_typography-line-height);--awb-caption-title-letter-spacing:var(--h2_typography-letter-spacing);\"><span class=\"fusion-imageframe imageframe-none imageframe-4 hover-type-none fusion-animated\" data-animationtype=\"fadeInRight\" data-animationduration=\"1.6\" data-animationoffset=\"top-into-view\"><img decoding=\"async\" width=\"1328\" height=\"1000\" title=\"1764250663956\" src=\"https:\/\/www.reduxi.eu\/wp-content\/uploads\/2026\/01\/1764250663956.jpg\" data-orig-src=\"https:\/\/www.reduxi.eu\/wp-content\/uploads\/2026\/01\/1764250663956.jpg\" alt class=\"lazyload img-responsive wp-image-7158\" srcset=\"data:image\/svg+xml,%3Csvg%20xmlns%3D%27http%3A%2F%2Fwww.w3.org%2F2000%2Fsvg%27%20width%3D%271328%27%20height%3D%271000%27%20viewBox%3D%270%200%201328%201000%27%3E%3Crect%20width%3D%271328%27%20height%3D%271000%27%20fill-opacity%3D%220%22%2F%3E%3C%2Fsvg%3E\" data-srcset=\"https:\/\/www.reduxi.eu\/wp-content\/uploads\/2026\/01\/1764250663956-200x151.jpg 200w, https:\/\/www.reduxi.eu\/wp-content\/uploads\/2026\/01\/1764250663956-400x301.jpg 400w, https:\/\/www.reduxi.eu\/wp-content\/uploads\/2026\/01\/1764250663956-600x452.jpg 600w, https:\/\/www.reduxi.eu\/wp-content\/uploads\/2026\/01\/1764250663956-800x602.jpg 800w, https:\/\/www.reduxi.eu\/wp-content\/uploads\/2026\/01\/1764250663956-1200x904.jpg 1200w, https:\/\/www.reduxi.eu\/wp-content\/uploads\/2026\/01\/1764250663956.jpg 1328w\" data-sizes=\"auto\" data-orig-sizes=\"(max-width: 640px) 100vw, 1328px\" \/><\/span><\/div><div class=\"fusion-text fusion-text-6\"><p><span style=\"background-color: rgba(0, 0, 0, 0);\">T\u00e4m\u00e4 hanke osoittaa, miten yhteisesti tuotettua s\u00e4hk\u00f6\u00e4 voidaan jakaa tehokkaasti ja oikeudenmukaisesti - mill\u00e4 on konkreettisia vaikutuksia omaan kulutukseen, verkon vakauteen ja riippumattomuuteen s\u00e4hk\u00f6markkinoista. GEA:n, \u00e4lykk\u00e4\u00e4n ohjauksen ja akkuvarastojen yhdistelm\u00e4 tekee nykyaikaisista energiakonsepteista monikerrostaloissa k\u00e4yt\u00e4nn\u00f6ss\u00e4 toteuttamiskelpoisia jo nyt.<\/span><\/p>\n<\/div><\/div><\/div><\/div><\/div>","protected":false},"excerpt":{"rendered":"","protected":false},"author":15,"featured_media":0,"parent":0,"menu_order":0,"comment_status":"closed","ping_status":"closed","template":"100-width.php","meta":{"footnotes":""},"class_list":["post-7152","page","type-page","status-publish","hentry"],"_links":{"self":[{"href":"https:\/\/www.reduxi.eu\/fi\/wp-json\/wp\/v2\/pages\/7152","targetHints":{"allow":["GET"]}}],"collection":[{"href":"https:\/\/www.reduxi.eu\/fi\/wp-json\/wp\/v2\/pages"}],"about":[{"href":"https:\/\/www.reduxi.eu\/fi\/wp-json\/wp\/v2\/types\/page"}],"author":[{"embeddable":true,"href":"https:\/\/www.reduxi.eu\/fi\/wp-json\/wp\/v2\/users\/15"}],"replies":[{"embeddable":true,"href":"https:\/\/www.reduxi.eu\/fi\/wp-json\/wp\/v2\/comments?post=7152"}],"version-history":[{"count":4,"href":"https:\/\/www.reduxi.eu\/fi\/wp-json\/wp\/v2\/pages\/7152\/revisions"}],"predecessor-version":[{"id":7190,"href":"https:\/\/www.reduxi.eu\/fi\/wp-json\/wp\/v2\/pages\/7152\/revisions\/7190"}],"wp:attachment":[{"href":"https:\/\/www.reduxi.eu\/fi\/wp-json\/wp\/v2\/media?parent=7152"}],"curies":[{"name":"wp","href":"https:\/\/api.w.org\/{rel}","templated":true}]}}