{"id":6774,"date":"2025-11-19T10:00:17","date_gmt":"2025-11-19T09:00:17","guid":{"rendered":"https:\/\/www.reduxi.eu\/?page_id=6774"},"modified":"2025-11-19T16:19:08","modified_gmt":"2025-11-19T15:19:08","slug":"bess_and_reduxi_controller","status":"publish","type":"page","link":"https:\/\/www.reduxi.eu\/fi\/bess_and_reduxi_controller\/","title":{"rendered":"BESS ja Reduxi Controller - uusi tulovirta"},"content":{"rendered":"<div class=\"fusion-fullwidth fullwidth-box fusion-builder-row-1 fusion-flex-container has-pattern-background has-mask-background nonhundred-percent-fullwidth non-hundred-percent-height-scrolling\" style=\"--awb-border-radius-top-left:0px;--awb-border-radius-top-right:0px;--awb-border-radius-bottom-right:0px;--awb-border-radius-bottom-left:0px;--awb-flex-wrap:wrap;\" ><div class=\"fusion-builder-row fusion-row fusion-flex-align-items-flex-start fusion-flex-content-wrap\" style=\"max-width:calc( 1200px + 0px );margin-left: calc(-0px \/ 2 );margin-right: calc(-0px \/ 2 );\"><div class=\"fusion-layout-column fusion_builder_column fusion-builder-column-0 fusion_builder_column_1_1 1_1 fusion-flex-column\" style=\"--awb-bg-size:cover;--awb-width-large:100%;--awb-margin-top-large:1.5rem;--awb-spacing-right-large:1.5rem;--awb-margin-bottom-large:1.5rem;--awb-spacing-left-large:1.5rem;--awb-width-medium:100%;--awb-order-medium:0;--awb-spacing-right-medium:1.5rem;--awb-spacing-left-medium:1.5rem;--awb-width-small:100%;--awb-order-small:0;--awb-spacing-right-small:0px;--awb-spacing-left-small:0px;\"><div class=\"fusion-column-wrapper fusion-column-has-shadow fusion-flex-justify-content-flex-start fusion-content-layout-column\"><div class=\"fusion-text fusion-text-1\"><div id=\"content\">\n<h2>BESS ja Reduxi-ohjain - uusi tulovirta<\/h2>\n<p><em>P\u00e4iv\u00e4m\u00e4\u00e4r\u00e4: 20. maaliskuuta 2025<\/em><\/p>\n<p>Nykymaailmassa, jossa k\u00e4ytt\u00e4j\u00e4t joutuvat kohtaamaan nousevia s\u00e4hk\u00f6n hintoja ja verkkomaksuja, kehittyneiden teknologioiden k\u00e4ytt\u00f6 on ratkaisevan t\u00e4rke\u00e4\u00e4 kustannustehokkaan ja kest\u00e4v\u00e4n s\u00e4hk\u00f6nk\u00e4yt\u00f6n kannalta. Yksi t\u00e4llainen teknologia on Reduxi-ohjain, joka mahdollistaa kehittyneiden teko\u00e4lyalgoritmien avulla akkuenergian varastointij\u00e4rjestelmien (BESS) optimaalisen k\u00e4yt\u00f6n eri tarkoituksiin, mukaan lukien s\u00e4hk\u00f6kauppa Day-Ahead- tai Intraday-hinnoilla (jos toimittajat sallivat sen).<\/p>\n<p>Energian varastointij\u00e4rjestelmien hinnat ovat laskeneet viime vuosina, mutta ne ovat edelleen niin korkeat, ett\u00e4 niiden asennuksen kustannustehokkuus edellytt\u00e4\u00e4 huolellista harkintaa ja yksityiskohtaista rahoitussuunnitelmaa. Useimmat potentiaaliset varastointij\u00e4rjestelmien ostajat kohtaavat kuitenkin ongelman (tai eiv\u00e4t huomaa sit\u00e4 sen olemassaolosta huolimatta): miten niit\u00e4 voidaan k\u00e4ytt\u00e4\u00e4 ja miten niit\u00e4 voidaan hy\u00f6dynt\u00e4\u00e4 t\u00e4ysim\u00e4\u00e4r\u00e4isesti?<\/p>\n<\/div>\n<\/div><div class=\"fusion-separator fusion-full-width-sep\" style=\"align-self: center;margin-left: auto;margin-right: auto;margin-top:1.5rem;margin-bottom:1.5rem;width:100%;\"><div class=\"fusion-separator-border sep-single sep-solid\" style=\"--awb-height:20px;--awb-amount:20px;--awb-sep-color:rgba(30,40,50,0.10);border-color:rgba(30,40,50,0.10);border-top-width:1px;\"><\/div><\/div><div class=\"fusion-text fusion-text-2\"><div id=\"content\">\n<h3>Miksi k\u00e4ytt\u00e4\u00e4 energiavarastointij\u00e4rjestelm\u00e4\u00e4 ja Reduxi-s\u00e4\u00e4dint\u00e4?<\/h3>\n<p>Lyhyesti sanottuna sen lis\u00e4ksi, ett\u00e4 voimme varastoida aurinkopaneelien tuottamaa ylim\u00e4\u00e4r\u00e4ist\u00e4 s\u00e4hk\u00f6\u00e4 ja varmistaa keskeytym\u00e4tt\u00f6m\u00e4n toimituksen s\u00e4hk\u00f6verkon katkoksen sattuessa, energian varastointij\u00e4rjestelm\u00e4\u00e4 voidaan hy\u00f6dynt\u00e4\u00e4 kolmella muulla tavalla, jotka kaikki tuovat lis\u00e4tuloja tai v\u00e4hent\u00e4v\u00e4t suoraan s\u00e4hk\u00f6n toimituskustannuksia:<\/p>\n<ol>\n<li><strong>Huipputehon v\u00e4hent\u00e4minen pienempi\u00e4 verkkomaksuja varten<\/strong>: Reduxi-s\u00e4\u00e4din optimoi varastointij\u00e4rjestelm\u00e4n k\u00e4yt\u00f6n v\u00e4hent\u00e4\u00e4kseen huippukuormitusta ja alentaakseen siten verkkomaksuja.<\/li>\n<li><strong>S\u00e4hk\u00f6kauppa<\/strong>: Varastointij\u00e4rjestelm\u00e4 yhdistettyn\u00e4 sopiviin ohjausj\u00e4rjestelmiin, kuten Reduxi, mahdollistaa s\u00e4hk\u00f6kaupan Day-Ahead- ja Intraday-markkinoilla, jolloin hintavaihteluita voidaan hy\u00f6dynt\u00e4\u00e4 tulojen maksimoimiseksi.<\/li>\n<li><strong>J\u00e4rjestelm\u00e4palvelujen tarjoaminen<\/strong>: Varastointij\u00e4rjestelm\u00e4\u00e4 voidaan k\u00e4ytt\u00e4\u00e4 tarjoamaan j\u00e4rjestelm\u00e4palveluja, kuten aFRR (automaattinen taajuuden palautusreservi) ja muita vastaavia palveluja, jotka edist\u00e4v\u00e4t verkon vakautta - mutta vain, jos varastointij\u00e4rjestelm\u00e4\u00e4 ohjataan Reduxi-ohjaimen kaltaisella j\u00e4rjestelm\u00e4ll\u00e4.<\/li>\n<\/ol>\n<p>Reduxi-s\u00e4\u00e4din on suunniteltu energianhallintaan, ja varastointij\u00e4rjestelm\u00e4n ohjauksen lis\u00e4ksi se mahdollistaa integroinnin eri laitteiden kanssa mittauspisteess\u00e4, kuten energiavarastojen, aurinkopaneelien, s\u00e4hk\u00f6autojen latureiden, l\u00e4mp\u00f6pumppujen ja muiden laitteiden kanssa. Kehittyneiden teko\u00e4lyalgoritmien avulla ohjain laskee, miten energiavarastoj\u00e4rjestelm\u00e4\u00e4 k\u00e4ytet\u00e4\u00e4n parhaiten mainittujen tavoitteiden saavuttamiseksi.<\/p>\n<\/div>\n<\/div><div class=\"fusion-separator fusion-full-width-sep\" style=\"align-self: center;margin-left: auto;margin-right: auto;margin-top:1.5rem;margin-bottom:1.5rem;width:100%;\"><div class=\"fusion-separator-border sep-single sep-solid\" style=\"--awb-height:20px;--awb-amount:20px;--awb-sep-color:rgba(30,40,50,0.10);border-color:rgba(30,40,50,0.10);border-top-width:1px;\"><\/div><\/div><div class=\"fusion-text fusion-text-3\"><div id=\"content\">\n<h3 id=\"trading-electricity-on-spot-day-ahead-and-intraday-markets\">Kaupank\u00e4ynti s\u00e4hk\u00f6ll\u00e4 spot- (Day-Ahead) ja p\u00e4iv\u00e4nsis\u00e4isill\u00e4 markkinoilla<\/h3>\n<p>S\u00e4hk\u00f6p\u00f6rssin Day-Ahead- ja Intraday-markkinoilla k\u00e4yt\u00e4v\u00e4 s\u00e4hk\u00f6kauppa mahdollistaa hintaerojen hy\u00f6dynt\u00e4misen taloudellisten hy\u00f6tyjen saavuttamiseksi. Day-Ahead-markkinat mahdollistavat seuraavan p\u00e4iv\u00e4n s\u00e4hk\u00f6kaupan, kun taas Intraday-markkinat mahdollistavat kaupank\u00e4ynnin saman p\u00e4iv\u00e4n aikana, mik\u00e4 mahdollistaa nopeamman reagoinnin tarjonnan ja kysynn\u00e4n muutoksiin.<\/p>\n<h4 id=\"day-ahead-market\">Day-Ahead-markkinat<\/h4>\n<p>Day-Ahead-markkinat ovat s\u00e4hk\u00f6p\u00f6rssin organisoidut markkinat, joilla k\u00e4yd\u00e4\u00e4n kauppaa seuraavaa p\u00e4iv\u00e4\u00e4 varten. P\u00e4iv\u00e4n kunkin tunnin hinnat m\u00e4\u00e4r\u00e4ytyv\u00e4t kysynn\u00e4n ja tarjonnan perusteella. N\u00e4iden tietojen avulla Reduxi-ohjain voi suunnitella varastointij\u00e4rjestelm\u00e4n latauksen ja purun siten, ett\u00e4 kulutus (enemm\u00e4n alhaisen tai negatiivisen hinnan aikana ja v\u00e4hemm\u00e4n korkean hinnan aikana) ja tuotanto (enemm\u00e4n korkean hinnan aikana ja v\u00e4h\u00e4n tai ei lainkaan alhaisen tai negatiivisen hinnan aikana) optimoidaan. Erot voivat olla merkitt\u00e4vi\u00e4, ja megawattitunnin varastointikapasiteetti voi tuottaa noin 100 euron p\u00e4ivitt\u00e4isen tuoton.<\/p>\n<h4 id=\"intraday-market\">P\u00e4iv\u00e4nsis\u00e4iset markkinat<\/h4>\n<p>P\u00e4iv\u00e4nsis\u00e4iset markkinat mahdollistavat s\u00e4hk\u00f6kaupan saman p\u00e4iv\u00e4n aikana. N\u00e4m\u00e4 markkinat ovat dynaamisemmat ja mahdollistavat nopeamman mukautumisen kysynn\u00e4n ja tarjonnan muutoksiin. Osallistujat voivat k\u00e4yd\u00e4 kauppaa reaaliaikaisesti 15 minuutin v\u00e4lein, mik\u00e4 mahdollistaa lyhytaikaisten hintavaihteluiden hy\u00f6dynt\u00e4misen. Reduxi-ohjain varmistaa t\u00e4ss\u00e4kin tapauksessa, ett\u00e4 k\u00e4ytt\u00e4j\u00e4n asettamien muiden rajoitusten (kuten varastojen v\u00e4himm\u00e4is- ja enimm\u00e4istasot sek\u00e4 varattu kapasiteetti ruuhkahuippujen ajaksi tai j\u00e4rjestelm\u00e4palveluihin) rajoissa maksimoidaan hintavaihtelut, jotta k\u00e4ytt\u00e4j\u00e4n lopulliset s\u00e4hk\u00f6kustannukset pienenisiv\u00e4t.<\/p>\n<\/div>\n<\/div><div class=\"fusion-separator fusion-full-width-sep\" style=\"align-self: center;margin-left: auto;margin-right: auto;margin-top:1.5rem;margin-bottom:1.5rem;width:100%;\"><div class=\"fusion-separator-border sep-single sep-solid\" style=\"--awb-height:20px;--awb-amount:20px;--awb-sep-color:rgba(30,40,50,0.10);border-color:rgba(30,40,50,0.10);border-top-width:1px;\"><\/div><\/div><div class=\"fusion-text fusion-text-4\"><div id=\"content\">\n<h3 id=\"using-ai-algorithms-to-optimize-storage-systems\">Teko\u00e4lyalgoritmien k\u00e4ytt\u00f6 tallennusj\u00e4rjestelmien optimointiin<\/h3>\n<p>Reduxi-s\u00e4\u00e4din k\u00e4ytt\u00e4\u00e4 kehittyneit\u00e4 teko\u00e4lyalgoritmeja energiavarastojen k\u00e4yt\u00f6n optimointiin. N\u00e4m\u00e4 algoritmit analysoivat reaaliaikaisia tietoja, kuten s\u00e4hk\u00f6n p\u00f6rssihintoja, historiatietoja, s\u00e4\u00e4ennusteita ja muita merkityksellisi\u00e4 tekij\u00f6it\u00e4. N\u00e4iden tietojen perusteella teko\u00e4lyalgoritmit laskevat varastointij\u00e4rjestelm\u00e4n optimaalisimman k\u00e4yt\u00f6n, jotta saavutetaan p\u00e4\u00e4tavoite eli s\u00e4hk\u00f6kustannuss\u00e4\u00e4st\u00f6jen maksimointi tai tarkemmat tavoitteet, kuten huipputehon s\u00e4\u00e4st\u00e4minen.<\/p>\n<h4 id=\"advantages-of-using-ai-algorithms\">Teko\u00e4lyalgoritmien k\u00e4yt\u00f6n edut<\/h4>\n<ol>\n<li><strong>Tarkka energian kysynn\u00e4n ennustaminen<\/strong>: Teko\u00e4lyalgoritmit pystyv\u00e4t ennustamaan tarkasti energian kysynt\u00e4malleja, jotka perustuvat historiatietoihin, s\u00e4\u00e4olosuhteisiin, vuorokaudenaikaan ja muihin muuttujiin. T\u00e4m\u00e4 mahdollistaa varastointij\u00e4rjestelm\u00e4n k\u00e4yt\u00f6n paremman suunnittelun ja s\u00e4\u00e4t\u00e4misen.<\/li>\n<li><strong>Energian hinnanmuutosten hy\u00f6dynt\u00e4minen p\u00f6rssiss\u00e4<\/strong>: Teko\u00e4lyalgoritmit mahdollistavat energian hinnan p\u00e4ivitt\u00e4isten ja tuntikohtaisten vaihteluiden hy\u00f6dynt\u00e4misen reaaliaikaisesti kysynn\u00e4n ja tarjonnan perusteella. T\u00e4m\u00e4 mahdollistaa energiank\u00e4yt\u00f6n optimoinnin hy\u00f6dynt\u00e4m\u00e4ll\u00e4 alhaisempia hintoja alhaisen kysynn\u00e4n aikana latausta varten ja korkeampia hintoja korkean kysynn\u00e4n aikana varastointij\u00e4rjestelm\u00e4n purkamista varten.<\/li>\n<li><strong>K\u00e4ytt\u00e4j\u00e4tottumusten analysointi ja mukauttaminen<\/strong>: Teko\u00e4lyalgoritmit voivat analysoida k\u00e4ytt\u00e4jien tottumuksia, kuten sit\u00e4, milloin he tyypillisesti kuluttavat s\u00e4hk\u00f6\u00e4 ja milloin heid\u00e4n s\u00e4hk\u00f6nkulutuksensa on v\u00e4h\u00e4ist\u00e4 (ottaen huomioon sellaiset tekij\u00e4t kuin vuodenaika, s\u00e4\u00e4, loma-ajat tai ty\u00f6p\u00e4iv\u00e4t), ja sis\u00e4llytt\u00e4\u00e4 t\u00e4m\u00e4n j\u00e4rjestelm\u00e4n toiminnan suunnitteluun.<\/li>\n<\/ol>\n<\/div>\n<\/div><div class=\"fusion-separator fusion-full-width-sep\" style=\"align-self: center;margin-left: auto;margin-right: auto;margin-top:1.5rem;margin-bottom:1.5rem;width:100%;\"><div class=\"fusion-separator-border sep-single sep-solid\" style=\"--awb-height:20px;--awb-amount:20px;--awb-sep-color:rgba(30,40,50,0.10);border-color:rgba(30,40,50,0.10);border-top-width:1px;\"><\/div><\/div><div class=\"fusion-text fusion-text-5\"><div id=\"content\">\n<h3>Reduxi Controller pienempiin kustannuksiin ja suurempaan joustavuuteen<\/h3>\n<p>Energiavarastoj\u00e4rjestelmien k\u00e4ytt\u00e4minen Reduxi-ohjaimen ja kehittyneiden teko\u00e4lyalgoritmien avulla s\u00e4hk\u00f6kauppaan Day-Ahead- tai Intraday-hinnoin mahdollistaa suuremman tehokkuuden ja taloudelliset hy\u00f6dyt k\u00e4ytt\u00e4jille, joilla on sopimukset toimittajien kanssa s\u00e4hk\u00f6n toimittamisesta ja ostamisesta markkinahintojen perusteella. Reduxi-ohjain mahdollistaa varastointij\u00e4rjestelmien optimaalisen k\u00e4yt\u00f6n eri tarkoituksiin, kuten huipputehon v\u00e4hent\u00e4miseen, j\u00e4rjestelm\u00e4palvelujen tarjoamiseen ja s\u00e4hk\u00f6kauppaan. Kehittyneiden teko\u00e4lyalgoritmien avulla yritykset voivat ennustaa energian kysynn\u00e4n tarkasti, sopeutua dynaamisiin energian hintoihin ja optimoida varastointij\u00e4rjestelmien toiminnan, jolloin s\u00e4hk\u00f6kustannukset eiv\u00e4t ole vain tuntuvasti pienemm\u00e4t vaan my\u00f6s paremmin ennustettavissa.<\/p>\n<\/div>\n<\/div><\/div><\/div><\/div><\/div>","protected":false},"excerpt":{"rendered":"","protected":false},"author":15,"featured_media":0,"parent":0,"menu_order":0,"comment_status":"closed","ping_status":"closed","template":"100-width.php","meta":{"footnotes":""},"class_list":["post-6774","page","type-page","status-publish","hentry"],"_links":{"self":[{"href":"https:\/\/www.reduxi.eu\/fi\/wp-json\/wp\/v2\/pages\/6774","targetHints":{"allow":["GET"]}}],"collection":[{"href":"https:\/\/www.reduxi.eu\/fi\/wp-json\/wp\/v2\/pages"}],"about":[{"href":"https:\/\/www.reduxi.eu\/fi\/wp-json\/wp\/v2\/types\/page"}],"author":[{"embeddable":true,"href":"https:\/\/www.reduxi.eu\/fi\/wp-json\/wp\/v2\/users\/15"}],"replies":[{"embeddable":true,"href":"https:\/\/www.reduxi.eu\/fi\/wp-json\/wp\/v2\/comments?post=6774"}],"version-history":[{"count":27,"href":"https:\/\/www.reduxi.eu\/fi\/wp-json\/wp\/v2\/pages\/6774\/revisions"}],"predecessor-version":[{"id":6871,"href":"https:\/\/www.reduxi.eu\/fi\/wp-json\/wp\/v2\/pages\/6774\/revisions\/6871"}],"wp:attachment":[{"href":"https:\/\/www.reduxi.eu\/fi\/wp-json\/wp\/v2\/media?parent=6774"}],"curies":[{"name":"wp","href":"https:\/\/api.w.org\/{rel}","templated":true}]}}