{"id":6774,"date":"2025-11-19T10:00:17","date_gmt":"2025-11-19T09:00:17","guid":{"rendered":"https:\/\/www.reduxi.eu\/?page_id=6774"},"modified":"2025-11-19T16:19:08","modified_gmt":"2025-11-19T15:19:08","slug":"bess_and_reduxi_controller","status":"publish","type":"page","link":"https:\/\/www.reduxi.eu\/es\/bess_and_reduxi_controller\/","title":{"rendered":"BESS y Reduxi Controller: una nueva fuente de ingresos"},"content":{"rendered":"<div class=\"fusion-fullwidth fullwidth-box fusion-builder-row-1 fusion-flex-container has-pattern-background has-mask-background nonhundred-percent-fullwidth non-hundred-percent-height-scrolling\" style=\"--awb-border-radius-top-left:0px;--awb-border-radius-top-right:0px;--awb-border-radius-bottom-right:0px;--awb-border-radius-bottom-left:0px;--awb-flex-wrap:wrap;\" ><div class=\"fusion-builder-row fusion-row fusion-flex-align-items-flex-start fusion-flex-content-wrap\" style=\"max-width:calc( 1200px + 0px );margin-left: calc(-0px \/ 2 );margin-right: calc(-0px \/ 2 );\"><div class=\"fusion-layout-column fusion_builder_column fusion-builder-column-0 fusion_builder_column_1_1 1_1 fusion-flex-column\" style=\"--awb-bg-size:cover;--awb-width-large:100%;--awb-margin-top-large:1.5rem;--awb-spacing-right-large:1.5rem;--awb-margin-bottom-large:1.5rem;--awb-spacing-left-large:1.5rem;--awb-width-medium:100%;--awb-order-medium:0;--awb-spacing-right-medium:1.5rem;--awb-spacing-left-medium:1.5rem;--awb-width-small:100%;--awb-order-small:0;--awb-spacing-right-small:0px;--awb-spacing-left-small:0px;\"><div class=\"fusion-column-wrapper fusion-column-has-shadow fusion-flex-justify-content-flex-start fusion-content-layout-column\"><div class=\"fusion-text fusion-text-1\"><div id=\"content\">\n<h2>BESS y el controlador Reduxi: una nueva fuente de ingresos<\/h2>\n<p><em>Fecha: 20 de marzo de 2025<\/em><\/p>\n<p>En el mundo actual, en el que los usuarios se enfrentan al aumento de los precios de la electricidad y las tarifas de red, el uso de tecnolog\u00edas avanzadas se est\u00e1 convirtiendo en crucial para un uso rentable y sostenible de la electricidad. Una de estas tecnolog\u00edas es el controlador Reduxi, que, con la ayuda de algoritmos avanzados de inteligencia artificial, permite el uso \u00f3ptimo de los sistemas de almacenamiento de energ\u00eda en bater\u00edas (BESS) para diversos fines, incluido el comercio de electricidad a precios Day-Ahead o Intraday (cuando los proveedores lo permiten).<\/p>\n<p>Los precios de los sistemas de almacenamiento de energ\u00eda han ido bajando en los \u00faltimos a\u00f1os, pero siguen siendo lo bastante elevados como para que sea necesario estudiarlos detenidamente y elaborar un plan financiero detallado para determinar si su instalaci\u00f3n es realmente rentable. Sin embargo, la mayor\u00eda de los compradores potenciales de sistemas de almacenamiento se encuentran con un problema (o no se percatan de \u00e9l, a pesar de su existencia): \u00bfc\u00f3mo pueden utilizarse y c\u00f3mo pueden aprovecharse plenamente?<\/p>\n<\/div>\n<\/div><div class=\"fusion-separator fusion-full-width-sep\" style=\"align-self: center;margin-left: auto;margin-right: auto;margin-top:1.5rem;margin-bottom:1.5rem;width:100%;\"><div class=\"fusion-separator-border sep-single sep-solid\" style=\"--awb-height:20px;--awb-amount:20px;--awb-sep-color:rgba(30,40,50,0.10);border-color:rgba(30,40,50,0.10);border-top-width:1px;\"><\/div><\/div><div class=\"fusion-text fusion-text-2\"><div id=\"content\">\n<h3>Por qu\u00e9 utilizar un sistema de almacenamiento de energ\u00eda y el controlador Reduxi<\/h3>\n<p>En resumen, adem\u00e1s de permitirnos almacenar el exceso de electricidad generada por los paneles solares y garantizar un suministro ininterrumpido en caso de corte de la red, un sistema de almacenamiento de energ\u00eda puede utilizarse de tres formas adicionales, todas las cuales aportan ingresos extra o reducen directamente los costes del suministro el\u00e9ctrico:<\/p>\n<ol>\n<li><strong>Reducir los picos de potencia para reducir las tarifas de red<\/strong>: El controlador Reduxi optimiza el uso del sistema de almacenamiento para reducir los picos de carga y, por tanto, las tarifas de red.<\/li>\n<li><strong>Comercio de electricidad<\/strong>: El sistema de almacenamiento, combinado con sistemas de control adecuados como Reduxi, permite comercializar electricidad en los mercados Day-Ahead e Intraday, lo que permite aprovechar las fluctuaciones de precios para maximizar los ingresos.<\/li>\n<li><strong>Prestaci\u00f3n de servicios del sistema<\/strong>: El sistema de almacenamiento puede utilizarse para proporcionar servicios del sistema como aFRR (reserva autom\u00e1tica de restauraci\u00f3n de frecuencia) y servicios similares que contribuyen a la estabilidad de la red, pero s\u00f3lo si el sistema de almacenamiento est\u00e1 controlado por un sistema como el controlador Reduxi.<\/li>\n<\/ol>\n<p>El controlador Reduxi est\u00e1 dise\u00f1ado para la gesti\u00f3n de la energ\u00eda y, adem\u00e1s de controlar el sistema de almacenamiento, permite la integraci\u00f3n con diversos dispositivos en el punto de medici\u00f3n, como sistemas de almacenamiento de energ\u00eda, paneles solares, cargadores de veh\u00edculos el\u00e9ctricos (VE), bombas de calor y otros dispositivos. Mediante algoritmos avanzados de IA, el controlador calcula c\u00f3mo utilizar mejor el sistema de almacenamiento de energ\u00eda para alcanzar los objetivos mencionados.<\/p>\n<\/div>\n<\/div><div class=\"fusion-separator fusion-full-width-sep\" style=\"align-self: center;margin-left: auto;margin-right: auto;margin-top:1.5rem;margin-bottom:1.5rem;width:100%;\"><div class=\"fusion-separator-border sep-single sep-solid\" style=\"--awb-height:20px;--awb-amount:20px;--awb-sep-color:rgba(30,40,50,0.10);border-color:rgba(30,40,50,0.10);border-top-width:1px;\"><\/div><\/div><div class=\"fusion-text fusion-text-3\"><div id=\"content\">\n<h3 id=\"trading-electricity-on-spot-day-ahead-and-intraday-markets\">Negociaci\u00f3n de electricidad en los mercados diario e intradiario<\/h3>\n<p>La negociaci\u00f3n de electricidad en los mercados diario e intradiario de la bolsa de electricidad permite aprovechar las diferencias de precios para obtener beneficios econ\u00f3micos. El mercado diario permite negociar electricidad para el d\u00eda siguiente, mientras que el mercado intradiario permite negociar dentro del mismo d\u00eda, lo que permite responder m\u00e1s r\u00e1pidamente a los cambios en la oferta y la demanda.<\/p>\n<h4 id=\"day-ahead-market\">Mercado diario<\/h4>\n<p>El mercado diario es un mercado organizado en la bolsa de electricidad en el que se negocia para el d\u00eda siguiente. Los precios para cada hora del d\u00eda se determinan en funci\u00f3n de la oferta y la demanda. Con estos datos, el controlador Reduxi puede planificar la carga y descarga del sistema de almacenamiento para optimizar el consumo (m\u00e1s durante los precios bajos o negativos y menos durante los precios altos) y la producci\u00f3n (m\u00e1s durante los precios altos y poco o nada durante los precios bajos o negativos). Las diferencias pueden ser significativas, y un megavatio-hora de capacidad de almacenamiento puede reportar unos 100 euros de ganancias diarias.<\/p>\n<h4 id=\"intraday-market\">Mercado Intradiario<\/h4>\n<p>El mercado intradiario permite comercializar electricidad en el mismo d\u00eda. Este mercado es m\u00e1s din\u00e1mico y permite ajustes m\u00e1s r\u00e1pidos a los cambios en la oferta y la demanda. Los participantes pueden negociar en tiempo real, en intervalos de 15 minutos, lo que permite aprovechar las fluctuaciones de precios a corto plazo. Tambi\u00e9n en este caso, el controlador Reduxi garantiza que, dentro de las dem\u00e1s restricciones establecidas por el usuario (como los niveles m\u00ednimo y m\u00e1ximo de almacenamiento, y la capacidad reservada para la reducci\u00f3n de picos o los servicios del sistema), se maximicen las fluctuaciones de precios para reducir el coste final de la electricidad para el usuario.<\/p>\n<\/div>\n<\/div><div class=\"fusion-separator fusion-full-width-sep\" style=\"align-self: center;margin-left: auto;margin-right: auto;margin-top:1.5rem;margin-bottom:1.5rem;width:100%;\"><div class=\"fusion-separator-border sep-single sep-solid\" style=\"--awb-height:20px;--awb-amount:20px;--awb-sep-color:rgba(30,40,50,0.10);border-color:rgba(30,40,50,0.10);border-top-width:1px;\"><\/div><\/div><div class=\"fusion-text fusion-text-4\"><div id=\"content\">\n<h3 id=\"using-ai-algorithms-to-optimize-storage-systems\">Algoritmos de inteligencia artificial para optimizar los sistemas de almacenamiento<\/h3>\n<p>El controlador Reduxi utiliza algoritmos avanzados de IA para optimizar el uso de los sistemas de almacenamiento de energ\u00eda. Estos algoritmos analizan datos en tiempo real, incluidos precios de intercambio de electricidad, datos hist\u00f3ricos, previsiones meteorol\u00f3gicas y otros factores relevantes. A partir de estos datos, los algoritmos de IA calculan el uso m\u00e1s \u00f3ptimo del sistema de almacenamiento para lograr el objetivo principal de maximizar el ahorro de costes de electricidad, u objetivos m\u00e1s espec\u00edficos como la reducci\u00f3n de picos.<\/p>\n<h4 id=\"advantages-of-using-ai-algorithms\">Ventajas del uso de algoritmos de IA<\/h4>\n<ol>\n<li><strong>Previsi\u00f3n precisa de la demanda de energ\u00eda<\/strong>: Los algoritmos de IA pueden predecir con precisi\u00f3n patrones de demanda de energ\u00eda basados en datos hist\u00f3ricos, condiciones meteorol\u00f3gicas, hora del d\u00eda y otras variables. Esto permite planificar y ajustar mejor el uso de los sistemas de almacenamiento.<\/li>\n<li><strong>Aprovechar las variaciones del precio de la energ\u00eda en bolsa<\/strong>: Los algoritmos de IA permiten aprovechar en tiempo real las fluctuaciones diarias y horarias de los precios de la energ\u00eda en funci\u00f3n de la oferta y la demanda. Esto permite optimizar el uso de la energ\u00eda aprovechando los precios m\u00e1s bajos durante los periodos de baja demanda para cargar y los precios m\u00e1s altos durante los periodos de alta demanda para descargar el sistema de almacenamiento.<\/li>\n<li><strong>Analizar y adaptarse a los h\u00e1bitos de los usuarios<\/strong>: Los algoritmos de IA pueden analizar los h\u00e1bitos de los usuarios, como cu\u00e1ndo suelen consumir electricidad y cu\u00e1ndo tienen un consumo bajo (teniendo en cuenta factores como la estaci\u00f3n, el tiempo, las vacaciones o los d\u00edas laborables) e incorporarlo a la planificaci\u00f3n del funcionamiento del sistema.<\/li>\n<\/ol>\n<\/div>\n<\/div><div class=\"fusion-separator fusion-full-width-sep\" style=\"align-self: center;margin-left: auto;margin-right: auto;margin-top:1.5rem;margin-bottom:1.5rem;width:100%;\"><div class=\"fusion-separator-border sep-single sep-solid\" style=\"--awb-height:20px;--awb-amount:20px;--awb-sep-color:rgba(30,40,50,0.10);border-color:rgba(30,40,50,0.10);border-top-width:1px;\"><\/div><\/div><div class=\"fusion-text fusion-text-5\"><div id=\"content\">\n<h3>Controlador Reduxi para reducir costes y aumentar la flexibilidad<\/h3>\n<p>El uso de sistemas de almacenamiento de energ\u00eda para comercializar electricidad a precios diarios o intradiarios con el controlador Reduxi y algoritmos avanzados de IA permite una mayor eficiencia y beneficios financieros para los usuarios que tienen contratos con proveedores para la entrega y compra de electricidad en funci\u00f3n de los precios del mercado. El controlador Reduxi permite el uso \u00f3ptimo de los sistemas de almacenamiento para diversos fines, como la reducci\u00f3n de los picos de potencia, la prestaci\u00f3n de servicios del sistema y el comercio de electricidad. Con la ayuda de algoritmos avanzados de IA, las empresas pueden predecir con exactitud la demanda de energ\u00eda, adaptarse a los precios din\u00e1micos de la energ\u00eda y optimizar el funcionamiento de los sistemas de almacenamiento, haciendo que los costes de la electricidad no s\u00f3lo sean notablemente m\u00e1s bajos, sino tambi\u00e9n m\u00e1s predecibles.<\/p>\n<\/div>\n<\/div><\/div><\/div><\/div><\/div>","protected":false},"excerpt":{"rendered":"","protected":false},"author":15,"featured_media":0,"parent":0,"menu_order":0,"comment_status":"closed","ping_status":"closed","template":"100-width.php","meta":{"footnotes":""},"class_list":["post-6774","page","type-page","status-publish","hentry"],"_links":{"self":[{"href":"https:\/\/www.reduxi.eu\/es\/wp-json\/wp\/v2\/pages\/6774","targetHints":{"allow":["GET"]}}],"collection":[{"href":"https:\/\/www.reduxi.eu\/es\/wp-json\/wp\/v2\/pages"}],"about":[{"href":"https:\/\/www.reduxi.eu\/es\/wp-json\/wp\/v2\/types\/page"}],"author":[{"embeddable":true,"href":"https:\/\/www.reduxi.eu\/es\/wp-json\/wp\/v2\/users\/15"}],"replies":[{"embeddable":true,"href":"https:\/\/www.reduxi.eu\/es\/wp-json\/wp\/v2\/comments?post=6774"}],"version-history":[{"count":27,"href":"https:\/\/www.reduxi.eu\/es\/wp-json\/wp\/v2\/pages\/6774\/revisions"}],"predecessor-version":[{"id":6871,"href":"https:\/\/www.reduxi.eu\/es\/wp-json\/wp\/v2\/pages\/6774\/revisions\/6871"}],"wp:attachment":[{"href":"https:\/\/www.reduxi.eu\/es\/wp-json\/wp\/v2\/media?parent=6774"}],"curies":[{"name":"wp","href":"https:\/\/api.w.org\/{rel}","templated":true}]}}