{"id":5071,"date":"2025-05-16T09:43:25","date_gmt":"2025-05-16T07:43:25","guid":{"rendered":"https:\/\/www.reduxi.eu\/?page_id=5071"},"modified":"2025-06-06T08:37:05","modified_gmt":"2025-06-06T06:37:05","slug":"imprimir","status":"publish","type":"page","link":"https:\/\/www.reduxi.eu\/es\/imprint\/","title":{"rendered":"Pie de imprenta"},"content":{"rendered":"<div class=\"fusion-fullwidth fullwidth-box fusion-builder-row-1 fusion-flex-container has-pattern-background has-mask-background nonhundred-percent-fullwidth non-hundred-percent-height-scrolling\" style=\"--awb-border-radius-top-left:0px;--awb-border-radius-top-right:0px;--awb-border-radius-bottom-right:0px;--awb-border-radius-bottom-left:0px;--awb-flex-wrap:wrap;\" ><div class=\"fusion-builder-row fusion-row fusion-flex-align-items-flex-start fusion-flex-content-wrap\" style=\"max-width:calc( 1200px + 0px );margin-left: calc(-0px \/ 2 );margin-right: calc(-0px \/ 2 );\"><div class=\"fusion-layout-column fusion_builder_column fusion-builder-column-0 fusion_builder_column_1_1 1_1 fusion-flex-column\" style=\"--awb-bg-size:cover;--awb-width-large:100%;--awb-margin-top-large:0px;--awb-spacing-right-large:0px;--awb-margin-bottom-large:0px;--awb-spacing-left-large:0px;--awb-width-medium:100%;--awb-order-medium:0;--awb-spacing-right-medium:0px;--awb-spacing-left-medium:0px;--awb-width-small:100%;--awb-order-small:0;--awb-spacing-right-small:0px;--awb-spacing-left-small:0px;\"><div class=\"fusion-column-wrapper fusion-column-has-shadow fusion-flex-justify-content-flex-start fusion-content-layout-column\"><div class=\"fusion-text fusion-text-1\"><h2><strong>Pie de imprenta<\/strong><\/h2>\n<p>Reduxi FlexCo<br \/>\nEuropaplatz 2,<br \/>\n1150 Viena,<br \/>\nAustria<\/p>\n<p>Tel: +43 676 3246681<br \/>\nCorreo electr\u00f3nico: info@reduxi.eu<\/p>\n<p><strong>N\u00famero de registro de la empresa<\/strong>: FN 628777 y<br \/>\n<strong>Tribunal de Comercio<\/strong>: Tribunal de Comercio de Viena<\/p>\n<p class=\"translation-block\"><strong>Actividad empresarial<\/strong>: Desarrollo de software<br>\r\n<strong>N\u00famero de IVA<\/strong>: ATU80772727<\/p>\n<p><strong>Director General:<\/strong> Sr. Ale\u0161 Nastran<\/p>\n<p><strong>Estructura de propiedad:<\/strong><\/p>\n<p>Empresa: VERBUND Ventures GmbH<br \/>\nTipo: Sociedad Limitada (Ges.m.b.H.)<br \/>\nCompartir: 11.79%<\/p>\n<p>Sr. Ale\u0161 Nastran<br \/>\nTipo: Particular<br \/>\nCompartir: 31,49%<\/p>\n<p>Sr. Primo\u017e Becan<br \/>\nTipo: Particular<br \/>\nCompartir: 31,49%<\/p>\n<p>Sr. Tadej Beravs<br \/>\nTipo: Particular<br \/>\nCompartir: 13.54%<\/p>\n<p>Empresa: ACEX, soluciones digitales, Ltd.<br \/>\nTipo: Sociedad Limitada<br \/>\nCompartir: 11.79%<\/p>\n<p><strong>Resoluci\u00f3n de litigios en la UE<\/strong><\/p>\n<p>De conformidad con el Reglamento sobre resoluci\u00f3n de litigios en l\u00ednea en materia de consumo (Reglamento RLL), nos gustar\u00eda informarle sobre la plataforma de resoluci\u00f3n de litigios en l\u00ednea (plataforma RLL).<br \/>\nLos consumidores tienen la oportunidad de presentar reclamaciones a la plataforma de resoluci\u00f3n de litigios en l\u00ednea de la Comisi\u00f3n Europea en:<br \/>\nhttps:\/\/ec.europa.eu\/consumers\/odr\/main\/index.cfm?event=main.home2.show&amp;lng=DE<\/p>\n<\/div><\/div><\/div><\/div><\/div>","protected":false},"excerpt":{"rendered":"","protected":false},"author":15,"featured_media":0,"parent":0,"menu_order":0,"comment_status":"closed","ping_status":"closed","template":"100-width.php","meta":{"footnotes":""},"class_list":["post-5071","page","type-page","status-publish","hentry"],"_links":{"self":[{"href":"https:\/\/www.reduxi.eu\/es\/wp-json\/wp\/v2\/pages\/5071","targetHints":{"allow":["GET"]}}],"collection":[{"href":"https:\/\/www.reduxi.eu\/es\/wp-json\/wp\/v2\/pages"}],"about":[{"href":"https:\/\/www.reduxi.eu\/es\/wp-json\/wp\/v2\/types\/page"}],"author":[{"embeddable":true,"href":"https:\/\/www.reduxi.eu\/es\/wp-json\/wp\/v2\/users\/15"}],"replies":[{"embeddable":true,"href":"https:\/\/www.reduxi.eu\/es\/wp-json\/wp\/v2\/comments?post=5071"}],"version-history":[{"count":6,"href":"https:\/\/www.reduxi.eu\/es\/wp-json\/wp\/v2\/pages\/5071\/revisions"}],"predecessor-version":[{"id":5128,"href":"https:\/\/www.reduxi.eu\/es\/wp-json\/wp\/v2\/pages\/5071\/revisions\/5128"}],"wp:attachment":[{"href":"https:\/\/www.reduxi.eu\/es\/wp-json\/wp\/v2\/media?parent=5071"}],"curies":[{"name":"wp","href":"https:\/\/api.w.org\/{rel}","templated":true}]}}