{"id":7152,"date":"2026-01-08T14:58:33","date_gmt":"2026-01-08T13:58:33","guid":{"rendered":"https:\/\/www.reduxi.eu\/?page_id=7152"},"modified":"2026-01-08T14:58:33","modified_gmt":"2026-01-08T13:58:33","slug":"gea-maltatalweg","status":"publish","type":"page","link":"https:\/\/www.reduxi.eu\/du\/gea-maltatalweg\/","title":{"rendered":"GEA Maltatalweg"},"content":{"rendered":"<div class=\"fusion-fullwidth fullwidth-box fusion-builder-row-1 fusion-flex-container nonhundred-percent-fullwidth non-hundred-percent-height-scrolling\" style=\"--awb-border-radius-top-left:0px;--awb-border-radius-top-right:0px;--awb-border-radius-bottom-right:0px;--awb-border-radius-bottom-left:0px;--awb-flex-wrap:wrap;\" ><div class=\"fusion-builder-row fusion-row fusion-flex-align-items-flex-start fusion-flex-content-wrap\" style=\"max-width:calc( 1200px + 0px );margin-left: calc(-0px \/ 2 );margin-right: calc(-0px \/ 2 );\"><div class=\"fusion-layout-column fusion_builder_column fusion-builder-column-0 fusion_builder_column_1_1 1_1 fusion-flex-column\" style=\"--awb-bg-size:cover;--awb-width-large:100%;--awb-margin-top-large:0px;--awb-spacing-right-large:0px;--awb-margin-bottom-large:0px;--awb-spacing-left-large:0px;--awb-width-medium:100%;--awb-order-medium:0;--awb-spacing-right-medium:0px;--awb-spacing-left-medium:0px;--awb-width-small:100%;--awb-order-small:0;--awb-spacing-right-small:0px;--awb-spacing-left-small:0px;\"><div class=\"fusion-column-wrapper fusion-column-has-shadow fusion-flex-justify-content-flex-start fusion-content-layout-column\"><div class=\"fusion-text fusion-text-1\"><h4>Das Pilotprojekt wurde erfolgreich umgesetzt:<\/h4>\n<h3>REDUXI steuert Batteriespeicher und PV-Anlage einer Gemeinschaftsenergieanlage (GEA) in einem Mehrfamilienhaus<\/h3>\n<\/div><\/div><\/div><div class=\"fusion-layout-column fusion_builder_column fusion-builder-column-1 fusion_builder_column_1_1 1_1 fusion-flex-column\" style=\"--awb-bg-blend:overlay;--awb-bg-size:cover;--awb-width-large:100%;--awb-margin-top-large:0px;--awb-spacing-right-large:0px;--awb-margin-bottom-large:0px;--awb-spacing-left-large:0px;--awb-width-medium:100%;--awb-spacing-right-medium:0px;--awb-spacing-left-medium:0px;--awb-width-small:100%;--awb-spacing-right-small:0px;--awb-spacing-left-small:0px;\"><div class=\"fusion-column-wrapper fusion-flex-justify-content-flex-start fusion-content-layout-column\"><div class=\"fusion-text fusion-text-2\"><p>Das REDUXI-Team hat ein zukunftsweisendes Pilotprojekt am Maltatalweg in K\u00e4rnten erfolgreich abgeschlossen. Ziel war es, den Eigenverbrauch in einem Mehrfamilienwohnhaus durch intelligente Steuerung zu maximieren und gleichzeitig die Netzeinspeisung zu minimieren - mit hervorragenden Ergebnissen.<\/p>\n<\/div><div class=\"fusion-image-element\" style=\"--awb-margin-top:10px;--awb-margin-bottom:10px;--awb-caption-title-font-family:var(--h2_typography-font-family);--awb-caption-title-font-weight:var(--h2_typography-font-weight);--awb-caption-title-font-style:var(--h2_typography-font-style);--awb-caption-title-size:var(--h2_typography-font-size);--awb-caption-title-transform:var(--h2_typography-text-transform);--awb-caption-title-line-height:var(--h2_typography-line-height);--awb-caption-title-letter-spacing:var(--h2_typography-letter-spacing);\"><span class=\"fusion-imageframe imageframe-none imageframe-1 hover-type-none fusion-animated\" data-animationtype=\"fadeInUp\" data-animationduration=\"1.6\" data-animationoffset=\"top-into-view\"><img decoding=\"async\" width=\"1280\" height=\"719\" title=\"1764084781830 (1)\" src=\"https:\/\/www.reduxi.eu\/wp-content\/uploads\/2026\/01\/1764084781830-1.png\" data-orig-src=\"https:\/\/www.reduxi.eu\/wp-content\/uploads\/2026\/01\/1764084781830-1.png\" alt class=\"lazyload img-responsive wp-image-7155\" srcset=\"data:image\/svg+xml,%3Csvg%20xmlns%3D%27http%3A%2F%2Fwww.w3.org%2F2000%2Fsvg%27%20width%3D%271280%27%20height%3D%27719%27%20viewBox%3D%270%200%201280%20719%27%3E%3Crect%20width%3D%271280%27%20height%3D%27719%27%20fill-opacity%3D%220%22%2F%3E%3C%2Fsvg%3E\" data-srcset=\"https:\/\/www.reduxi.eu\/wp-content\/uploads\/2026\/01\/1764084781830-1-200x112.png 200w, https:\/\/www.reduxi.eu\/wp-content\/uploads\/2026\/01\/1764084781830-1-400x225.png 400w, https:\/\/www.reduxi.eu\/wp-content\/uploads\/2026\/01\/1764084781830-1-600x337.png 600w, https:\/\/www.reduxi.eu\/wp-content\/uploads\/2026\/01\/1764084781830-1-800x449.png 800w, https:\/\/www.reduxi.eu\/wp-content\/uploads\/2026\/01\/1764084781830-1-1200x674.png 1200w, https:\/\/www.reduxi.eu\/wp-content\/uploads\/2026\/01\/1764084781830-1.png 1280w\" data-sizes=\"auto\" data-orig-sizes=\"(max-width: 640px) 100vw, 1280px\" \/><\/span><\/div><div class=\"fusion-text fusion-text-3\"><p><span style=\"background-color: rgba(0, 0, 0, 0);\"><b>Zielsetzung und Umsetzung<\/b><\/span><\/p>\n<p>Im Mittelpunkt des Projekts stand die pr\u00e4zise Echtzeitsteuerung von zwei M-TEC-Hybrid-Batteriespeichersystemen mit einer Speicherkapazit\u00e4t von jeweils 30,7 kWh. Ein besonderer Schwerpunkt lag auf der Integration und Optimierung einer gemeinsamen Erzeugungsanlage (GEA).<\/p>\n<p><b>Was ist eine GEA?<\/b><\/p>\n<p>Eine Gemeinschaftliche Erzeugungsanlage (GEA) erm\u00f6glicht es mehreren Nutzungseinheiten - z. B. Wohnungen in einem Mehrfamilienhaus -, den von einer zentralen PV-Anlage erzeugten Strom gemeinsam zu nutzen. Anstatt den Strom einfach ins Netz einzuspeisen, wird die Energie dezentral dort verteilt, wo sie gerade gebraucht wird. Dadurch wird der Eigenverbrauch deutlich erh\u00f6ht und die Einspeisung in das \u00f6ffentliche Netz reduziert.<\/p>\n<p>Technisch wird dies durch ein zentrales Energiemanagementsystem erreicht, das f\u00fcr jede einzelne Anlage Echtzeitdaten von den intelligenten Z\u00e4hlern des Netzbetreibers sammelt. Dabei werden auch die aktuelle PV-Erzeugung und der Ladezustand der Batterien ber\u00fccksichtigt. Der REDUXI-Controller wertet diese Informationen in Echtzeit aus und steuert die Energieverteilung mit der Pr\u00e4zision der zweiten Ebene: zuerst die Versorgung des Direktverbrauchs, dann das Laden der Batterien.<\/p>\n<p>GEAs basieren auf definierten netztechnischen und gesetzlichen Rahmenbedingungen, wie z.B. dem \u00a7 16a des Elektrizit\u00e4tswirtschafts- und Organisationsgesetzes (ElWOG). Ein messtechnisch konformes Abrechnungssystem stellt sicher, dass jede Einheit nur f\u00fcr ihren tats\u00e4chlichen Verbrauch bezahlt. \u00dcbersch\u00fcssige Energie wird gespeichert oder anteilig ins Netz eingespeist.<\/p>\n<\/div><div class=\"fusion-image-element\" style=\"--awb-margin-top:10px;--awb-margin-bottom:10px;--awb-caption-title-font-family:var(--h2_typography-font-family);--awb-caption-title-font-weight:var(--h2_typography-font-weight);--awb-caption-title-font-style:var(--h2_typography-font-style);--awb-caption-title-size:var(--h2_typography-font-size);--awb-caption-title-transform:var(--h2_typography-text-transform);--awb-caption-title-line-height:var(--h2_typography-line-height);--awb-caption-title-letter-spacing:var(--h2_typography-letter-spacing);\"><span class=\"fusion-imageframe imageframe-none imageframe-2 hover-type-none fusion-animated\" data-animationtype=\"fadeIn\" data-animationduration=\"1.6\" data-animationoffset=\"top-into-view\"><img decoding=\"async\" width=\"1129\" height=\"1500\" title=\"1764250715470\" src=\"https:\/\/www.reduxi.eu\/wp-content\/uploads\/2026\/01\/1764250715470.png\" data-orig-src=\"https:\/\/www.reduxi.eu\/wp-content\/uploads\/2026\/01\/1764250715470.png\" alt class=\"lazyload img-responsive wp-image-7156\" srcset=\"data:image\/svg+xml,%3Csvg%20xmlns%3D%27http%3A%2F%2Fwww.w3.org%2F2000%2Fsvg%27%20width%3D%271129%27%20height%3D%271500%27%20viewBox%3D%270%200%201129%201500%27%3E%3Crect%20width%3D%271129%27%20height%3D%271500%27%20fill-opacity%3D%220%22%2F%3E%3C%2Fsvg%3E\" data-srcset=\"https:\/\/www.reduxi.eu\/wp-content\/uploads\/2026\/01\/1764250715470-200x266.png 200w, https:\/\/www.reduxi.eu\/wp-content\/uploads\/2026\/01\/1764250715470-400x531.png 400w, https:\/\/www.reduxi.eu\/wp-content\/uploads\/2026\/01\/1764250715470-600x797.png 600w, https:\/\/www.reduxi.eu\/wp-content\/uploads\/2026\/01\/1764250715470-800x1063.png 800w, https:\/\/www.reduxi.eu\/wp-content\/uploads\/2026\/01\/1764250715470.png 1129w\" data-sizes=\"auto\" data-orig-sizes=\"(max-width: 640px) 100vw, 1129px\" \/><\/span><\/div><div class=\"fusion-text fusion-text-4\"><p><b>Technische Details des Kontrollsystems<\/b><\/p>\n<p>Ein zentrales Element des Projekts ist die Echtzeitverarbeitung von Daten aus den Smart Metern des Netzbetreibers \u00fcber den neuen Reduxi P1 Ultra. Der REDUXI Controller nutzt diese Daten, um die gesamte Anlage flexibel und bedarfsgerecht zu steuern - je nach Verbrauch, Tageszeit und PV-Erzeugung.<\/p>\n<p>Besonders hervorzuheben ist die n\u00e4chtliche Entladung der Batterien:<\/p>\n<p>\u201cAuch wenn keine PV-Produktion zur Verf\u00fcgung steht, sorgt das System f\u00fcr eine faire und effiziente Versorgung. In diesem Fall konnte der Autarkiegrad von rund 35 % (nur PV) auf ca. 70 % gesteigert werden - allein durch die Kombination von Batteriespeicher und intelligenter Verteilung innerhalb der GEA\u201d, berichtet Johann Lom\u0161ek, Gesch\u00e4ftsf\u00fchrer der Reduxi DACH GmbH, stolz.<\/p>\n<p>Die Installation wurde von der ELKOtec Smart Energy GmbH durchgef\u00fchrt. Gesch\u00e4ftsf\u00fchrer Ing. Werner Konrad betont:<\/p>\n<p>\u201cDie Integration war technisch anspruchsvoll, aber das Ergebnis zeigt, was heute schon m\u00f6glich ist. Die L\u00f6sung ist zukunftssicher und skalierbar. F\u00fcr uns als L\u00f6sungsanbieter ist dies ein weiterer Meilenstein, um Batteriespeichersysteme noch intelligenter zu machen.\u201d<\/p>\n<\/div><div class=\"fusion-image-element\" style=\"--awb-margin-top:10px;--awb-margin-bottom:10px;--awb-caption-title-font-family:var(--h2_typography-font-family);--awb-caption-title-font-weight:var(--h2_typography-font-weight);--awb-caption-title-font-style:var(--h2_typography-font-style);--awb-caption-title-size:var(--h2_typography-font-size);--awb-caption-title-transform:var(--h2_typography-text-transform);--awb-caption-title-line-height:var(--h2_typography-line-height);--awb-caption-title-letter-spacing:var(--h2_typography-letter-spacing);\"><span class=\"fusion-imageframe imageframe-none imageframe-3 hover-type-none fusion-animated\" data-animationtype=\"fadeInLeft\" data-animationduration=\"1.6\" data-animationoffset=\"top-into-view\"><img decoding=\"async\" width=\"1417\" height=\"872\" title=\"1764253737472\" src=\"https:\/\/www.reduxi.eu\/wp-content\/uploads\/2026\/01\/1764253737472.png\" data-orig-src=\"https:\/\/www.reduxi.eu\/wp-content\/uploads\/2026\/01\/1764253737472.png\" alt class=\"lazyload img-responsive wp-image-7157\" srcset=\"data:image\/svg+xml,%3Csvg%20xmlns%3D%27http%3A%2F%2Fwww.w3.org%2F2000%2Fsvg%27%20width%3D%271417%27%20height%3D%27872%27%20viewBox%3D%270%200%201417%20872%27%3E%3Crect%20width%3D%271417%27%20height%3D%27872%27%20fill-opacity%3D%220%22%2F%3E%3C%2Fsvg%3E\" data-srcset=\"https:\/\/www.reduxi.eu\/wp-content\/uploads\/2026\/01\/1764253737472-200x123.png 200w, https:\/\/www.reduxi.eu\/wp-content\/uploads\/2026\/01\/1764253737472-400x246.png 400w, https:\/\/www.reduxi.eu\/wp-content\/uploads\/2026\/01\/1764253737472-600x369.png 600w, https:\/\/www.reduxi.eu\/wp-content\/uploads\/2026\/01\/1764253737472-800x492.png 800w, https:\/\/www.reduxi.eu\/wp-content\/uploads\/2026\/01\/1764253737472-1200x738.png 1200w, https:\/\/www.reduxi.eu\/wp-content\/uploads\/2026\/01\/1764253737472.png 1417w\" data-sizes=\"auto\" data-orig-sizes=\"(max-width: 640px) 100vw, 1417px\" \/><\/span><\/div><div class=\"fusion-text fusion-text-5\"><p><b>Installation &amp; Projektteilnehmer<\/b><\/p>\n<p>Der REDUXI Controller wurde zusammen mit Gateways und Konvertern im Schaltschrank installiert. Die M-TEC Batteriesysteme und Stromz\u00e4hler wurden integriert und an das Monitoring angeschlossen. Dar\u00fcber hinaus wurden die Smart Meter des Netzbetreibers f\u00fcr die Datenkommunikation \u00fcber die P1-Schnittstelle konfiguriert. Dazu wurde der Konverter Reduxi P1 Ultra eingesetzt, der die Smart Meter Daten nahtlos an die Steuerung \u00fcbertr\u00e4gt. Die technische Unterst\u00fctzung erfolgte durch Alex vom REDUXI DACH Team.<\/p>\n<p><b>Zukunftssicher durch Fernzugriff<\/b><\/p>\n<p>\u00dcber die REDUXI Cloud ist ein vollst\u00e4ndiger Fernzugriff auf das Energiemanagementsystem m\u00f6glich - ortsunabh\u00e4ngig und in Echtzeit. \u00dcberwachung, Fehlerdiagnose, Software-Updates und Konfigurationsanpassungen k\u00f6nnen jederzeit aus der Ferne durchgef\u00fchrt werden, ohne dass Techniker vor Ort sein m\u00fcssen.<\/p>\n<p>Das spart nicht nur Zeit und Betriebskosten, sondern verbessert auch die Reaktionsgeschwindigkeit bei Optimierungen oder Problemen erheblich. Gerade bei komplexeren Anlagen mit mehreren Erzeugern, Speichern und Verbrauchern ist dieser digitale Zugang ein entscheidender Vorteil - f\u00fcr Betreiber, Installateure und Bewohner gleicherma\u00dfen.<\/p>\n<p>\u201cDie St\u00e4rke unseres Systems liegt in der konsequenten Echtzeitoptimierung. Reduxi verbindet Energiemanagement mit sofortiger Reaktionsf\u00e4higkeit und unterst\u00fctzt nahtlos sowohl GEA Strukturen als auch Energiegemeinschaften - damit sind wir technologisch einen Schritt voraus\u201d, sagt Johann Lom\u0161ek, CEO der Reduxi DACH GmbH.<\/p>\n<\/div><div class=\"fusion-image-element\" style=\"--awb-margin-top:10px;--awb-margin-bottom:10px;--awb-caption-title-font-family:var(--h2_typography-font-family);--awb-caption-title-font-weight:var(--h2_typography-font-weight);--awb-caption-title-font-style:var(--h2_typography-font-style);--awb-caption-title-size:var(--h2_typography-font-size);--awb-caption-title-transform:var(--h2_typography-text-transform);--awb-caption-title-line-height:var(--h2_typography-line-height);--awb-caption-title-letter-spacing:var(--h2_typography-letter-spacing);\"><span class=\"fusion-imageframe imageframe-none imageframe-4 hover-type-none fusion-animated\" data-animationtype=\"fadeInRight\" data-animationduration=\"1.6\" data-animationoffset=\"top-into-view\"><img decoding=\"async\" width=\"1328\" height=\"1000\" title=\"1764250663956\" src=\"https:\/\/www.reduxi.eu\/wp-content\/uploads\/2026\/01\/1764250663956.jpg\" data-orig-src=\"https:\/\/www.reduxi.eu\/wp-content\/uploads\/2026\/01\/1764250663956.jpg\" alt class=\"lazyload img-responsive wp-image-7158\" srcset=\"data:image\/svg+xml,%3Csvg%20xmlns%3D%27http%3A%2F%2Fwww.w3.org%2F2000%2Fsvg%27%20width%3D%271328%27%20height%3D%271000%27%20viewBox%3D%270%200%201328%201000%27%3E%3Crect%20width%3D%271328%27%20height%3D%271000%27%20fill-opacity%3D%220%22%2F%3E%3C%2Fsvg%3E\" data-srcset=\"https:\/\/www.reduxi.eu\/wp-content\/uploads\/2026\/01\/1764250663956-200x151.jpg 200w, https:\/\/www.reduxi.eu\/wp-content\/uploads\/2026\/01\/1764250663956-400x301.jpg 400w, https:\/\/www.reduxi.eu\/wp-content\/uploads\/2026\/01\/1764250663956-600x452.jpg 600w, https:\/\/www.reduxi.eu\/wp-content\/uploads\/2026\/01\/1764250663956-800x602.jpg 800w, https:\/\/www.reduxi.eu\/wp-content\/uploads\/2026\/01\/1764250663956-1200x904.jpg 1200w, https:\/\/www.reduxi.eu\/wp-content\/uploads\/2026\/01\/1764250663956.jpg 1328w\" data-sizes=\"auto\" data-orig-sizes=\"(max-width: 640px) 100vw, 1328px\" \/><\/span><\/div><div class=\"fusion-text fusion-text-6\"><p><span style=\"background-color: rgba(0, 0, 0, 0);\">Das Projekt zeigt, wie gemeinsam erzeugter Strom effizient und gerecht verteilt werden kann - mit sp\u00fcrbaren Auswirkungen auf Eigenverbrauch, Netzstabilit\u00e4t und Unabh\u00e4ngigkeit vom Strommarkt. Die Kombination von GEA, intelligenter Steuerung und Batteriespeichern macht moderne Energiekonzepte in Mehrfamilienh\u00e4usern schon heute praktisch umsetzbar.<\/span><\/p>\n<\/div><\/div><\/div><\/div><\/div>","protected":false},"excerpt":{"rendered":"","protected":false},"author":15,"featured_media":0,"parent":0,"menu_order":0,"comment_status":"closed","ping_status":"closed","template":"100-width.php","meta":{"footnotes":""},"class_list":["post-7152","page","type-page","status-publish","hentry"],"_links":{"self":[{"href":"https:\/\/www.reduxi.eu\/du\/wp-json\/wp\/v2\/pages\/7152","targetHints":{"allow":["GET"]}}],"collection":[{"href":"https:\/\/www.reduxi.eu\/du\/wp-json\/wp\/v2\/pages"}],"about":[{"href":"https:\/\/www.reduxi.eu\/du\/wp-json\/wp\/v2\/types\/page"}],"author":[{"embeddable":true,"href":"https:\/\/www.reduxi.eu\/du\/wp-json\/wp\/v2\/users\/15"}],"replies":[{"embeddable":true,"href":"https:\/\/www.reduxi.eu\/du\/wp-json\/wp\/v2\/comments?post=7152"}],"version-history":[{"count":4,"href":"https:\/\/www.reduxi.eu\/du\/wp-json\/wp\/v2\/pages\/7152\/revisions"}],"predecessor-version":[{"id":7190,"href":"https:\/\/www.reduxi.eu\/du\/wp-json\/wp\/v2\/pages\/7152\/revisions\/7190"}],"wp:attachment":[{"href":"https:\/\/www.reduxi.eu\/du\/wp-json\/wp\/v2\/media?parent=7152"}],"curies":[{"name":"wp","href":"https:\/\/api.w.org\/{rel}","templated":true}]}}