{"id":6774,"date":"2025-11-19T10:00:17","date_gmt":"2025-11-19T09:00:17","guid":{"rendered":"https:\/\/www.reduxi.eu\/?page_id=6774"},"modified":"2025-11-19T16:19:08","modified_gmt":"2025-11-19T15:19:08","slug":"bess_und_reduxi_controller","status":"publish","type":"page","link":"https:\/\/www.reduxi.eu\/du\/bess_and_reduxi_controller\/","title":{"rendered":"BESS und Reduxi Controller - Eine neue Einnahmequelle"},"content":{"rendered":"<div class=\"fusion-fullwidth fullwidth-box fusion-builder-row-1 fusion-flex-container has-pattern-background has-mask-background nonhundred-percent-fullwidth non-hundred-percent-height-scrolling\" style=\"--awb-border-radius-top-left:0px;--awb-border-radius-top-right:0px;--awb-border-radius-bottom-right:0px;--awb-border-radius-bottom-left:0px;--awb-flex-wrap:wrap;\" ><div class=\"fusion-builder-row fusion-row fusion-flex-align-items-flex-start fusion-flex-content-wrap\" style=\"max-width:calc( 1200px + 0px );margin-left: calc(-0px \/ 2 );margin-right: calc(-0px \/ 2 );\"><div class=\"fusion-layout-column fusion_builder_column fusion-builder-column-0 fusion_builder_column_1_1 1_1 fusion-flex-column\" style=\"--awb-bg-size:cover;--awb-width-large:100%;--awb-margin-top-large:1.5rem;--awb-spacing-right-large:1.5rem;--awb-margin-bottom-large:1.5rem;--awb-spacing-left-large:1.5rem;--awb-width-medium:100%;--awb-order-medium:0;--awb-spacing-right-medium:1.5rem;--awb-spacing-left-medium:1.5rem;--awb-width-small:100%;--awb-order-small:0;--awb-spacing-right-small:0px;--awb-spacing-left-small:0px;\"><div class=\"fusion-column-wrapper fusion-column-has-shadow fusion-flex-justify-content-flex-start fusion-content-layout-column\"><div class=\"fusion-text fusion-text-1\"><div id=\"content\">\n<h2>BESS und Reduxi Controller - eine neue Einnahmequelle<\/h2>\n<p><em>Datum: M\u00e4rz 20, 2025<\/em><\/p>\n<p>In der heutigen Welt, in der die Nutzer mit steigenden Strompreisen und Netzgeb\u00fchren konfrontiert sind, ist der Einsatz fortschrittlicher Technologien f\u00fcr eine kosteneffiziente und nachhaltige Stromnutzung von entscheidender Bedeutung. Eine solche Technologie ist der Reduxi-Controller, der mit Hilfe fortschrittlicher KI-Algorithmen die optimale Nutzung von Batteriespeichersystemen (BESS) f\u00fcr verschiedene Zwecke erm\u00f6glicht, einschlie\u00dflich des Stromhandels zu Day-Ahead- oder Intraday-Preisen (sofern die Anbieter dies zulassen).<\/p>\n<p>Die Preise f\u00fcr Energiespeichersysteme sind in den letzten Jahren zwar gesunken, aber immer noch so hoch, dass eine sorgf\u00e4ltige Abw\u00e4gung und ein detaillierter Finanzplan notwendig sind, um festzustellen, ob ihre Installation wirklich kosteneffizient ist. Die meisten potenziellen K\u00e4ufer von Speichersystemen sto\u00dfen jedoch auf ein Problem (oder bemerken es nicht, obwohl es existiert): Wie k\u00f6nnen sie genutzt werden, und wie k\u00f6nnen sie voll ausgesch\u00f6pft werden?<\/p>\n<\/div>\n<\/div><div class=\"fusion-separator fusion-full-width-sep\" style=\"align-self: center;margin-left: auto;margin-right: auto;margin-top:1.5rem;margin-bottom:1.5rem;width:100%;\"><div class=\"fusion-separator-border sep-single sep-solid\" style=\"--awb-height:20px;--awb-amount:20px;--awb-sep-color:rgba(30,40,50,0.10);border-color:rgba(30,40,50,0.10);border-top-width:1px;\"><\/div><\/div><div class=\"fusion-text fusion-text-2\"><div id=\"content\">\n<h3>Warum ein Energiespeichersystem und den Reduxi-Controller verwenden?<\/h3>\n<p>Kurz gesagt, ein Energiespeichersystem erm\u00f6glicht nicht nur die Speicherung von \u00fcbersch\u00fcssigem, durch Sonnenkollektoren erzeugtem Strom und die Sicherstellung einer unterbrechungsfreien Versorgung im Falle eines Netzausfalls, sondern kann auch auf drei weitere Arten genutzt werden, die allesamt zus\u00e4tzliche Einnahmen bringen oder die Stromversorgungskosten direkt senken:<\/p>\n<ol>\n<li><strong>Reduzierung der Spitzenleistung f\u00fcr niedrigere Netzentgelte<\/strong>: Der Reduxi-Controller optimiert die Nutzung des Speichersystems, um Lastspitzen zu reduzieren und so die Netzgeb\u00fchren zu senken.<\/li>\n<li><strong>Handel mit Strom<\/strong>: Das Speichersystem erm\u00f6glicht in Verbindung mit geeigneten Steuerungssystemen wie Reduxi den Handel mit Strom auf den Day-Ahead- und Intraday-M\u00e4rkten, so dass Preisschwankungen zur Maximierung der Einnahmen genutzt werden k\u00f6nnen.<\/li>\n<li><strong>Bereitstellung von Systemdiensten<\/strong>: Das Speichersystem kann zur Bereitstellung von Systemdiensten wie aFRR (automatische Frequenzwiederherstellungsreserve) und \u00e4hnlichen Diensten verwendet werden, die zur Netzstabilit\u00e4t beitragen - allerdings nur, wenn das Speichersystem von einem System wie dem Reduxi-Controller gesteuert wird.<\/li>\n<\/ol>\n<p>Der Reduxi-Controller ist f\u00fcr das Energiemanagement konzipiert und erm\u00f6glicht neben der Steuerung des Speichersystems auch die Integration verschiedener Ger\u00e4te am Messpunkt, wie z. B. Energiespeichersysteme, Solarpaneele, Ladeger\u00e4te f\u00fcr Elektrofahrzeuge, W\u00e4rmepumpen und andere Ger\u00e4te. Mithilfe fortschrittlicher KI-Algorithmen berechnet der Controller, wie das Energiespeichersystem am besten genutzt werden kann, um die genannten Ziele zu erreichen.<\/p>\n<\/div>\n<\/div><div class=\"fusion-separator fusion-full-width-sep\" style=\"align-self: center;margin-left: auto;margin-right: auto;margin-top:1.5rem;margin-bottom:1.5rem;width:100%;\"><div class=\"fusion-separator-border sep-single sep-solid\" style=\"--awb-height:20px;--awb-amount:20px;--awb-sep-color:rgba(30,40,50,0.10);border-color:rgba(30,40,50,0.10);border-top-width:1px;\"><\/div><\/div><div class=\"fusion-text fusion-text-3\"><div id=\"content\">\n<h3 id=\"trading-electricity-on-spot-day-ahead-and-intraday-markets\">Handel mit Elektrizit\u00e4t auf Spot- (Day-Ahead) und Intraday-M\u00e4rkten<\/h3>\n<p>Der Handel mit Strom an den Day-Ahead- und Intraday-M\u00e4rkten der Stromb\u00f6rse erm\u00f6glicht die Ausnutzung von Preisunterschieden, um finanzielle Vorteile zu erzielen. Der Day-Ahead-Markt erm\u00f6glicht den Stromhandel f\u00fcr den n\u00e4chsten Tag, w\u00e4hrend der Intraday-Markt den Handel innerhalb desselben Tages erm\u00f6glicht, so dass schneller auf Ver\u00e4nderungen bei Angebot und Nachfrage reagiert werden kann.<\/p>\n<h4 id=\"day-ahead-market\">Day-Ahead-Markt<\/h4>\n<p>Der Day-Ahead-Markt ist ein organisierter Markt an der Stromb\u00f6rse, auf dem der Handel f\u00fcr den n\u00e4chsten Tag stattfindet. Die Preise f\u00fcr jede Stunde des Tages werden auf der Grundlage von Angebot und Nachfrage ermittelt. Anhand dieser Daten kann der Reduxi-Controller das Laden und Entladen des Speichersystems so planen, dass der Verbrauch (mehr bei niedrigen oder negativen Preisen und weniger bei h\u00f6heren Preisen) und die Leistung (mehr bei hohen Preisen und wenig oder keine bei niedrigen oder negativen Preisen) optimiert werden. Die Unterschiede k\u00f6nnen betr\u00e4chtlich sein, und eine Megawattstunde Speicherkapazit\u00e4t kann t\u00e4glich rund 100 Euro einbringen.<\/p>\n<h4 id=\"intraday-market\">Intraday-Markt<\/h4>\n<p>Der Intraday-Markt erm\u00f6glicht den Handel mit Strom innerhalb desselben Tages. Dieser Markt ist dynamischer und erm\u00f6glicht eine schnellere Anpassung an Ver\u00e4nderungen bei Angebot und Nachfrage. Die Teilnehmer k\u00f6nnen in Echtzeit in 15-Minuten-Intervallen handeln, wodurch kurzfristige Preisschwankungen ausgenutzt werden k\u00f6nnen. Auch hier sorgt der Reduxi-Controller daf\u00fcr, dass die Preisschwankungen im Rahmen der anderen vom Nutzer festgelegten Beschr\u00e4nkungen (z. B. Mindest- und H\u00f6chstspeichermengen und reservierte Kapazit\u00e4ten f\u00fcr Spitzenlastabschaltung oder Systemdienstleistungen) maximiert werden, um die endg\u00fcltigen Stromkosten f\u00fcr den Nutzer zu senken.<\/p>\n<\/div>\n<\/div><div class=\"fusion-separator fusion-full-width-sep\" style=\"align-self: center;margin-left: auto;margin-right: auto;margin-top:1.5rem;margin-bottom:1.5rem;width:100%;\"><div class=\"fusion-separator-border sep-single sep-solid\" style=\"--awb-height:20px;--awb-amount:20px;--awb-sep-color:rgba(30,40,50,0.10);border-color:rgba(30,40,50,0.10);border-top-width:1px;\"><\/div><\/div><div class=\"fusion-text fusion-text-4\"><div id=\"content\">\n<h3 id=\"using-ai-algorithms-to-optimize-storage-systems\">Einsatz von KI-Algorithmen zur Optimierung von Speichersystemen<\/h3>\n<p>Der Reduxi-Controller nutzt fortschrittliche KI-Algorithmen, um die Nutzung von Energiespeichersystemen zu optimieren. Diese Algorithmen analysieren Echtzeitdaten, darunter Stromb\u00f6rsenpreise, historische Daten, Wettervorhersagen und andere relevante Faktoren. Auf der Grundlage dieser Daten berechnen die KI-Algorithmen die optimale Nutzung des Speichersystems, um das Hauptziel der Maximierung von Stromkosteneinsparungen oder spezifischere Ziele wie Spitzenlastabdeckung zu erreichen.<\/p>\n<h4 id=\"advantages-of-using-ai-algorithms\">Vorteile der Verwendung von AI-Algorithmen<\/h4>\n<ol>\n<li><strong>Genaue Vorhersage der Energienachfrage<\/strong>: KI-Algorithmen k\u00f6nnen auf der Grundlage historischer Daten, der Wetterbedingungen, der Tageszeit und anderer Variablen den Energiebedarf genau vorhersagen. Dies erm\u00f6glicht eine bessere Planung und Anpassung der Nutzung des Speichersystems.<\/li>\n<li><strong>Ausnutzung von Energiepreis\u00e4nderungen an der B\u00f6rse<\/strong>: KI-Algorithmen erm\u00f6glichen die Ausnutzung der t\u00e4glichen und st\u00fcndlichen Energiepreisschwankungen in Echtzeit auf der Grundlage von Angebot und Nachfrage. Dies erm\u00f6glicht eine Optimierung der Energienutzung, indem niedrigere Preise in Zeiten geringer Nachfrage zum Laden und h\u00f6here Preise in Zeiten hoher Nachfrage zum Entladen des Speichersystems genutzt werden.<\/li>\n<li><strong>Analyse und Anpassung an Benutzergewohnheiten<\/strong>: KI-Algorithmen k\u00f6nnen die Gewohnheiten der Nutzer analysieren, z. B. wann sie typischerweise Strom verbrauchen und wann sie einen niedrigen Verbrauch haben (unter Ber\u00fccksichtigung von Faktoren wie Jahreszeit, Wetter, Feiertage oder Arbeitstage), und dies in die Betriebsplanung des Systems einbeziehen.<\/li>\n<\/ol>\n<\/div>\n<\/div><div class=\"fusion-separator fusion-full-width-sep\" style=\"align-self: center;margin-left: auto;margin-right: auto;margin-top:1.5rem;margin-bottom:1.5rem;width:100%;\"><div class=\"fusion-separator-border sep-single sep-solid\" style=\"--awb-height:20px;--awb-amount:20px;--awb-sep-color:rgba(30,40,50,0.10);border-color:rgba(30,40,50,0.10);border-top-width:1px;\"><\/div><\/div><div class=\"fusion-text fusion-text-5\"><div id=\"content\">\n<h3>Reduxi Controller f\u00fcr niedrigere Kosten und gr\u00f6\u00dfere Flexibilit\u00e4t<\/h3>\n<p>Der Einsatz von Energiespeichersystemen f\u00fcr den Stromhandel zu Day-Ahead- oder Intraday-Preisen mit dem Reduxi-Controller und fortschrittlichen KI-Algorithmen erm\u00f6glicht eine gr\u00f6\u00dfere Effizienz und finanzielle Vorteile f\u00fcr Nutzer, die Vertr\u00e4ge mit Lieferanten f\u00fcr die Lieferung und den Kauf von Strom auf der Grundlage von Marktpreisen haben. Der Reduxi-Controller erm\u00f6glicht die optimale Nutzung von Speichersystemen f\u00fcr verschiedene Zwecke, wie z. B. die Reduzierung von Leistungsspitzen, die Bereitstellung von Systemdienstleistungen und den Stromhandel. Mit Hilfe fortschrittlicher KI-Algorithmen k\u00f6nnen Unternehmen den Energiebedarf genau vorhersagen, sich an dynamische Energiepreise anpassen und den Betrieb von Speichersystemen optimieren, wodurch die Stromkosten nicht nur sp\u00fcrbar sinken, sondern auch besser vorhersehbar sind.<\/p>\n<\/div>\n<\/div><\/div><\/div><\/div><\/div>","protected":false},"excerpt":{"rendered":"","protected":false},"author":15,"featured_media":0,"parent":0,"menu_order":0,"comment_status":"closed","ping_status":"closed","template":"100-width.php","meta":{"footnotes":""},"class_list":["post-6774","page","type-page","status-publish","hentry"],"_links":{"self":[{"href":"https:\/\/www.reduxi.eu\/du\/wp-json\/wp\/v2\/pages\/6774","targetHints":{"allow":["GET"]}}],"collection":[{"href":"https:\/\/www.reduxi.eu\/du\/wp-json\/wp\/v2\/pages"}],"about":[{"href":"https:\/\/www.reduxi.eu\/du\/wp-json\/wp\/v2\/types\/page"}],"author":[{"embeddable":true,"href":"https:\/\/www.reduxi.eu\/du\/wp-json\/wp\/v2\/users\/15"}],"replies":[{"embeddable":true,"href":"https:\/\/www.reduxi.eu\/du\/wp-json\/wp\/v2\/comments?post=6774"}],"version-history":[{"count":27,"href":"https:\/\/www.reduxi.eu\/du\/wp-json\/wp\/v2\/pages\/6774\/revisions"}],"predecessor-version":[{"id":6871,"href":"https:\/\/www.reduxi.eu\/du\/wp-json\/wp\/v2\/pages\/6774\/revisions\/6871"}],"wp:attachment":[{"href":"https:\/\/www.reduxi.eu\/du\/wp-json\/wp\/v2\/media?parent=6774"}],"curies":[{"name":"wp","href":"https:\/\/api.w.org\/{rel}","templated":true}]}}