{"id":5071,"date":"2025-05-16T09:43:25","date_gmt":"2025-05-16T07:43:25","guid":{"rendered":"https:\/\/www.reduxi.eu\/?page_id=5071"},"modified":"2025-06-06T08:37:05","modified_gmt":"2025-06-06T06:37:05","slug":"impressum","status":"publish","type":"page","link":"https:\/\/www.reduxi.eu\/du\/imprint\/","title":{"rendered":"Impressum"},"content":{"rendered":"<div class=\"fusion-fullwidth fullwidth-box fusion-builder-row-1 fusion-flex-container has-pattern-background has-mask-background nonhundred-percent-fullwidth non-hundred-percent-height-scrolling\" style=\"--awb-border-radius-top-left:0px;--awb-border-radius-top-right:0px;--awb-border-radius-bottom-right:0px;--awb-border-radius-bottom-left:0px;--awb-flex-wrap:wrap;\" ><div class=\"fusion-builder-row fusion-row fusion-flex-align-items-flex-start fusion-flex-content-wrap\" style=\"max-width:calc( 1200px + 0px );margin-left: calc(-0px \/ 2 );margin-right: calc(-0px \/ 2 );\"><div class=\"fusion-layout-column fusion_builder_column fusion-builder-column-0 fusion_builder_column_1_1 1_1 fusion-flex-column\" style=\"--awb-bg-size:cover;--awb-width-large:100%;--awb-margin-top-large:0px;--awb-spacing-right-large:0px;--awb-margin-bottom-large:0px;--awb-spacing-left-large:0px;--awb-width-medium:100%;--awb-order-medium:0;--awb-spacing-right-medium:0px;--awb-spacing-left-medium:0px;--awb-width-small:100%;--awb-order-small:0;--awb-spacing-right-small:0px;--awb-spacing-left-small:0px;\"><div class=\"fusion-column-wrapper fusion-column-has-shadow fusion-flex-justify-content-flex-start fusion-content-layout-column\"><div class=\"fusion-text fusion-text-1\"><h2><strong>Impressum<\/strong><\/h2>\n<p>Reduxi FlexCo<br \/>\nEuropaplatz 2,<br \/>\n1150 Wien<br \/>\n\u00d6sterreich<\/p>\n<p>Tel.: +43 676 3246681<br \/>\nE-Mail: info@reduxi.eu<\/p>\n<p><strong>Firmenbuchnummer:<\/strong>: FN 628777 y<br \/>\n<strong>Firmenbuchgericht:<\/strong>: Handelsgericht Wien<\/p>\n<p class=\"translation-block\"><strong>Unternehmenst\u00e4tigkeit<\/strong>: Software-Entwicklung<br>\r\n<strong>Mehrwertsteuer-Nummer<\/strong>: ATU80772727<\/p>\n<p><strong>Unternehmensgegenstand<\/strong> Herr Ale\u0161 Nastran<\/p>\n<p><strong>Beteiligungsverh\u00e4ltnisse:<\/strong><\/p>\n<p>Firma VERBUND Ventures GmbH<br \/>\nArt: Gesellschaft mit beschr\u00e4nkter Haftung (Ges.m.b.H.)<br \/>\nAnteil: 11,79%<\/p>\n<p>Herr Ale\u0161 Nastran<br \/>\nPrivatperson<br \/>\nAnteil: 31,49%<\/p>\n<p>Herr Primo\u017e Becan<br \/>\nPrivatperson<br \/>\nAnteil: 31,49%<\/p>\n<p>Herr Tadej Beravs<br \/>\nPrivatperson<br \/>\nAnteil: 13,54%<\/p>\n<p>Firma ACEX, digital solutions, Ltd.<br \/>\nArt: Gesellschaft mit beschr\u00e4nkter Haftung<br \/>\nAnteil: 11,79%<\/p>\n<p><strong>EU-Streitschlichtung<\/strong><\/p>\n<p>Gem\u00e4\u00df Verordnung \u00fcber Online-Streitbeilegung in Verbraucherangelegenheiten (ODR-Verordnung) m\u00f6chten wir Sie \u00fcber die Online-Streitbeilegungsplattform (OS-Plattform) informieren.<br \/>\nVerbraucher haben die M\u00f6glichkeit, Beschwerden an die Online Streitbeilegungsplattform der Europ\u00e4ischen Kommission unter<br \/>\nhttps:\/\/ec.europa.eu\/consumers\/odr\/main\/index.cfm?event=main.home2.show&amp;lng=DE<\/p>\n<\/div><\/div><\/div><\/div><\/div>","protected":false},"excerpt":{"rendered":"","protected":false},"author":15,"featured_media":0,"parent":0,"menu_order":0,"comment_status":"closed","ping_status":"closed","template":"100-width.php","meta":{"footnotes":""},"class_list":["post-5071","page","type-page","status-publish","hentry"],"_links":{"self":[{"href":"https:\/\/www.reduxi.eu\/du\/wp-json\/wp\/v2\/pages\/5071","targetHints":{"allow":["GET"]}}],"collection":[{"href":"https:\/\/www.reduxi.eu\/du\/wp-json\/wp\/v2\/pages"}],"about":[{"href":"https:\/\/www.reduxi.eu\/du\/wp-json\/wp\/v2\/types\/page"}],"author":[{"embeddable":true,"href":"https:\/\/www.reduxi.eu\/du\/wp-json\/wp\/v2\/users\/15"}],"replies":[{"embeddable":true,"href":"https:\/\/www.reduxi.eu\/du\/wp-json\/wp\/v2\/comments?post=5071"}],"version-history":[{"count":6,"href":"https:\/\/www.reduxi.eu\/du\/wp-json\/wp\/v2\/pages\/5071\/revisions"}],"predecessor-version":[{"id":5128,"href":"https:\/\/www.reduxi.eu\/du\/wp-json\/wp\/v2\/pages\/5071\/revisions\/5128"}],"wp:attachment":[{"href":"https:\/\/www.reduxi.eu\/du\/wp-json\/wp\/v2\/media?parent=5071"}],"curies":[{"name":"wp","href":"https:\/\/api.w.org\/{rel}","templated":true}]}}