{"id":6774,"date":"2025-11-19T10:00:17","date_gmt":"2025-11-19T09:00:17","guid":{"rendered":"https:\/\/www.reduxi.eu\/?page_id=6774"},"modified":"2025-11-19T16:19:08","modified_gmt":"2025-11-19T15:19:08","slug":"bess_og_reduxi_controller","status":"publish","type":"page","link":"https:\/\/www.reduxi.eu\/da\/bess_and_reduxi_controller\/","title":{"rendered":"BESS og Reduxi Controller - en ny indt\u00e6gtskilde"},"content":{"rendered":"<div class=\"fusion-fullwidth fullwidth-box fusion-builder-row-1 fusion-flex-container has-pattern-background has-mask-background nonhundred-percent-fullwidth non-hundred-percent-height-scrolling\" style=\"--awb-border-radius-top-left:0px;--awb-border-radius-top-right:0px;--awb-border-radius-bottom-right:0px;--awb-border-radius-bottom-left:0px;--awb-flex-wrap:wrap;\" ><div class=\"fusion-builder-row fusion-row fusion-flex-align-items-flex-start fusion-flex-content-wrap\" style=\"max-width:calc( 1200px + 0px );margin-left: calc(-0px \/ 2 );margin-right: calc(-0px \/ 2 );\"><div class=\"fusion-layout-column fusion_builder_column fusion-builder-column-0 fusion_builder_column_1_1 1_1 fusion-flex-column\" style=\"--awb-bg-size:cover;--awb-width-large:100%;--awb-margin-top-large:1.5rem;--awb-spacing-right-large:1.5rem;--awb-margin-bottom-large:1.5rem;--awb-spacing-left-large:1.5rem;--awb-width-medium:100%;--awb-order-medium:0;--awb-spacing-right-medium:1.5rem;--awb-spacing-left-medium:1.5rem;--awb-width-small:100%;--awb-order-small:0;--awb-spacing-right-small:0px;--awb-spacing-left-small:0px;\"><div class=\"fusion-column-wrapper fusion-column-has-shadow fusion-flex-justify-content-flex-start fusion-content-layout-column\"><div class=\"fusion-text fusion-text-1\"><div id=\"content\">\n<h2>BESS og Reduxi-controller - en ny indt\u00e6gtskilde<\/h2>\n<p><em>Dato: 20. marts 2025<\/em><\/p>\n<p>I dagens verden, hvor brugerne st\u00e5r over for stigende elpriser og netafgifter, bliver brugen af avancerede teknologier afg\u00f8rende for et omkostningseffektivt og b\u00e6redygtigt elforbrug. En af disse teknologier er Reduxi-controlleren, som ved hj\u00e6lp af avancerede AI-algoritmer muligg\u00f8r optimal brug af batterienergilagringssystemer (BESS) til forskellige form\u00e5l, herunder handel med elektricitet til Day-Ahead- eller Intraday-priser (hvor leverand\u00f8rerne tillader det).<\/p>\n<p>Priserne p\u00e5 energilagringssystemer er faldet i de senere \u00e5r, men de er stadig h\u00f8je nok til, at det er n\u00f8dvendigt med n\u00f8je overvejelser og en detaljeret \u00f8konomisk plan for at afg\u00f8re, om installationen virkelig er omkostningseffektiv. De fleste potentielle k\u00f8bere af lagringssystemer st\u00f8der dog p\u00e5 et problem (eller bem\u00e6rker det ikke, selv om det eksisterer): Hvordan kan de bruges, og hvordan kan de udnyttes fuldt ud?<\/p>\n<\/div>\n<\/div><div class=\"fusion-separator fusion-full-width-sep\" style=\"align-self: center;margin-left: auto;margin-right: auto;margin-top:1.5rem;margin-bottom:1.5rem;width:100%;\"><div class=\"fusion-separator-border sep-single sep-solid\" style=\"--awb-height:20px;--awb-amount:20px;--awb-sep-color:rgba(30,40,50,0.10);border-color:rgba(30,40,50,0.10);border-top-width:1px;\"><\/div><\/div><div class=\"fusion-text fusion-text-2\"><div id=\"content\">\n<h3>Hvorfor bruge et energilagringssystem og Reduxi-controlleren?<\/h3>\n<p>Kort sagt kan et energilagringssystem, ud over at give os mulighed for at lagre overskydende elektricitet fra solpaneler og sikre uafbrudt forsyning i tilf\u00e6lde af str\u00f8msvigt, bruges p\u00e5 tre andre m\u00e5der, som alle giver ekstra indt\u00e6gter eller direkte reducerer omkostningerne til elforsyning:<\/p>\n<ol>\n<li><strong>Reducerer spidsbelastning for lavere netafgifter<\/strong>: Reduxi-controlleren optimerer brugen af lagersystemet for at reducere spidsbelastninger og dermed s\u00e6nke netafgifterne.<\/li>\n<li><strong>Handel med elektricitet<\/strong>: Lagersystemet kombineret med passende kontrolsystemer som Reduxi g\u00f8r det muligt at handle elektricitet p\u00e5 Day-Ahead- og Intraday-markeder, hvilket giver mulighed for at udnytte prisudsving for at maksimere indt\u00e6gterne.<\/li>\n<li><strong>Leverer systemtjenester<\/strong>: Lagersystemet kan bruges til at levere systemtjenester som aFRR (automatisk frekvensgenoprettelsesreserve) og lignende tjenester, der bidrager til netstabilitet - men kun hvis lagersystemet styres af et system som Reduxi-controlleren.<\/li>\n<\/ol>\n<p>Reduxi-controlleren er designet til energistyring og giver ud over styring af lagringssystemet mulighed for integration med forskellige enheder ved m\u00e5lepunktet, f.eks. energilagringssystemer, solpaneler, elbilopladere, varmepumper og andre enheder. Ved hj\u00e6lp af avancerede AI-algoritmer beregner controlleren, hvordan man bedst bruger energilagringssystemet til at n\u00e5 de n\u00e6vnte m\u00e5l.<\/p>\n<\/div>\n<\/div><div class=\"fusion-separator fusion-full-width-sep\" style=\"align-self: center;margin-left: auto;margin-right: auto;margin-top:1.5rem;margin-bottom:1.5rem;width:100%;\"><div class=\"fusion-separator-border sep-single sep-solid\" style=\"--awb-height:20px;--awb-amount:20px;--awb-sep-color:rgba(30,40,50,0.10);border-color:rgba(30,40,50,0.10);border-top-width:1px;\"><\/div><\/div><div class=\"fusion-text fusion-text-3\"><div id=\"content\">\n<h3 id=\"trading-electricity-on-spot-day-ahead-and-intraday-markets\">Handel med elektricitet p\u00e5 spot- (Day-Ahead) og intraday-markeder<\/h3>\n<p>Handel med elektricitet p\u00e5 Day-Ahead- og Intraday-markederne p\u00e5 elb\u00f8rsen g\u00f8r det muligt at udnytte prisforskelle til at opn\u00e5 \u00f8konomiske fordele. Day-Ahead-markedet muligg\u00f8r handel med elektricitet til n\u00e6ste dag, mens Intraday-markedet muligg\u00f8r handel inden for samme dag, hvilket giver mulighed for hurtigere reaktioner p\u00e5 \u00e6ndringer i udbud og eftersp\u00f8rgsel.<\/p>\n<h4 id=\"day-ahead-market\">Day-Ahead-markedet<\/h4>\n<p>Day-Ahead-markedet er et organiseret marked p\u00e5 elb\u00f8rsen, hvor der handles for den n\u00e6ste dag. Priserne for hver time p\u00e5 dagen bestemmes ud fra udbud og eftersp\u00f8rgsel. Ved hj\u00e6lp af disse data kan Reduxi-controlleren planl\u00e6gge opladning og afladning af lagersystemet for at optimere forbruget (mere under lave eller negative priser og mindre under h\u00f8jere priser) og produktionen (mere under h\u00f8je priser og lidt eller intet under lave eller negative priser). Forskellene kan v\u00e6re betydelige, og en megawatt-time lagerkapacitet kan give omkring 100 euro i daglig indtjening.<\/p>\n<h4 id=\"intraday-market\">Intradag-markedet<\/h4>\n<p>Intraday-markedet giver mulighed for at handle elektricitet inden for samme dag. Dette marked er mere dynamisk og giver mulighed for hurtigere tilpasninger til \u00e6ndringer i udbud og eftersp\u00f8rgsel. Deltagerne kan handle i realtid i 15-minutters intervaller, hvilket g\u00f8r det muligt at udnytte kortsigtede prisudsving. Ogs\u00e5 her sikrer Reduxi-controlleren, at prisudsvingene maksimeres inden for de andre begr\u00e6nsninger, som brugeren har fastsat (f.eks. minimums- og maksimumslagerniveauer og reserveret kapacitet til spidsbelastning eller systemtjenester), for at reducere de endelige elomkostninger for brugeren.<\/p>\n<\/div>\n<\/div><div class=\"fusion-separator fusion-full-width-sep\" style=\"align-self: center;margin-left: auto;margin-right: auto;margin-top:1.5rem;margin-bottom:1.5rem;width:100%;\"><div class=\"fusion-separator-border sep-single sep-solid\" style=\"--awb-height:20px;--awb-amount:20px;--awb-sep-color:rgba(30,40,50,0.10);border-color:rgba(30,40,50,0.10);border-top-width:1px;\"><\/div><\/div><div class=\"fusion-text fusion-text-4\"><div id=\"content\">\n<h3 id=\"using-ai-algorithms-to-optimize-storage-systems\">Brug af AI-algoritmer til at optimere lagersystemer<\/h3>\n<p>Reduxi-controlleren bruger avancerede AI-algoritmer til at optimere brugen af energilagringssystemer. Disse algoritmer analyserer realtidsdata, herunder elb\u00f8rsens priser, historiske data, vejrprognoser og andre relevante faktorer. Baseret p\u00e5 disse data beregner AI-algoritmerne den mest optimale brug af lagersystemet for at n\u00e5 hovedm\u00e5let om at maksimere elbesparelser eller mere specifikke m\u00e5l som f.eks. peak shaving.<\/p>\n<h4 id=\"advantages-of-using-ai-algorithms\">Fordele ved at bruge AI-algoritmer<\/h4>\n<ol>\n<li><strong>N\u00f8jagtig forudsigelse af energieftersp\u00f8rgsel<\/strong>: AI-algoritmer kan pr\u00e6cist forudsige energibehovsm\u00f8nstre baseret p\u00e5 historiske data, vejrforhold, tidspunkt p\u00e5 dagen og andre variabler. Det giver mulighed for bedre planl\u00e6gning og justering af brugen af lagersystemet.<\/li>\n<li><strong>Udnyttelse af energipris\u00e6ndringer p\u00e5 b\u00f8rsen<\/strong>: AI-algoritmer g\u00f8r det muligt at udnytte daglige og timebaserede energiprisudsving i realtid baseret p\u00e5 udbud og eftersp\u00f8rgsel. Det giver mulighed for at optimere energiforbruget ved at udnytte lavere priser i perioder med lav eftersp\u00f8rgsel til opladning og h\u00f8jere priser i perioder med h\u00f8j eftersp\u00f8rgsel til afladning af lagersystemet.<\/li>\n<li><strong>Analyse og tilpasning til brugernes vaner<\/strong>: AI-algoritmer kan analysere brugernes vaner, f.eks. hvorn\u00e5r de typisk bruger elektricitet, og hvorn\u00e5r de har et lavt forbrug (under hensyntagen til faktorer som \u00e5rstid, vejr, helligdage eller arbejdsdage) og indarbejde dette i systemets driftsplanl\u00e6gning.<\/li>\n<\/ol>\n<\/div>\n<\/div><div class=\"fusion-separator fusion-full-width-sep\" style=\"align-self: center;margin-left: auto;margin-right: auto;margin-top:1.5rem;margin-bottom:1.5rem;width:100%;\"><div class=\"fusion-separator-border sep-single sep-solid\" style=\"--awb-height:20px;--awb-amount:20px;--awb-sep-color:rgba(30,40,50,0.10);border-color:rgba(30,40,50,0.10);border-top-width:1px;\"><\/div><\/div><div class=\"fusion-text fusion-text-5\"><div id=\"content\">\n<h3>Reduxi Controller giver lavere omkostninger og st\u00f8rre fleksibilitet<\/h3>\n<p>Brug af energilagringssystemer til at handle elektricitet til Day-Ahead- eller Intraday-priser med Reduxi-controlleren og avancerede AI-algoritmer giver st\u00f8rre effektivitet og \u00f8konomiske fordele for brugere, der har kontrakter med leverand\u00f8rer om levering og k\u00f8b af elektricitet baseret p\u00e5 markedspriser. Reduxi-controlleren giver mulighed for optimal brug af lagringssystemer til forskellige form\u00e5l, herunder reduktion af spidsbelastning, levering af systemtjenester og handel med elektricitet. Ved hj\u00e6lp af avancerede AI-algoritmer kan virksomheder pr\u00e6cist forudsige energieftersp\u00f8rgslen, tilpasse sig dynamiske energipriser og optimere driften af lagersystemer, hvilket ikke kun g\u00f8r elomkostningerne m\u00e6rkbart lavere, men ogs\u00e5 mere forudsigelige.<\/p>\n<\/div>\n<\/div><\/div><\/div><\/div><\/div>","protected":false},"excerpt":{"rendered":"","protected":false},"author":15,"featured_media":0,"parent":0,"menu_order":0,"comment_status":"closed","ping_status":"closed","template":"100-width.php","meta":{"footnotes":""},"class_list":["post-6774","page","type-page","status-publish","hentry"],"_links":{"self":[{"href":"https:\/\/www.reduxi.eu\/da\/wp-json\/wp\/v2\/pages\/6774","targetHints":{"allow":["GET"]}}],"collection":[{"href":"https:\/\/www.reduxi.eu\/da\/wp-json\/wp\/v2\/pages"}],"about":[{"href":"https:\/\/www.reduxi.eu\/da\/wp-json\/wp\/v2\/types\/page"}],"author":[{"embeddable":true,"href":"https:\/\/www.reduxi.eu\/da\/wp-json\/wp\/v2\/users\/15"}],"replies":[{"embeddable":true,"href":"https:\/\/www.reduxi.eu\/da\/wp-json\/wp\/v2\/comments?post=6774"}],"version-history":[{"count":27,"href":"https:\/\/www.reduxi.eu\/da\/wp-json\/wp\/v2\/pages\/6774\/revisions"}],"predecessor-version":[{"id":6871,"href":"https:\/\/www.reduxi.eu\/da\/wp-json\/wp\/v2\/pages\/6774\/revisions\/6871"}],"wp:attachment":[{"href":"https:\/\/www.reduxi.eu\/da\/wp-json\/wp\/v2\/media?parent=6774"}],"curies":[{"name":"wp","href":"https:\/\/api.w.org\/{rel}","templated":true}]}}