{"id":7167,"date":"2026-01-08T14:58:33","date_gmt":"2026-01-08T13:58:33","guid":{"rendered":"https:\/\/www.reduxi.eu\/?page_id=7167"},"modified":"2026-01-08T14:58:33","modified_gmt":"2026-01-08T13:58:33","slug":"kyberneticka-bezpecnost-bez-kompromisu","status":"publish","type":"page","link":"https:\/\/www.reduxi.eu\/cs\/cybersecurity-without-compromise\/","title":{"rendered":"Kybernetick\u00e1 bezpe\u010dnost bez kompromis\u016f"},"content":{"rendered":"<p><div class=\"fusion-fullwidth fullwidth-box fusion-builder-row-1 fusion-flex-container nonhundred-percent-fullwidth non-hundred-percent-height-scrolling\" style=\"--awb-border-radius-top-left:0px;--awb-border-radius-top-right:0px;--awb-border-radius-bottom-right:0px;--awb-border-radius-bottom-left:0px;--awb-flex-wrap:wrap;\" ><div class=\"fusion-builder-row fusion-row fusion-flex-align-items-flex-start fusion-flex-content-wrap\" style=\"max-width:calc( 1200px + 0px );margin-left: calc(-0px \/ 2 );margin-right: calc(-0px \/ 2 );\"><div class=\"fusion-layout-column fusion_builder_column fusion-builder-column-0 fusion_builder_column_1_1 1_1 fusion-flex-column\" style=\"--awb-bg-size:cover;--awb-width-large:100%;--awb-margin-top-large:0px;--awb-spacing-right-large:0px;--awb-margin-bottom-large:0px;--awb-spacing-left-large:0px;--awb-width-medium:100%;--awb-spacing-right-medium:0px;--awb-spacing-left-medium:0px;--awb-width-small:100%;--awb-spacing-right-small:0px;--awb-spacing-left-small:0px;\"><div class=\"fusion-column-wrapper fusion-flex-justify-content-flex-start fusion-content-layout-column\"><div class=\"fusion-text fusion-text-1\"><h2 data-start=\"296\" data-end=\"333\" data-fontsize=\"48.832\" style=\"--fontSize: 48.832; line-height: 1;\" data-lineheight=\"48.832px\" class=\"fusion-responsive-typography-calculated\">Kybernetick\u00e1 bezpe\u010dnost bez kompromis\u016f<\/h2>\n<h3 data-start=\"334\" data-end=\"401\" data-fontsize=\"39.056\" style=\"--fontSize: 39.056; line-height: 1.2;\" data-lineheight=\"46.8672px\" class=\"fusion-responsive-typography-calculated\">Jak spole\u010dnost Reduxi vytv\u00e1\u0159\u00ed bezpe\u010dnou energetickou inteligenci od z\u00e1klad\u016f<\/h3>\n<h5><\/h5>\n<\/div><div class=\"fusion-image-element\" style=\"text-align:center;--awb-caption-title-font-family:var(--h2_typography-font-family);--awb-caption-title-font-weight:var(--h2_typography-font-weight);--awb-caption-title-font-style:var(--h2_typography-font-style);--awb-caption-title-size:var(--h2_typography-font-size);--awb-caption-title-transform:var(--h2_typography-text-transform);--awb-caption-title-line-height:var(--h2_typography-line-height);--awb-caption-title-letter-spacing:var(--h2_typography-letter-spacing);\"><span class=\"fusion-imageframe imageframe-none imageframe-1 hover-type-none\"><img decoding=\"async\" width=\"800\" height=\"480\" title=\"1765877057447\" src=\"https:\/\/www.reduxi.eu\/wp-content\/uploads\/2026\/01\/1765877057447-e1767873445873.jpg\" data-orig-src=\"https:\/\/www.reduxi.eu\/wp-content\/uploads\/2026\/01\/1765877057447-e1767873445873.jpg\" alt class=\"lazyload img-responsive wp-image-7166\" srcset=\"data:image\/svg+xml,%3Csvg%20xmlns%3D%27http%3A%2F%2Fwww.w3.org%2F2000%2Fsvg%27%20width%3D%27800%27%20height%3D%27480%27%20viewBox%3D%270%200%20800%20480%27%3E%3Crect%20width%3D%27800%27%20height%3D%27480%27%20fill-opacity%3D%220%22%2F%3E%3C%2Fsvg%3E\" data-srcset=\"https:\/\/www.reduxi.eu\/wp-content\/uploads\/2026\/01\/1765877057447-e1767873445873-200x120.jpg 200w, https:\/\/www.reduxi.eu\/wp-content\/uploads\/2026\/01\/1765877057447-e1767873445873-400x240.jpg 400w, https:\/\/www.reduxi.eu\/wp-content\/uploads\/2026\/01\/1765877057447-e1767873445873-600x360.jpg 600w, https:\/\/www.reduxi.eu\/wp-content\/uploads\/2026\/01\/1765877057447-e1767873445873.jpg 800w\" data-sizes=\"auto\" data-orig-sizes=\"(max-width: 640px) 100vw, 800px\" \/><\/span><\/div><div class=\"fusion-text fusion-text-2\"><p><b><br \/><\/b><\/p>\n<p><b>S rostouc\u00ed digitalizac\u00ed, propojen\u00edm a automatizac\u00ed energetick\u00fdch syst\u00e9m\u016f p\u0159est\u00e1v\u00e1 b\u00fdt kybernetick\u00e1 bezpe\u010dnost podp\u016frn\u00fdm prvkem. Je to z\u00e1kladn\u00ed po\u017eadavek. Energetick\u00e1 aktiva dnes nejsou jen fyzickou infrastrukturou - jsou sou\u010d\u00e1st\u00ed slo\u017eit\u00fdch ekosyst\u00e9m\u016f zalo\u017een\u00fdch na datech, kter\u00e9 mus\u00ed z\u016fstat spolehliv\u00e9, odoln\u00e9 a bezpe\u010dn\u00e9 za v\u0161ech okolnost\u00ed.<\/b><\/p>\n<p><b>Ve spole\u010dnosti Reduxi nen\u00ed kybernetick\u00e1 bezpe\u010dnost dopl\u0148kem nebo voliteln\u00fdm modulem. Je zabudov\u00e1na do ka\u017ed\u00e9 vrstvy na\u0161ich \u0159e\u0161en\u00ed - od pr\u016fmyslov\u00e9ho hardwaru nasazen\u00e9ho v ter\u00e9nu a\u017e po cloudov\u00e9 platformy provozuj\u00edc\u00ed kritick\u00e9 energetick\u00e9 slu\u017eby.<\/b><\/p>\n<\/div><\/div><\/div><\/div><\/div><div class=\"fusion-fullwidth fullwidth-box fusion-builder-row-2 fusion-flex-container has-pattern-background has-mask-background nonhundred-percent-fullwidth non-hundred-percent-height-scrolling fusion-animated\" style=\"--awb-border-radius-top-left:0px;--awb-border-radius-top-right:0px;--awb-border-radius-bottom-right:0px;--awb-border-radius-bottom-left:0px;--awb-padding-top:19px;--awb-padding-bottom:25px;--awb-margin-bottom:13px;--awb-background-image:radial-gradient(circle at center center, var(--awb-color5) 0%,var(--awb-color6) 100%);--awb-flex-wrap:wrap;\" data-animationtype=\"fadeInUp\" data-animationduration=\"1.6\" data-animationdelay=\"0.5\" data-animationoffset=\"top-into-view\" ><div class=\"fusion-builder-row fusion-row fusion-flex-align-items-flex-start fusion-flex-content-wrap\" style=\"max-width:calc( 1200px + 0px );margin-left: calc(-0px \/ 2 );margin-right: calc(-0px \/ 2 );\"><div class=\"fusion-layout-column fusion_builder_column fusion-builder-column-1 fusion_builder_column_1_1 1_1 fusion-flex-column\" style=\"--awb-bg-size:cover;--awb-width-large:100%;--awb-margin-top-large:0px;--awb-spacing-right-large:0px;--awb-margin-bottom-large:0px;--awb-spacing-left-large:0px;--awb-width-medium:100%;--awb-order-medium:0;--awb-spacing-right-medium:0px;--awb-spacing-left-medium:0px;--awb-width-small:100%;--awb-order-small:0;--awb-spacing-right-small:0px;--awb-spacing-left-small:0px;\"><div class=\"fusion-column-wrapper fusion-column-has-shadow fusion-flex-justify-content-flex-start fusion-content-layout-column\"><div class=\"fusion-text fusion-text-3 fusion-animated\" data-animationtype=\"fadeInLeft\" data-animationduration=\"1.6\" data-animationoffset=\"top-into-view\"><h5 style=\"color: var(--awb-color1);\">Zabezpe\u010den\u00ed jako z\u00e1klad, ne jako dopln\u011bk<\/h5>\n<p style=\"color: var(--awb-color1);\">Modern\u00ed platformy pro \u0159\u00edzen\u00ed spot\u0159eby energie a flexibilitu jsou zalo\u017eeny na nep\u0159etr\u017eit\u00e9 v\u00fdm\u011bn\u011b dat mezi za\u0159\u00edzen\u00edmi, cloudov\u00fdmi syst\u00e9my, tr\u017en\u00edmi platformami a provozovateli s\u00edt\u00ed. Toto propojen\u00ed vytv\u00e1\u0159\u00ed hodnotu - ale tak\u00e9 p\u0159in\u00e1\u0161\u00ed rizika, pokud nen\u00ed spr\u00e1vn\u011b navr\u017eeno.<\/p>\n<p style=\"color: var(--awb-color1);\">P\u0159\u00edstup spole\u010dnosti Reduxi je jasn\u00fd: bezpe\u010dnost mus\u00ed b\u00fdt navr\u017eena od za\u010d\u00e1tku, ne p\u0159id\u00e1na pozd\u011bji. Touto z\u00e1sadou se \u0159\u00edd\u00edme p\u0159i n\u00e1vrhu, v\u00fdvoji, nasazen\u00ed a provozu cel\u00e9ho technologick\u00e9ho bal\u00ed\u010dku.<\/p>\n<h5 style=\"color: var(--awb-color1);\">Certifikovan\u00e9 a p\u0159edpis\u016fm p\u0159izp\u016fsoben\u00e9 zabezpe\u010den\u00ed informac\u00ed<\/h5>\n<p style=\"color: var(--awb-color1);\">Spole\u010dnost Reduxi provozuje certifikovan\u00fd syst\u00e9m \u0159\u00edzen\u00ed bezpe\u010dnosti informac\u00ed (ISMS) podle normy ISO\/IEC 27001. To znamen\u00e1, \u017ee bezpe\u010dnost informac\u00ed ve spole\u010dnosti Reduxi se \u0159\u00edd\u00ed strukturovan\u00fdmi z\u00e1sadami, definovan\u00fdmi odpov\u011bdnostmi, pr\u016fb\u011b\u017en\u00fdm hodnocen\u00edm rizik a pravideln\u00fdmi audity.<\/p>\n<p style=\"color: var(--awb-color1);\">Sou\u010dasn\u011b je Reduxi v souladu se sm\u011brnic\u00ed NIS2 a \u0159e\u0161\u00ed po\u017eadavky t\u00fdkaj\u00edc\u00ed se:<\/p>\n<ul>\n<li><span style=\"color: var(--awb-color1); background-color: rgba(0, 0, 0, 0);\">\u0159\u00edzen\u00ed a odpov\u011bdnost,<\/span><\/li>\n<li><span style=\"color: var(--awb-color1); background-color: rgba(0, 0, 0, 0);\">provozn\u00ed odolnost,<\/span><\/li>\n<li><span style=\"color: var(--awb-color1); background-color: rgba(0, 0, 0, 0);\">\u0159e\u0161en\u00ed a hl\u00e1\u0161en\u00ed incident\u016f,<\/span><\/li>\n<li><span style=\"color: var(--awb-color1); background-color: rgba(0, 0, 0, 0);\">a zabezpe\u010den\u00ed dodavatelsk\u00e9ho \u0159et\u011bzce.<\/span><\/li>\n<\/ul>\n<ul>\n<\/ul>\n<p style=\"color: var(--awb-color1);\">Toto slad\u011bn\u00ed zaji\u0161\u0165uje, \u017ee na\u0161e platformy jsou p\u0159ipraveny na vyv\u00edjej\u00edc\u00ed se regula\u010dn\u00ed o\u010dek\u00e1v\u00e1n\u00ed kladen\u00e1 na digit\u00e1ln\u00ed energetickou infrastrukturu v Evrop\u011b.<\/p>\n<\/div><\/div><\/div><\/div><\/div><div class=\"fusion-fullwidth fullwidth-box fusion-builder-row-3 fusion-flex-container has-pattern-background has-mask-background nonhundred-percent-fullwidth non-hundred-percent-height-scrolling\" style=\"--awb-border-radius-top-left:0px;--awb-border-radius-top-right:0px;--awb-border-radius-bottom-right:0px;--awb-border-radius-bottom-left:0px;--awb-flex-wrap:wrap;\" ><div class=\"fusion-builder-row fusion-row fusion-flex-align-items-flex-start fusion-flex-content-wrap\" style=\"max-width:calc( 1200px + 0px );margin-left: calc(-0px \/ 2 );margin-right: calc(-0px \/ 2 );\"><div class=\"fusion-layout-column fusion_builder_column fusion-builder-column-2 fusion_builder_column_1_1 1_1 fusion-flex-column\" style=\"--awb-bg-size:cover;--awb-width-large:100%;--awb-margin-top-large:0px;--awb-spacing-right-large:0px;--awb-margin-bottom-large:0px;--awb-spacing-left-large:0px;--awb-width-medium:100%;--awb-order-medium:0;--awb-spacing-right-medium:0px;--awb-spacing-left-medium:0px;--awb-width-small:100%;--awb-order-small:0;--awb-spacing-right-small:0px;--awb-spacing-left-small:0px;\"><div class=\"fusion-column-wrapper fusion-column-has-shadow fusion-flex-justify-content-flex-start fusion-content-layout-column\"><div class=\"fusion-text fusion-text-4 fusion-animated\" data-animationtype=\"fadeInUp\" data-animationduration=\"1.6\" data-animationoffset=\"bottom-in-view\"><h5>Datov\u00e1 suverenita a cloudov\u00e1 infrastruktura v EU<\/h5>\n<p>V\u0161echny cloudov\u00e9 slu\u017eby a \u00falo\u017ei\u0161t\u011b dat Reduxi se nach\u00e1zej\u00ed v Evropsk\u00e9 unii. To zaji\u0161\u0165uje:<\/p>\n<ul>\n<li>pln\u00fd soulad s GDPR,<\/li>\n<li>suverenitu dat pro z\u00e1kazn\u00edky,<\/li>\n<li>a jasnou pr\u00e1vn\u00ed p\u0159\u00edslu\u0161nost pro nakl\u00e1d\u00e1n\u00ed s \u00fadaji a jejich zpracov\u00e1n\u00ed.<\/li>\n<\/ul>\n<p>D\u00edky uchov\u00e1v\u00e1n\u00ed \u00fadaj\u016f v r\u00e1mci EU zaji\u0161\u0165uje spole\u010dnost Reduxi transparentnost a p\u0159edv\u00eddatelnost pro z\u00e1kazn\u00edky p\u016fsob\u00edc\u00ed na regulovan\u00fdch trz\u00edch s energi\u00ed.<\/p>\n<\/div><div class=\"fusion-separator fusion-full-width-sep\" style=\"align-self: center;margin-left: auto;margin-right: auto;width:100%;\"><div class=\"fusion-separator-border sep-single sep-solid\" style=\"--awb-height:20px;--awb-amount:20px;--awb-sep-color:var(--awb-custom_color_1);border-color:var(--awb-custom_color_1);border-top-width:1px;\"><\/div><\/div><div class=\"fusion-text fusion-text-5 fusion-animated\" data-animationtype=\"fadeInUp\" data-animationduration=\"1.6\" data-animationoffset=\"bottom-in-view\"><h5>Hardwarov\u00e1 architektura Secure-by-Design<\/h5>\n<p>Zabezpe\u010den\u00ed neza\u010d\u00edn\u00e1 v cloudu, ale na jeho okraji.<\/p>\n<p>\u0158\u00eddic\u00ed jednotky Reduxi jsou navr\u017eeny s p\u0159\u00edsnou segmentac\u00ed LAN\/WAN a skute\u010dnou izolac\u00ed s\u00edt\u011b, co\u017e z\u00e1kazn\u00edk\u016fm umo\u017e\u0148uje p\u0159esn\u00e9 \u0159\u00edzen\u00ed:<\/p>\n<ul>\n<li>kter\u00e9 syst\u00e9my intern\u011b komunikuj\u00ed,<\/li>\n<li>kter\u00e9 spoje jsou vystaveny navenek,<\/li>\n<li>a jak data proud\u00ed mezi provozn\u00edmi technologiemi (OT) a IT prost\u0159ed\u00edm.<\/li>\n<\/ul>\n<p>Tato architektura omezuje plochy pro \u00fatoky a podporuje bezpe\u010dn\u00fd provoz i ve slo\u017eit\u00fdch nebo vysoce regulovan\u00fdch za\u0159\u00edzen\u00edch.<\/p>\n<p>V\u0161echny hlavn\u00ed hardwarov\u00e9 komponenty pr\u016fmyslov\u00fdch \u0159\u00eddic\u00edch jednotek Reduxi se nav\u00edc vyr\u00e1b\u011bj\u00ed v EU, co\u017e podporuje kontrolovan\u00e9 dodavatelsk\u00e9 \u0159et\u011bzce a jednotn\u00e9 standardy kvality.<\/p>\n<\/div><div class=\"fusion-separator fusion-full-width-sep\" style=\"align-self: center;margin-left: auto;margin-right: auto;width:100%;\"><div class=\"fusion-separator-border sep-single sep-solid\" style=\"--awb-height:20px;--awb-amount:20px;--awb-sep-color:var(--awb-custom_color_1);border-color:var(--awb-custom_color_1);border-top-width:1px;\"><\/div><\/div><div class=\"fusion-text fusion-text-6 fusion-animated\" data-animationtype=\"fadeInUp\" data-animationduration=\"1.6\" data-animationoffset=\"bottom-in-view\"><h5>Vlastn\u00ed v\u00fdvoj softwaru a firmwaru<\/h5>\n<p>Ve\u0161ker\u00fd software a firmware Reduxi je vyv\u00edjen pln\u011b ve vlastn\u00ed re\u017eii. V\u00fdvoj j\u00e1dra nezad\u00e1v\u00e1me extern\u00edm dodavatel\u016fm a v p\u0159\u00edpad\u011b kritick\u00fdch funkc\u00ed syst\u00e9mu nespol\u00e9h\u00e1me na nepr\u016fhledn\u00fd k\u00f3d t\u0159et\u00edch stran.<\/p>\n<p>Tento p\u0159\u00edstup zaji\u0161\u0165uje:<\/p>\n<ul>\n<li>\u00faplnou transparentnost toho, co b\u011b\u017e\u00ed v na\u0161ich za\u0159\u00edzen\u00edch,<\/li>\n<li>rychlej\u0161\u00ed reakce na zranitelnosti,<\/li>\n<li>\u0159\u00edzen\u00e9 procesy aktualizace a uvol\u0148ov\u00e1n\u00ed,<\/li>\n<li>a dlouhodobou udr\u017eovatelnost nasazen\u00fdch syst\u00e9m\u016f.<\/li>\n<\/ul>\n<p style=\"color: var(--awb-color5);\"><b>Nejsou zde \u017e\u00e1dn\u00e9 skryt\u00e9 komponenty, \u017e\u00e1dn\u00e9 nezn\u00e1m\u00e9 z\u00e1vislosti ani p\u0159ekvapen\u00ed - pouze promy\u0161len\u00e9 a bezpe\u010dn\u00e9 in\u017een\u00fdrstv\u00ed.<\/b><\/p>\n<\/div><div class=\"fusion-separator fusion-full-width-sep\" style=\"align-self: center;margin-left: auto;margin-right: auto;width:100%;\"><div class=\"fusion-separator-border sep-single sep-solid\" style=\"--awb-height:20px;--awb-amount:20px;--awb-sep-color:var(--awb-custom_color_1);border-color:var(--awb-custom_color_1);border-top-width:1px;\"><\/div><\/div><\/div><\/div><div class=\"fusion-layout-column fusion_builder_column fusion-builder-column-3 fusion_builder_column_1_1 1_1 fusion-flex-column fusion-animated\" style=\"--awb-bg-size:cover;--awb-width-large:100%;--awb-margin-top-large:0px;--awb-spacing-right-large:0px;--awb-margin-bottom-large:0px;--awb-spacing-left-large:0px;--awb-width-medium:100%;--awb-order-medium:0;--awb-spacing-right-medium:0px;--awb-spacing-left-medium:0px;--awb-width-small:100%;--awb-order-small:0;--awb-spacing-right-small:0px;--awb-spacing-left-small:0px;\" data-animationtype=\"fadeInUp\" data-animationduration=\"1.6\" data-animationoffset=\"bottom-in-view\"><div class=\"fusion-column-wrapper fusion-column-has-shadow fusion-flex-justify-content-flex-start fusion-content-layout-column\"><div class=\"fusion-text fusion-text-7\"><h5>Podpora odoln\u00e9 energetick\u00e9 s\u00edt\u011b<\/h5>\n<p>Bezpe\u010dn\u00e9 energetick\u00e9 syst\u00e9my jsou nezbytn\u00e9 nejen pro ochranu dat, ale i pro zaji\u0161t\u011bn\u00ed stability a odolnosti samotn\u00e9 elektrick\u00e9 s\u00edt\u011b. Kybernetick\u00e1 bezpe\u010dnost je nezbytn\u00fdm p\u0159edpokladem d\u016fv\u011bry - mezi vlastn\u00edky aktiv, agreg\u00e1tory, provozovateli s\u00edt\u00ed a regula\u010dn\u00edmi org\u00e1ny - od m\u00edstn\u00edho \u0159\u00edzen\u00ed energie a\u017e po rozs\u00e1hlou agregaci flexibility.<\/p>\n<\/div><\/div><\/div><\/div><\/div><div class=\"fusion-fullwidth fullwidth-box fusion-builder-row-4 fusion-flex-container has-pattern-background has-mask-background nonhundred-percent-fullwidth non-hundred-percent-height-scrolling fusion-animated\" style=\"--awb-border-radius-top-left:0px;--awb-border-radius-top-right:0px;--awb-border-radius-bottom-right:0px;--awb-border-radius-bottom-left:0px;--awb-background-image:radial-gradient(circle at center top, var(--awb-color1) 0%,var(--awb-color5) 100%);--awb-flex-wrap:wrap;\" data-animationtype=\"zoomIn\" data-animationduration=\"1.6\" data-animationoffset=\"bottom-in-view\" ><div class=\"fusion-builder-row fusion-row fusion-flex-align-items-flex-start fusion-flex-content-wrap\" style=\"max-width:calc( 1200px + 0px );margin-left: calc(-0px \/ 2 );margin-right: calc(-0px \/ 2 );\"><div class=\"fusion-layout-column fusion_builder_column fusion-builder-column-4 fusion_builder_column_1_1 1_1 fusion-flex-column\" style=\"--awb-bg-size:cover;--awb-width-large:100%;--awb-margin-top-large:0px;--awb-spacing-right-large:0px;--awb-margin-bottom-large:0px;--awb-spacing-left-large:0px;--awb-width-medium:100%;--awb-order-medium:0;--awb-spacing-right-medium:0px;--awb-spacing-left-medium:0px;--awb-width-small:100%;--awb-order-small:0;--awb-spacing-right-small:0px;--awb-spacing-left-small:0px;\"><div class=\"fusion-column-wrapper fusion-column-has-shadow fusion-flex-justify-content-flex-start fusion-content-layout-column\"><div class=\"fusion-text fusion-text-8\"><h3 style=\"text-align: center; \">Ve spole\u010dnosti Reduxi jsme p\u0159esv\u011bd\u010deni, \u017ee energetick\u00e1 inteligence m\u016f\u017ee p\u0159in\u00e9st plnou hodnotu pouze tehdy, kdy\u017e je bezpe\u010dn\u00e1 ji\u017e od n\u00e1vrhu.<\/h3>\n<\/div><\/div><\/div><\/div><\/div><\/p>","protected":false},"excerpt":{"rendered":"","protected":false},"author":15,"featured_media":0,"parent":0,"menu_order":0,"comment_status":"closed","ping_status":"closed","template":"100-width.php","meta":{"footnotes":""},"class_list":["post-7167","page","type-page","status-publish","hentry"],"_links":{"self":[{"href":"https:\/\/www.reduxi.eu\/cs\/wp-json\/wp\/v2\/pages\/7167","targetHints":{"allow":["GET"]}}],"collection":[{"href":"https:\/\/www.reduxi.eu\/cs\/wp-json\/wp\/v2\/pages"}],"about":[{"href":"https:\/\/www.reduxi.eu\/cs\/wp-json\/wp\/v2\/types\/page"}],"author":[{"embeddable":true,"href":"https:\/\/www.reduxi.eu\/cs\/wp-json\/wp\/v2\/users\/15"}],"replies":[{"embeddable":true,"href":"https:\/\/www.reduxi.eu\/cs\/wp-json\/wp\/v2\/comments?post=7167"}],"version-history":[{"count":16,"href":"https:\/\/www.reduxi.eu\/cs\/wp-json\/wp\/v2\/pages\/7167\/revisions"}],"predecessor-version":[{"id":7183,"href":"https:\/\/www.reduxi.eu\/cs\/wp-json\/wp\/v2\/pages\/7167\/revisions\/7183"}],"wp:attachment":[{"href":"https:\/\/www.reduxi.eu\/cs\/wp-json\/wp\/v2\/media?parent=7167"}],"curies":[{"name":"wp","href":"https:\/\/api.w.org\/{rel}","templated":true}]}}