{"id":6774,"date":"2025-11-19T10:00:17","date_gmt":"2025-11-19T09:00:17","guid":{"rendered":"https:\/\/www.reduxi.eu\/?page_id=6774"},"modified":"2025-11-19T16:19:08","modified_gmt":"2025-11-19T15:19:08","slug":"bess_and_reduxi_controller","status":"publish","type":"page","link":"https:\/\/www.reduxi.eu\/cs\/bess_and_reduxi_controller\/","title":{"rendered":"BESS a Reduxi Controller - nov\u00fd zdroj p\u0159\u00edjm\u016f"},"content":{"rendered":"<div class=\"fusion-fullwidth fullwidth-box fusion-builder-row-1 fusion-flex-container has-pattern-background has-mask-background nonhundred-percent-fullwidth non-hundred-percent-height-scrolling\" style=\"--awb-border-radius-top-left:0px;--awb-border-radius-top-right:0px;--awb-border-radius-bottom-right:0px;--awb-border-radius-bottom-left:0px;--awb-flex-wrap:wrap;\" ><div class=\"fusion-builder-row fusion-row fusion-flex-align-items-flex-start fusion-flex-content-wrap\" style=\"max-width:calc( 1200px + 0px );margin-left: calc(-0px \/ 2 );margin-right: calc(-0px \/ 2 );\"><div class=\"fusion-layout-column fusion_builder_column fusion-builder-column-0 fusion_builder_column_1_1 1_1 fusion-flex-column\" style=\"--awb-bg-size:cover;--awb-width-large:100%;--awb-margin-top-large:1.5rem;--awb-spacing-right-large:1.5rem;--awb-margin-bottom-large:1.5rem;--awb-spacing-left-large:1.5rem;--awb-width-medium:100%;--awb-order-medium:0;--awb-spacing-right-medium:1.5rem;--awb-spacing-left-medium:1.5rem;--awb-width-small:100%;--awb-order-small:0;--awb-spacing-right-small:0px;--awb-spacing-left-small:0px;\"><div class=\"fusion-column-wrapper fusion-column-has-shadow fusion-flex-justify-content-flex-start fusion-content-layout-column\"><div class=\"fusion-text fusion-text-1\"><div id=\"content\">\n<h2>BESS a \u0159\u00eddic\u00ed jednotka Reduxi - nov\u00fd zdroj p\u0159\u00edjm\u016f<\/h2>\n<p><em>Datum: 20. b\u0159ezna 2025<\/em><\/p>\n<p>V dne\u0161n\u00edm sv\u011bt\u011b, kde se u\u017eivatel\u00e9 pot\u00fdkaj\u00ed s rostouc\u00edmi cenami elekt\u0159iny a poplatky za rozvodn\u00e9 s\u00edt\u011b, se vyu\u017e\u00edv\u00e1n\u00ed modern\u00edch technologi\u00ed st\u00e1v\u00e1 kl\u00ed\u010dov\u00fdm pro n\u00e1kladov\u011b efektivn\u00ed a udr\u017eiteln\u00e9 vyu\u017e\u00edv\u00e1n\u00ed elekt\u0159iny. Jednou z takov\u00fdch technologi\u00ed je \u0159\u00eddic\u00ed jednotka Reduxi, kter\u00e1 s pomoc\u00ed pokro\u010dil\u00fdch algoritm\u016f um\u011bl\u00e9 inteligence umo\u017e\u0148uje optim\u00e1ln\u00ed vyu\u017eit\u00ed bateriov\u00fdch syst\u00e9m\u016f pro ukl\u00e1d\u00e1n\u00ed energie (BESS) k r\u016fzn\u00fdm \u00fa\u010del\u016fm, v\u010detn\u011b obchodov\u00e1n\u00ed s elekt\u0159inou za denn\u00ed nebo vnitrodenn\u00ed ceny (pokud to dodavatel\u00e9 umo\u017e\u0148uj\u00ed).<\/p>\n<p>Ceny syst\u00e9m\u016f skladov\u00e1n\u00ed energie v posledn\u00edch letech klesaj\u00ed, ale st\u00e1le jsou dostate\u010dn\u011b vysok\u00e9, aby bylo mo\u017en\u00e9 pe\u010dliv\u011b zv\u00e1\u017eit, zda je jejich instalace skute\u010dn\u011b rentabiln\u00ed, a vypracovat podrobn\u00fd finan\u010dn\u00ed pl\u00e1n. V\u011bt\u0161ina potenci\u00e1ln\u00edch z\u00e1jemc\u016f o akumula\u010dn\u00ed syst\u00e9my v\u0161ak nar\u00e1\u017e\u00ed na probl\u00e9m (nebo si ho navzdory jeho existenci nev\u0161imne): jak je lze vyu\u017e\u00edt a jak je lze pln\u011b vyu\u017e\u00edt?<\/p>\n<\/div>\n<\/div><div class=\"fusion-separator fusion-full-width-sep\" style=\"align-self: center;margin-left: auto;margin-right: auto;margin-top:1.5rem;margin-bottom:1.5rem;width:100%;\"><div class=\"fusion-separator-border sep-single sep-solid\" style=\"--awb-height:20px;--awb-amount:20px;--awb-sep-color:rgba(30,40,50,0.10);border-color:rgba(30,40,50,0.10);border-top-width:1px;\"><\/div><\/div><div class=\"fusion-text fusion-text-2\"><div id=\"content\">\n<h3>Pro\u010d pou\u017e\u00edvat syst\u00e9m ukl\u00e1d\u00e1n\u00ed energie a \u0159\u00eddic\u00ed jednotku Reduxi?<\/h3>\n<p>Stru\u010dn\u011b \u0159e\u010deno, krom\u011b toho, \u017ee n\u00e1m umo\u017e\u0148uje skladovat p\u0159ebyte\u010dnou elekt\u0159inu vyrobenou sol\u00e1rn\u00edmi panely a zajistit nep\u0159eru\u0161en\u00e9 dod\u00e1vky v p\u0159\u00edpad\u011b v\u00fdpadku s\u00edt\u011b, lze syst\u00e9m skladov\u00e1n\u00ed energie vyu\u017e\u00edt t\u0159emi dal\u0161\u00edmi zp\u016fsoby, kter\u00e9 p\u0159in\u00e1\u0161ej\u00ed dodate\u010dn\u00e9 p\u0159\u00edjmy nebo p\u0159\u00edmo sni\u017euj\u00ed n\u00e1klady na dod\u00e1vky elekt\u0159iny:<\/p>\n<ol>\n<li><strong>Sn\u00ed\u017een\u00ed \u0161pi\u010dkov\u00e9ho v\u00fdkonu za ni\u017e\u0161\u00ed poplatky za p\u0159ipojen\u00ed k s\u00edti<\/strong>: \u0158\u00eddic\u00ed jednotka Reduxi optimalizuje vyu\u017eit\u00ed \u00falo\u017en\u00e9ho syst\u00e9mu tak, aby se sn\u00ed\u017eilo \u0161pi\u010dkov\u00e9 zat\u00ed\u017een\u00ed, a t\u00edm se sn\u00ed\u017eily poplatky za p\u0159ipojen\u00ed k s\u00edti.<\/li>\n<li><strong>Obchodov\u00e1n\u00ed s elekt\u0159inou<\/strong>: Syst\u00e9m skladov\u00e1n\u00ed v kombinaci s vhodn\u00fdmi \u0159\u00eddic\u00edmi syst\u00e9my, jako je Reduxi, umo\u017e\u0148uje obchodov\u00e1n\u00ed s elekt\u0159inou na trz\u00edch den p\u0159edem a vnitrodenn\u00edch trz\u00edch, co\u017e umo\u017e\u0148uje vyu\u017e\u00edvat kol\u00eds\u00e1n\u00ed cen k maximalizaci v\u00fdnos\u016f.<\/li>\n<li><strong>Poskytov\u00e1n\u00ed syst\u00e9mov\u00fdch slu\u017eeb<\/strong>: Akumula\u010dn\u00ed syst\u00e9m lze vyu\u017e\u00edt k poskytov\u00e1n\u00ed syst\u00e9mov\u00fdch slu\u017eeb, jako je aFRR (automatick\u00e1 rezerva pro obnoven\u00ed frekvence) a podobn\u00e9 slu\u017eby, kter\u00e9 p\u0159isp\u00edvaj\u00ed ke stabilit\u011b s\u00edt\u011b - ale pouze v p\u0159\u00edpad\u011b, \u017ee je akumula\u010dn\u00ed syst\u00e9m \u0159\u00edzen syst\u00e9mem, jako je regul\u00e1tor Reduxi.<\/li>\n<\/ol>\n<p>\u0158\u00eddic\u00ed jednotka Reduxi je ur\u010dena k \u0159\u00edzen\u00ed spot\u0159eby energie a krom\u011b \u0159\u00edzen\u00ed syst\u00e9mu skladov\u00e1n\u00ed umo\u017e\u0148uje integraci s r\u016fzn\u00fdmi za\u0159\u00edzen\u00edmi v m\u00edst\u011b m\u011b\u0159en\u00ed, jako jsou syst\u00e9my skladov\u00e1n\u00ed energie, sol\u00e1rn\u00ed panely, nab\u00edje\u010dky elektromobil\u016f, tepeln\u00e1 \u010derpadla a dal\u0161\u00ed za\u0159\u00edzen\u00ed. Pomoc\u00ed pokro\u010dil\u00fdch algoritm\u016f um\u011bl\u00e9 inteligence \u0159\u00eddic\u00ed jednotka vypo\u010d\u00edt\u00e1, jak nejl\u00e9pe vyu\u017e\u00edt syst\u00e9m skladov\u00e1n\u00ed energie k dosa\u017een\u00ed uveden\u00fdch c\u00edl\u016f.<\/p>\n<\/div>\n<\/div><div class=\"fusion-separator fusion-full-width-sep\" style=\"align-self: center;margin-left: auto;margin-right: auto;margin-top:1.5rem;margin-bottom:1.5rem;width:100%;\"><div class=\"fusion-separator-border sep-single sep-solid\" style=\"--awb-height:20px;--awb-amount:20px;--awb-sep-color:rgba(30,40,50,0.10);border-color:rgba(30,40,50,0.10);border-top-width:1px;\"><\/div><\/div><div class=\"fusion-text fusion-text-3\"><div id=\"content\">\n<h3 id=\"trading-electricity-on-spot-day-ahead-and-intraday-markets\">Obchodov\u00e1n\u00ed s elekt\u0159inou na spotov\u00fdch (denn\u00edch) a vnitrodenn\u00edch trz\u00edch<\/h3>\n<p>Obchodov\u00e1n\u00ed s elekt\u0159inou na denn\u00edch a vnitrodenn\u00edch trz\u00edch na burze elekt\u0159iny umo\u017e\u0148uje vyu\u017e\u00edvat cenov\u00e9 rozd\u00edly k dosa\u017een\u00ed finan\u010dn\u00edch v\u00fdhod. Trh Day-Ahead umo\u017e\u0148uje obchodov\u00e1n\u00ed s elekt\u0159inou na n\u00e1sleduj\u00edc\u00ed den, zat\u00edmco trh Intraday umo\u017e\u0148uje obchodov\u00e1n\u00ed v r\u00e1mci t\u00e9ho\u017e dne, co\u017e umo\u017e\u0148uje rychleji reagovat na zm\u011bny nab\u00eddky a popt\u00e1vky.<\/p>\n<h4 id=\"day-ahead-market\">Denn\u00ed trh<\/h4>\n<p>Denn\u00ed trh je organizovan\u00fd trh na burze s elekt\u0159inou, na kter\u00e9m se obchoduje na n\u00e1sleduj\u00edc\u00ed den. Ceny pro ka\u017edou hodinu dne se ur\u010duj\u00ed na z\u00e1klad\u011b nab\u00eddky a popt\u00e1vky. Na z\u00e1klad\u011b t\u011bchto \u00fadaj\u016f m\u016f\u017ee \u0159\u00eddic\u00ed jednotka Reduxi pl\u00e1novat nab\u00edjen\u00ed a vyb\u00edjen\u00ed akumula\u010dn\u00edho syst\u00e9mu tak, aby optimalizovala spot\u0159ebu (v\u00edce b\u011bhem n\u00edzk\u00fdch nebo z\u00e1porn\u00fdch cen a m\u00e9n\u011b b\u011bhem vy\u0161\u0161\u00edch cen) a v\u00fdkon (v\u00edce b\u011bhem vysok\u00fdch cen a m\u00e1lo nebo v\u016fbec b\u011bhem n\u00edzk\u00fdch nebo z\u00e1porn\u00fdch cen). Rozd\u00edly mohou b\u00fdt zna\u010dn\u00e9 a megawatthodina skladovac\u00ed kapacity m\u016f\u017ee p\u0159in\u00e9st denn\u00ed v\u00fdd\u011blek kolem 100 eur.<\/p>\n<h4 id=\"intraday-market\">Vnitrodenn\u00ed trh<\/h4>\n<p>Vnitrodenn\u00ed trh umo\u017e\u0148uje obchodov\u00e1n\u00ed s elekt\u0159inou v r\u00e1mci t\u00e9ho\u017e dne. Tento trh je dynami\u010dt\u011bj\u0161\u00ed a umo\u017e\u0148uje rychlej\u0161\u00ed p\u0159izp\u016fsoben\u00ed zm\u011bn\u00e1m v nab\u00eddce a popt\u00e1vce. \u00da\u010dastn\u00edci mohou obchodovat v re\u00e1ln\u00e9m \u010dase v 15minutov\u00fdch intervalech, co\u017e umo\u017e\u0148uje vyu\u017e\u00edvat kr\u00e1tkodob\u00e9 v\u00fdkyvy cen. I zde \u0159\u00eddic\u00ed jednotka Reduxi zaji\u0161\u0165uje, aby v r\u00e1mci dal\u0161\u00edch omezen\u00ed stanoven\u00fdch u\u017eivatelem (jako je minim\u00e1ln\u00ed a maxim\u00e1ln\u00ed \u00farove\u0148 skladov\u00e1n\u00ed a rezervovan\u00e1 kapacita pro \u00faspory ve \u0161pi\u010dk\u00e1ch nebo syst\u00e9mov\u00e9 slu\u017eby) byly cenov\u00e9 v\u00fdkyvy maximalizov\u00e1ny s c\u00edlem sn\u00ed\u017eit kone\u010dn\u00e9 n\u00e1klady na elekt\u0159inu pro u\u017eivatele.<\/p>\n<\/div>\n<\/div><div class=\"fusion-separator fusion-full-width-sep\" style=\"align-self: center;margin-left: auto;margin-right: auto;margin-top:1.5rem;margin-bottom:1.5rem;width:100%;\"><div class=\"fusion-separator-border sep-single sep-solid\" style=\"--awb-height:20px;--awb-amount:20px;--awb-sep-color:rgba(30,40,50,0.10);border-color:rgba(30,40,50,0.10);border-top-width:1px;\"><\/div><\/div><div class=\"fusion-text fusion-text-4\"><div id=\"content\">\n<h3 id=\"using-ai-algorithms-to-optimize-storage-systems\">Vyu\u017eit\u00ed algoritm\u016f um\u011bl\u00e9 inteligence k optimalizaci \u00falo\u017en\u00fdch syst\u00e9m\u016f<\/h3>\n<p>\u0158\u00eddic\u00ed jednotka Reduxi vyu\u017e\u00edv\u00e1 pokro\u010dil\u00e9 algoritmy um\u011bl\u00e9 inteligence k optimalizaci vyu\u017eit\u00ed syst\u00e9m\u016f skladov\u00e1n\u00ed energie. Tyto algoritmy analyzuj\u00ed data v re\u00e1ln\u00e9m \u010dase, v\u010detn\u011b burzovn\u00edch cen elekt\u0159iny, historick\u00fdch dat, p\u0159edpov\u011bdi po\u010das\u00ed a dal\u0161\u00edch relevantn\u00edch faktor\u016f. Na z\u00e1klad\u011b t\u011bchto \u00fadaj\u016f algoritmy AI vypo\u010d\u00edt\u00e1vaj\u00ed nejoptim\u00e1ln\u011bj\u0161\u00ed vyu\u017eit\u00ed syst\u00e9mu skladov\u00e1n\u00ed energie pro dosa\u017een\u00ed hlavn\u00edho c\u00edle, kter\u00fdm je maximalizace \u00faspor n\u00e1klad\u016f na elekt\u0159inu, nebo specifi\u010dt\u011bj\u0161\u00edch c\u00edl\u016f, jako je nap\u0159\u00edklad \u00faspora ve \u0161pi\u010dk\u00e1ch.<\/p>\n<h4 id=\"advantages-of-using-ai-algorithms\">V\u00fdhody pou\u017e\u00edv\u00e1n\u00ed algoritm\u016f AI<\/h4>\n<ol>\n<li><strong>P\u0159esn\u00e9 p\u0159edpov\u00edd\u00e1n\u00ed popt\u00e1vky po energii<\/strong>: Algoritmy um\u011bl\u00e9 inteligence dok\u00e1\u017e\u00ed p\u0159esn\u011b p\u0159edpov\u00eddat vzorce popt\u00e1vky po energii na z\u00e1klad\u011b historick\u00fdch dat, pov\u011btrnostn\u00edch podm\u00ednek, denn\u00ed doby a dal\u0161\u00edch prom\u011bnn\u00fdch. To umo\u017e\u0148uje l\u00e9pe pl\u00e1novat a upravovat vyu\u017eit\u00ed skladovac\u00edch syst\u00e9m\u016f.<\/li>\n<li><strong>Vyu\u017eit\u00ed zm\u011bn cen energi\u00ed na burze<\/strong>: Algoritmy um\u011bl\u00e9 inteligence umo\u017e\u0148uj\u00ed vyu\u017e\u00edvat denn\u00ed a hodinov\u00e9 v\u00fdkyvy cen energie v re\u00e1ln\u00e9m \u010dase na z\u00e1klad\u011b nab\u00eddky a popt\u00e1vky. To umo\u017e\u0148uje optimalizovat vyu\u017eit\u00ed energie vyu\u017eit\u00edm ni\u017e\u0161\u00edch cen v obdob\u00ed n\u00edzk\u00e9 popt\u00e1vky pro nab\u00edjen\u00ed a vy\u0161\u0161\u00edch cen v obdob\u00ed vysok\u00e9 popt\u00e1vky pro vyb\u00edjen\u00ed akumula\u010dn\u00edho syst\u00e9mu.<\/li>\n<li><strong>Anal\u00fdza a p\u0159izp\u016fsoben\u00ed se zvyklostem u\u017eivatel\u016f<\/strong>: Algoritmy um\u011bl\u00e9 inteligence mohou analyzovat zvyky u\u017eivatel\u016f, nap\u0159\u00edklad kdy obvykle spot\u0159ebov\u00e1vaj\u00ed elekt\u0159inu a kdy maj\u00ed n\u00edzkou spot\u0159ebu (s ohledem na faktory, jako je ro\u010dn\u00ed obdob\u00ed, po\u010das\u00ed, sv\u00e1tky nebo pracovn\u00ed dny), a zahrnout je do pl\u00e1nov\u00e1n\u00ed provozu syst\u00e9mu.<\/li>\n<\/ol>\n<\/div>\n<\/div><div class=\"fusion-separator fusion-full-width-sep\" style=\"align-self: center;margin-left: auto;margin-right: auto;margin-top:1.5rem;margin-bottom:1.5rem;width:100%;\"><div class=\"fusion-separator-border sep-single sep-solid\" style=\"--awb-height:20px;--awb-amount:20px;--awb-sep-color:rgba(30,40,50,0.10);border-color:rgba(30,40,50,0.10);border-top-width:1px;\"><\/div><\/div><div class=\"fusion-text fusion-text-5\"><div id=\"content\">\n<h3>\u0158\u00eddic\u00ed jednotka Reduxi pro ni\u017e\u0161\u00ed n\u00e1klady a v\u011bt\u0161\u00ed flexibilitu<\/h3>\n<p>Vyu\u017eit\u00ed syst\u00e9m\u016f pro ukl\u00e1d\u00e1n\u00ed energie k obchodov\u00e1n\u00ed s elekt\u0159inou za denn\u00ed nebo vnitrodenn\u00ed ceny s \u0159\u00eddic\u00ed jednotkou Reduxi a pokro\u010dil\u00fdmi algoritmy um\u011bl\u00e9 inteligence umo\u017e\u0148uje vy\u0161\u0161\u00ed efektivitu a finan\u010dn\u00ed v\u00fdhody pro u\u017eivatele, kte\u0159\u00ed maj\u00ed s dodavateli uzav\u0159eny smlouvy o dod\u00e1vk\u00e1ch a n\u00e1kupu elekt\u0159iny na z\u00e1klad\u011b tr\u017en\u00edch cen. \u0158\u00eddic\u00ed jednotka Reduxi umo\u017e\u0148uje optim\u00e1ln\u00ed vyu\u017eit\u00ed akumula\u010dn\u00edch syst\u00e9m\u016f pro r\u016fzn\u00e9 \u00fa\u010dely, v\u010detn\u011b sn\u00ed\u017een\u00ed \u0161pi\u010dkov\u00e9ho v\u00fdkonu, poskytov\u00e1n\u00ed syst\u00e9mov\u00fdch slu\u017eeb a obchodov\u00e1n\u00ed s elekt\u0159inou. S pomoc\u00ed pokro\u010dil\u00fdch algoritm\u016f um\u011bl\u00e9 inteligence mohou spole\u010dnosti p\u0159esn\u011b p\u0159edv\u00eddat popt\u00e1vku po energii, p\u0159izp\u016fsobovat se dynamick\u00fdm cen\u00e1m energie a optimalizovat provoz akumula\u010dn\u00edch syst\u00e9m\u016f, d\u00edky \u010demu\u017e jsou n\u00e1klady na elekt\u0159inu nejen znateln\u011b ni\u017e\u0161\u00ed, ale tak\u00e9 p\u0159edv\u00eddateln\u011bj\u0161\u00ed.<\/p>\n<\/div>\n<\/div><\/div><\/div><\/div><\/div>","protected":false},"excerpt":{"rendered":"","protected":false},"author":15,"featured_media":0,"parent":0,"menu_order":0,"comment_status":"closed","ping_status":"closed","template":"100-width.php","meta":{"footnotes":""},"class_list":["post-6774","page","type-page","status-publish","hentry"],"_links":{"self":[{"href":"https:\/\/www.reduxi.eu\/cs\/wp-json\/wp\/v2\/pages\/6774","targetHints":{"allow":["GET"]}}],"collection":[{"href":"https:\/\/www.reduxi.eu\/cs\/wp-json\/wp\/v2\/pages"}],"about":[{"href":"https:\/\/www.reduxi.eu\/cs\/wp-json\/wp\/v2\/types\/page"}],"author":[{"embeddable":true,"href":"https:\/\/www.reduxi.eu\/cs\/wp-json\/wp\/v2\/users\/15"}],"replies":[{"embeddable":true,"href":"https:\/\/www.reduxi.eu\/cs\/wp-json\/wp\/v2\/comments?post=6774"}],"version-history":[{"count":27,"href":"https:\/\/www.reduxi.eu\/cs\/wp-json\/wp\/v2\/pages\/6774\/revisions"}],"predecessor-version":[{"id":6871,"href":"https:\/\/www.reduxi.eu\/cs\/wp-json\/wp\/v2\/pages\/6774\/revisions\/6871"}],"wp:attachment":[{"href":"https:\/\/www.reduxi.eu\/cs\/wp-json\/wp\/v2\/media?parent=6774"}],"curies":[{"name":"wp","href":"https:\/\/api.w.org\/{rel}","templated":true}]}}